{"id":24672,"date":"2025-07-16T15:48:46","date_gmt":"2025-07-16T15:48:46","guid":{"rendered":"https:\/\/petworld.ma\/?post_type=product&#038;p=24672"},"modified":"2026-02-11T16:04:18","modified_gmt":"2026-02-11T16:04:18","slug":"coupe-ongles-flamingo-premium-care-pour-chien","status":"publish","type":"product","link":"https:\/\/petworld.ma\/index.php\/produit\/coupe-ongles-flamingo-premium-care-pour-chien\/","title":{"rendered":"Coupe ongles (Flamingo) Premium Care pour Chien"},"content":{"rendered":"<div class=\"row\">\n<div class=\"col\">\n<p>Prenez soin des ongles de votre chien de mani\u00e8re s\u00fbre et efficace avec notre coupe-griffe S Flamingo Premium Care en m\u00e9tal de haute qualit\u00e9. Gr\u00e2ce au syst\u00e8me de s\u00e9curit\u00e9 int\u00e9gr\u00e9, le risque de couper la griffe trop courte est minimis\u00e9. La fermeture de s\u00e9curit\u00e9 assure \u00e9galement un rangement s\u00fbr lorsque le coupe-griffe n&rsquo;est pas utilis\u00e9. La poign\u00e9e ergonomique en caoutchouc permet une prise en main ferme et confortable pendant la coupe.<\/p>\n<p><strong>Informations de produit<\/strong><\/p>\n<ul>\n<li>Couleur : rouge, noir<\/li>\n<li>Dimensions (Lxlxh) : 5cm x 13cm x 1.4cm<\/li>\n<li>Mat\u00e9riau principal : acier<\/li>\n<\/ul>\n<table class=\"MuiTable-root css-18qulp9\" aria-label=\"a dense table\">\n<tbody class=\"MuiTableBody-root css-1xnox0e\">\n<tr class=\"MuiTableRow-root css-1gqug66\">\n<th class=\"MuiTableCell-root MuiTableCell-body MuiTableCell-sizeSmall css-1o6fzn1\" scope=\"row\">Marque<\/th>\n<td class=\"MuiTableCell-root MuiTableCell-body MuiTableCell-alignRight MuiTableCell-sizeSmall css-1thfh4x\">Flamingo<\/td>\n<\/tr>\n<tr class=\"MuiTableRow-root css-1gqug66\">\n<th class=\"MuiTableCell-root MuiTableCell-body MuiTableCell-sizeSmall css-1o6fzn1\" scope=\"row\">Hauteur (mm)<\/th>\n<td class=\"MuiTableCell-root MuiTableCell-body MuiTableCell-alignRight MuiTableCell-sizeSmall css-1thfh4x\">14.00<\/td>\n<\/tr>\n<tr class=\"MuiTableRow-root css-1gqug66\">\n<th class=\"MuiTableCell-root MuiTableCell-body MuiTableCell-sizeSmall css-1o6fzn1\" scope=\"row\">Largeur (mm)<\/th>\n<td class=\"MuiTableCell-root MuiTableCell-body MuiTableCell-alignRight MuiTableCell-sizeSmall css-1thfh4x\">50.00<\/td>\n<\/tr>\n<tr class=\"MuiTableRow-root css-1gqug66\">\n<th class=\"MuiTableCell-root MuiTableCell-body MuiTableCell-sizeSmall css-1o6fzn1\" scope=\"row\">Profondeur (mm)<\/th>\n<td class=\"MuiTableCell-root MuiTableCell-body MuiTableCell-alignRight MuiTableCell-sizeSmall css-1thfh4x\">130.00<\/td>\n<\/tr>\n<tr class=\"MuiTableRow-root css-1gqug66\">\n<th class=\"MuiTableCell-root MuiTableCell-body MuiTableCell-sizeSmall css-1o6fzn1\" scope=\"row\">Poids net (kg)<\/th>\n<td class=\"MuiTableCell-root MuiTableCell-body MuiTableCell-alignRight MuiTableCell-sizeSmall css-1thfh4x\">0.05<\/td>\n<\/tr>\n<tr class=\"MuiTableRow-root css-1gqug66\">\n<th class=\"MuiTableCell-root MuiTableCell-body MuiTableCell-sizeSmall css-1o6fzn1\" scope=\"row\">Couleur<\/th>\n<td class=\"MuiTableCell-root MuiTableCell-body MuiTableCell-alignRight MuiTableCell-sizeSmall css-1thfh4x\">Rouge \/ Noir<\/td>\n<\/tr>\n<tr class=\"MuiTableRow-root css-1gqug66\">\n<th class=\"MuiTableCell-root MuiTableCell-body MuiTableCell-sizeSmall css-1o6fzn1\" scope=\"row\">Mat\u00e9riau<\/th>\n<td class=\"MuiTableCell-root MuiTableCell-body MuiTableCell-alignRight MuiTableCell-sizeSmall css-1thfh4x\">M\u00e9tal<\/td>\n<\/tr>\n<tr class=\"MuiTableRow-root css-1gqug66\">\n<th class=\"MuiTableCell-root MuiTableCell-body MuiTableCell-sizeSmall css-1o6fzn1\" scope=\"row\">Type de soin<\/th>\n<td class=\"MuiTableCell-root MuiTableCell-body MuiTableCell-alignRight MuiTableCell-sizeSmall css-1thfh4x\">Patte<\/td>\n<\/tr>\n<\/tbody>\n<\/table>\n<\/div>\n<\/div>\n","protected":false},"excerpt":{"rendered":"<p>Prenez soin des ongles de votre chien de mani\u00e8re s\u00fbre et efficace avec notre coupe-griffe S Flamingo Premium Care en m\u00e9tal de haute qualit\u00e9. Gr\u00e2ce au syst\u00e8me de s\u00e9curit\u00e9 int\u00e9gr\u00e9, le risque de couper la griffe trop courte est minimis\u00e9. La fermeture de s\u00e9curit\u00e9 assure \u00e9galement un rangement s\u00fbr lorsque le coupe-griffe n&rsquo;est pas utilis\u00e9. [&#8230;]\n","protected":false},"featured_media":24673,"template":"","meta":{"jetpack_publicize_message":"","jetpack_publicize_feature_enabled":true,"jetpack_social_post_already_shared":true,"jetpack_social_options":{"image_generator_settings":{"template":"highway","default_image_id":0,"font":"","enabled":false},"version":2}},"product_brand":[],"product_cat":[222,223],"product_tag":[],"class_list":{"0":"post-24672","1":"product","2":"type-product","3":"status-publish","4":"has-post-thumbnail","6":"product_cat-brosses-coupe-griffes","7":"product_cat-brosses-coupe-griffes-hygiene-et-soins","9":"first","10":"instock","11":"taxable","12":"shipping-taxable","13":"purchasable","14":"product-type-simple"},"supplier_id":8770,"supplier_sku":"524044","barcode":"5400585255423","atum_controlled":true,"out_stock_date":null,"out_stock_threshold":null,"inheritable":false,"inbound_stock":0,"stock_on_hold":0,"sold_today":0,"sales_last_days":0,"reserved_stock":0,"customer_returns":0,"warehouse_damage":0,"lost_in_post":0,"other_logs":0,"out_stock_days":0,"lost_sales":0,"has_location":false,"update_date":"2026-05-13T00:20:06","atum_locations":[],"atum_stock_status":"instock","restock_status":false,"low_stock_amount":3,"sales_update_date":"2026-05-13T00:20:06","calc_backorders":null,"jetpack_publicize_connections":[],"jetpack_sharing_enabled":true,"batches":[],"_links":{"self":[{"href":"https:\/\/petworld.ma\/index.php\/wp-json\/wp\/v2\/product\/24672","targetHints":{"allow":["GET"]}}],"collection":[{"href":"https:\/\/petworld.ma\/index.php\/wp-json\/wp\/v2\/product"}],"about":[{"href":"https:\/\/petworld.ma\/index.php\/wp-json\/wp\/v2\/types\/product"}],"wp:featuredmedia":[{"embeddable":true,"href":"https:\/\/petworld.ma\/index.php\/wp-json\/wp\/v2\/media\/24673"}],"wp:attachment":[{"href":"https:\/\/petworld.ma\/index.php\/wp-json\/wp\/v2\/media?parent=24672"}],"wp:term":[{"taxonomy":"product_brand","embeddable":true,"href":"https:\/\/petworld.ma\/index.php\/wp-json\/wp\/v2\/product_brand?post=24672"},{"taxonomy":"product_cat","embeddable":true,"href":"https:\/\/petworld.ma\/index.php\/wp-json\/wp\/v2\/product_cat?post=24672"},{"taxonomy":"product_tag","embeddable":true,"href":"https:\/\/petworld.ma\/index.php\/wp-json\/wp\/v2\/product_tag?post=24672"}],"curies":[{"name":"wp","href":"https:\/\/api.w.org\/{rel}","templated":true}]}}