{"id":24675,"date":"2025-07-16T15:53:42","date_gmt":"2025-07-16T15:53:42","guid":{"rendered":"https:\/\/petworld.ma\/?post_type=product&#038;p=24675"},"modified":"2026-05-01T13:15:47","modified_gmt":"2026-05-01T13:15:47","slug":"coupe-ongles-flamingo-premium-care-pour-chien-2","status":"publish","type":"product","link":"https:\/\/petworld.ma\/index.php\/produit\/coupe-ongles-flamingo-premium-care-pour-chien-2\/","title":{"rendered":"Coupe ongles (Flamingo) Premium Care pour Chien"},"content":{"rendered":"<div class=\"row\">\n<div class=\"mb-2\">\n<p>Prenez soin des griffes de votre fid\u00e8le compagnon \u00e0 quatre pattes avec ces ciseaux pour chien pratiques. Gr\u00e2ce aux rainures sur le manche, les ciseaux tiennent bien en main. Apr\u00e8s utilisation, rangez-les soigneusement. Leur tranchant est id\u00e9al pour les griffes de chien, mais attention \u00e0 ne pas couper le vif.<\/p>\n<div class=\"ai-notice-icon\" data-tippy-options=\"{&quot;content&quot;:&quot;This text was generated and translated using AI&quot;}\"><\/div>\n<\/div>\n<div class=\"cms-element-text\">\n<ul>\n<li>Mat\u00e9riau : plastique<\/li>\n<li>Pour couper et entretenir les ongles de votre chien<\/li>\n<li>Le prot\u00e8ge-ongles \u00e9vite de couper les ongles trop courts<\/li>\n<li>La poign\u00e9e en caoutchouc assure une meilleure prise en main<\/li>\n<\/ul>\n<p><span class=\"accordion-header\"><button class=\"product-detail-properties-toggle fw-bold font-size-md btn-reset rounded-0 d-flex align-items-center w-100 btn-no-outline justify-content-between accordion-button \" type=\"button\" data-bs-toggle=\"collapse\" data-bs-target=\"#pdpCollapse1\" aria-expanded=\"true\" aria-controls=\"pdpCollapse1\">D\u00e9tails du produit<\/button><\/span><\/p>\n<div id=\"pdpCollapse1\" class=\"product-detail-properties-content accordion-collapse collapse show\">\n<table class=\"table table-striped product-detail-properties-table product-detail-io-property-set-table accordion-body\">\n<tbody>\n<tr class=\"properties-row\">\n<th class=\"properties-label fw-normal d-block d-md-table-cell\">\n<div class=\"d-flex align-items-center\">Description du produit :<\/div>\n<\/th>\n<td class=\"properties-value d-block d-md-table-cell\">COUPE-ONGLES PETIT CONFORT<\/td>\n<\/tr>\n<tr class=\"properties-row\">\n<th class=\"properties-label fw-normal d-block d-md-table-cell\">\n<div class=\"d-flex align-items-center\">Nom du produit :<\/div>\n<\/th>\n<td class=\"properties-value d-block d-md-table-cell\">Coupe-ongles petit<\/td>\n<\/tr>\n<tr class=\"properties-row\">\n<th class=\"properties-label fw-normal d-block d-md-table-cell\">\n<div class=\"d-flex align-items-center\">EAN:<\/div>\n<\/th>\n<td class=\"properties-value d-block d-md-table-cell\">5400585068405<\/td>\n<\/tr>\n<tr class=\"properties-row\">\n<th class=\"properties-label fw-normal d-block d-md-table-cell\">\n<div class=\"d-flex align-items-center\">Num\u00e9ro de produit :<\/div>\n<\/th>\n<td class=\"properties-value d-block d-md-table-cell\">517733<\/td>\n<\/tr>\n<tr class=\"properties-row\">\n<th class=\"properties-label fw-normal d-block d-md-table-cell\">\n<div class=\"d-flex align-items-center\">Nom de marque :<\/div>\n<\/th>\n<td class=\"properties-value d-block d-md-table-cell\">Flamant<\/td>\n<\/tr>\n<tr class=\"properties-row\">\n<th class=\"properties-label fw-normal d-block d-md-table-cell\">\u00c9tape de la vie :<\/th>\n<td class=\"properties-value d-block d-md-table-cell\">Tous \u00e2ges<\/td>\n<\/tr>\n<tr class=\"properties-row\">\n<th class=\"properties-label fw-normal d-block d-md-table-cell\">Mod\u00e8le\/Type :<\/th>\n<td class=\"properties-value d-block d-md-table-cell\">Petit<\/td>\n<\/tr>\n<tr class=\"properties-row\">\n<th class=\"properties-label fw-normal d-block d-md-table-cell\">Type de produit :<\/th>\n<td class=\"properties-value d-block d-md-table-cell\">Pince \u00e0 ongles<\/td>\n<\/tr>\n<tr class=\"properties-row\">\n<th class=\"properties-label fw-normal d-block d-md-table-cell\">Gamme de produits :<\/th>\n<td class=\"properties-value d-block d-md-table-cell\">Confort<\/td>\n<\/tr>\n<tr class=\"properties-row\">\n<th class=\"properties-label fw-normal d-block d-md-table-cell\">Taille de la race :<\/th>\n<td class=\"properties-value d-block d-md-table-cell\">Races moyennes\u00a0, Petites races<\/td>\n<\/tr>\n<tr class=\"properties-row\">\n<th class=\"properties-label fw-normal d-block d-md-table-cell\">Utilisation int\u00e9rieure\/ext\u00e9rieure :<\/th>\n<td class=\"properties-value d-block d-md-table-cell\">Les deux<\/td>\n<\/tr>\n<\/tbody>\n<\/table>\n<\/div>\n<\/div>\n<\/div>\n","protected":false},"excerpt":{"rendered":"<p>Pour les petites et les moyennes races de chien<\/p>\n","protected":false},"featured_media":24676,"template":"","meta":{"jetpack_publicize_message":"","jetpack_publicize_feature_enabled":true,"jetpack_social_post_already_shared":true,"jetpack_social_options":{"image_generator_settings":{"template":"highway","default_image_id":0,"font":"","enabled":false},"version":2}},"product_brand":[],"product_cat":[222,223],"product_tag":[],"class_list":{"0":"post-24675","1":"product","2":"type-product","3":"status-publish","4":"has-post-thumbnail","6":"product_cat-brosses-coupe-griffes","7":"product_cat-brosses-coupe-griffes-hygiene-et-soins","9":"first","10":"instock","11":"sale","12":"taxable","13":"shipping-taxable","14":"purchasable","15":"product-type-simple"},"supplier_id":8770,"supplier_sku":"517733","barcode":"5400585068405","atum_controlled":true,"out_stock_date":null,"out_stock_threshold":null,"inheritable":false,"inbound_stock":0,"stock_on_hold":0,"sold_today":0,"sales_last_days":1,"reserved_stock":0,"customer_returns":0,"warehouse_damage":0,"lost_in_post":0,"other_logs":0,"out_stock_days":0,"lost_sales":0,"has_location":false,"update_date":"2026-05-07T11:33:33","atum_locations":[],"atum_stock_status":"instock","restock_status":false,"low_stock_amount":3,"sales_update_date":"2026-05-07T11:33:33","calc_backorders":null,"jetpack_publicize_connections":[],"jetpack_sharing_enabled":true,"batches":[],"_links":{"self":[{"href":"https:\/\/petworld.ma\/index.php\/wp-json\/wp\/v2\/product\/24675","targetHints":{"allow":["GET"]}}],"collection":[{"href":"https:\/\/petworld.ma\/index.php\/wp-json\/wp\/v2\/product"}],"about":[{"href":"https:\/\/petworld.ma\/index.php\/wp-json\/wp\/v2\/types\/product"}],"wp:featuredmedia":[{"embeddable":true,"href":"https:\/\/petworld.ma\/index.php\/wp-json\/wp\/v2\/media\/24676"}],"wp:attachment":[{"href":"https:\/\/petworld.ma\/index.php\/wp-json\/wp\/v2\/media?parent=24675"}],"wp:term":[{"taxonomy":"product_brand","embeddable":true,"href":"https:\/\/petworld.ma\/index.php\/wp-json\/wp\/v2\/product_brand?post=24675"},{"taxonomy":"product_cat","embeddable":true,"href":"https:\/\/petworld.ma\/index.php\/wp-json\/wp\/v2\/product_cat?post=24675"},{"taxonomy":"product_tag","embeddable":true,"href":"https:\/\/petworld.ma\/index.php\/wp-json\/wp\/v2\/product_tag?post=24675"}],"curies":[{"name":"wp","href":"https:\/\/api.w.org\/{rel}","templated":true}]}}