{"id":24697,"date":"2025-07-16T16:51:37","date_gmt":"2025-07-16T16:51:37","guid":{"rendered":"https:\/\/petworld.ma\/?post_type=product&#038;p=24697"},"modified":"2026-04-27T11:28:23","modified_gmt":"2026-04-27T11:28:23","slug":"flamingo-spray-hygiene-dentaire-menthe-pour-chats-et-chiens","status":"publish","type":"product","link":"https:\/\/petworld.ma\/index.php\/produit\/flamingo-spray-hygiene-dentaire-menthe-pour-chats-et-chiens\/","title":{"rendered":"Flamingo Spray Hygi\u00e8ne Dentaire Menthe pour Chats et Chiens"},"content":{"rendered":"<div class=\"mb-2\">Avec ce spray de soins dentaires, vous pouvez maintenir une dentition saine et fra\u00eeche. Il pr\u00e9vient la plaque dentaire et les caries, renforce vos dents et \u00e9vite la perte de dents. Un incontournable pour un sourire \u00e9clatant !<\/div>\n<div class=\"cms-element-text\">\n<ul>\n<li>Spray dentaire avec un parfum et go\u00fbt de menthe pour une haleine fra\u00eeche<\/li>\n<li>Prot\u00e8ge contre les caries et la plaque dentaire et renforce la denture<\/li>\n<\/ul>\n<\/div>\n","protected":false},"excerpt":{"rendered":"<p>Avec ce spray de soins dentaires, vous pouvez maintenir une dentition saine et fra\u00eeche. Il pr\u00e9vient la plaque dentaire et les caries, renforce vos dents et \u00e9vite la perte de dents. Un incontournable pour un sourire \u00e9clatant ! Spray dentaire avec un parfum et go\u00fbt de menthe pour une haleine fra\u00eeche Prot\u00e8ge contre les caries [&#8230;]\n","protected":false},"featured_media":24703,"template":"","meta":{"jetpack_publicize_message":"","jetpack_publicize_feature_enabled":true,"jetpack_social_post_already_shared":true,"jetpack_social_options":{"image_generator_settings":{"template":"highway","default_image_id":0,"font":"","enabled":false},"version":2}},"product_brand":[],"product_cat":[216,217],"product_tag":[],"class_list":{"0":"post-24697","1":"product","2":"type-product","3":"status-publish","4":"has-post-thumbnail","6":"product_cat-dentifrice-soin-buccal","7":"product_cat-dentifrice-soin-buccal-hygiene-et-soins","9":"first","10":"instock","11":"sale","12":"taxable","13":"shipping-taxable","14":"purchasable","15":"product-type-simple"},"supplier_id":8770,"supplier_sku":"510954","barcode":"5400274984245","atum_controlled":true,"out_stock_date":null,"out_stock_threshold":null,"inheritable":false,"inbound_stock":0,"stock_on_hold":0,"sold_today":0,"sales_last_days":0,"reserved_stock":0,"customer_returns":0,"warehouse_damage":0,"lost_in_post":0,"other_logs":0,"out_stock_days":0,"lost_sales":0,"has_location":false,"update_date":"2026-05-12T00:23:07","atum_locations":[],"atum_stock_status":"instock","restock_status":false,"low_stock_amount":3,"sales_update_date":"2026-05-12T00:23:07","calc_backorders":null,"jetpack_publicize_connections":[],"jetpack_sharing_enabled":true,"batches":[{"id":"4473","date_created":"2025-07-16 17:10:48","date_expiry":"2027-10-31 00:00:00","user_id":"2461","batch_number":"lot1027","location":"","quantity":"13.0000","quantity_available":"0.0000","units":"1","status":"archived","order_ids":"[24943,24973,25359,25599,25603,26605,27768,28097,29036,29318,29518,30562,34121]","supplier":"GreenTown kennel","po":{"id":"4438","date_created":"2025-07-16 17:10:49","batch_id":"4473","po_number":"","supplier":"GreenTown kennel","cost":null,"regular_price":null,"sale_price":null,"price_margin":null,"price_discount":null}},{"id":"8974","date_created":"2026-04-20 16:36:56","date_expiry":"2027-10-31 00:00:00","user_id":"2461","batch_number":"lot1027","location":"","quantity":"15.0000","quantity_available":"14.0000","units":"1","status":"active","order_ids":"[40781]","supplier":"GreenTown kennel","po":{"id":"8898","date_created":"2026-04-20 16:36:56","batch_id":"8974","po_number":"","supplier":"GreenTown kennel","cost":null,"regular_price":null,"sale_price":null,"price_margin":null,"price_discount":null}}],"_links":{"self":[{"href":"https:\/\/petworld.ma\/index.php\/wp-json\/wp\/v2\/product\/24697","targetHints":{"allow":["GET"]}}],"collection":[{"href":"https:\/\/petworld.ma\/index.php\/wp-json\/wp\/v2\/product"}],"about":[{"href":"https:\/\/petworld.ma\/index.php\/wp-json\/wp\/v2\/types\/product"}],"wp:featuredmedia":[{"embeddable":true,"href":"https:\/\/petworld.ma\/index.php\/wp-json\/wp\/v2\/media\/24703"}],"wp:attachment":[{"href":"https:\/\/petworld.ma\/index.php\/wp-json\/wp\/v2\/media?parent=24697"}],"wp:term":[{"taxonomy":"product_brand","embeddable":true,"href":"https:\/\/petworld.ma\/index.php\/wp-json\/wp\/v2\/product_brand?post=24697"},{"taxonomy":"product_cat","embeddable":true,"href":"https:\/\/petworld.ma\/index.php\/wp-json\/wp\/v2\/product_cat?post=24697"},{"taxonomy":"product_tag","embeddable":true,"href":"https:\/\/petworld.ma\/index.php\/wp-json\/wp\/v2\/product_tag?post=24697"}],"curies":[{"name":"wp","href":"https:\/\/api.w.org\/{rel}","templated":true}]}}