{"id":24706,"date":"2025-07-16T17:27:10","date_gmt":"2025-07-16T17:27:10","guid":{"rendered":"https:\/\/petworld.ma\/?post_type=product&#038;p=24706"},"modified":"2026-03-26T13:36:21","modified_gmt":"2026-03-26T13:36:21","slug":"station-de-toilettage-eziclean-animal-groomy-6","status":"publish","type":"product","link":"https:\/\/petworld.ma\/index.php\/produit\/station-de-toilettage-eziclean-animal-groomy-6\/","title":{"rendered":"Station de toilettage EZIclean Animal Groomy 6"},"content":{"rendered":"<p><img decoding=\"async\" src=\"https:\/\/pim.eziclean.com\/assets\/69816e47-0edb-4d11-98ea-11c1592bea19.png?fit=inside&amp;width=1200&amp;quality=80\" alt=\"Contenu de la bo\u00eete\" \/><\/p>\n<p><img decoding=\"async\" src=\"https:\/\/pim.eziclean.com\/assets\/800619a4-7bc9-4449-8c16-57ae7a16315a.jpg?fit=cover&amp;width=700&amp;height=350&amp;quality=80\" alt=\"Compact et pratique\" \/><\/p>\n<p><strong style=\"color: #333333;\">Compact et pratique<\/strong><\/p>\n<div class=\"block_paragraph\" data-v-47094f26=\"\">Son long tuyau d&rsquo;aspiration de 1,8m vous permet de suivre les mouvements de votre animal tout au long du toilettage sans avoir \u00e0 d\u00e9placer la station d&rsquo;aspiration, pour un confort optimal.<\/div>\n<div data-v-47094f26=\"\"><\/div>\n<div data-v-47094f26=\"\"><img decoding=\"async\" src=\"https:\/\/pim.eziclean.com\/assets\/2b266237-1d93-4041-879c-541dc56ac998.jpg?fit=cover&amp;width=700&amp;height=350&amp;quality=80\" alt=\"Puissant et silencieux \" \/><\/div>\n<div data-v-47094f26=\"\"><strong>Puissant et silencieux<\/strong><\/div>\n<div data-v-47094f26=\"\">Sa puissance moteur est int\u00e9gralement confin\u00e9e dans un car\u00e9nage d&rsquo;insonorisation afin de garantir un niveau de sonore extr\u00eamement faible (- de 50dB) et de rester alors discret, non intimidant et rassurant pour votre animal.<\/div>\n<div data-v-47094f26=\"\"><\/div>\n<div data-v-47094f26=\"\"><img decoding=\"async\" src=\"https:\/\/pim.eziclean.com\/assets\/13a8a744-4014-450a-9530-29647702f49e.jpg?fit=cover&amp;width=700&amp;height=350&amp;quality=80\" alt=\"Brosse de toilettage\" \/><\/div>\n<div data-v-47094f26=\"\"><strong>Brosse de toilettage<\/strong><\/div>\n<div data-v-47094f26=\"\">\n<div class=\"block_paragraph\" data-v-47094f26=\"\">Un outil pour supprimer les bourres de poils superficielles et d\u00e9m\u00ealer le pelage de votre chien ou de votre chat pour un rendu final doux, brillant, soyeux et plus a\u00e9r\u00e9. La brosse de toilettage a \u00e9t\u00e9 con\u00e7ue pour les poils boucl\u00e9s, longs ou moyens. Doux pour la peau, cette brosse dispose d&rsquo;une bouche d&rsquo;aspiration qui entrainera les poils directement dans le bac de l&rsquo;aspirateur.<\/div>\n<\/div>\n<div data-v-47094f26=\"\"><img decoding=\"async\" src=\"https:\/\/pim.eziclean.com\/assets\/b0bfd5f8-cf09-49e5-90c6-6f8fe3dccdac.jpg?fit=cover&amp;width=700&amp;height=350&amp;quality=80\" alt=\"Brosse anti-mue\" \/><\/div>\n<div data-v-47094f26=\"\"><strong>Brosse anti-mue<\/strong><\/div>\n<div data-v-47094f26=\"\">\n<div class=\"block_paragraph\" data-v-47094f26=\"\">La brosse anti-mue \u00e9limine jusqu\u2019\u00e0 90 % des poils morts et doit \u00eatre utilis\u00e9e une \u00e0 deux fois par semaine, par s\u00e9ances de 10 \u00e0 20 minutes, sur un pelage sec, afin de garantir une efficacit\u00e9 maximale.<\/div>\n<\/div>\n<div data-v-47094f26=\"\"><\/div>\n<div data-v-47094f26=\"\"><img decoding=\"async\" src=\"https:\/\/pim.eziclean.com\/assets\/a550e8ca-15c6-40a8-9ff7-8ad0d4629c2f.jpg?fit=cover&amp;width=700&amp;height=350&amp;quality=80\" alt=\"Brosse de massage\" \/><\/div>\n<div data-v-47094f26=\"\"><strong>Brosse de massage<\/strong><\/div>\n<div data-v-47094f26=\"\">\n<div class=\"block_paragraph\" data-v-47094f26=\"\">Enlevez plus facilement la poussi\u00e8re ainsi que les autres salet\u00e9s pr\u00e9sentes sur le pelage. D\u2019une douceur in\u00e9galable, ce mod\u00e8le permet \u00e9galement d\u2019am\u00e9liorer la circulation sanguine de votre animal de compagnie et de lui procurer une s\u00e9ance de bien-\u00eatre in\u00e9gal\u00e9e.<\/div>\n<\/div>\n<div data-v-47094f26=\"\"><img decoding=\"async\" src=\"https:\/\/pim.eziclean.com\/assets\/b7421ab9-8a7a-4238-a06d-406286c9cee5.jpg?fit=cover&amp;width=700&amp;height=350&amp;quality=80\" alt=\"Tondeuse \u00e0 aspiration\" \/><\/div>\n<div data-v-47094f26=\"\"><strong>Tondeuse \u00e0 aspiration<\/strong><\/div>\n<div data-v-47094f26=\"\">\n<div class=\"block_paragraph\" data-v-47094f26=\"\">Une fois votre cr\u00e9ation termin\u00e9e, pas besoin d&rsquo;aspirer le sol, 100% des poils auront \u00e9t\u00e9 aspir\u00e9s par votre Animal Groomy 6.<\/div>\n<\/div>\n<div data-v-47094f26=\"\"><\/div>\n<div data-v-47094f26=\"\"><img decoding=\"async\" src=\"https:\/\/pim.eziclean.com\/assets\/94028a04-361b-4fda-ae16-57eb81b97557.jpg?fit=cover&amp;width=700&amp;height=350&amp;quality=80\" alt=\"Brosse 2 en 1\" \/><\/div>\n<div data-v-47094f26=\"\"><strong>Brosse 2 en 1<\/strong><\/div>\n<div data-v-47094f26=\"\">\n<div class=\"block_paragraph\" data-v-47094f26=\"\">Cette brosse sera plus g\u00e9n\u00e9ralement appr\u00e9ci\u00e9e pour aspirer tous les recoins de la maison et de la voiture, et faire ainsi disparaitre tous les poils, les traces de poussi\u00e8res et de salet\u00e9s.<\/div>\n<\/div>\n<div data-v-47094f26=\"\"><img decoding=\"async\" src=\"https:\/\/pim.eziclean.com\/assets\/6469841a-1bb9-4876-a830-70b07ecbec63.jpg?fit=cover&amp;width=700&amp;height=350&amp;quality=80\" alt=\"Statique roller brush\" \/><\/div>\n<div data-v-47094f26=\"\"><strong>Statique roller brush<\/strong><\/div>\n<div data-v-47094f26=\"\">\n<div class=\"block_paragraph\" data-v-47094f26=\"\">Plus d&rsquo;excuse pour lui faire de gros c\u00e2lins quand vous \u00eates sur votre 31 ou pour lui autoriser une petite sieste sur le canap\u00e9, faites disparaitre ses poils en un clin d\u2019\u0153il&#8230; Vous en oublierez presque qu&rsquo;il(s) habite(nt) avec vous !<\/div>\n<\/div>\n<div data-v-47094f26=\"\"><\/div>\n","protected":false},"excerpt":{"rendered":"<p>D\u00e9couvrez notre\u00a0<strong>station de toilettage<\/strong>\u00a0r\u00e9volutionnaire\u00a0<strong>EZIclean Animal Groomy 6<\/strong>\u00a0pour chouchouter vos pr\u00e9cieux compagnons \u00e0 quatre pattes.<\/p>\n<p>Dites adieu aux poils qui envahissent votre maison et offrez \u00e0 la fourrure de vos animaux une seconde jeunesse. Gr\u00e2ce \u00e0 son moteur d&rsquo;aspiration ultra-puissant de 10 000 Pa, le Animal Groomy 6 \u00e9liminera tous les poils en pr\u00e9servant la tranquillit\u00e9 de votre domicile. De plus, une gamme d&rsquo;accessoires est \u00e0 votre disposition pour dorloter vos amis \u00e0 poil.<\/p>\n","protected":false},"featured_media":24714,"template":"","meta":{"jetpack_publicize_message":"","jetpack_publicize_feature_enabled":true,"jetpack_social_post_already_shared":true,"jetpack_social_options":{"image_generator_settings":{"template":"highway","default_image_id":0,"font":"","enabled":false},"version":2}},"product_brand":[],"product_cat":[222,223,225,224],"product_tag":[],"class_list":{"0":"post-24706","1":"product","2":"type-product","3":"status-publish","4":"has-post-thumbnail","6":"product_cat-brosses-coupe-griffes","7":"product_cat-brosses-coupe-griffes-hygiene-et-soins","8":"product_cat-lingettes-serviettes-hygiene-et-soins-pour-chat","9":"product_cat-lingettes-serviettes","11":"first","12":"instock","13":"taxable","14":"shipping-taxable","15":"purchasable","16":"product-type-simple"},"supplier_id":29434,"supplier_sku":"","barcode":null,"atum_controlled":true,"out_stock_date":null,"out_stock_threshold":null,"inheritable":false,"inbound_stock":0,"stock_on_hold":0,"sold_today":0,"sales_last_days":0,"reserved_stock":0,"customer_returns":0,"warehouse_damage":0,"lost_in_post":0,"other_logs":0,"out_stock_days":0,"lost_sales":0,"has_location":false,"update_date":"2026-04-23T09:43:12","atum_locations":[],"atum_stock_status":"instock","restock_status":false,"low_stock_amount":0,"sales_update_date":"2026-04-23T09:43:12","calc_backorders":0,"jetpack_publicize_connections":[],"jetpack_sharing_enabled":true,"batches":[],"_links":{"self":[{"href":"https:\/\/petworld.ma\/index.php\/wp-json\/wp\/v2\/product\/24706","targetHints":{"allow":["GET"]}}],"collection":[{"href":"https:\/\/petworld.ma\/index.php\/wp-json\/wp\/v2\/product"}],"about":[{"href":"https:\/\/petworld.ma\/index.php\/wp-json\/wp\/v2\/types\/product"}],"wp:featuredmedia":[{"embeddable":true,"href":"https:\/\/petworld.ma\/index.php\/wp-json\/wp\/v2\/media\/24714"}],"wp:attachment":[{"href":"https:\/\/petworld.ma\/index.php\/wp-json\/wp\/v2\/media?parent=24706"}],"wp:term":[{"taxonomy":"product_brand","embeddable":true,"href":"https:\/\/petworld.ma\/index.php\/wp-json\/wp\/v2\/product_brand?post=24706"},{"taxonomy":"product_cat","embeddable":true,"href":"https:\/\/petworld.ma\/index.php\/wp-json\/wp\/v2\/product_cat?post=24706"},{"taxonomy":"product_tag","embeddable":true,"href":"https:\/\/petworld.ma\/index.php\/wp-json\/wp\/v2\/product_tag?post=24706"}],"curies":[{"name":"wp","href":"https:\/\/api.w.org\/{rel}","templated":true}]}}