{"id":24722,"date":"2025-07-17T09:30:19","date_gmt":"2025-07-17T09:30:19","guid":{"rendered":"https:\/\/petworld.ma\/?post_type=product&#038;p=24722"},"modified":"2026-04-03T13:16:33","modified_gmt":"2026-04-03T13:16:33","slug":"gamelle-pour-la-nourriture-et-leau-duo-rouge-argent-noir-xs-s-m","status":"publish","type":"product","link":"https:\/\/petworld.ma\/index.php\/produit\/gamelle-pour-la-nourriture-et-leau-duo-rouge-argent-noir-xs-s-m\/","title":{"rendered":"Gamelle pour la nourriture et l&rsquo;eau Duo Rouge &#038; Argent &#038; Noir ( XS | S | M )"},"content":{"rendered":"<p>&nbsp;<\/p>\n<p>Le Twinfeeder est la solution parfaite pour votre animal de compagnie ! Fabriqu\u00e9 en acier inoxydable durable et facile \u00e0 utiliser. Les bols de nourriture et d&rsquo;eau sont livr\u00e9s par deux dans un support pratique avec des pieds en caoutchouc pour \u00e9viter les glissements. Facile \u00e0 nettoyer au lave-vaisselle. Disponible en diff\u00e9rentes tailles pour chaque chien.<\/p>\n<ul>\n<li>Mat\u00e9riau : gamelles en acier inoxydable dans un support en acier<\/li>\n<li>Antid\u00e9rapant<\/li>\n<li>Duo dinner : 2 gamelles amovibles pour la nourriture et l&rsquo;eau dans 1 support<\/li>\n<li>Les gamelles amovibles vont au lave-vaisselle, pas le support<\/li>\n<\/ul>\n<p>Tailles disponibles:<\/p>\n<ul>\n<li><strong>Taille XS<\/strong> : 24cm x 14,5cm x 6cm &#8211; 2x220ml &#8211; \u2205 11cm<\/li>\n<li><strong>Taille S:<\/strong> 29cm x 14cm x 6,5cm &#8211; 2x380ml &#8211; \u2205 13cm<\/li>\n<li><strong>Taille M<\/strong>: 34,5cm x 17cm x 7cm &#8211; 2x800ml &#8211; \u2205 16cm<\/li>\n<\/ul>\n<p><a href=\"https:\/\/wa.me\/212708052510\" target=\"_blank\" rel=\"noopener noreferrer\"><img decoding=\"async\" class=\"fr-fic fr-dib aligncenter\" src=\"https:\/\/cdn.youcan.shop\/stores\/d0742d556df94ddbc7ae4c9810aff04b\/others\/aE2LxkTRdND08IF1P7b5lQL78Blqje1ovLrdhytH.png\" width=\"311\" height=\"82\" data-name=\"stores\/d0742d556df94ddbc7ae4c9810aff04b\/others\/aE2LxkTRdND08IF1P7b5lQL78Blqje1ovLrdhytH.png\" \/><\/a><\/p>\n","protected":false},"excerpt":{"rendered":"<p>&nbsp; Le Twinfeeder est la solution parfaite pour votre animal de compagnie ! Fabriqu\u00e9 en acier inoxydable durable et facile \u00e0 utiliser. Les bols de nourriture et d&rsquo;eau sont livr\u00e9s par deux dans un support pratique avec des pieds en caoutchouc pour \u00e9viter les glissements. Facile \u00e0 nettoyer au lave-vaisselle. Disponible en diff\u00e9rentes tailles pour [&#8230;]\n","protected":false},"featured_media":24731,"template":"","meta":{"jetpack_publicize_message":"","jetpack_publicize_feature_enabled":true,"jetpack_social_post_already_shared":true,"jetpack_social_options":{"image_generator_settings":{"template":"highway","default_image_id":0,"font":"","enabled":false},"version":2}},"product_brand":[],"product_cat":[133,134],"product_tag":[],"class_list":{"0":"post-24722","1":"product","2":"type-product","3":"status-publish","4":"has-post-thumbnail","6":"product_cat-gamelle","7":"product_cat-gamelles","9":"first","10":"instock","11":"sale","12":"taxable","13":"shipping-taxable","14":"purchasable","15":"product-type-variable"},"supplier_id":null,"supplier_sku":"","barcode":null,"atum_controlled":true,"out_stock_date":null,"out_stock_threshold":null,"inheritable":true,"inbound_stock":0,"stock_on_hold":0,"sold_today":0,"sales_last_days":0,"reserved_stock":0,"customer_returns":0,"warehouse_damage":0,"lost_in_post":0,"other_logs":0,"out_stock_days":0,"lost_sales":0,"has_location":false,"update_date":"2026-05-06T10:17:47","atum_locations":[],"atum_stock_status":"instock","restock_status":false,"low_stock_amount":"","sales_update_date":"2026-05-06T10:17:47","calc_backorders":null,"jetpack_publicize_connections":[],"jetpack_sharing_enabled":true,"batches":[],"_links":{"self":[{"href":"https:\/\/petworld.ma\/index.php\/wp-json\/wp\/v2\/product\/24722","targetHints":{"allow":["GET"]}}],"collection":[{"href":"https:\/\/petworld.ma\/index.php\/wp-json\/wp\/v2\/product"}],"about":[{"href":"https:\/\/petworld.ma\/index.php\/wp-json\/wp\/v2\/types\/product"}],"wp:featuredmedia":[{"embeddable":true,"href":"https:\/\/petworld.ma\/index.php\/wp-json\/wp\/v2\/media\/24731"}],"wp:attachment":[{"href":"https:\/\/petworld.ma\/index.php\/wp-json\/wp\/v2\/media?parent=24722"}],"wp:term":[{"taxonomy":"product_brand","embeddable":true,"href":"https:\/\/petworld.ma\/index.php\/wp-json\/wp\/v2\/product_brand?post=24722"},{"taxonomy":"product_cat","embeddable":true,"href":"https:\/\/petworld.ma\/index.php\/wp-json\/wp\/v2\/product_cat?post=24722"},{"taxonomy":"product_tag","embeddable":true,"href":"https:\/\/petworld.ma\/index.php\/wp-json\/wp\/v2\/product_tag?post=24722"}],"curies":[{"name":"wp","href":"https:\/\/api.w.org\/{rel}","templated":true}]}}