{"id":24772,"date":"2025-07-17T17:32:30","date_gmt":"2025-07-17T17:32:30","guid":{"rendered":"https:\/\/petworld.ma\/?post_type=product&#038;p=24772"},"modified":"2026-05-07T14:22:53","modified_gmt":"2026-05-07T14:22:53","slug":"purina-pro-plan-nutrisavour-sterilised-boeuf-85-g","status":"publish","type":"product","link":"https:\/\/petworld.ma\/index.php\/produit\/purina-pro-plan-nutrisavour-sterilised-boeuf-85-g\/","title":{"rendered":"Purina Pro Plan Nutrisavour Sterilised Boeuf 85 g"},"content":{"rendered":"<p>PRO PLAN\u00ae Adult STERILISED MAINTENANCE au B\u0153uf en Sauce est un aliment complet pour chats adultes st\u00e9rilis\u00e9s qui apporte tous les nutriments essentiels. Il est formul\u00e9 pour aider \u00e0 maintenir une bonne sant\u00e9 urinaire en favorisant la dilution des urines*<\/p>\n<p>Disponible en bo\u00eetes de 10 sachets fra\u00eecheurs de 85 g ou en sachets fra\u00eecheur de 85 g \u00e0 l&rsquo;unit\u00e9.<\/p>\n<p>PRO PLAN\u00ae Adult STERILISED MAINTENANCE au B\u0153uf en Sauce \u00a0a \u00e9t\u00e9 sp\u00e9cialement formul\u00e9 pour aider \u00e0 maintenir un poids de forme et maintenir des d\u00e9fenses naturelles fortes gr\u00e2ce \u00e0 des antioxydants comme la vitamine E.<br \/>\nSans colorants ajout\u00e9s.<\/p>\n<p><strong>Caract\u00e9ristiques<\/strong><\/p>\n<ul>\n<li>Aliment complet pour chats adultes st\u00e9rilis\u00e9s.<\/li>\n<li>Aide \u00e0 maintenir une bonne sant\u00e9 urinaire en favorisant la dilution des urines*.<\/li>\n<li>Aide \u00e0 maintenir un poids de forme.<\/li>\n<li>Aide \u00e0 maintenir des d\u00e9fenses naturelles fortes gr\u00e2ce \u00e0 des antioxydants comme la vitamine E.<\/li>\n<\/ul>\n<p><strong>Composition<\/strong><\/p>\n<p>Viandes et sous-produits animaux (dont b\u0153uf 4 %)<br \/>\nExtraits de prot\u00e9ines v\u00e9g\u00e9tales<br \/>\nPoissons et sous-produits de poissons<br \/>\nSubstances min\u00e9rales<br \/>\nHuiles et graisses<br \/>\nSous-produits d&rsquo;origine v\u00e9g\u00e9tale<br \/>\nSucres<\/p>\n<p>&nbsp;<\/p>\n<p><strong>Constituants analytiques<\/strong><\/p>\n<p>Humidit\u00e9 : 78 %<br \/>\nProt\u00e9ine : 13 %<br \/>\nTeneur en mati\u00e8res grasses : 3,3 %<br \/>\nCendres brutes : 2,0 %<br \/>\nCellulose brute : 0,4 %<br \/>\nTaurine : 693 mg\/kg<\/p>\n<p><strong>Additifs : additifs nutritionnels<\/strong><\/p>\n<p>Calcium : 0,36 %<br \/>\nPhosphore : 0,22 %<br \/>\nRapport Ca\/P : 1,64 %<br \/>\nSodium : 0,14 %<br \/>\nChlore : 0,15 %<br \/>\nPotassium : 0,19 %<br \/>\nMagn\u00e9sium : 0,02 %<\/p>\n<p>mg\/kg :<br \/>\nFer : 53 ;<br \/>\nZinc : 33 ;<br \/>\nCuivre : 5 ;<br \/>\nMangan\u00e8se : 4 ;<br \/>\nIode : 0,52 ;<br \/>\nS\u00e9l\u00e9nium : 0,09.<\/p>\n<p>UI\/kg :<br \/>\nVit A : 20 194 ;<br \/>\nVit D3 : 245 ;<br \/>\nVit E : 196.<\/p>\n<p>mg\/kg :<br \/>\nVit K : 0,08 ;<br \/>\nVit B1 : 9 ;<br \/>\nVit B2 : 4 ;<br \/>\nVit B3 : 44 ;<br \/>\nVit B5 : 11 ;<br \/>\nVit B6 : 2 ;<br \/>\nVit B8 : 0,08 ;<br \/>\nVit B9 : 0,53 ;<br \/>\nVit B12 : 0,06.<\/p>\n<p>Acides gras essentiels<\/p>\n<p>Om\u00e8ga-6 : 0,74 %<br \/>\nAcide linol\u00e9ique : 0,67 %<br \/>\nOm\u00e8ga-3 : 0,13 %<br \/>\nAcide arachidonique : 0,07 %<\/p>\n<p><strong>Apports caloriques moyens dans l\u2019aliment<\/strong><\/p>\n<p>Kcal\/g :<br \/>\n\u00c9nergie m\u00e9tabolisable (calcul\u00e9e) : 0,938.<\/p>\n<p>&nbsp;<\/p>\n<p><strong>Guide d&rsquo;alimentation<\/strong><\/p>\n<p>Pour un chat adulte d&rsquo;environ 4 kg, donnez 2<sup>1\/2<\/sup>\u00a0sachets tout au long de la journ\u00e9e r\u00e9partis de pr\u00e9f\u00e9rence en au moins 2 repas. Les rations journali\u00e8res recommand\u00e9es sont calcul\u00e9es pour un chat \u00e0 l\u2019activit\u00e9 mod\u00e9r\u00e9e dans des conditions d&rsquo;environnement et de temp\u00e9rature normales. Les besoins nutritionnels peuvent varier selon le chat, il faut donc ajuster ces rations afin de le maintenir \u00e0 son poids de forme. Servir \u00e0 temp\u00e9rature ambiante. Laissez toujours de l\u2019eau propre et fra\u00eeche \u00e0 disposition.<\/p>\n","protected":false},"excerpt":{"rendered":"<p>PRO PLAN\u00ae Adult STERILISED MAINTENANCE au B\u0153uf en Sauce est un aliment complet pour chats adultes st\u00e9rilis\u00e9s qui apporte tous les nutriments essentiels. Il est formul\u00e9 pour aider \u00e0 maintenir une bonne sant\u00e9 urinaire en favorisant la dilution des urines* Disponible en bo\u00eetes de 10 sachets fra\u00eecheurs de 85 g ou en sachets fra\u00eecheur de [&#8230;]\n","protected":false},"featured_media":24561,"template":"","meta":{"jetpack_publicize_message":"","jetpack_publicize_feature_enabled":true,"jetpack_social_post_already_shared":true,"jetpack_social_options":{"image_generator_settings":{"template":"highway","default_image_id":0,"font":"","enabled":false},"version":2}},"product_brand":[],"product_cat":[41],"product_tag":[],"class_list":{"0":"post-24772","1":"product","2":"type-product","3":"status-publish","4":"has-post-thumbnail","6":"product_cat-friandises-et-pate-pour-chat","8":"first","9":"instock","10":"sale","11":"taxable","12":"shipping-taxable","13":"purchasable","14":"product-type-simple"},"supplier_id":5598,"supplier_sku":"587695","barcode":null,"atum_controlled":true,"out_stock_date":null,"out_stock_threshold":null,"inheritable":false,"inbound_stock":0,"stock_on_hold":39,"sold_today":30,"sales_last_days":41,"reserved_stock":0,"customer_returns":0,"warehouse_damage":0,"lost_in_post":0,"other_logs":0,"out_stock_days":0,"lost_sales":0,"has_location":false,"update_date":"2026-05-07T14:41:26","atum_locations":[],"atum_stock_status":"instock","restock_status":true,"low_stock_amount":26,"sales_update_date":"2026-05-07T14:41:25","calc_backorders":null,"jetpack_publicize_connections":[],"jetpack_sharing_enabled":true,"batches":[{"id":"4507","date_created":"2025-07-17 17:31:44","date_expiry":"2027-02-28 00:00:00","user_id":"2760","batch_number":"Purina Pro Plan Nutrisavour Sterilised Boeuf 85 g280227","location":"","quantity":"26.0000","quantity_available":"0.0000","units":"1","status":"archived","order_ids":"[25152,25320,25506,25528,25582,25844,25883,26320,26517,26774,26936,28238]","supplier":"Proplan","po":{"id":"4471","date_created":"2025-07-17 17:31:44","batch_id":"4507","po_number":"","supplier":"Proplan","cost":null,"regular_price":null,"sale_price":null,"price_margin":null,"price_discount":null}},{"id":"5705","date_created":"2025-10-09 16:11:39","date_expiry":"2027-02-28 00:00:00","user_id":"2760","batch_number":"Purina Pro Plan Nutrisavour Sterilised Boeuf 85 g280227","location":"","quantity":"26.0000","quantity_available":"0.0000","units":"1","status":"archived","order_ids":"[28879,29269,30175,30421,30907,31016,31218,31726,32056]","supplier":"Proplan","po":{"id":"5659","date_created":"2025-10-09 16:11:43","batch_id":"5705","po_number":"","supplier":"Proplan","cost":null,"regular_price":null,"sale_price":null,"price_margin":null,"price_discount":null}},{"id":"5991","date_created":"2025-11-04 16:36:26","date_expiry":"2027-04-30 00:00:00","user_id":"2760","batch_number":"Purina Pro Plan Nutrisavour Sterilised Boeuf 85 g300427","location":"","quantity":"26.0000","quantity_available":"0.0000","units":"1","status":"archived","order_ids":"[32056,32065,32648]","supplier":"Proplan","po":{"id":"5934","date_created":"2025-11-04 16:36:26","batch_id":"5991","po_number":"","supplier":"Proplan","cost":null,"regular_price":null,"sale_price":null,"price_margin":null,"price_discount":null}},{"id":"6039","date_created":"2025-11-06 13:29:32","date_expiry":"2027-04-30 00:00:00","user_id":"2760","batch_number":"Purina Pro Plan Nutrisavour Sterilised Boeuf 85 g300427","location":"","quantity":"93.0000","quantity_available":"0.0000","units":"1","status":"archived","order_ids":"[32963,33086,33151,33595,34684,34718,35099,35289,35642,36395,36548,36782,36887,37427,37491,37494,37498,38365,38379,38554]","supplier":"Proplan","po":{"id":"5985","date_created":"2025-11-06 13:29:33","batch_id":"6039","po_number":"","supplier":"Proplan","cost":null,"regular_price":null,"sale_price":null,"price_margin":null,"price_discount":null}},{"id":"8575","date_created":"2026-03-28 09:44:57","date_expiry":"2027-04-30 00:00:00","user_id":"2760","batch_number":"Purina Pro Plan Nutrisavour Sterilised Boeuf 85 g300427","location":"","quantity":"10.0000","quantity_available":"0.0000","units":"1","status":"archived","order_ids":"[38554,38707]","supplier":"Proplan","po":{"id":"8503","date_created":"2026-03-28 09:44:57","batch_id":"8575","po_number":"","supplier":"Proplan","cost":null,"regular_price":null,"sale_price":null,"price_margin":null,"price_discount":null}},{"id":"8778","date_created":"2026-04-09 12:03:01","date_expiry":"2027-04-30 00:00:00","user_id":"2760","batch_number":"Purina Pro Plan Nutrisavour Sterilised Boeuf 85 g300427","location":"","quantity":"30.0000","quantity_available":"0.0000","units":"1","status":"archived","order_ids":"[39238,39895,40089,40988,41446]","supplier":"Proplan","po":{"id":"8705","date_created":"2026-04-09 12:03:01","batch_id":"8778","po_number":"","supplier":"Proplan","cost":null,"regular_price":null,"sale_price":null,"price_margin":null,"price_discount":null}},{"id":"9072","date_created":"2026-04-24 10:59:58","date_expiry":"2027-04-30 00:00:00","user_id":"2760","batch_number":"Purina Pro Plan Nutrisavour Sterilised Boeuf 85 g300427","location":"","quantity":"40.0000","quantity_available":"13.0000","units":"1","status":"active","order_ids":"[41446,41503,41520]","supplier":"Proplan","po":{"id":"8995","date_created":"2026-04-24 10:59:58","batch_id":"9072","po_number":"","supplier":"Proplan","cost":null,"regular_price":null,"sale_price":null,"price_margin":null,"price_discount":null}}],"_links":{"self":[{"href":"https:\/\/petworld.ma\/index.php\/wp-json\/wp\/v2\/product\/24772","targetHints":{"allow":["GET"]}}],"collection":[{"href":"https:\/\/petworld.ma\/index.php\/wp-json\/wp\/v2\/product"}],"about":[{"href":"https:\/\/petworld.ma\/index.php\/wp-json\/wp\/v2\/types\/product"}],"wp:featuredmedia":[{"embeddable":true,"href":"https:\/\/petworld.ma\/index.php\/wp-json\/wp\/v2\/media\/24561"}],"wp:attachment":[{"href":"https:\/\/petworld.ma\/index.php\/wp-json\/wp\/v2\/media?parent=24772"}],"wp:term":[{"taxonomy":"product_brand","embeddable":true,"href":"https:\/\/petworld.ma\/index.php\/wp-json\/wp\/v2\/product_brand?post=24772"},{"taxonomy":"product_cat","embeddable":true,"href":"https:\/\/petworld.ma\/index.php\/wp-json\/wp\/v2\/product_cat?post=24772"},{"taxonomy":"product_tag","embeddable":true,"href":"https:\/\/petworld.ma\/index.php\/wp-json\/wp\/v2\/product_tag?post=24772"}],"curies":[{"name":"wp","href":"https:\/\/api.w.org\/{rel}","templated":true}]}}