{"id":25175,"date":"2025-07-29T15:13:30","date_gmt":"2025-07-29T15:13:30","guid":{"rendered":"https:\/\/petworld.ma\/?post_type=product&#038;p=25175"},"modified":"2026-05-04T19:04:41","modified_gmt":"2026-05-04T19:04:41","slug":"purina-gourmet-revelations-mousselines-au-poulet-nappee-de-sauce-pour-chat-4-x-57g","status":"publish","type":"product","link":"https:\/\/petworld.ma\/index.php\/produit\/purina-gourmet-revelations-mousselines-au-poulet-nappee-de-sauce-pour-chat-4-x-57g\/","title":{"rendered":"Purina Gourmet R\u00e9v\u00e9lations Mousselines au Poulet napp\u00e9e de Sauce pour Chat (4 x 57g)"},"content":{"rendered":"<p>Purina Gourmet Revelations Mousse \u2013 Nourriture humide pour chat avec poulet.<\/p>\n<p>Nous vous pr\u00e9sentons GOURMET Revelations. Une s\u00e9lection exquise de d\u00e9licieuses sp\u00e9cialit\u00e9s, parfaitement form\u00e9e pour r\u00e9v\u00e9ler \u00e0 vous et \u00e0 votre patte de velours un moment de plaisir exquis. Chaque mousse d\u00e9licate et fine est fabriqu\u00e9e avec des ingr\u00e9dients de qualit\u00e9 sup\u00e9rieure et recouverte d&rsquo;une d\u00e9licieuse sauce pour offrir \u00e0 votre chat une exp\u00e9rience culinaire exquise.<\/p>\n<p>\u2022 Mousse fondante au poulet pour chats adultes.<br \/>\n\u2022 Forme parfaite pour une exp\u00e9rience de service exquise.<br \/>\n\u2022 Nourriture pour chat de haute qualit\u00e9 sans conservateurs ni ar\u00f4mes artificiels ni colorants.<\/p>\n<p>Nourriture pour chat PURINA Recommandation d&rsquo;alimentation :<br \/>\nNourrissez votre chat adulte (4 kg) 5 pots par jour, qui devraient \u00eatre r\u00e9partis sur au moins 2 \u00e0 3 repas. Ces valeurs indicatives sont bas\u00e9es sur des chats mod\u00e9r\u00e9ment actifs \u00e0 temp\u00e9rature ambiante normale. Les besoins individuels peuvent varier, de sorte que la quantit\u00e9 de nourriture doit \u00eatre ajust\u00e9e en cons\u00e9quence pour maintenir un poids corporel sain et mince de votre chat. Veuillez servir au chaud dans la pi\u00e8ce. L&rsquo;eau potable fra\u00eeche et propre doit toujours \u00eatre disponible.<\/p>\n<p><strong>Ingr\u00e9dients:<\/strong><\/p>\n<p>Viande et sous-produits animaux (46 % dont 4 % de poulet), sous-produits v\u00e9g\u00e9taux, min\u00e9raux, sucre.<\/p>\n<div class=\"a-row a-expander-container a-expander-extend-container\" data-a-expander-name=\"toggle_description\">\n<div class=\"a-expander-content a-expander-extend-content a-expander-content-expanded\" data-expanded=\"true\">\n<p><strong>Mode d&#8217;emploi:<\/strong><\/p>\n<p>Nourrissez votre chat adulte (4 kg) 5 pots par jour, qui devraient \u00eatre r\u00e9partis sur au moins 2 \u00e0 3 repas. Ces valeurs indicatives sont bas\u00e9es sur des chats mod\u00e9r\u00e9ment actifs \u00e0 temp\u00e9rature ambiante normale. Les besoins individuels peuvent varier, de sorte que la quantit\u00e9 de nourriture doit \u00eatre ajust\u00e9e en cons\u00e9quence pour maintenir un poids corporel sain et mince de votre chat. Veuillez servir au chaud dans la pi\u00e8ce. L&rsquo;eau potable fra\u00eeche et propre doit toujours \u00eatre disponible.<\/p>\n<\/div>\n<\/div>\n","protected":false},"excerpt":{"rendered":"<ul>\n<li>\u00c9labor\u00e9es avec des ingr\u00e9dients de haute qualit\u00e9.<\/li>\n<li>Alimentation 100 % compl\u00e8te et \u00e9quilibr\u00e9e pour chats adultes.<\/li>\n<li>Sans colorants ajout\u00e9s. Sans ar\u00f4mes artificiels ajout\u00e9s et sans conservateurs artificiels ajout\u00e9s.<\/li>\n<li>Servi en pots de 57g pour que chaque repas reste frais et pratique \u00e0 servir.<\/li>\n<\/ul>\n","protected":false},"featured_media":25180,"template":"","meta":{"jetpack_publicize_message":"","jetpack_publicize_feature_enabled":true,"jetpack_social_post_already_shared":true,"jetpack_social_options":{"image_generator_settings":{"template":"highway","default_image_id":0,"font":"","enabled":false},"version":2}},"product_brand":[],"product_cat":[41],"product_tag":[],"class_list":{"0":"post-25175","1":"product","2":"type-product","3":"status-publish","4":"has-post-thumbnail","6":"product_cat-friandises-et-pate-pour-chat","8":"first","9":"instock","10":"taxable","11":"shipping-taxable","12":"purchasable","13":"product-type-simple"},"supplier_id":5598,"supplier_sku":"079787","barcode":"7613287079787","atum_controlled":true,"out_stock_date":null,"out_stock_threshold":null,"inheritable":false,"inbound_stock":0,"stock_on_hold":2,"sold_today":0,"sales_last_days":2,"reserved_stock":0,"customer_returns":0,"warehouse_damage":0,"lost_in_post":0,"other_logs":0,"out_stock_days":0,"lost_sales":0,"has_location":false,"update_date":"2026-05-07T11:05:42","atum_locations":[],"atum_stock_status":"instock","restock_status":false,"low_stock_amount":5,"sales_update_date":"2026-05-07T11:05:42","calc_backorders":null,"jetpack_publicize_connections":[],"jetpack_sharing_enabled":true,"batches":[{"id":"4588","date_created":"2025-07-29 15:24:49","date_expiry":"2026-09-30 00:00:00","user_id":"50","batch_number":"lot0926","location":"","quantity":"30.0000","quantity_available":"0.0000","units":"1","status":"archived","order_ids":"[25247,25343,25523,25540,25548,25555,25675,25704,25980,25996,26102,26393,26460,26477,26554,26570,26696,28138,39230]","supplier":"Proplan","po":{"id":"4553","date_created":"2025-07-29 15:24:50","batch_id":"4588","po_number":"","supplier":"Proplan","cost":null,"regular_price":null,"sale_price":null,"price_margin":null,"price_discount":null}},{"id":"6139","date_created":"2025-11-12 14:58:41","date_expiry":"2027-02-28 00:00:00","user_id":"50","batch_number":"moussepurinapoulet280227","location":"","quantity":"12.0000","quantity_available":"0.0000","units":"1","status":"archived","order_ids":"[30760,31384,31471,31497,31918,32244,32466,33093,33199,39230]","supplier":"Proplan","po":{"id":"6086","date_created":"2025-11-12 14:58:41","batch_id":"6139","po_number":"","supplier":"Proplan","cost":null,"regular_price":null,"sale_price":null,"price_margin":null,"price_discount":null}},{"id":"7887","date_created":"2026-02-23 15:44:51","date_expiry":"2027-02-28 00:00:00","user_id":"50","batch_number":"moussepurinapoulet280227","location":"","quantity":"14.0000","quantity_available":"0.0000","units":"1","status":"archived","order_ids":"[36338,36661,36808,36950,37026,37494,37703,37847,37861,38324,38602,39230,39950,40116]","supplier":"Casablanca","po":{"id":"7822","date_created":"2026-02-23 15:44:51","batch_id":"7887","po_number":"","supplier":"Casablanca","cost":null,"regular_price":null,"sale_price":null,"price_margin":null,"price_discount":null}},{"id":"8872","date_created":"2026-04-18 18:01:51","date_expiry":"2027-04-30 00:00:00","user_id":"50","batch_number":"moussepurinapoulet0427","location":"","quantity":"48.0000","quantity_available":"6.0000","units":"1","status":"active","order_ids":"[40116,40504,40951,41260,41376]","supplier":"Casablanca","po":{"id":"8799","date_created":"2026-04-18 18:01:52","batch_id":"8872","po_number":"","supplier":"Casablanca","cost":null,"regular_price":null,"sale_price":null,"price_margin":null,"price_discount":null}}],"_links":{"self":[{"href":"https:\/\/petworld.ma\/index.php\/wp-json\/wp\/v2\/product\/25175","targetHints":{"allow":["GET"]}}],"collection":[{"href":"https:\/\/petworld.ma\/index.php\/wp-json\/wp\/v2\/product"}],"about":[{"href":"https:\/\/petworld.ma\/index.php\/wp-json\/wp\/v2\/types\/product"}],"wp:featuredmedia":[{"embeddable":true,"href":"https:\/\/petworld.ma\/index.php\/wp-json\/wp\/v2\/media\/25180"}],"wp:attachment":[{"href":"https:\/\/petworld.ma\/index.php\/wp-json\/wp\/v2\/media?parent=25175"}],"wp:term":[{"taxonomy":"product_brand","embeddable":true,"href":"https:\/\/petworld.ma\/index.php\/wp-json\/wp\/v2\/product_brand?post=25175"},{"taxonomy":"product_cat","embeddable":true,"href":"https:\/\/petworld.ma\/index.php\/wp-json\/wp\/v2\/product_cat?post=25175"},{"taxonomy":"product_tag","embeddable":true,"href":"https:\/\/petworld.ma\/index.php\/wp-json\/wp\/v2\/product_tag?post=25175"}],"curies":[{"name":"wp","href":"https:\/\/api.w.org\/{rel}","templated":true}]}}