{"id":25183,"date":"2025-07-29T15:36:24","date_gmt":"2025-07-29T15:36:24","guid":{"rendered":"https:\/\/petworld.ma\/?post_type=product&#038;p=25183"},"modified":"2026-02-22T22:20:23","modified_gmt":"2026-02-22T22:20:23","slug":"flamingo-balle-avec-une-corde-elastique-et-piquet-pour-fixer-sol-pour-chien","status":"publish","type":"product","link":"https:\/\/petworld.ma\/index.php\/produit\/flamingo-balle-avec-une-corde-elastique-et-piquet-pour-fixer-sol-pour-chien\/","title":{"rendered":"Flamingo Balle avec une corde \u00e9lastique et piquet pour fixer sol pour Chien"},"content":{"rendered":"<p class=\"hvfiEe oQ1yMY Anu_Dw Q2ENr_\"><span style=\"text-decoration: underline;\"><strong>D\u00e9tails du produit:<\/strong><\/span><\/p>\n<div class=\"a8Werf mN76KD\">\n<p class=\"l9yKFF oQ1yMY Anu_Dw qJg3lA\"><strong>Caract\u00e9ristiques<\/strong><\/p>\n<ul class=\"c4Y32pt\">\n<li class=\"Cp9IuT\">\n<div class=\"b38yzx jKP2zg zu_yu7 gS1w88 nwczhi\">Longueur: 12 cm<\/div>\n<\/li>\n<li class=\"Cp9IuT\">\n<div class=\"b38yzx jKP2zg zu_yu7 gS1w88 nwczhi\">Largeur: 30 cm<\/div>\n<\/li>\n<li class=\"Cp9IuT\">\n<div class=\"b38yzx jKP2zg zu_yu7 gS1w88 nwczhi\">Hauteur: 20 cm<\/div>\n<\/li>\n<li class=\"Cp9IuT\">\n<div class=\"b38yzx jKP2zg zu_yu7 gS1w88 nwczhi\">Poids:\u00a00.52 kg<\/div>\n<\/li>\n<li class=\"Cp9IuT\">\n<div class=\"b38yzx jKP2zg zu_yu7 gS1w88 nwczhi\">Couleur: Multicouleur<\/div>\n<\/li>\n<li class=\"Cp9IuT\">\n<div class=\"b38yzx jKP2zg zu_yu7 gS1w88 nwczhi\">Type d&rsquo;animal:\u00a0Chien<\/div>\n<\/li>\n<li class=\"Cp9IuT\">\n<div class=\"b38yzx jKP2zg zu_yu7 gS1w88 nwczhi\">Quantit\u00e9 par pack:\u00a01 produits<\/div>\n<\/li>\n<li class=\"Cp9IuT\">\n<div class=\"b38yzx jKP2zg zu_yu7 gS1w88 nwczhi\">\u00c2ge de l&rsquo;animal: Adulte<\/div>\n<\/li>\n<\/ul>\n<\/div>\n<div class=\"\">\n<h3 class=\"typography text-title3 font-bold leading-title3\">Description<\/h3>\n<div class=\"FGeuYs\" data-testid=\"description-content\">\n<p><span dir=\"auto\">Ce jeu de piquets et de balles ultime ! Pr\u00e9parez-vous \u00e0 des heures de plaisir avec ce jeu d&rsquo;ext\u00e9rieur innovant.<\/span><\/p>\n<p><span dir=\"auto\">Il suffit d&rsquo;enfoncer la base dans le sol, puis de faire rebondir et d&rsquo;attraper la balle attach\u00e9e au cordon \u00e9lastique.<\/span><\/p>\n<p><span dir=\"auto\">Parfait pour jouer dans la cour, les sorties \u00e0 la plage ou les pique-niques dans le parc.<\/span><\/p>\n<p><span dir=\"auto\">Points cl\u00e9s :<\/span><\/p>\n<ul>\n<li><span dir=\"auto\">Aide \u00e0 pr\u00e9venir la plaque dentaire<\/span><\/li>\n<li><span dir=\"auto\">Peut \u00eatre rempli de collations<\/span><\/li>\n<li><span dir=\"auto\">Dispose d&rsquo;un piquet pour ancrer le jouet<\/span><\/li>\n<\/ul>\n<\/div>\n<\/div>\n","protected":false},"excerpt":{"rendered":"<p>D\u00e9tails du produit: Caract\u00e9ristiques Longueur: 12 cm Largeur: 30 cm Hauteur: 20 cm Poids:\u00a00.52 kg Couleur: Multicouleur Type d&rsquo;animal:\u00a0Chien Quantit\u00e9 par pack:\u00a01 produits \u00c2ge de l&rsquo;animal: Adulte Description Ce jeu de piquets et de balles ultime ! Pr\u00e9parez-vous \u00e0 des heures de plaisir avec ce jeu d&rsquo;ext\u00e9rieur innovant. Il suffit d&rsquo;enfoncer la base dans le [&#8230;]\n","protected":false},"featured_media":25186,"template":"","meta":{"jetpack_publicize_message":"","jetpack_publicize_feature_enabled":true,"jetpack_social_post_already_shared":true,"jetpack_social_options":{"image_generator_settings":{"template":"highway","default_image_id":0,"font":"","enabled":false},"version":2}},"product_brand":[],"product_cat":[106],"product_tag":[],"class_list":{"0":"post-25183","1":"product","2":"type-product","3":"status-publish","4":"has-post-thumbnail","6":"product_cat-jouet-et-dressage","8":"first","9":"instock","10":"sale","11":"taxable","12":"shipping-taxable","13":"purchasable","14":"product-type-simple"},"supplier_id":5592,"supplier_sku":"","barcode":null,"atum_controlled":true,"out_stock_date":null,"out_stock_threshold":null,"inheritable":false,"inbound_stock":0,"stock_on_hold":0,"sold_today":0,"sales_last_days":0,"reserved_stock":0,"customer_returns":0,"warehouse_damage":0,"lost_in_post":0,"other_logs":0,"out_stock_days":0,"lost_sales":0,"has_location":false,"update_date":"2026-05-14T00:03:39","atum_locations":[],"atum_stock_status":"instock","restock_status":false,"low_stock_amount":0,"sales_update_date":"2026-05-14T00:03:39","calc_backorders":null,"jetpack_publicize_connections":[],"jetpack_sharing_enabled":true,"batches":[],"_links":{"self":[{"href":"https:\/\/petworld.ma\/index.php\/wp-json\/wp\/v2\/product\/25183","targetHints":{"allow":["GET"]}}],"collection":[{"href":"https:\/\/petworld.ma\/index.php\/wp-json\/wp\/v2\/product"}],"about":[{"href":"https:\/\/petworld.ma\/index.php\/wp-json\/wp\/v2\/types\/product"}],"wp:featuredmedia":[{"embeddable":true,"href":"https:\/\/petworld.ma\/index.php\/wp-json\/wp\/v2\/media\/25186"}],"wp:attachment":[{"href":"https:\/\/petworld.ma\/index.php\/wp-json\/wp\/v2\/media?parent=25183"}],"wp:term":[{"taxonomy":"product_brand","embeddable":true,"href":"https:\/\/petworld.ma\/index.php\/wp-json\/wp\/v2\/product_brand?post=25183"},{"taxonomy":"product_cat","embeddable":true,"href":"https:\/\/petworld.ma\/index.php\/wp-json\/wp\/v2\/product_cat?post=25183"},{"taxonomy":"product_tag","embeddable":true,"href":"https:\/\/petworld.ma\/index.php\/wp-json\/wp\/v2\/product_tag?post=25183"}],"curies":[{"name":"wp","href":"https:\/\/api.w.org\/{rel}","templated":true}]}}