{"id":25636,"date":"2025-08-10T16:00:58","date_gmt":"2025-08-10T16:00:58","guid":{"rendered":"https:\/\/petworld.ma\/?post_type=product&#038;p=25636"},"modified":"2026-03-12T17:04:00","modified_gmt":"2026-03-12T17:04:00","slug":"royal-canin-chiot-chihuahua-1-5-kg-promo","status":"publish","type":"product","link":"https:\/\/petworld.ma\/index.php\/produit\/royal-canin-chiot-chihuahua-1-5-kg-promo\/","title":{"rendered":"Royal Canin Chiot Chihuahua 1.5 Kg Promo"},"content":{"rendered":"<div class=\"product-section description-section\">\n<div class=\"single-description fr-view\">\n<div>\n<div>\n<h2>Aliment complet pour chiens &#8211; Sp\u00e9cialement con\u00e7u pour un Chiot Chihuahua, de 2 \u00e0 8 mois.<\/h2>\n<\/div>\n<\/div>\n<div>La p\u00e9riode de croissance est une \u00e9tape importante pour votre chiot Chihuahua. C\u2019est pourquoi il est essentiel de lui procurer des nutriments qui favorisent une sant\u00e9 optimale. ROYAL CANIN\u00ae Chihuahua Puppy est sp\u00e9cialement formul\u00e9 pour r\u00e9pondre \u00e0 tous les besoins nutritionnels de votre jeune Chihuahua et convient aux Chihuahua de moins de 8 mois. \u00a0 ROYAL CANIN\u00ae Chihuahua Puppy est tr\u00e8s app\u00e9tissant et peut satisfaire les palais des Chihuahua les plus exigeants. Gr\u00e2ce \u00e0 son complexe d\u2019antioxydants (dont la vitamine E), ROYAL CANIN\u00ae Chihuahua Puppy aide \u00e0 renforcer les d\u00e9fenses naturelles de votre chiot tout au long de sa croissance. \u00a0 Le m\u00e9lange de nutriment de haute qualit\u00e9 que contient ROYAL CANIN\u00ae Chihuahua Puppy contribue \u00e9galement au maintien de la sant\u00e9 digestive et \u00e0 r\u00e9duire les odeurs et le volume de selles. \u00a0 De plus, les croquettes ROYAL CANIN\u00ae Chihuahua Puppy sont con\u00e7ues sur mesure. En effet, les chiens de race Chihuahua ont une petite m\u00e2choire, les croquettes sont adapt\u00e9es \u00e0 la petite m\u00e2choire du chiot Chihuahua, pour lui faciliter la prise et la mastication de la nourriture.<\/div>\n<div><\/div>\n<div><strong>\u00a0 \u00a0BENEFICES :\u00a0<\/strong><\/div>\n<div>\n<ul>\n<li>\n<div>Soutien du syst\u00e8me immunitaire<\/div>\n<div>La croissance est une \u00e9tape essentielle dans la vie d\u2019un chien : c\u2019est le moment des grands changements, des d\u00e9couvertes et des nouvelles rencontres. Durant cette p\u00e9riode cl\u00e9, le syst\u00e8me immunitaire du chiot se construit progressivement. ROYAL CANIN\u00ae Chihuahua Puppy aide \u00e0 soutenir les d\u00e9fenses naturelles du Chiot notamment gr\u00e2ce \u00e0 un complexe d\u2019antioxydants comprenant de la vitamine E.<\/div>\n<\/li>\n<li>\n<div>Haute app\u00e9tence<\/div>\n<div>ROYAL CANIN\u00ae Chihuahua Puppy satisfait l\u2019app\u00e9tit du Chihuahua gr\u00e2ce \u00e0 la combinaison de trois facteurs : une forme et une taille de croquette adapt\u00e9es, une formulation exclusive et des ar\u00f4mes s\u00e9lectionn\u00e9s.<\/div>\n<\/li>\n<li>\n<div>R\u00e9duction du volume et des odeurs de selles<\/div>\n<div>Cette formule aide \u00e0 r\u00e9duire les odeurs et le volume des selles.<\/div>\n<\/li>\n<li>\n<div>Croquette exclusive : sp\u00e9cial m\u00e2choire miniature<\/div>\n<div>Croquette exclusive qui est adapt\u00e9e \u00e0 la petite m\u00e2choire du chiot Chihuahua.<\/div>\n<\/li>\n<\/ul>\n<p><strong>\u00a0 \u00a0INFORMATIONS NUTRITIONELLES :\u00a0<\/strong><\/p>\n<div>Composition : Riz, prot\u00e9ines de volaille d\u00e9shydrat\u00e9es, graisses animales, gluten de bl\u00e9*, hydrolysat de prot\u00e9ines animales, ma\u00efs, pulpe de betterave, sels min\u00e9raux, huile de soja, fibres v\u00e9g\u00e9tales, huile de poisson, sel d\u2019acide gras, fructo-oligo-saccharides, t\u00e9guments et graines de psyllium, hydrolysat de levure (source de manno-oligo-saccharides et de b\u00eata-glucans), extrait de rose d\u2019inde (source de lut\u00e9ine).<\/div>\n<p>Additifs (au kg) : Additifs nutritionnels : Vitamine A : 28000 UI, Vitamine D3 : 800 UI, E570 (Fer) : 1 mg, E39 (Iode) : 2,3 mg, E9 (Cuivre) : 4 mg, E12 (Mangan\u00e8se) : 5 mg, E51 (Zinc) : 6 mg, E107 (S\u00e9l\u00e9nium) : 8,0 mg, B\u00eata-carot\u00e8ne : 08 mg &#8211; Conservateurs &#8211; Antioxyg\u00e8nes.<\/p>\n<p>Constituants analytiques : Prot\u00e9ine : 30 % &#8211; Teneur en mati\u00e8res grasses : 0 % &#8211; Cendres brutes : 20,0 % &#8211; Fibres alimentaires brutes : 7,2 %.<\/p>\n<p>* L.I.P. : prot\u00e9ine s\u00e9lectionn\u00e9e pour sa tr\u00e8s haute assimilation.<\/p>\n<p>Mode d\u2019emploi : voir tableau. Num\u00e9ro de lot et d\u2019identifiant usine, \u00e0 utiliser de pr\u00e9f\u00e9rence avant : voir sur l\u2019emballage. \u00c0 conserver dans un endroit sec et frais.<\/p>\n<div data-gtm-vis-first-on-screen-40760133_376=\"44791\" data-gtm-vis-first-on-screen-40760133_379=\"44791\" data-gtm-vis-has-fired-40760133_376=\"1\" data-gtm-vis-has-fired-40760133_379=\"1\" data-gtm-vis-total-visible-time-40760133_376=\"500\" data-gtm-vis-total-visible-time-40760133_379=\"500\" data-tms=\"Product description\">\n<div>\n<div>\n<div>\n<div>\n<div><a href=\"https:\/\/wa.me\/212708052510\" target=\"_blank\" rel=\"noopener noreferrer\"><img loading=\"lazy\" decoding=\"async\" class=\"fr-fic fr-dib aligncenter\" src=\"https:\/\/cdn.youcan.shop\/stores\/d0742d556df94ddbc7ae4c9810aff04b\/others\/9gn2ZWS5iJJeDdy6tVVQcF1QvF9DnLBPtaa2zCtu.png\" width=\"251\" height=\"66\" data-name=\"stores\/d0742d556df94ddbc7ae4c9810aff04b\/others\/9gn2ZWS5iJJeDdy6tVVQcF1QvF9DnLBPtaa2zCtu.png\" \/><\/a><\/div>\n<\/div>\n<\/div>\n<\/div>\n<\/div>\n<\/div>\n<\/div>\n<\/div>\n<\/div>\n<div class=\"product-section add-to-cart-section\">\n<div class=\"quantity\"><\/div>\n<\/div>\n","protected":false},"excerpt":{"rendered":"<p>Aliment complet pour chiens &#8211; Sp\u00e9cialement con\u00e7u pour un Chiot Chihuahua, de 2 \u00e0 8 mois. La p\u00e9riode de croissance est une \u00e9tape importante pour votre chiot Chihuahua. C\u2019est pourquoi il est essentiel de lui procurer des nutriments qui favorisent une sant\u00e9 optimale. ROYAL CANIN\u00ae Chihuahua Puppy est sp\u00e9cialement formul\u00e9 pour r\u00e9pondre \u00e0 tous les [&#8230;]\n","protected":false},"featured_media":25696,"template":"","meta":{"jetpack_publicize_message":"","jetpack_publicize_feature_enabled":true,"jetpack_social_post_already_shared":true,"jetpack_social_options":{"image_generator_settings":{"template":"highway","default_image_id":0,"font":"","enabled":false},"version":2}},"product_brand":[],"product_cat":[26,187],"product_tag":[],"class_list":{"0":"post-25636","1":"product","2":"type-product","3":"status-publish","4":"has-post-thumbnail","6":"product_cat-croquettes","7":"product_cat-destockage","9":"first","10":"instock","11":"sale","12":"taxable","13":"shipping-taxable","14":"purchasable","15":"product-type-simple"},"supplier_id":5587,"supplier_sku":"7096-500","barcode":null,"atum_controlled":true,"out_stock_date":null,"out_stock_threshold":null,"inheritable":false,"inbound_stock":0,"stock_on_hold":0,"sold_today":0,"sales_last_days":0,"reserved_stock":0,"customer_returns":0,"warehouse_damage":0,"lost_in_post":0,"other_logs":0,"out_stock_days":0,"lost_sales":0,"has_location":false,"update_date":"2026-04-05T13:09:22","atum_locations":[],"atum_stock_status":"instock","restock_status":false,"low_stock_amount":1,"sales_update_date":"2026-04-05T13:09:22","calc_backorders":null,"jetpack_publicize_connections":[],"jetpack_sharing_enabled":true,"batches":[{"id":"4826","date_created":"2025-08-10 16:02:12","date_expiry":"2026-09-28 00:00:00","user_id":"2461","batch_number":"lot280926","location":"","quantity":"2.0000","quantity_available":"0.0000","units":"1","status":"archived","order_ids":"[25710]","supplier":"Royal Canin","po":{"id":"4790","date_created":"2025-08-10 16:02:12","batch_id":"4826","po_number":"","supplier":"Royal Canin","cost":null,"regular_price":null,"sale_price":null,"price_margin":null,"price_discount":null}},{"id":"4875","date_created":"2025-08-14 08:55:05","date_expiry":"2026-09-28 00:00:00","user_id":"2461","batch_number":"lot280926","location":"","quantity":"2.0000","quantity_available":"0.0000","units":"1","status":"archived","order_ids":"[33216,34778]","supplier":"Royal Canin","po":{"id":"4839","date_created":"2025-08-14 08:55:05","batch_id":"4875","po_number":"","supplier":"Royal Canin","cost":null,"regular_price":null,"sale_price":null,"price_margin":null,"price_discount":null}},{"id":"7212","date_created":"2026-01-17 16:51:08","date_expiry":"2026-09-28 00:00:00","user_id":"2461","batch_number":"lot280926","location":"","quantity":"2.0000","quantity_available":"1.0000","units":"1","status":"active","order_ids":"[37014]","supplier":"Royal Canin","po":{"id":"7148","date_created":"2026-01-17 16:51:08","batch_id":"7212","po_number":"","supplier":"Royal Canin","cost":null,"regular_price":null,"sale_price":null,"price_margin":null,"price_discount":null}}],"_links":{"self":[{"href":"https:\/\/petworld.ma\/index.php\/wp-json\/wp\/v2\/product\/25636","targetHints":{"allow":["GET"]}}],"collection":[{"href":"https:\/\/petworld.ma\/index.php\/wp-json\/wp\/v2\/product"}],"about":[{"href":"https:\/\/petworld.ma\/index.php\/wp-json\/wp\/v2\/types\/product"}],"wp:featuredmedia":[{"embeddable":true,"href":"https:\/\/petworld.ma\/index.php\/wp-json\/wp\/v2\/media\/25696"}],"wp:attachment":[{"href":"https:\/\/petworld.ma\/index.php\/wp-json\/wp\/v2\/media?parent=25636"}],"wp:term":[{"taxonomy":"product_brand","embeddable":true,"href":"https:\/\/petworld.ma\/index.php\/wp-json\/wp\/v2\/product_brand?post=25636"},{"taxonomy":"product_cat","embeddable":true,"href":"https:\/\/petworld.ma\/index.php\/wp-json\/wp\/v2\/product_cat?post=25636"},{"taxonomy":"product_tag","embeddable":true,"href":"https:\/\/petworld.ma\/index.php\/wp-json\/wp\/v2\/product_tag?post=25636"}],"curies":[{"name":"wp","href":"https:\/\/api.w.org\/{rel}","templated":true}]}}