{"id":25968,"date":"2025-08-18T14:38:25","date_gmt":"2025-08-18T14:38:25","guid":{"rendered":"https:\/\/petworld.ma\/?post_type=product&#038;p=25968"},"modified":"2026-05-06T14:13:20","modified_gmt":"2026-05-06T14:13:20","slug":"lingettes-de-talc-format-maxi-camon-100pcs","status":"publish","type":"product","link":"https:\/\/petworld.ma\/index.php\/produit\/lingettes-de-talc-format-maxi-camon-100pcs\/","title":{"rendered":"Lingettes de Talc format maxi (100pcs) &#8211; Camon"},"content":{"rendered":"<p>Lingettes nettoyantes pour nettoyer le pelage et le museau, au parfum de Talc, au format maxi de 100 pi\u00e8ces.<br \/>\nTr\u00e8s pratique pour votre animal, \u00e0 garder toujours \u00e0 port\u00e9e de main : \u00e0 la maison et en d\u00e9placement, pour nettoyer la fourrure et les pattes, \u00e9liminer les mauvaises odeurs, nettoyer le museau et les oreilles.<br \/>\nLeur formulation douce rafra\u00eechit, nourrit et prot\u00e8ge le pelage.<\/p>\n<p>&#8211; sans<br \/>\nalcool \u00e9thylique &#8211; sans<\/p>\n<p>paraben\u00a0<strong>Quantit\u00e9 par paquet\u00a0:<\/strong>\u00a0100 pi\u00e8ces<br \/>\n<strong>Taille de la lingette\u00a0:<\/strong>\u00a030x17cm<\/p>\n","protected":false},"excerpt":{"rendered":"<p>Lingettes nettoyantes pour nettoyer le pelage et le museau, au parfum de Talc, au format maxi de 100 pi\u00e8ces. Tr\u00e8s pratique pour votre animal, \u00e0 garder toujours \u00e0 port\u00e9e de main : \u00e0 la maison et en d\u00e9placement, pour nettoyer la fourrure et les pattes, \u00e9liminer les mauvaises odeurs, nettoyer le museau et les oreilles. [&#8230;]\n","protected":false},"featured_media":25972,"template":"","meta":{"jetpack_publicize_message":"","jetpack_publicize_feature_enabled":true,"jetpack_social_post_already_shared":true,"jetpack_social_options":{"image_generator_settings":{"template":"highway","default_image_id":0,"font":"","enabled":false},"version":2}},"product_brand":[],"product_cat":[225,224],"product_tag":[],"class_list":{"0":"post-25968","1":"product","2":"type-product","3":"status-publish","4":"has-post-thumbnail","6":"product_cat-lingettes-serviettes-hygiene-et-soins-pour-chat","7":"product_cat-lingettes-serviettes","9":"first","10":"instock","11":"sale","12":"taxable","13":"shipping-taxable","14":"purchasable","15":"product-type-simple"},"supplier_id":8770,"supplier_sku":"LA005","barcode":null,"atum_controlled":true,"out_stock_date":null,"out_stock_threshold":null,"inheritable":false,"inbound_stock":0,"stock_on_hold":0,"sold_today":0,"sales_last_days":1,"reserved_stock":0,"customer_returns":0,"warehouse_damage":0,"lost_in_post":0,"other_logs":0,"out_stock_days":0,"lost_sales":0,"has_location":false,"update_date":"2026-05-11T09:27:23","atum_locations":[],"atum_stock_status":"instock","restock_status":false,"low_stock_amount":2,"sales_update_date":"2026-05-11T09:27:23","calc_backorders":null,"jetpack_publicize_connections":[],"jetpack_sharing_enabled":true,"batches":[],"_links":{"self":[{"href":"https:\/\/petworld.ma\/index.php\/wp-json\/wp\/v2\/product\/25968","targetHints":{"allow":["GET"]}}],"collection":[{"href":"https:\/\/petworld.ma\/index.php\/wp-json\/wp\/v2\/product"}],"about":[{"href":"https:\/\/petworld.ma\/index.php\/wp-json\/wp\/v2\/types\/product"}],"wp:featuredmedia":[{"embeddable":true,"href":"https:\/\/petworld.ma\/index.php\/wp-json\/wp\/v2\/media\/25972"}],"wp:attachment":[{"href":"https:\/\/petworld.ma\/index.php\/wp-json\/wp\/v2\/media?parent=25968"}],"wp:term":[{"taxonomy":"product_brand","embeddable":true,"href":"https:\/\/petworld.ma\/index.php\/wp-json\/wp\/v2\/product_brand?post=25968"},{"taxonomy":"product_cat","embeddable":true,"href":"https:\/\/petworld.ma\/index.php\/wp-json\/wp\/v2\/product_cat?post=25968"},{"taxonomy":"product_tag","embeddable":true,"href":"https:\/\/petworld.ma\/index.php\/wp-json\/wp\/v2\/product_tag?post=25968"}],"curies":[{"name":"wp","href":"https:\/\/api.w.org\/{rel}","templated":true}]}}