{"id":25975,"date":"2025-08-18T15:12:19","date_gmt":"2025-08-18T15:12:19","guid":{"rendered":"https:\/\/petworld.ma\/?post_type=product&#038;p=25975"},"modified":"2026-02-11T16:10:18","modified_gmt":"2026-02-11T16:10:18","slug":"lingettes-nettoyantes-au-parfum-camomille-et-lavande-camon-100pcs","status":"publish","type":"product","link":"https:\/\/petworld.ma\/index.php\/produit\/lingettes-nettoyantes-au-parfum-camomille-et-lavande-camon-100pcs\/","title":{"rendered":"Lingettes Nettoyantes au Parfum Camomille et Lavande (100pcs) &#8211; Camon"},"content":{"rendered":"<p><span dir=\"auto\">Gardez toujours ces lingettes nettoyantes \u00e0 port\u00e9e de main ! \u00c0 la maison ou en d\u00e9placement, elles sont id\u00e9ales pour nettoyer le pelage et les pattes de votre animal, contr\u00f4ler les odeurs, nettoyer son visage et ses oreilles.<\/span><br \/>\n<span dir=\"auto\">Leur formule apaise, nourrit et prot\u00e8ge son pelage.<\/span><\/p>\n<p><span dir=\"auto\">&#8211; Sans alcool \u00e9thylique<\/span><br \/>\n<span dir=\"auto\">&#8211; Sans parab\u00e8ne.<\/span><\/p>\n<p><strong><span dir=\"auto\">Quantit\u00e9 (par paquet) :<\/span><\/strong><span dir=\"auto\">\u00a0100 pi\u00e8ces.<\/span><br \/>\n<strong><span dir=\"auto\">Dimensions des lingettes :<\/span><\/strong><span dir=\"auto\">\u00a030 x 17 cm.<\/span><\/p>\n","protected":false},"excerpt":{"rendered":"<p>Gardez toujours ces lingettes nettoyantes \u00e0 port\u00e9e de main ! \u00c0 la maison ou en d\u00e9placement, elles sont id\u00e9ales pour nettoyer le pelage et les pattes de votre animal, contr\u00f4ler les odeurs, nettoyer son visage et ses oreilles. Leur formule apaise, nourrit et prot\u00e8ge son pelage. &#8211; Sans alcool \u00e9thylique &#8211; Sans parab\u00e8ne. Quantit\u00e9 (par [&#8230;]\n","protected":false},"featured_media":25977,"template":"","meta":{"jetpack_publicize_message":"","jetpack_publicize_feature_enabled":true,"jetpack_social_post_already_shared":true,"jetpack_social_options":{"image_generator_settings":{"template":"highway","default_image_id":0,"font":"","enabled":false},"version":2}},"product_brand":[],"product_cat":[225,224],"product_tag":[],"class_list":{"0":"post-25975","1":"product","2":"type-product","3":"status-publish","4":"has-post-thumbnail","6":"product_cat-lingettes-serviettes-hygiene-et-soins-pour-chat","7":"product_cat-lingettes-serviettes","9":"first","10":"instock","11":"sale","12":"taxable","13":"shipping-taxable","14":"purchasable","15":"product-type-simple"},"supplier_id":8770,"supplier_sku":"LA003","barcode":null,"atum_controlled":true,"out_stock_date":null,"out_stock_threshold":null,"inheritable":false,"inbound_stock":0,"stock_on_hold":0,"sold_today":0,"sales_last_days":0,"reserved_stock":0,"customer_returns":0,"warehouse_damage":0,"lost_in_post":0,"other_logs":0,"out_stock_days":0,"lost_sales":0,"has_location":false,"update_date":"2026-05-07T00:18:56","atum_locations":[],"atum_stock_status":"instock","restock_status":false,"low_stock_amount":2,"sales_update_date":"2026-05-07T00:18:56","calc_backorders":null,"jetpack_publicize_connections":[],"jetpack_sharing_enabled":true,"batches":[],"_links":{"self":[{"href":"https:\/\/petworld.ma\/index.php\/wp-json\/wp\/v2\/product\/25975","targetHints":{"allow":["GET"]}}],"collection":[{"href":"https:\/\/petworld.ma\/index.php\/wp-json\/wp\/v2\/product"}],"about":[{"href":"https:\/\/petworld.ma\/index.php\/wp-json\/wp\/v2\/types\/product"}],"wp:featuredmedia":[{"embeddable":true,"href":"https:\/\/petworld.ma\/index.php\/wp-json\/wp\/v2\/media\/25977"}],"wp:attachment":[{"href":"https:\/\/petworld.ma\/index.php\/wp-json\/wp\/v2\/media?parent=25975"}],"wp:term":[{"taxonomy":"product_brand","embeddable":true,"href":"https:\/\/petworld.ma\/index.php\/wp-json\/wp\/v2\/product_brand?post=25975"},{"taxonomy":"product_cat","embeddable":true,"href":"https:\/\/petworld.ma\/index.php\/wp-json\/wp\/v2\/product_cat?post=25975"},{"taxonomy":"product_tag","embeddable":true,"href":"https:\/\/petworld.ma\/index.php\/wp-json\/wp\/v2\/product_tag?post=25975"}],"curies":[{"name":"wp","href":"https:\/\/api.w.org\/{rel}","templated":true}]}}