{"id":26035,"date":"2025-08-19T20:09:25","date_gmt":"2025-08-19T20:09:25","guid":{"rendered":"https:\/\/petworld.ma\/?post_type=product&#038;p=26035"},"modified":"2026-04-01T21:09:18","modified_gmt":"2026-04-01T21:09:18","slug":"royal-canin-chihuahua-adulte-1-5-kg-promo","status":"publish","type":"product","link":"https:\/\/petworld.ma\/index.php\/produit\/royal-canin-chihuahua-adulte-1-5-kg-promo\/","title":{"rendered":"Royal Canin Chihuahua Adulte 1.5 Kg Promo"},"content":{"rendered":"<div>\n<div>\n<h2>Aliment complet pour chiens \u00a0&#8211; Sp\u00e9cialement con\u00e7u pour Chihuahua adulte, \u00e0 partir de 8 mois.<\/h2>\n<\/div>\n<\/div>\n<div><\/div>\n<div>ROYAL CANIN\u00ae Chihuahua Adult est sp\u00e9cialement formul\u00e9 pour r\u00e9pondre \u00e0 tous les besoins nutritionnels de votre chien adulte et convient aux Chihuahuas de plus de 8 mois. \u00a0ROYAL CANIN\u00ae Chihuahua Adult est tr\u00e8s app\u00e9tissant et peut satisfaire les palais des Chihuahuas les plus exigeants gr\u00e2ce \u00e0 la combinaison de ces 3 facteurs :<\/div>\n<ul>\n<li>Taille et forme des croquettes sp\u00e9cialement adapt\u00e9es<\/li>\n<li>Formule exclusive de nutriments<\/li>\n<li>Saveurs s\u00e9lectionn\u00e9es.<\/li>\n<\/ul>\n<div>De plus, les nutriments contenus dans ROYAL CANIN\u00ae Chihuahua Adult favorisent le bon fonctionnement de l\u2019appareil digestif de votre chien, ce qui permet de r\u00e9duire la quantit\u00e9 de ses selles et leur odeur ! \u00a0 ROYAL CANIN\u00ae Chihuahua Adult contient \u00e9galement des ch\u00e9lateurs du calcium, qui ralentissent la formation et l\u2019accumulation du tartre pour contribuer \u00e0 une meilleure sant\u00e9 bucco-dentaire. \u00a0 Pour r\u00e9pondre aux pr\u00e9f\u00e9rences individuelles de chaque chien, ROYAL CANIN\u00ae Chihuahua Adult est \u00e9galement disponible sous forme d\u2019aliment humide en mousse. \u00a0Si vous envisagez une alimentation mixte, il vous suffit de suivre nos instructions pour vous assurer que votre chien re\u00e7oit la quantit\u00e9 d\u2019aliments humides et secs ad\u00e9quate pour un b\u00e9n\u00e9fice optimal.<\/div>\n<div><\/div>\n<div><strong>\u00a0 \u00a0BENEFICES :<\/strong><\/div>\n<div>\n<ul>\n<li>\n<div>Haute app\u00e9tence<\/div>\n<div>ROYAL CANIN\u00ae Chihuahua Adult satisfait l\u2019app\u00e9tit d\u00e9licat du Chihuahua gr\u00e2ce \u00e0 la combinaison de trois facteurs : une taille et forme de croquette adapt\u00e9es, une formulation exclusive et des ar\u00f4mes s\u00e9lectionn\u00e9s.<\/div>\n<\/li>\n<li>\n<div>R\u00e9duction du volume &amp; des odeurs de selles<\/div>\n<div>Cette formule aide \u00e0 r\u00e9duire les odeurs et le volume des selles.<\/div>\n<\/li>\n<li>\n<div>Sant\u00e9 bucco-dentaire<\/div>\n<div>Cette formule aide \u00e0 r\u00e9duire la formation de tartre gr\u00e2ce \u00e0 des ch\u00e9lateurs de calcium.<\/div>\n<\/li>\n<li>\n<div>Croquette de conception exclusive : m\u00e2choire miniature sp\u00e9ciale<\/div>\n<div>Croquette exclusive qui est adapt\u00e9e \u00e0 la petite m\u00e2choire du Chihuahua.<\/div>\n<\/li>\n<\/ul>\n<p><strong>\u00a0 \u00a0INFORMATIONS NUTRITIONELLES :<\/strong><\/p>\n<div>Composition : Riz, ma\u00efs, prot\u00e9ines de volaille d\u00e9shydrat\u00e9es, isolat de prot\u00e9ines v\u00e9g\u00e9tales*, graisses animales, hydrolysat de prot\u00e9ines animales, pulpe de betterave, fibres v\u00e9g\u00e9tales, huile de poisson, sels min\u00e9raux, huile de soja, fructo-oligo-saccharides, huile de bourrache, extrait de rose d\u2019Inde (source de lut\u00e9ine), hydrolysat de crustac\u00e9 (source de glucosamine), hydrolysat de cartilage (source de chondro\u00eftine). *L.I.P. : prot\u00e9ine s\u00e9lectionn\u00e9e pour sa tr\u00e8s haute digestibilit\u00e9.<\/div>\n<p>Additifs (au kg) : Additifs nutritionnels : Vitamine A : 30500 UI, Vitamine D3 : 800 UI, E1 (Fer) : 43 mg, E2 (Iode) : 4,3 mg, E4 (Cuivre) : 13 mg, E5 (Mangan\u00e8se) : 56 mg, E6 (Zinc) : 140 mg, E8 (S\u00e9l\u00e9nium) : 0,09 mg, B\u00eata-carot\u00e8ne : 5 mg &#8211; Conservateurs &#8211; Antioxyg\u00e8nes.<\/p>\n<p>Constituants analytiques : Prot\u00e9ine : 28 % &#8211; Teneur en mati\u00e8res grasses : 16% &#8211; Cendres brutes : 5,1 % &#8211; Cellulose brute : 2,1%.<\/p>\n<p>* L.I.P. : prot\u00e9ine s\u00e9lectionn\u00e9e pour sa tr\u00e8s haute assimilation.<\/p>\n<p>Mode d\u2019emploi : voir tableau. Num\u00e9ro de lot et d\u2019identifiant usine, \u00e0 utiliser de pr\u00e9f\u00e9rence avant : voir sur l\u2019emballage. \u00c0 conserver dans un endroit sec et frais.<\/p>\n<div data-gtm-vis-first-on-screen-40760133_376=\"36870\" data-gtm-vis-first-on-screen-40760133_379=\"36870\" data-gtm-vis-has-fired-40760133_376=\"1\" data-gtm-vis-has-fired-40760133_379=\"1\" data-gtm-vis-total-visible-time-40760133_376=\"500\" data-gtm-vis-total-visible-time-40760133_379=\"500\" data-tms=\"Product description\">\n<div>\n<div>\n<div>\n<div>\n<div><a href=\"https:\/\/wa.me\/212708052510\" target=\"_blank\" rel=\"noopener noreferrer\"><img loading=\"lazy\" decoding=\"async\" class=\"fr-fic fr-dib aligncenter\" src=\"https:\/\/cdn.youcan.shop\/stores\/d0742d556df94ddbc7ae4c9810aff04b\/others\/UDvqTsE5NQjbTwLQh9jRqfxpyZuWstAyv9lt1MZc.png\" width=\"261\" height=\"69\" data-name=\"stores\/d0742d556df94ddbc7ae4c9810aff04b\/others\/UDvqTsE5NQjbTwLQh9jRqfxpyZuWstAyv9lt1MZc.png\" \/><\/a><\/div>\n<\/div>\n<\/div>\n<\/div>\n<\/div>\n<\/div>\n<\/div>\n","protected":false},"excerpt":{"rendered":"<p>Aliment complet pour chiens \u00a0&#8211; Sp\u00e9cialement con\u00e7u pour Chihuahua adulte, \u00e0 partir de 8 mois. ROYAL CANIN\u00ae Chihuahua Adult est sp\u00e9cialement formul\u00e9 pour r\u00e9pondre \u00e0 tous les besoins nutritionnels de votre chien adulte et convient aux Chihuahuas de plus de 8 mois. \u00a0ROYAL CANIN\u00ae Chihuahua Adult est tr\u00e8s app\u00e9tissant et peut satisfaire les palais des [&#8230;]\n","protected":false},"featured_media":26156,"template":"","meta":{"jetpack_publicize_message":"","jetpack_publicize_feature_enabled":true,"jetpack_social_post_already_shared":true,"jetpack_social_options":{"image_generator_settings":{"template":"highway","default_image_id":0,"font":"","enabled":false},"version":2}},"product_brand":[],"product_cat":[26],"product_tag":[],"class_list":{"0":"post-26035","1":"product","2":"type-product","3":"status-publish","4":"has-post-thumbnail","6":"product_cat-croquettes","8":"first","9":"instock","10":"sale","11":"taxable","12":"shipping-taxable","13":"purchasable","14":"product-type-simple"},"supplier_id":5587,"supplier_sku":"","barcode":null,"atum_controlled":true,"out_stock_date":null,"out_stock_threshold":null,"inheritable":false,"inbound_stock":0,"stock_on_hold":0,"sold_today":0,"sales_last_days":1,"reserved_stock":0,"customer_returns":0,"warehouse_damage":0,"lost_in_post":0,"other_logs":0,"out_stock_days":0,"lost_sales":0,"has_location":false,"update_date":"2026-04-09T12:00:44","atum_locations":[],"atum_stock_status":"instock","restock_status":true,"low_stock_amount":1,"sales_update_date":"2026-04-09T12:00:44","calc_backorders":null,"jetpack_publicize_connections":[],"jetpack_sharing_enabled":true,"batches":[{"id":"4930","date_created":"2025-08-19 20:11:51","date_expiry":"2026-09-25 00:00:00","user_id":"2760","batch_number":"lot250926","location":"","quantity":"1.0000","quantity_available":"0.0000","units":"1","status":"archived","order_ids":"[27957]","supplier":"Royal Canin","po":{"id":"4894","date_created":"2025-08-19 20:11:51","batch_id":"4930","po_number":"","supplier":"Royal Canin","cost":null,"regular_price":null,"sale_price":null,"price_margin":null,"price_discount":null}},{"id":"7622","date_created":"2026-02-12 09:35:13","date_expiry":"2027-03-30 00:00:00","user_id":"2760","batch_number":"lot300327","location":"","quantity":"3.0000","quantity_available":"0.0000","units":"1","status":"archived","order_ids":"[36514,38281,38727]","supplier":"Royal Canin","po":{"id":"7557","date_created":"2026-02-12 09:35:13","batch_id":"7622","po_number":"","supplier":"Royal Canin","cost":null,"regular_price":null,"sale_price":null,"price_margin":null,"price_discount":null}},{"id":"7679","date_created":"2026-02-14 10:00:03","date_expiry":"2027-05-30 00:00:00","user_id":"2760","batch_number":"lot300527","location":"","quantity":"1.0000","quantity_available":"1.0000","units":"1","status":"active","order_ids":null,"supplier":"Royal Canin","po":{"id":"7614","date_created":"2026-02-14 10:00:04","batch_id":"7679","po_number":"","supplier":"Royal Canin","cost":null,"regular_price":null,"sale_price":null,"price_margin":null,"price_discount":null}}],"_links":{"self":[{"href":"https:\/\/petworld.ma\/index.php\/wp-json\/wp\/v2\/product\/26035","targetHints":{"allow":["GET"]}}],"collection":[{"href":"https:\/\/petworld.ma\/index.php\/wp-json\/wp\/v2\/product"}],"about":[{"href":"https:\/\/petworld.ma\/index.php\/wp-json\/wp\/v2\/types\/product"}],"wp:featuredmedia":[{"embeddable":true,"href":"https:\/\/petworld.ma\/index.php\/wp-json\/wp\/v2\/media\/26156"}],"wp:attachment":[{"href":"https:\/\/petworld.ma\/index.php\/wp-json\/wp\/v2\/media?parent=26035"}],"wp:term":[{"taxonomy":"product_brand","embeddable":true,"href":"https:\/\/petworld.ma\/index.php\/wp-json\/wp\/v2\/product_brand?post=26035"},{"taxonomy":"product_cat","embeddable":true,"href":"https:\/\/petworld.ma\/index.php\/wp-json\/wp\/v2\/product_cat?post=26035"},{"taxonomy":"product_tag","embeddable":true,"href":"https:\/\/petworld.ma\/index.php\/wp-json\/wp\/v2\/product_tag?post=26035"}],"curies":[{"name":"wp","href":"https:\/\/api.w.org\/{rel}","templated":true}]}}