{"id":26037,"date":"2025-08-19T20:41:39","date_gmt":"2025-08-19T20:41:39","guid":{"rendered":"https:\/\/petworld.ma\/?post_type=product&#038;p=26037"},"modified":"2026-04-06T12:51:19","modified_gmt":"2026-04-06T12:51:19","slug":"royal-canin-bichon-maltais-adulte-1-5-kg-promo","status":"publish","type":"product","link":"https:\/\/petworld.ma\/index.php\/produit\/royal-canin-bichon-maltais-adulte-1-5-kg-promo\/","title":{"rendered":"Royal Canin Bichon Maltais Adulte 1.5 Kg Promo"},"content":{"rendered":"<div>\n<div>\n<h2>Aliment complet pour chiens \u00a0&#8211; Sp\u00e9cialement con\u00e7u pour Bichon Maltais adulte, \u00e0 partir de 10 mois.<\/h2>\n<\/div>\n<\/div>\n<div><\/div>\n<div>ROYAL CANIN\u00ae Maltese Adult est sp\u00e9cialement formul\u00e9 pour r\u00e9pondre \u00e0 tous les besoins nutritionnels de votre chien adulte et convient aux Bichons Maltais \u00e2g\u00e9s de 10 mois et plus. \u00a0 \u00a0Une bonne nutrition est essentielle \u00e0 la sant\u00e9 de la peau et du pelage, c\u2019est pourquoi ROYAL CANIN\u00ae Maltese Adult contient des nutriments sp\u00e9cialement adapt\u00e9s \u2013 y compris des acides gras om\u00e9ga-3 \u2013 pour que le pelage de votre Bichon Maltais reste lisse et de toute beaut\u00e9. \u00a0 Les Bichons Maltais peuvent se montrer particuli\u00e8rement exigeants en ce qui concerne leur alimentation. Sachant qu\u2019il leur faut une nourriture app\u00e9tissante, ROYAL CANIN\u00ae Maltese Adult satisfait les app\u00e9tits les plus gourmands gr\u00e2ce \u00e0 un m\u00e9lange de saveurs exceptionnelles auquel votre chien ne pourra r\u00e9sister ! \u00a0 De plus, ROYAL CANIN\u00ae Maltese Adult aide \u00e0 r\u00e9duire l\u2019odeur et le volume des selles gr\u00e2ce \u00e0 sa formule enrichie en nutriments permettant de renforcer la sant\u00e9 digestive de votre chien. \u00a0 La race maltaise a une m\u00e2choire fine et des dents puissantes et larges. Les petits chiens ont proportionnellement moins d\u2019os pour soutenir leurs molaires que les grands chiens, c\u2019est pourquoi il est essentiel que l\u2019alimentation de votre animal favorise sa sant\u00e9 bucco-dentaire. Gr\u00e2ce \u00e0 l\u2019inclusion de ch\u00e9lateurs du calcium, les croquettes de ROYAL CANIN\u00ae Maltese Adult contribuent \u00e0 renforcer l\u2019hygi\u00e8ne dentaire de votre chien en ralentissant la formation de tartre.<\/div>\n<div><\/div>\n<div><strong>\u00a0 \u00a0BENEFICES :<\/strong><\/div>\n<div><\/div>\n<div>\n<ul>\n<li>\n<div>Sant\u00e9 du pelage<\/div>\n<div>Cette formule exclusive encourage la bonne sant\u00e9 du long pelage du Bichon Maltais. Enrichi d\u2019une teneur adapt\u00e9e en acides gras om\u00e9ga 3 (EPA &amp; DHA), acides gras om\u00e9ga 6, huile de bourrache et biotine.<\/div>\n<\/li>\n<li>\n<div>R\u00e9duction du volume &amp; des odeurs de selles<\/div>\n<div>Cette formule aide \u00e0 r\u00e9duire les odeurs et le volume des selles.<\/div>\n<\/li>\n<li>\n<div>Satisfait les app\u00e9tits difficiles<\/div>\n<div>Cette formule satisfait les app\u00e9tits les plus capricieux gr\u00e2ce \u00e0 une combinaison de saveurs exceptionnelles.<\/div>\n<\/li>\n<li>\n<div>Croquette de conception exclusive : sant\u00e9 dentaire<\/div>\n<div>Cette formule aide \u00e0 r\u00e9duire la formation de tartre gr\u00e2ce \u00e0 des ch\u00e9lateurs de calcium.<\/div>\n<\/li>\n<\/ul>\n<p><strong>\u00a0 \u00a0INFORMATIONS NUTRITIONELLES :<\/strong><\/p>\n<div>Composition : ma\u00efs, riz, prot\u00e9ines de volaille d\u00e9shydrat\u00e9es, graisses animales, hydrolysat de prot\u00e9ines animales, prot\u00e9ines de porc d\u00e9shydrat\u00e9es, farine de ma\u00efs, isolat de prot\u00e9ines v\u00e9g\u00e9tales*, pulpe de chicor\u00e9e, huile de soja, huile de poisson, levures et composants de levures, sels min\u00e9raux, fructo-oligosaccharides, huile de bourrache (0,1 %), extrait de rose d\u2019Inde (source de lut\u00e9ine), hydrolysat de crustac\u00e9 (source de glucosamine), hydrolysat de cartilage (source de chondro\u00eftine).<\/div>\n<p>Additifs (au kg) : Additifs nutritionnels : Vitamine A : 29500 UI, Vitamine D3 : 800 UI, Biotine : 3 mg, E1 (Fer) : 64 mg, E2 (Iode) : 5,7 mg, E4 (Cuivre) : 15 mg, E5 (Mangan\u00e8se) : 72 mg, E6 (Zinc) : 143 mg, E8 (S\u00e9l\u00e9nium) : 0,15 mg &#8211; Additifs technologiques : Clinoptilolite d\u2019origine s\u00e9dimentaire : 5 g &#8211; Additifs sensoriels : Extrait de th\u00e9 (source de polyph\u00e9nols) : 150 mg &#8211; Conservateurs &#8211; Antioxyg\u00e8nes.<\/p>\n<p>Constituants analytiques : Prot\u00e9ine : 24,0 % &#8211; Teneur en mati\u00e8res grasses : 18,0 % &#8211; Cendres brutes : 5,6 % &#8211; Cellulose brute : 1,5 % &#8211; Au kg : Acides gras om\u00e9ga 6 : 39,1 g &#8211; Acides gras om\u00e9ga 3 : 8,1 g dont EPA\/DHA : 3 g &#8211; Triphosphate pentasodique : 3,5 g.<\/p>\n<p>*L.I.P. : prot\u00e9ine s\u00e9lectionn\u00e9e pour sa tr\u00e8s haute digestibilit\u00e9.<\/p>\n<p>Mode d\u2019emploi : voir tableau. Num\u00e9ro de lot et d\u2019identifiant usine, \u00e0 utiliser de pr\u00e9f\u00e9rence avant : voir sur l\u2019emballage. \u00c0 conserver dans un endroit sec et frais.<\/p>\n<\/div>\n<div><a href=\"https:\/\/wa.me\/212708052510\" target=\"_blank\" rel=\"noopener noreferrer\"><img loading=\"lazy\" decoding=\"async\" class=\"fr-fic fr-dib aligncenter\" src=\"https:\/\/cdn.youcan.shop\/stores\/d0742d556df94ddbc7ae4c9810aff04b\/others\/32k1yzgkzmbS8JS3egQwv84ljKABRm11O3mESE8J.png\" width=\"273\" height=\"72\" data-name=\"stores\/d0742d556df94ddbc7ae4c9810aff04b\/others\/32k1yzgkzmbS8JS3egQwv84ljKABRm11O3mESE8J.png\" \/><\/a><\/div>\n<div>\n<div data-gtm-vis-first-on-screen-40760133_376=\"28000\" data-gtm-vis-first-on-screen-40760133_379=\"27999\" data-gtm-vis-has-fired-40760133_376=\"1\" data-gtm-vis-has-fired-40760133_379=\"1\" data-gtm-vis-total-visible-time-40760133_376=\"500\" data-gtm-vis-total-visible-time-40760133_379=\"500\" data-tms=\"Product description\">\n<div>\n<div>\n<div>\n<div>\n<div><\/div>\n<\/div>\n<\/div>\n<\/div>\n<\/div>\n<\/div>\n<\/div>\n","protected":false},"excerpt":{"rendered":"<p>Aliment complet pour chiens \u00a0&#8211; Sp\u00e9cialement con\u00e7u pour Bichon Maltais adulte, \u00e0 partir de 10 mois. ROYAL CANIN\u00ae Maltese Adult est sp\u00e9cialement formul\u00e9 pour r\u00e9pondre \u00e0 tous les besoins nutritionnels de votre chien adulte et convient aux Bichons Maltais \u00e2g\u00e9s de 10 mois et plus. \u00a0 \u00a0Une bonne nutrition est essentielle \u00e0 la sant\u00e9 de [&#8230;]\n","protected":false},"featured_media":26157,"template":"","meta":{"jetpack_publicize_message":"","jetpack_publicize_feature_enabled":true,"jetpack_social_post_already_shared":true,"jetpack_social_options":{"image_generator_settings":{"template":"highway","default_image_id":0,"font":"","enabled":false},"version":2}},"product_brand":[],"product_cat":[26,187],"product_tag":[],"class_list":{"0":"post-26037","1":"product","2":"type-product","3":"status-publish","4":"has-post-thumbnail","6":"product_cat-croquettes","7":"product_cat-destockage","9":"first","10":"outofstock","11":"sale","12":"taxable","13":"shipping-taxable","14":"purchasable","15":"product-type-simple"},"supplier_id":5587,"supplier_sku":"7118-500","barcode":null,"atum_controlled":true,"out_stock_date":null,"out_stock_threshold":null,"inheritable":false,"inbound_stock":0,"stock_on_hold":0,"sold_today":0,"sales_last_days":3,"reserved_stock":0,"customer_returns":0,"warehouse_damage":0,"lost_in_post":0,"other_logs":0,"out_stock_days":0,"lost_sales":0,"has_location":false,"update_date":"2026-04-13T00:08:32","atum_locations":[],"atum_stock_status":"outofstock","restock_status":false,"low_stock_amount":5,"sales_update_date":"2026-04-13T00:08:31","calc_backorders":null,"jetpack_publicize_connections":[],"jetpack_sharing_enabled":true,"batches":[{"id":"4944","date_created":"2025-08-19 20:43:19","date_expiry":"2026-10-25 00:00:00","user_id":"2461","batch_number":"lot251026","location":"","quantity":"2.0000","quantity_available":"0.0000","units":"1","status":"archived","order_ids":"[26448,26597]","supplier":"Royal Canin","po":{"id":"4908","date_created":"2025-08-19 20:43:20","batch_id":"4944","po_number":"","supplier":"Royal Canin","cost":null,"regular_price":null,"sale_price":null,"price_margin":null,"price_discount":null}},{"id":"6069","date_created":"2025-11-07 21:19:54","date_expiry":"2027-01-12 00:00:00","user_id":"2461","batch_number":"lot120127","location":"","quantity":"2.0000","quantity_available":"0.0000","units":"1","status":"archived","order_ids":"[31989,32241]","supplier":"Royal Canin","po":{"id":"6015","date_created":"2025-11-07 21:19:55","batch_id":"6069","po_number":"","supplier":"Royal Canin","cost":null,"regular_price":null,"sale_price":null,"price_margin":null,"price_discount":null}},{"id":"6109","date_created":"2025-11-11 21:07:02","date_expiry":"2026-12-16 00:00:00","user_id":"2461","batch_number":"lot161226","location":"","quantity":"3.0000","quantity_available":"0.0000","units":"1","status":"archived","order_ids":"[30646,31639,31742]","supplier":"Royal Canin","po":{"id":"6055","date_created":"2025-11-11 21:07:03","batch_id":"6109","po_number":"","supplier":"Royal Canin","cost":null,"regular_price":null,"sale_price":null,"price_margin":null,"price_discount":null}},{"id":"6264","date_created":"2025-11-20 15:54:54","date_expiry":"2026-12-16 00:00:00","user_id":"2461","batch_number":"lot1161226","location":"","quantity":"1.0000","quantity_available":"0.0000","units":"1","status":"archived","order_ids":"[31414]","supplier":"Royal Canin","po":{"id":"6210","date_created":"2025-11-20 15:54:55","batch_id":"6264","po_number":"","supplier":"Royal Canin","cost":null,"regular_price":null,"sale_price":null,"price_margin":null,"price_discount":null}},{"id":"7636","date_created":"2026-02-12 10:32:15","date_expiry":"2027-04-30 00:00:00","user_id":"2461","batch_number":"lot300427","location":"","quantity":"4.0000","quantity_available":"0.0000","units":"1","status":"archived","order_ids":"[36879,36888]","supplier":"Royal Canin","po":{"id":"7571","date_created":"2026-02-12 10:32:15","batch_id":"7636","po_number":"","supplier":"Royal Canin","cost":null,"regular_price":null,"sale_price":null,"price_margin":null,"price_discount":null}},{"id":"7697","date_created":"2026-02-14 13:13:54","date_expiry":"2027-04-30 00:00:00","user_id":"2461","batch_number":"lot300427","location":"","quantity":"1.0000","quantity_available":"0.0000","units":"1","status":"archived","order_ids":"[36120]","supplier":"Royal Canin","po":{"id":"7632","date_created":"2026-02-14 13:13:55","batch_id":"7697","po_number":"","supplier":"Royal Canin","cost":null,"regular_price":null,"sale_price":null,"price_margin":null,"price_discount":null}},{"id":"7771","date_created":"2026-02-18 12:41:56","date_expiry":"2027-04-30 00:00:00","user_id":"2461","batch_number":"lot300427","location":"","quantity":"2.0000","quantity_available":"0.0000","units":"1","status":"archived","order_ids":"[36466]","supplier":"Royal Canin","po":{"id":"7706","date_created":"2026-02-18 12:41:56","batch_id":"7771","po_number":"","supplier":"Royal Canin","cost":null,"regular_price":null,"sale_price":null,"price_margin":null,"price_discount":null}},{"id":"7928","date_created":"2026-02-24 20:52:40","date_expiry":"2027-04-30 00:00:00","user_id":"2461","batch_number":"lot300427","location":"","quantity":"2.0000","quantity_available":"0.0000","units":"1","status":"archived","order_ids":"[36689]","supplier":"Royal Canin","po":{"id":"7866","date_created":"2026-02-24 20:52:41","batch_id":"7928","po_number":"","supplier":"Royal Canin","cost":null,"regular_price":null,"sale_price":null,"price_margin":null,"price_discount":null}},{"id":"8047","date_created":"2026-02-28 21:47:16","date_expiry":"2027-04-30 00:00:00","user_id":"2461","batch_number":"lot300427","location":"","quantity":"2.0000","quantity_available":"0.0000","units":"1","status":"archived","order_ids":"[36872,36879]","supplier":"Royal Canin","po":{"id":"7985","date_created":"2026-02-28 21:47:17","batch_id":"8047","po_number":"","supplier":"Royal Canin","cost":null,"regular_price":null,"sale_price":null,"price_margin":null,"price_discount":null}},{"id":"8504","date_created":"2026-03-25 18:19:26","date_expiry":"2027-04-30 00:00:00","user_id":"2461","batch_number":"lot300427","location":"","quantity":"5.0000","quantity_available":"0.0000","units":"1","status":"archived","order_ids":"[38468,38491,38584]","supplier":"Royal Canin","po":{"id":"8432","date_created":"2026-03-25 18:19:26","batch_id":"8504","po_number":"","supplier":"Royal Canin","cost":null,"regular_price":null,"sale_price":null,"price_margin":null,"price_discount":null}}],"_links":{"self":[{"href":"https:\/\/petworld.ma\/index.php\/wp-json\/wp\/v2\/product\/26037","targetHints":{"allow":["GET"]}}],"collection":[{"href":"https:\/\/petworld.ma\/index.php\/wp-json\/wp\/v2\/product"}],"about":[{"href":"https:\/\/petworld.ma\/index.php\/wp-json\/wp\/v2\/types\/product"}],"wp:featuredmedia":[{"embeddable":true,"href":"https:\/\/petworld.ma\/index.php\/wp-json\/wp\/v2\/media\/26157"}],"wp:attachment":[{"href":"https:\/\/petworld.ma\/index.php\/wp-json\/wp\/v2\/media?parent=26037"}],"wp:term":[{"taxonomy":"product_brand","embeddable":true,"href":"https:\/\/petworld.ma\/index.php\/wp-json\/wp\/v2\/product_brand?post=26037"},{"taxonomy":"product_cat","embeddable":true,"href":"https:\/\/petworld.ma\/index.php\/wp-json\/wp\/v2\/product_cat?post=26037"},{"taxonomy":"product_tag","embeddable":true,"href":"https:\/\/petworld.ma\/index.php\/wp-json\/wp\/v2\/product_tag?post=26037"}],"curies":[{"name":"wp","href":"https:\/\/api.w.org\/{rel}","templated":true}]}}