{"id":26183,"date":"2025-08-24T10:09:20","date_gmt":"2025-08-24T10:09:20","guid":{"rendered":"https:\/\/petworld.ma\/?post_type=product&#038;p=26183"},"modified":"2026-05-08T17:50:06","modified_gmt":"2026-05-08T17:50:06","slug":"brit-care-pochons-en-sauce-pour-chat-wholesome-tuna-poulet-et-thon-85g","status":"publish","type":"product","link":"https:\/\/petworld.ma\/index.php\/produit\/brit-care-pochons-en-sauce-pour-chat-wholesome-tuna-poulet-et-thon-85g\/","title":{"rendered":"Brit Care Pochons en Gel\u00e9e Pour Chat Wholesome Tuna (Poulet et Thon) 85g"},"content":{"rendered":"<div class=\"hidden-xs\">\n<p><strong>Brit Care Cat filets en gel\u00e9e avec poulet et thon. Avec carotte et romarin.<\/strong><\/p>\n<p>Nourriture humide de qualit\u00e9 sup\u00e9rieure compl\u00e8te pour chats adultes.<\/p>\n<\/div>\n<div class=\"benefits\">\n<p>Ces pochettes d\u00e9licates pour augmenter la diversit\u00e9 de l\u2019alimentation du chat sont parfaites pour les chats tr\u00e8s difficiles et les chats avec une prise alimentaire probl\u00e9matique. Pour une meilleure sensation dans le ventre du chat, ils contiennent \u00e9galement du romarin et des carottes pour favoriser une bonne digestion.<\/p>\n<\/div>\n<ul>\n<li>SANS c\u00e9r\u00e9ales<\/li>\n<li>85 % de viande en filets<\/li>\n<li>Haute app\u00e9tence &#8211; convient \u00e9galement aux chats difficiles<\/li>\n<li>Carottes et romarin pour une bonne digestion<\/li>\n<li>SANS OGM \u2013 SANS soja \u2013 SANS sucre ajout\u00e9<\/li>\n<\/ul>\n<p class=\"composition\"><strong>Composition:<\/strong><\/p>\n<p>85\u00a0% viande en filets (62\u00a0% poulet, 15\u00a0% foie, 8\u00a0% thon), bouillon, 3\u00a0% carottes, 0,5\u00a0% romarin, min\u00e9raux, amidon de pois.<\/p>\n<p><strong>Composants analytiques:<\/strong><\/p>\n<p>prot\u00e9ine brute 9,0\u00a0%, teneur en mati\u00e8res grasses 3,0\u00a0%, cellulose brute 0,5\u00a0%, cendres brutes 2,0\u00a0%, humidit\u00e9 82,0\u00a0%, calcium 0,25\u00a0%, phosphore 0,2\u00a0%, sodium 0,3\u00a0%.<\/p>\n<p><strong>Ingr\u00e9dients:<\/strong><\/p>\n<p>vitamine D<sub>3<\/sub>\u00a0(E671) 250 I.U., vitamine E (3a700) 150\u00a0mg, biotine (3a880) 0,5\u00a0mg, zinc (3b606) 12\u00a0mg, mangan\u00e8se (3b502) 3\u00a0mg, fer (3b103) 10\u00a0mg, cuivre (3b405) 0,4\u00a0mg, iode (3b201) 0,7\u00a0mg, taurine (3a370) 500\u00a0mg. Contient des antioxydants naturels\u00a0: tocoph\u00e9rols d\u2019extrait d\u2019huile v\u00e9g\u00e9tale (1b306), palmitate d\u2019ascorbyle (1b304) et extrait de romarin.<\/p>\n<p><strong>Metabolizable energy:<\/strong>\u00a0770 kcal\/kg.<\/p>\n","protected":false},"excerpt":{"rendered":"<div class=\"hidden-xs\">\n<div class=\"hidden-xs\">\n<p><strong>Brit Care Cat filets en gel\u00e9e avec poulet et thon. Avec carotte et romarin.<\/strong><\/p>\n<p>Nourriture humide de qualit\u00e9 sup\u00e9rieure compl\u00e8te pour chats adultes.<\/p>\n<\/div>\n<div class=\"benefits\">\n<p>Ces pochettes d\u00e9licates pour augmenter la diversit\u00e9 de l\u2019alimentation du chat sont parfaites pour les chats tr\u00e8s difficiles et les chats avec une prise alimentaire probl\u00e9matique. Pour une meilleure sensation dans le ventre du chat, ils contiennent \u00e9galement du romarin et des carottes pour favoriser une bonne digestion.<\/p>\n<\/div>\n<ul>\n<li>SANS c\u00e9r\u00e9ales<\/li>\n<li>85 % de viande en filets<\/li>\n<li>Haute app\u00e9tence &#8211; convient \u00e9galement aux chats difficiles<\/li>\n<li>Carottes et romarin pour une bonne digestion<\/li>\n<li>SANS OGM \u2013 SANS soja \u2013 SANS sucre ajout\u00e9<\/li>\n<\/ul>\n<\/div>\n","protected":false},"featured_media":26184,"template":"","meta":{"jetpack_publicize_message":"","jetpack_publicize_feature_enabled":true,"jetpack_social_post_already_shared":true,"jetpack_social_options":{"image_generator_settings":{"template":"highway","default_image_id":0,"font":"","enabled":false},"version":2}},"product_brand":[],"product_cat":[41],"product_tag":[],"class_list":{"0":"post-26183","1":"product","2":"type-product","3":"status-publish","4":"has-post-thumbnail","6":"product_cat-friandises-et-pate-pour-chat","8":"first","9":"instock","10":"taxable","11":"shipping-taxable","12":"purchasable","13":"product-type-simple"},"supplier_id":5590,"supplier_sku":"549955","barcode":null,"atum_controlled":true,"out_stock_date":null,"out_stock_threshold":null,"inheritable":false,"inbound_stock":0,"stock_on_hold":0,"sold_today":0,"sales_last_days":1,"reserved_stock":0,"customer_returns":0,"warehouse_damage":0,"lost_in_post":0,"other_logs":0,"out_stock_days":0,"lost_sales":0,"has_location":false,"update_date":"2026-05-11T00:20:11","atum_locations":[],"atum_stock_status":"instock","restock_status":false,"low_stock_amount":24,"sales_update_date":"2026-05-11T00:20:11","calc_backorders":null,"jetpack_publicize_connections":[],"jetpack_sharing_enabled":true,"batches":[{"id":"4992","date_created":"2025-08-24 10:18:23","date_expiry":"2027-04-23 00:00:00","user_id":"2760","batch_number":"BritJellyPouletThon230427","location":"","quantity":"144.0000","quantity_available":"61.0000","units":"1","status":"active","order_ids":"[26211,26460,26465,26735,26948,27996,28019,28108,28482,28544,28559,28584,28663,28742,32580,33521,33730,34867,35450,35476,36227,36936,38121,38322,38515,38538,38695,39894,40392,41626]","supplier":"Brit","po":{"id":"4957","date_created":"2025-08-24 10:18:24","batch_id":"4992","po_number":"","supplier":"Brit","cost":null,"regular_price":null,"sale_price":null,"price_margin":null,"price_discount":null}},{"id":"5844","date_created":"2025-10-22 13:19:22","date_expiry":"2027-04-23 00:00:00","user_id":"2760","batch_number":"BritJellyPouletThon230427","location":"","quantity":"48.0000","quantity_available":"0.0000","units":"1","status":"archived","order_ids":"[29484,29825,30362,30564,30662,30698,31181,32213]","supplier":"Brit","po":{"id":"5791","date_created":"2025-10-22 13:19:22","batch_id":"5844","po_number":"","supplier":"Brit","cost":null,"regular_price":null,"sale_price":null,"price_margin":null,"price_discount":null}},{"id":"6549","date_created":"2025-12-08 14:34:00","date_expiry":"2027-04-30 00:00:00","user_id":"2760","batch_number":"BritJellyPouletThon300427","location":"","quantity":"0.0000","quantity_available":"0.0000","units":"1","status":"archived","order_ids":null,"supplier":"Brit","po":{"id":"6494","date_created":"2025-12-08 14:34:01","batch_id":"6549","po_number":"","supplier":"Brit","cost":null,"regular_price":null,"sale_price":null,"price_margin":null,"price_discount":null}},{"id":"7451","date_created":"2026-02-02 15:38:19","date_expiry":"2027-04-30 00:00:00","user_id":"2760","batch_number":"BritJellyPouletThon300427","location":"","quantity":"48.0000","quantity_available":"48.0000","units":"1","status":"active","order_ids":null,"supplier":"Brit","po":{"id":"7386","date_created":"2026-02-02 15:38:19","batch_id":"7451","po_number":"","supplier":"Brit","cost":null,"regular_price":null,"sale_price":null,"price_margin":null,"price_discount":null}}],"_links":{"self":[{"href":"https:\/\/petworld.ma\/index.php\/wp-json\/wp\/v2\/product\/26183","targetHints":{"allow":["GET"]}}],"collection":[{"href":"https:\/\/petworld.ma\/index.php\/wp-json\/wp\/v2\/product"}],"about":[{"href":"https:\/\/petworld.ma\/index.php\/wp-json\/wp\/v2\/types\/product"}],"wp:featuredmedia":[{"embeddable":true,"href":"https:\/\/petworld.ma\/index.php\/wp-json\/wp\/v2\/media\/26184"}],"wp:attachment":[{"href":"https:\/\/petworld.ma\/index.php\/wp-json\/wp\/v2\/media?parent=26183"}],"wp:term":[{"taxonomy":"product_brand","embeddable":true,"href":"https:\/\/petworld.ma\/index.php\/wp-json\/wp\/v2\/product_brand?post=26183"},{"taxonomy":"product_cat","embeddable":true,"href":"https:\/\/petworld.ma\/index.php\/wp-json\/wp\/v2\/product_cat?post=26183"},{"taxonomy":"product_tag","embeddable":true,"href":"https:\/\/petworld.ma\/index.php\/wp-json\/wp\/v2\/product_tag?post=26183"}],"curies":[{"name":"wp","href":"https:\/\/api.w.org\/{rel}","templated":true}]}}