{"id":26366,"date":"2025-08-29T15:03:37","date_gmt":"2025-08-29T15:03:37","guid":{"rendered":"https:\/\/petworld.ma\/?post_type=product&#038;p=26366"},"modified":"2026-04-10T12:21:44","modified_gmt":"2026-04-10T12:21:44","slug":"brit-care-dog-grain-free-junior-salmon-large-breed-grande-race-3-kg","status":"publish","type":"product","link":"https:\/\/petworld.ma\/index.php\/produit\/brit-care-dog-grain-free-junior-salmon-large-breed-grande-race-3-kg\/","title":{"rendered":"Brit Care Dog Grain-Free Junior Salmon Large Breed (Grande Race) 3 KG"},"content":{"rendered":"<p><span dir=\"auto\">Formule sans c\u00e9r\u00e9ales au saumon et aux pommes de terre pour chiens juniors (3 mois \u00e0 2 ans) de grandes races (plus de 25 kg). Aliment complet pour chiens.<\/span><\/p>\n<p><span dir=\"auto\">Nourriture sans c\u00e9r\u00e9ales de qualit\u00e9 sup\u00e9rieure pour le bon d\u00e9veloppement des chiots, une croissance optimale et un renforcement immunitaire. Contient des chondroprotecteurs essentiels pour des articulations et des cartilages sains. Contient des prot\u00e9ines \u00e0 haute valeur nutritionnelle et des acides gras pour favoriser la sant\u00e9 de la peau et du pelage, le d\u00e9veloppement des capacit\u00e9s mentales et une condition physique parfaite. Sa formule sans c\u00e9r\u00e9ales est id\u00e9ale pour les chiens dont le pelage est exigeant, ceux qui doivent maintenir une condition physique optimale et ceux qui pr\u00e9sentent des r\u00e9actions ind\u00e9sirables \u00e0 d&rsquo;autres types d&rsquo;aliments. Les acides gras jouent un r\u00f4le crucial dans le bon d\u00e9veloppement des chiots et des jeunes chiens.<\/span><\/p>\n<p>&nbsp;<\/p>\n<div class=\"benefits__item\"><img loading=\"lazy\" decoding=\"async\" src=\"https:\/\/brit-petfood.com\/file\/nodes\/productPictogram\/icon\/100-172199-1-growth-control.png\/150x150\/FIT\" alt=\"Contr\u00f4le de la croissance - Niveaux \u00e9quilibr\u00e9s de prot\u00e9ines et de mati\u00e8res grasses pour favoriser une croissance optimale\" width=\"50\" height=\"50\" \/><span dir=\"auto\">Contr\u00f4le de la croissance &#8211; Niveaux \u00e9quilibr\u00e9s de prot\u00e9ines et de mati\u00e8res grasses pour favoriser une croissance optimale<\/span><\/div>\n<div><\/div>\n<div class=\"benefits__item\"><img loading=\"lazy\" decoding=\"async\" src=\"https:\/\/brit-petfood.com\/file\/nodes\/productPictogram\/icon\/100-172199-2-joints-cartilage.png\/150x150\/FIT\" alt=\"Articulations et cartilage - Les chondroprotecteurs favorisent la sant\u00e9 des articulations, des os et du cartilage, ce qui est essentiel pour les grandes races\" width=\"50\" height=\"50\" \/><span dir=\"auto\">Articulations et cartilage &#8211; Les chondroprotecteurs favorisent la sant\u00e9 des articulations, des os et du cartilage, ce qui est essentiel pour les grandes races<\/span><\/div>\n<div><\/div>\n<div class=\"benefits__item\"><img loading=\"lazy\" decoding=\"async\" src=\"https:\/\/brit-petfood.com\/file\/nodes\/productPictogram\/icon\/100-172199-3-immunity.png\/150x150\/FIT\" alt=\"Immunit\u00e9 - Les probiotiques et les antioxydants renforcent le syst\u00e8me immunitaire et soutiennent la sant\u00e9 digestive\" width=\"50\" height=\"50\" \/><span dir=\"auto\">Immunit\u00e9 &#8211; Les probiotiques et les antioxydants renforcent le syst\u00e8me immunitaire et soutiennent la sant\u00e9 digestive<\/span><\/div>\n<div><\/div>\n<div>\n<p class=\"composition\"><em><strong><span dir=\"auto\">Composition:<\/span><\/strong><\/em><\/p>\n<p><span dir=\"auto\">saumon (52%) (saumon d\u00e9shydrat\u00e9, saumon hydrolys\u00e9), pommes de terre (26%), graisse de poulet, pulpe de pomme s\u00e9ch\u00e9e, huile de saumon (3%), ar\u00f4me naturel, levure de bi\u00e8re, levure hydrolys\u00e9e (0,5% \u2013 source d&rsquo;inositol et d&rsquo;acides amin\u00e9s), farine de pois, glucosamine (300 mg\/kg), fructo-oligosaccharides (230 mg\/kg), sulfate de chondro\u00eftine (230 mg\/kg), mannan-oligosaccharides (180 mg\/kg), yucca de Mojave (180 mg\/kg), graines de chardon-Marie (110 mg\/kg), \u03b2-glucanes (60 mg\/kg), agripaume s\u00e9ch\u00e9e (60 mg\/kg), argousier s\u00e9ch\u00e9 (60 mg\/kg), probiotique Lactobacillus helveticus HA \u2013 122 inactiv\u00e9 (15&#215;109 cellules\/kg).<\/span><\/p>\n<p>&nbsp;<\/p>\n<p><em><strong>Composants analytiques:<\/strong><\/em><\/p>\n<p><span dir=\"auto\">prot\u00e9ines brutes 28,0 %, mati\u00e8res grasses brutes 15,0 %, humidit\u00e9 10,0 %, cendres brutes 7,0 %, fibres brutes 3,2 %, calcium 1,2 %, phosphore 0,9 %, sodium 0,5 %, acides gras om\u00e9ga-3 1,2 %, acides gras om\u00e9ga-6 1,9 %, EPA (20:5 n-3) 0,12 %, DHA (22:6 n-3) 0,16 %.<\/span><\/p>\n<p>&nbsp;<\/p>\n<p><em><strong>Ingr\u00e9dients:<\/strong><\/em><\/p>\n<p><span dir=\"auto\">vitamine A (3a672a) 23 000 UI, vitamine D3 (3a671) 1 700 UI, vitamine E (3a700) 550 mg, vitamine C (3a312) 350 mg, taurine (3a370) 1 500 mg, chlorure de choline (3a890) 1 800 mg, L-carnitine (3a910) 300 mg, vitamine B1 (3a821) 3 mg, vitamine B2 (3a825i) 11 mg, biotine (3a880) 4 mg, acide folique (3a316) 1,4 mg, vitamine B6 (3a831) 3 mg, D-pantoth\u00e9nate de calcium (3a841) 30 mg, niacinamide (3a315) 38 mg, vitamine B12 0,12mg, iode (3b201) 0,9 mg, zinc organique (3b606) 100 mg, mangan\u00e8se organique (3b504) 45 mg, cuivre organique (3b406) 20 mg, fer organique (3b106) 88 mg, s\u00e9l\u00e9nium organique (3b810) 0,18 mg. Contient des antioxydants approuv\u00e9s par l&rsquo;UE : extraits de tocoph\u00e9rols d&rsquo;huile v\u00e9g\u00e9tale (1b306(i)), palmitate d&rsquo;ascorbyle (1b304) et extrait de romarin.<\/span><\/p>\n<p>&nbsp;<\/p>\n<p><em><strong><span dir=\"auto\">\u00c9nergie m\u00e9tabolisable :<\/span><\/strong><\/em><\/p>\n<p><span dir=\"auto\">3730 kcal\/kg<\/span><\/p>\n<\/div>\n<div><\/div>\n<div><\/div>\n","protected":false},"excerpt":{"rendered":"<p><span dir=\"auto\">Formule sans c\u00e9r\u00e9ales au saumon et aux pommes de terre pour chiens juniors (3 mois \u00e0 2 ans) de grandes races (plus de 25 kg). Aliment complet pour chiens.<\/span><\/p>\n","protected":false},"featured_media":26369,"template":"","meta":{"jetpack_publicize_message":"","jetpack_publicize_feature_enabled":true,"jetpack_social_post_already_shared":true,"jetpack_social_options":{"image_generator_settings":{"template":"highway","default_image_id":0,"font":"","enabled":false},"version":2}},"product_brand":[],"product_cat":[24,23,26],"product_tag":[],"class_list":{"0":"post-26366","1":"product","2":"type-product","3":"status-publish","4":"has-post-thumbnail","6":"product_cat-aliments-pour-chiens","7":"product_cat-chien","8":"product_cat-croquettes","10":"first","11":"instock","12":"taxable","13":"shipping-taxable","14":"purchasable","15":"product-type-simple"},"supplier_id":5590,"supplier_sku":"558872","barcode":null,"atum_controlled":true,"out_stock_date":null,"out_stock_threshold":null,"inheritable":false,"inbound_stock":0,"stock_on_hold":0,"sold_today":0,"sales_last_days":0,"reserved_stock":0,"customer_returns":0,"warehouse_damage":0,"lost_in_post":0,"other_logs":0,"out_stock_days":0,"lost_sales":0,"has_location":false,"update_date":"2026-04-26T00:14:07","atum_locations":[],"atum_stock_status":"instock","restock_status":false,"low_stock_amount":2,"sales_update_date":"2026-04-26T00:14:06","calc_backorders":null,"jetpack_publicize_connections":[],"jetpack_sharing_enabled":true,"batches":[{"id":"5015","date_created":"2025-08-28 17:53:39","date_expiry":"2026-10-07 00:00:00","user_id":"2760","batch_number":"Brit Care Dog Junior Grande Race sans c\u00e9r\u00e9ales07102026","location":"","quantity":"2.0000","quantity_available":"0.0000","units":"1","status":"archived","order_ids":"[34516]","supplier":"Brit","po":{"id":"4979","date_created":"2025-08-28 17:53:39","batch_id":"5015","po_number":"","supplier":"Brit","cost":null,"regular_price":null,"sale_price":null,"price_margin":null,"price_discount":null}},{"id":"6563","date_created":"2025-12-09 13:50:18","date_expiry":"2026-10-30 00:00:00","user_id":"2760","batch_number":"Brit Care Dog Junior Grande Race sans c\u00e9r\u00e9ales30102026","location":"","quantity":"0.0000","quantity_available":"0.0000","units":"1","status":"archived","order_ids":null,"supplier":"Brit","po":{"id":"6508","date_created":"2025-12-09 13:50:18","batch_id":"6563","po_number":"","supplier":"Brit","cost":null,"regular_price":null,"sale_price":null,"price_margin":null,"price_discount":null}},{"id":"8088","date_created":"2026-03-05 11:20:57","date_expiry":"2027-04-30 00:00:00","user_id":"2760","batch_number":"Brit Care Dog Junior Grande Race sans c\u00e9r\u00e9ales30042027","location":"","quantity":"3.0000","quantity_available":"3.0000","units":"1","status":"active","order_ids":"[]","supplier":"Brit","po":{"id":"8026","date_created":"2026-03-05 11:20:58","batch_id":"8088","po_number":"","supplier":"Brit","cost":null,"regular_price":null,"sale_price":null,"price_margin":null,"price_discount":null}},{"id":"8753","date_created":"2026-04-06 15:29:42","date_expiry":"2027-07-27 00:00:00","user_id":"2760","batch_number":"Brit Care Dog Junior Grande Race sans c\u00e9r\u00e9ales270727","location":"","quantity":"2.0000","quantity_available":"2.0000","units":"1","status":"active","order_ids":null,"supplier":"Brit","po":{"id":"8680","date_created":"2026-04-06 15:29:42","batch_id":"8753","po_number":"","supplier":"Brit","cost":null,"regular_price":null,"sale_price":null,"price_margin":null,"price_discount":null}}],"_links":{"self":[{"href":"https:\/\/petworld.ma\/index.php\/wp-json\/wp\/v2\/product\/26366","targetHints":{"allow":["GET"]}}],"collection":[{"href":"https:\/\/petworld.ma\/index.php\/wp-json\/wp\/v2\/product"}],"about":[{"href":"https:\/\/petworld.ma\/index.php\/wp-json\/wp\/v2\/types\/product"}],"wp:featuredmedia":[{"embeddable":true,"href":"https:\/\/petworld.ma\/index.php\/wp-json\/wp\/v2\/media\/26369"}],"wp:attachment":[{"href":"https:\/\/petworld.ma\/index.php\/wp-json\/wp\/v2\/media?parent=26366"}],"wp:term":[{"taxonomy":"product_brand","embeddable":true,"href":"https:\/\/petworld.ma\/index.php\/wp-json\/wp\/v2\/product_brand?post=26366"},{"taxonomy":"product_cat","embeddable":true,"href":"https:\/\/petworld.ma\/index.php\/wp-json\/wp\/v2\/product_cat?post=26366"},{"taxonomy":"product_tag","embeddable":true,"href":"https:\/\/petworld.ma\/index.php\/wp-json\/wp\/v2\/product_tag?post=26366"}],"curies":[{"name":"wp","href":"https:\/\/api.w.org\/{rel}","templated":true}]}}