{"id":26371,"date":"2025-08-29T15:10:22","date_gmt":"2025-08-29T15:10:22","guid":{"rendered":"https:\/\/petworld.ma\/?post_type=product&#038;p=26371"},"modified":"2026-03-18T11:01:58","modified_gmt":"2026-03-18T11:01:58","slug":"friandise-brit-care-dog-functional-snack-endurance-agneau-150g","status":"publish","type":"product","link":"https:\/\/petworld.ma\/index.php\/produit\/friandise-brit-care-dog-functional-snack-endurance-agneau-150g\/","title":{"rendered":"Brit Care Dog Functional Snack Endurance Agneau 150g"},"content":{"rendered":"<p>Friandise Brit Care Dog Functional Snack Endurance agneau 150g<\/p>\n<p><strong>Les friandises fonctionnelles semi-molles sont un compl\u00e9ment sain, carn\u00e9s et savoureux \u00e0 l&rsquo;alimentation r\u00e9guli\u00e8re de chaque chien.\u00a0<\/strong>Enrichies en ingr\u00e9dients fonctionnels tels que des lactobacilles, des acides fulviques et de l&rsquo;extrait de melon sucr\u00e9.<\/p>\n<ul>\n<li><strong>Aident \u00e0 maintenir les chiens actifs en bonne condition physique.\u00a0<\/strong>Enrichies en L-carnitine et taurine, pour maintenir les chiens actifs en bonne condition.<\/li>\n<li><strong>Sans c\u00e9r\u00e9ales &amp; sans pommes de terre<\/strong><\/li>\n<li>Les acides fulviques aident \u00e0<strong>absorber les nutriments<\/strong><\/li>\n<li>Extrait de melon sucr\u00e9 comme<strong>source d&rsquo;antioxydants<\/strong><\/li>\n<li>Collag\u00e8ne aidant \u00e0<strong>r\u00e9g\u00e9n\u00e9rer l&rsquo;appareil locomoteur<\/strong>.<\/li>\n<li>Lactobacilles tyndalis\u00e9s aident \u00e0 maintenir<strong>une flore intestinale saine.<\/strong><\/li>\n<\/ul>\n<p><strong>POURQUOI DES BANANES?<\/strong><\/p>\n<p>Les bananes sont une excellente source de vitamines et de min\u00e9raux, tels que le potassium, le magn\u00e9sium, la vitamine C, la vitamine B6 et les fibres, ce qui signifie qu&rsquo;elles contribuent \u00e0 augmenter le niveau d&rsquo;\u00e9nergie chez les chiens actifs. De plus, tous les chiens adorent les bananes, car elles sont incroyablement d\u00e9licieuses!<\/p>\n<p><strong>AGNEAU<\/strong><\/p>\n<p>L&rsquo;agneau est une excellente source d&rsquo;acides amin\u00e9s essentiels, qui aident \u00e0 maintenir un bon niveau d&rsquo;\u00e9nergie dans le corps.<\/p>\n<p><strong>Composition:<\/strong>\u00a0agneau d\u00e9shydrat\u00e9 (26%), citrouille (20 %), lentilles rouges (18 %), amidon de l\u00e9gumes liquide (14 %), prot\u00e9ine d&rsquo;agneau* (10 %), jus d&rsquo;agneau* (5 %), collag\u00e8ne* (4 %), flocons de banane (1 %), huile de saumon (1 %), acide fulvique (0,5 %), min\u00e9raux, extrait de melon sucr\u00e9\u00a0(0,01 %), Lactobacillus acidophilus HA \u2013 122 inactiv\u00e9s (15&#215;10^9 cellules\/kg). *hydrolys\u00e9.<\/p>\n<p><strong>Composants analytiques:<\/strong>\u00a0prot\u00e9ine brute 26,0 %, mati\u00e8res grasses brutes 5,0 %, humidit\u00e9\u00a017,0 %, cendres brutes 7,5 %, fibres brutes 1,6 %, calcium 1,4 %, phosphore 1,1 %, sodium 0,5 %, om\u00e9ga-3 0,2 %, om\u00e9ga-6 0,25 %.<\/p>\n<p><strong>Composition nutritionnelle:\u00a0<\/strong>L-carnitine (3a910) 1000 mg, taurine (3a370) 1500 mg. Contient des agents de conservation approuv\u00e9s par l&rsquo;UE : acide citrique (E 330), acide DL-malic (E 296).<\/p>\n<p><strong>\u00c9nergie m\u00e9tabolisable:<\/strong>\u00a03 085 kcal\/kg<\/p>\n","protected":false},"excerpt":{"rendered":"<p>Friandise Brit Care Dog Functional Snack Endurance agneau 150g Les friandises fonctionnelles semi-molles sont un compl\u00e9ment sain, carn\u00e9s et savoureux \u00e0 l&rsquo;alimentation r\u00e9guli\u00e8re de chaque chien.\u00a0Enrichies en ingr\u00e9dients fonctionnels tels que des lactobacilles, des acides fulviques et de l&rsquo;extrait de melon sucr\u00e9. Aident \u00e0 maintenir les chiens actifs en bonne condition physique.\u00a0Enrichies en L-carnitine et [&#8230;]\n","protected":false},"featured_media":26442,"template":"","meta":{"jetpack_publicize_message":"","jetpack_publicize_feature_enabled":true,"jetpack_social_post_already_shared":true,"jetpack_social_options":{"image_generator_settings":{"template":"highway","default_image_id":0,"font":"","enabled":false},"version":2}},"product_brand":[],"product_cat":[24,23,26,39],"product_tag":[],"class_list":{"0":"post-26371","1":"product","2":"type-product","3":"status-publish","4":"has-post-thumbnail","6":"product_cat-aliments-pour-chiens","7":"product_cat-chien","8":"product_cat-croquettes","9":"product_cat-friandises-et-pates-pour-chien","11":"first","12":"instock","13":"taxable","14":"shipping-taxable","15":"purchasable","16":"product-type-simple"},"supplier_id":5590,"supplier_sku":"540006","barcode":null,"atum_controlled":true,"out_stock_date":null,"out_stock_threshold":null,"inheritable":false,"inbound_stock":0,"stock_on_hold":0,"sold_today":0,"sales_last_days":0,"reserved_stock":0,"customer_returns":0,"warehouse_damage":0,"lost_in_post":0,"other_logs":0,"out_stock_days":0,"lost_sales":0,"has_location":false,"update_date":"2026-04-28T00:15:45","atum_locations":[],"atum_stock_status":"instock","restock_status":false,"low_stock_amount":10,"sales_update_date":"2026-04-28T00:15:44","calc_backorders":null,"jetpack_publicize_connections":[],"jetpack_sharing_enabled":true,"batches":[{"id":"5021","date_created":"2025-08-28 18:30:11","date_expiry":"2026-12-09 00:00:00","user_id":"2760","batch_number":"Friandise Brit Care Dog Functional Snack Endurance agneau 150g091226","location":"","quantity":"10.0000","quantity_available":"0.0000","units":"1","status":"archived","order_ids":"[27187,28563,28634,28882,28937,29025,29080,29125,29404]","supplier":"Brit","po":{"id":"4985","date_created":"2025-08-28 18:30:11","batch_id":"5021","po_number":"","supplier":"Brit","cost":null,"regular_price":null,"sale_price":null,"price_margin":null,"price_discount":null}},{"id":"5824","date_created":"2025-10-21 08:39:56","date_expiry":"2026-12-09 00:00:00","user_id":"2760","batch_number":"Friandise Brit Care Dog Functional Snack Endurance agneau 150g091226","location":"","quantity":"10.0000","quantity_available":"0.0000","units":"1","status":"archived","order_ids":"[29607,29617,30000,30714,31064,32882,32929,33832]","supplier":"Brit","po":{"id":"5773","date_created":"2025-10-21 08:39:56","batch_id":"5824","po_number":"","supplier":"Brit","cost":null,"regular_price":null,"sale_price":null,"price_margin":null,"price_discount":null}},{"id":"7482","date_created":"2026-02-03 00:44:19","date_expiry":"2027-06-30 00:00:00","user_id":"2760","batch_number":"Friandise Brit Care Dog Functional Snack Endurance agneau 150g300627","location":"","quantity":"20.0000","quantity_available":"18.0000","units":"1","status":"active","order_ids":"[35035,37908]","supplier":"Brit","po":{"id":"7417","date_created":"2026-02-03 00:44:20","batch_id":"7482","po_number":"","supplier":"Brit","cost":null,"regular_price":null,"sale_price":null,"price_margin":null,"price_discount":null}}],"_links":{"self":[{"href":"https:\/\/petworld.ma\/index.php\/wp-json\/wp\/v2\/product\/26371","targetHints":{"allow":["GET"]}}],"collection":[{"href":"https:\/\/petworld.ma\/index.php\/wp-json\/wp\/v2\/product"}],"about":[{"href":"https:\/\/petworld.ma\/index.php\/wp-json\/wp\/v2\/types\/product"}],"wp:featuredmedia":[{"embeddable":true,"href":"https:\/\/petworld.ma\/index.php\/wp-json\/wp\/v2\/media\/26442"}],"wp:attachment":[{"href":"https:\/\/petworld.ma\/index.php\/wp-json\/wp\/v2\/media?parent=26371"}],"wp:term":[{"taxonomy":"product_brand","embeddable":true,"href":"https:\/\/petworld.ma\/index.php\/wp-json\/wp\/v2\/product_brand?post=26371"},{"taxonomy":"product_cat","embeddable":true,"href":"https:\/\/petworld.ma\/index.php\/wp-json\/wp\/v2\/product_cat?post=26371"},{"taxonomy":"product_tag","embeddable":true,"href":"https:\/\/petworld.ma\/index.php\/wp-json\/wp\/v2\/product_tag?post=26371"}],"curies":[{"name":"wp","href":"https:\/\/api.w.org\/{rel}","templated":true}]}}