{"id":2643,"date":"2023-05-29T16:22:37","date_gmt":"2023-05-29T16:22:37","guid":{"rendered":"https:\/\/petworld.ma\/?post_type=product&#038;p=2643"},"modified":"2024-12-18T14:50:13","modified_gmt":"2024-12-18T14:50:13","slug":"mera-dog-junior-1-pour-chiot-125kg","status":"publish","type":"product","link":"https:\/\/petworld.ma\/index.php\/produit\/mera-dog-junior-1-pour-chiot-125kg\/","title":{"rendered":"Mera Dog Junior 1 pour Chiot (12.5kg)"},"content":{"rendered":"<div class=\"elementor-element elementor-element-706fcd6 elementor-widget elementor-widget-woocommerce-product-content\" data-id=\"706fcd6\" data-element_type=\"widget\" data-widget_type=\"woocommerce-product-content.default\">\n<div class=\"elementor-widget-container\">\n<p>\u2022Aliment complet pour chiots de servage jusqu\u2019au 12\u00e8me mois (voir tableau ci-dessous)<br \/>\n\u2022 Recette sans bl\u00e9 Avec les concepts de protection MERA<br \/>\n\u2022 Soutient le syst\u00e8me immunitaire<br \/>\n\u2022 Prot\u00e8ge les articulations<br \/>\n\u2022 Adapt\u00e9s aux besoins individuels de votre chiot<br \/>\n\u2022 Assure une meilleure d\u00e9marrage et croissance \u00e0 votre chiot<\/p>\n<\/div>\n<\/div>\n<div class=\"elementor-element elementor-element-a39b7f2 elementor-widget elementor-widget-woocommerce-product-short-description\" data-id=\"a39b7f2\" data-element_type=\"widget\" data-widget_type=\"woocommerce-product-short-description.default\">\n<div class=\"elementor-widget-container\">\n<div class=\"woocommerce-product-details__short-description\">\n<p>MERA essential junior \u2013 notre classique qui promet une alimentation adapt\u00e9e \u00e0 l\u2019esp\u00e8ce pour les chiots<br \/>\nEn essentiel, nous combinons notre recette familiale de longue date et des classiques \u00e0 succ\u00e8s pour le bien-\u00eatre de votre chien de famille. Avec le concept de protection MERA, essential junior 1 fournit un ensemble \u00e9quilibr\u00e9 d\u2019ingr\u00e9dients actifs pour r\u00e9pondre aux besoins quotidiens de votre chien.<\/p>\n<p>Soutenir le syst\u00e8me immunitaire<br \/>\navec inuline pr\u00e9biotique, mannane oligosaccharides et b\u00eata-glucanes<br \/>\nRecette sans bl\u00e9<br \/>\nLe bl\u00e9 est l\u2019un des d\u00e9clencheurs d\u2019allergies les plus courants chez les chiens<br \/>\nProtection des articulations :<br \/>\nAvec les blocs de construction communs glucosamine et sulfate de chondro\u00eftine<br \/>\nUn produit pour l\u2019ensemble de l\u2019\u00e9levage des chiots<br \/>\nAussi pour les chiennes gestantes et allaitantes. \u00c0 partir de la semaine 4 pour faire de la pur\u00e9e pour chiots\u00a0: il suffit de tremper dans de l\u2019eau et de m\u00e9langer<br \/>\nSoins complets pour chiots et jeunes chiens<br \/>\nMERA essential Junior 1 est id\u00e9al pour les petites et moyennes races pendant toute la phase de croissance et convient aux grandes races jusqu\u2019\u00e0 6 mois.<br \/>\nNos chiens sont uniques et il en va de m\u00eame pour leurs besoins nutritionnels. Les produits essentiels fournissent \u00e0 chaque chien, quel que soit son niveau d\u2019activit\u00e9, la bonne nourriture \u2013 du chien de famille classique jusqu\u2019aux athl\u00e8tes de haut niveau.<\/p>\n<\/div>\n<p><strong>Composition<\/strong><br \/>\nProt\u00e9ines de volaille (35\u00a0%, partiellement s\u00e9ch\u00e9es et hydrolys\u00e9es), riz, ma\u00efs, graisse de volaille, graines de lin, lignocellulose, pulpe de betterave, poudre d&rsquo;\u0153uf, huile de saumon (0,7\u00a0%), levure de bi\u00e8re (s\u00e9ch\u00e9e), huile de tournesol (0,5\u00a0%), sodium chlorure de sodium, inuline de chicor\u00e9e (0,2%), parois cellulaires de levure (=0,05% b\u00eata-glucanes), chlorure de potassium, glucosamine de tissus animaux (0,02%), sulfate de chondro\u00eftine (0,01%).<\/p>\n<p><strong>Constituants analytiques<\/strong><br \/>\nProt\u00e9ines 29 %, teneur en mati\u00e8res grasses 16 %, fibres brutes 2,5 %, cendres brutes 6,5 %, calcium 1,15 %, phosphore 0,9 %, sodium 0,35 %.<\/p>\n<p><strong>Additifs par kg<\/strong><br \/>\nAdditifs nutritionnels\u00a0: vitamine A 12\u00a0000\u00a0IE, vitamine D3 1\u00a0500\u00a0IE, vitamine E 200\u00a0mg, vitamine C 100\u00a0mg, cuivre (sous forme de sulfate de cuivre (II), pentahydrat\u00e9) 12,5\u00a0mg, zinc (sous forme de sulfate de zinc, monohydrat\u00e9) 100\u00a0mg, zinc (sous forme de ch\u00e9late de glycine-zinc hydrat\u00e9 (solide)) 60 mg, fer (sous forme de sulfate de fer (II), monohydrat\u00e9) 250 mg, mangan\u00e8se (sous forme de sulfate de mangan\u00e8se (II), monohydrat\u00e9) 35 mg, iode (sous forme d&rsquo;iodate de calcium, anhydre) 2,0 mg, s\u00e9l\u00e9nium (sous forme de s\u00e9l\u00e9nite de sodium) 0,35 mg.<\/p>\n<\/div>\n<table class=\"contenttable\" width=\"780\">\n<tbody>\n<tr>\n<th colspan=\"7\" scope=\"col\">Age<\/th>\n<\/tr>\n<tr>\n<td><strong>Poid \u00e0 l&rsquo;age adult, kg<\/strong><\/td>\n<td>2<\/td>\n<td>3<\/td>\n<td>4<\/td>\n<td>6<\/td>\n<td>11<\/td>\n<td>15<\/td>\n<td>20<\/td>\n<\/tr>\n<tr>\n<td>2<\/td>\n<td>35<\/td>\n<td>45<\/td>\n<td>55<\/td>\n<td>55<\/td>\n<td>\u2013<\/td>\n<td>\u2013<\/td>\n<td>\u2013<\/td>\n<\/tr>\n<tr>\n<td>5<\/td>\n<td>65<\/td>\n<td>85<\/td>\n<td>95<\/td>\n<td>110<\/td>\n<td>110<\/td>\n<td>\u2013<\/td>\n<td>\u2013<\/td>\n<\/tr>\n<tr>\n<td>7<\/td>\n<td>75<\/td>\n<td>105<\/td>\n<td>125<\/td>\n<td>140<\/td>\n<td>140<\/td>\n<td>\u2013<\/td>\n<td>\u2013<\/td>\n<\/tr>\n<tr>\n<td>10<\/td>\n<td>90<\/td>\n<td>135<\/td>\n<td>155<\/td>\n<td>180<\/td>\n<td>190<\/td>\n<td>\u2013<\/td>\n<td>\u2013<\/td>\n<\/tr>\n<tr>\n<td>11<\/td>\n<td>95<\/td>\n<td>130<\/td>\n<td>165<\/td>\n<td>195<\/td>\n<td>205<\/td>\n<td>\u2013<\/td>\n<td>\u2013<\/td>\n<\/tr>\n<tr>\n<td>15<\/td>\n<td>110<\/td>\n<td>165<\/td>\n<td>210<\/td>\n<td>240<\/td>\n<td>260<\/td>\n<td>\u2013<\/td>\n<td>\u2013<\/td>\n<\/tr>\n<tr>\n<td>20<\/td>\n<td>130<\/td>\n<td>205<\/td>\n<td>260<\/td>\n<td>295<\/td>\n<td>320<\/td>\n<td>\u2013<\/td>\n<td>\u2013<\/td>\n<\/tr>\n<tr>\n<td>25<\/td>\n<td>160<\/td>\n<td>245<\/td>\n<td>305<\/td>\n<td>350<\/td>\n<td>380<\/td>\n<td>\u2013<\/td>\n<td>\u2013<\/td>\n<\/tr>\n<tr>\n<td>26<\/td>\n<td>155<\/td>\n<td>250<\/td>\n<td>315<\/td>\n<td>360<\/td>\n<td>390<\/td>\n<td>\u2013<\/td>\n<td>\u2013<\/td>\n<\/tr>\n<tr>\n<td>30<\/td>\n<td>175<\/td>\n<td>265<\/td>\n<td>350<\/td>\n<td>405<\/td>\n<td>435<\/td>\n<td>\u2013<\/td>\n<td>\u2013<\/td>\n<\/tr>\n<tr>\n<td>35<\/td>\n<td>180<\/td>\n<td>280<\/td>\n<td>370<\/td>\n<td>Junior 2<\/td>\n<td>\u2013<\/td>\n<td>\u2013<\/td>\n<td>\u2013<\/td>\n<\/tr>\n<tr>\n<td>40<\/td>\n<td>205<\/td>\n<td>310<\/td>\n<td>410<\/td>\n<td>Junior 2<\/td>\n<td>\u2013<\/td>\n<td>\u2013<\/td>\n<td>\u2013<\/td>\n<\/tr>\n<tr>\n<td>45<\/td>\n<td>210<\/td>\n<td>340<\/td>\n<td>445<\/td>\n<td>Junior 2<\/td>\n<td>\u2013<\/td>\n<td>\u2013<\/td>\n<td>\u2013<\/td>\n<\/tr>\n<tr>\n<td>50<\/td>\n<td>225<\/td>\n<td>365<\/td>\n<td>485<\/td>\n<td>Junior 2<\/td>\n<td>\u2013<\/td>\n<td>\u2013<\/td>\n<td>\u2013<\/td>\n<\/tr>\n<tr>\n<td>55<\/td>\n<td>230<\/td>\n<td>395<\/td>\n<td>520<\/td>\n<td>Junior 2<\/td>\n<td>\u2013<\/td>\n<td>\u2013<\/td>\n<td>\u2013<\/td>\n<\/tr>\n<tr>\n<td>60<\/td>\n<td>245<\/td>\n<td>420<\/td>\n<td>555<\/td>\n<td>Junior 2<\/td>\n<td>\u2013<\/td>\n<td>\u2013<\/td>\n<td>\u2013<\/td>\n<\/tr>\n<tr>\n<td>70<\/td>\n<td>265<\/td>\n<td>470<\/td>\n<td>625<\/td>\n<td>Junior 2<\/td>\n<td>\u2013<\/td>\n<td>\u2013<\/td>\n<td>\u2013<\/td>\n<\/tr>\n<tr>\n<td>80<\/td>\n<td>270<\/td>\n<td>450<\/td>\n<td>690<\/td>\n<td>Junior 2<\/td>\n<td>\u2013<\/td>\n<td>\u2013<\/td>\n<td>\u2013<\/td>\n<\/tr>\n<\/tbody>\n<\/table>\n<\/div>\n","protected":false},"excerpt":{"rendered":"<p>Fabriqu\u00e9 en allemagne<\/p>\n","protected":false},"featured_media":2645,"template":"","meta":{"jetpack_publicize_message":"","jetpack_publicize_feature_enabled":true,"jetpack_social_post_already_shared":false,"jetpack_social_options":{"image_generator_settings":{"template":"highway","default_image_id":0,"font":"","enabled":false},"version":2}},"product_brand":[],"product_cat":[26],"product_tag":[],"class_list":{"0":"post-2643","1":"product","2":"type-product","3":"status-publish","4":"has-post-thumbnail","6":"product_cat-croquettes","8":"first","9":"outofstock","10":"taxable","11":"shipping-taxable","12":"purchasable","13":"product-type-simple"},"supplier_id":5588,"supplier_sku":"","barcode":null,"atum_controlled":true,"out_stock_date":"2024-12-18 14:50:13","out_stock_threshold":null,"inheritable":false,"inbound_stock":0,"stock_on_hold":0,"sold_today":0,"sales_last_days":0,"reserved_stock":0,"customer_returns":0,"warehouse_damage":0,"lost_in_post":0,"other_logs":0,"out_stock_days":496,"lost_sales":0,"has_location":false,"update_date":"2026-04-29T00:16:09","atum_locations":[],"atum_stock_status":"outofstock","restock_status":false,"low_stock_amount":0,"sales_update_date":"2026-04-29T00:16:09","calc_backorders":null,"jetpack_publicize_connections":[],"jetpack_sharing_enabled":true,"batches":[],"_links":{"self":[{"href":"https:\/\/petworld.ma\/index.php\/wp-json\/wp\/v2\/product\/2643","targetHints":{"allow":["GET"]}}],"collection":[{"href":"https:\/\/petworld.ma\/index.php\/wp-json\/wp\/v2\/product"}],"about":[{"href":"https:\/\/petworld.ma\/index.php\/wp-json\/wp\/v2\/types\/product"}],"wp:featuredmedia":[{"embeddable":true,"href":"https:\/\/petworld.ma\/index.php\/wp-json\/wp\/v2\/media\/2645"}],"wp:attachment":[{"href":"https:\/\/petworld.ma\/index.php\/wp-json\/wp\/v2\/media?parent=2643"}],"wp:term":[{"taxonomy":"product_brand","embeddable":true,"href":"https:\/\/petworld.ma\/index.php\/wp-json\/wp\/v2\/product_brand?post=2643"},{"taxonomy":"product_cat","embeddable":true,"href":"https:\/\/petworld.ma\/index.php\/wp-json\/wp\/v2\/product_cat?post=2643"},{"taxonomy":"product_tag","embeddable":true,"href":"https:\/\/petworld.ma\/index.php\/wp-json\/wp\/v2\/product_tag?post=2643"}],"curies":[{"name":"wp","href":"https:\/\/api.w.org\/{rel}","templated":true}]}}