{"id":26524,"date":"2025-08-31T17:52:20","date_gmt":"2025-08-31T17:52:20","guid":{"rendered":"https:\/\/petworld.ma\/?post_type=product&#038;p=26524"},"modified":"2026-05-13T10:46:12","modified_gmt":"2026-05-13T10:46:12","slug":"brit-meat-jerky-snack-dinde-protein-bar-80g","status":"publish","type":"product","link":"https:\/\/petworld.ma\/index.php\/produit\/brit-meat-jerky-snack-dinde-protein-bar-80g\/","title":{"rendered":"Brit Meat Jerky Snack\u2013 Avec Des Morceaux De Dinde Charnus (80g)"},"content":{"rendered":"<div class=\"hidden-xs\">\n<div class=\"hidden-xs\">\n<div class=\"hidden-xs\">Compl\u00e9ment alimentaire pour chiens adultes. La taille des \u00ab\u00a0pi\u00e8ces de monnaie\u00a0\u00bb est d&rsquo;environ : 3,5 \u2013 4 cm.<\/div>\n<ul>\n<li>Une r\u00e9compense id\u00e9ale pour un animal en cours de dressage<\/li>\n<li>85 % de v\u00e9ritable viande de dinde et de poulet \u2013 une excellente source de prot\u00e9ines de haute qualit\u00e9<\/li>\n<li>Avec de la citrouille pour une bonne digestion<\/li>\n<li>Contient uniquement des antioxydants naturels : extrait de romarin<\/li>\n<li>Sans c\u00e9r\u00e9ales &#8211; Sans colorant &#8211; Sans sucre &#8211; Sans OGM &#8211; Fabriqu\u00e9 en UE<\/li>\n<li>Fabriqu\u00e9 dans l\u2019UE<\/li>\n<\/ul>\n<p class=\"composition\"><strong>Composition:<\/strong><\/p>\n<p>poulet (59 %), dinde (26 %), glyc\u00e9rine d&rsquo;origine v\u00e9g\u00e9tale, lignocellulose, courges (0,5 %), chlorure de sodium.<\/p>\n<p><strong>Composants analytiques:<\/strong>\u00a0prot\u00e9ine brute 33 %, teneur en mati\u00e8res grasses 22 %, humidit\u00e9 18 %, cendres brutes 6 %, cellulose brute 2,5 %. Antioxydants naturels : extrait de romarin et extraits de tocoph\u00e9rols tir\u00e9s d&rsquo;huiles v\u00e9g\u00e9tales.<\/p>\n<p><strong>Metabolizable energy:<\/strong>\u00a03,910 kcal\/kg<\/p>\n<\/div>\n<\/div>\n","protected":false},"excerpt":{"rendered":"<p><img loading=\"lazy\" decoding=\"async\" class=\"\" src=\"https:\/\/brit-petfood.com\/file\/nodes\/icon-made-in-eu.png\" width=\"88\" height=\"87\" \/><\/p>\n<div class=\"hidden-xs\">\n<div class=\"hidden-xs\">Compl\u00e9ment alimentaire pour chiens adultes.<\/div>\n<\/div>\n","protected":false},"featured_media":36079,"template":"","meta":{"jetpack_publicize_message":"","jetpack_publicize_feature_enabled":true,"jetpack_social_post_already_shared":true,"jetpack_social_options":{"image_generator_settings":{"template":"highway","default_image_id":0,"font":"","enabled":false},"version":2}},"product_brand":[],"product_cat":[26,39],"product_tag":[],"class_list":{"0":"post-26524","1":"product","2":"type-product","3":"status-publish","4":"has-post-thumbnail","6":"product_cat-croquettes","7":"product_cat-friandises-et-pates-pour-chien","9":"first","10":"instock","11":"taxable","12":"shipping-taxable","13":"purchasable","14":"product-type-simple"},"supplier_id":5590,"supplier_sku":"543816","barcode":null,"atum_controlled":true,"out_stock_date":null,"out_stock_threshold":null,"inheritable":false,"inbound_stock":0,"stock_on_hold":0,"sold_today":0,"sales_last_days":3,"reserved_stock":0,"customer_returns":0,"warehouse_damage":0,"lost_in_post":0,"other_logs":0,"out_stock_days":0,"lost_sales":0,"has_location":false,"update_date":"2026-05-13T10:46:16","atum_locations":[],"atum_stock_status":"instock","restock_status":true,"low_stock_amount":12,"sales_update_date":"2026-05-13T10:46:16","calc_backorders":null,"jetpack_publicize_connections":[],"jetpack_sharing_enabled":true,"batches":[{"id":"5062","date_created":"2025-08-31 17:56:02","date_expiry":"2026-10-17 00:00:00","user_id":"2461","batch_number":"BritJerkyTurkey171026","location":"","quantity":"12.0000","quantity_available":"0.0000","units":"1","status":"archived","order_ids":"[27467,28458,28882,29025,29607,29930,30118]","supplier":"Brit","po":{"id":"5025","date_created":"2025-08-31 17:56:03","batch_id":"5062","po_number":"","supplier":"Brit","cost":null,"regular_price":null,"sale_price":null,"price_margin":null,"price_discount":null}},{"id":"5825","date_created":"2025-10-21 08:41:53","date_expiry":"2026-11-26 00:00:00","user_id":"2461","batch_number":"BritJerkyTurkey261126","location":"","quantity":"12.0000","quantity_available":"0.0000","units":"1","status":"archived","order_ids":"[30118,31064,31876,32241,32598,34268,34427,34746,35849,35943]","supplier":" BRIT","po":{"id":"5774","date_created":"2025-10-21 08:41:53","batch_id":"5825","po_number":"","supplier":" BRIT","cost":null,"regular_price":null,"sale_price":null,"price_margin":null,"price_discount":null}},{"id":"6588","date_created":"2025-12-09 17:02:05","date_expiry":"2027-04-07 00:00:00","user_id":"2461","batch_number":"BritJerkyTurkey070427","location":"","quantity":"12.0000","quantity_available":"1.0000","units":"1","status":"active","order_ids":"[35943,37091,38048,38751,39676,40985,41716]","supplier":"Brit","po":{"id":"6533","date_created":"2025-12-09 17:02:06","batch_id":"6588","po_number":"","supplier":"Brit","cost":null,"regular_price":null,"sale_price":null,"price_margin":null,"price_discount":null}}],"_links":{"self":[{"href":"https:\/\/petworld.ma\/index.php\/wp-json\/wp\/v2\/product\/26524","targetHints":{"allow":["GET"]}}],"collection":[{"href":"https:\/\/petworld.ma\/index.php\/wp-json\/wp\/v2\/product"}],"about":[{"href":"https:\/\/petworld.ma\/index.php\/wp-json\/wp\/v2\/types\/product"}],"wp:featuredmedia":[{"embeddable":true,"href":"https:\/\/petworld.ma\/index.php\/wp-json\/wp\/v2\/media\/36079"}],"wp:attachment":[{"href":"https:\/\/petworld.ma\/index.php\/wp-json\/wp\/v2\/media?parent=26524"}],"wp:term":[{"taxonomy":"product_brand","embeddable":true,"href":"https:\/\/petworld.ma\/index.php\/wp-json\/wp\/v2\/product_brand?post=26524"},{"taxonomy":"product_cat","embeddable":true,"href":"https:\/\/petworld.ma\/index.php\/wp-json\/wp\/v2\/product_cat?post=26524"},{"taxonomy":"product_tag","embeddable":true,"href":"https:\/\/petworld.ma\/index.php\/wp-json\/wp\/v2\/product_tag?post=26524"}],"curies":[{"name":"wp","href":"https:\/\/api.w.org\/{rel}","templated":true}]}}