{"id":26526,"date":"2025-08-31T17:57:27","date_gmt":"2025-08-31T17:57:27","guid":{"rendered":"https:\/\/petworld.ma\/?post_type=product&#038;p=26526"},"modified":"2026-03-25T15:59:29","modified_gmt":"2026-03-25T15:59:29","slug":"brit-care-dog-treats-mini-mood-anti-stress-et-anxiete-50g","status":"publish","type":"product","link":"https:\/\/petworld.ma\/index.php\/produit\/brit-care-dog-treats-mini-mood-anti-stress-et-anxiete-50g\/","title":{"rendered":"Brit Care Dog Treats Mini Mood Anti Stress et Anxi\u00e9t\u00e9 50g"},"content":{"rendered":"<p><span dir=\"auto\">Les mini friandises pour chiens Brit Care Mood sont des collations fonctionnelles semi-humides pour chiens de petite et petite race (jusqu&rsquo;\u00e0 10 kg), \u00e0 base d&rsquo;agneau et d&rsquo;ingr\u00e9dients qui aident \u00e0 soulager le stress et l&rsquo;anxi\u00e9t\u00e9.<\/span><\/p>\n<p><strong><span dir=\"auto\">Avantages :<\/span><\/strong><br \/>\n<span dir=\"auto\">&#8211; Sans c\u00e9r\u00e9ales<\/span><br \/>\n<span dir=\"auto\">&#8211; Une seule source de prot\u00e9ines<\/span><br \/>\n<span dir=\"auto\">&#8211; Sans soja, sans colorant et sans OGM<\/span><br \/>\n<span dir=\"auto\">&#8211; Chanvre et racine de val\u00e9riane : un agent calmant naturel<\/span><br \/>\n<span dir=\"auto\">&#8211; L-tryptophane : effet positif sur l&rsquo;humeur<\/span><br \/>\n<span dir=\"auto\">&#8211; Acides fulviques : aide \u00e0 l&rsquo;absorption des nutriments<\/span><br \/>\n<span dir=\"auto\">&#8211; Melon : une source naturelle d&rsquo;antioxydants<\/span><br \/>\n<span dir=\"auto\">&#8211; Lactobacillus : effet paraprobiotique<\/span><br \/>\n<strong><br \/>\n<span dir=\"auto\">Composition :<\/span><\/strong><br \/>\n<span dir=\"auto\">Prot\u00e9ines d&rsquo;agneau (35 %), pois jaunes (15 %), glyc\u00e9rol v\u00e9g\u00e9tal (14 %), lentilles rouges (10 %), citrouille (8 %), levure hydrolys\u00e9e (5 %), collag\u00e8ne (4 %), m\u00e9lasse (3 %), farine de chanvre (2 %), fibre de pois (1,5 %), racine de val\u00e9riane s\u00e9ch\u00e9e (1 %), farine de pois, acides fulviques (0,5 %), extrait de vanille (0,3 %), extrait de melon cantaloup (0,01 %), bact\u00e9ries inactiv\u00e9es et leurs parties (Lactobacillus helveticus HA \u2013 122, 15&#215;109 cellules\/kg).<\/span><\/p>\n<p><strong><span dir=\"auto\">Fran\u00e7ais : Contenu analytique :<\/span><\/strong><br \/>\n<span dir=\"auto\">Prot\u00e9ines brutes 27,0 %, mati\u00e8res grasses brutes 5,0 %, cendres brutes 7,5 %, fibres brutes 2,0 %, humidit\u00e9 17,0 %, calcium 1,5 %, phosphore 1,1 %, sodium 0,5 %, acides gras om\u00e9ga-3 0,15 %, acides gras om\u00e9ga-6 0,50 %.<\/span><\/p>\n<p><strong><span dir=\"auto\">Additifs nutritionnels (par kg) :<\/span><\/strong><br \/>\n<span dir=\"auto\">Vitamine C (3a312) 35 mg, L-tryptophane (3c440) 1\u00a0000 mg.<\/span><\/p>\n<p><strong><span dir=\"auto\">Additifs technologiques :<\/span><\/strong><br \/>\n<span dir=\"auto\">Acide citrique (1a330), acide DL-malique (1a296).<\/span><\/p>\n<p><strong><span dir=\"auto\">\u00c9nergie m\u00e9tabolisable :<\/span><\/strong><br \/>\n<span dir=\"auto\">3\u00a0045 kcal\/kg (1,37 kcal par biscuit).<\/span><\/p>\n","protected":false},"excerpt":{"rendered":"<p>Les mini friandises pour chiens Brit Care Mood sont des collations fonctionnelles semi-humides pour chiens de petite et petite race (jusqu&rsquo;\u00e0 10 kg), \u00e0 base d&rsquo;agneau et d&rsquo;ingr\u00e9dients qui aident \u00e0 soulager le stress et l&rsquo;anxi\u00e9t\u00e9.<\/p>\n","protected":false},"featured_media":26528,"template":"","meta":{"jetpack_publicize_message":"","jetpack_publicize_feature_enabled":true,"jetpack_social_post_already_shared":true,"jetpack_social_options":{"image_generator_settings":{"template":"highway","default_image_id":0,"font":"","enabled":false},"version":2}},"product_brand":[],"product_cat":[26,39],"product_tag":[],"class_list":{"0":"post-26526","1":"product","2":"type-product","3":"status-publish","4":"has-post-thumbnail","6":"product_cat-croquettes","7":"product_cat-friandises-et-pates-pour-chien","9":"first","10":"instock","11":"taxable","12":"shipping-taxable","13":"purchasable","14":"product-type-simple"},"supplier_id":5590,"supplier_sku":"578542","barcode":null,"atum_controlled":true,"out_stock_date":null,"out_stock_threshold":null,"inheritable":false,"inbound_stock":0,"stock_on_hold":0,"sold_today":0,"sales_last_days":0,"reserved_stock":0,"customer_returns":0,"warehouse_damage":0,"lost_in_post":0,"other_logs":0,"out_stock_days":0,"lost_sales":0,"has_location":false,"update_date":"2026-04-28T12:40:04","atum_locations":[],"atum_stock_status":"instock","restock_status":false,"low_stock_amount":10,"sales_update_date":"2026-04-28T12:40:04","calc_backorders":null,"jetpack_publicize_connections":[],"jetpack_sharing_enabled":true,"batches":[{"id":"5063","date_created":"2025-08-31 18:10:02","date_expiry":"2026-10-25 00:00:00","user_id":"1","batch_number":"BritMiniMood251026","location":"","quantity":"30.0000","quantity_available":"14.0000","units":"1","status":"active","order_ids":"[26693,27685,28211,29057,29404,31649,32595,34778,35663,35749,35929,36133,36226,36497,38296]","supplier":"Brit","po":{"id":"5026","date_created":"2025-08-31 18:10:02","batch_id":"5063","po_number":"","supplier":"Brit","cost":null,"regular_price":null,"sale_price":null,"price_margin":null,"price_discount":null}}],"_links":{"self":[{"href":"https:\/\/petworld.ma\/index.php\/wp-json\/wp\/v2\/product\/26526","targetHints":{"allow":["GET"]}}],"collection":[{"href":"https:\/\/petworld.ma\/index.php\/wp-json\/wp\/v2\/product"}],"about":[{"href":"https:\/\/petworld.ma\/index.php\/wp-json\/wp\/v2\/types\/product"}],"wp:featuredmedia":[{"embeddable":true,"href":"https:\/\/petworld.ma\/index.php\/wp-json\/wp\/v2\/media\/26528"}],"wp:attachment":[{"href":"https:\/\/petworld.ma\/index.php\/wp-json\/wp\/v2\/media?parent=26526"}],"wp:term":[{"taxonomy":"product_brand","embeddable":true,"href":"https:\/\/petworld.ma\/index.php\/wp-json\/wp\/v2\/product_brand?post=26526"},{"taxonomy":"product_cat","embeddable":true,"href":"https:\/\/petworld.ma\/index.php\/wp-json\/wp\/v2\/product_cat?post=26526"},{"taxonomy":"product_tag","embeddable":true,"href":"https:\/\/petworld.ma\/index.php\/wp-json\/wp\/v2\/product_tag?post=26526"}],"curies":[{"name":"wp","href":"https:\/\/api.w.org\/{rel}","templated":true}]}}