{"id":26532,"date":"2025-08-31T18:18:02","date_gmt":"2025-08-31T18:18:02","guid":{"rendered":"https:\/\/petworld.ma\/?post_type=product&#038;p=26532"},"modified":"2026-04-22T18:09:18","modified_gmt":"2026-04-22T18:09:18","slug":"brit-care-dog-treats-mini-shine-pelage-brillant-50g","status":"publish","type":"product","link":"https:\/\/petworld.ma\/index.php\/produit\/brit-care-dog-treats-mini-shine-pelage-brillant-50g\/","title":{"rendered":"Brit Care Dog Treats Mini Shine Pelage Brillant 50g"},"content":{"rendered":"<p><strong>G\u00e2terie fonctionnelle semi-douce pour une peau saine et un pelage brillant.<\/strong><br \/>\nPetits morceaux, grands avantages. Que votre petit ami soit en bonne sant\u00e9 pendant longtemps\u00a0!<\/p>\n<ul>\n<li>UNE PEAU SAINE ET UN PELAGE BRILLANT<\/li>\n<li>CONTIENT DE L\u2019HUILE DE SAUMON, DES GRAINES DE LIN ET DE L\u2019ACIDE HYALURONIQUE<\/li>\n<li>FAIBLE EN CALORIES<\/li>\n<li>ADAPT\u00c9 AUX BESOINS DES PETITES RACES<\/li>\n<\/ul>\n<p>Ces friandises ont \u00e9t\u00e9\u00a0<strong>con\u00e7ues sp\u00e9cifiquement pour les mini-races<\/strong>, qui repr\u00e9sentent 60 % de tous les chiens domestiques. Bien qu\u2019ils soient de petite taille, ils ont des besoins nutritionnels sp\u00e9cifiques.<\/p>\n<p>Les mini friandises Brit Care r\u00e9pondent \u00e0 ces besoins\u00a0<strong>avec une faible valeur calorique, une teneur \u00e9lev\u00e9e en ingr\u00e9dients fonctionnels\u00a0<\/strong>et une composition \u00e9quilibr\u00e9e soutenant la sant\u00e9 et l\u2019\u00e9tat des petits chiens.<\/p>\n<p><strong>Principaux avantages :<\/strong><br \/>\n\u2022 Texture mi-molle adapt\u00e9e aux chiens<br \/>\njeunes et \u00e2g\u00e9s \u2022 Viande de haute qualit\u00e9 et ingr\u00e9dients<br \/>\nfonctionnels \u2022 Sans colorants ni conservateurs artificiels<\/p>\n<p>&nbsp;<\/p>\n<p><strong>Ingr\u00e9dients :<\/strong><br \/>\nprot\u00e9ines de saumon (35\u00a0%), pois jaunes (19\u00a0%), glyc\u00e9rol v\u00e9g\u00e9tal (14\u00a0%), lentilles rouges (8\u00a0%), citrouille (6\u00a0%), huile de saumon (5\u00a0%), collag\u00e8ne (4\u00a0%), m\u00e9lasse (3\u00a0%), lactos\u00e9rum (2\u00a0%), fibres de pois (1,5\u00a0%), graines de lin (1\u00a0%), farine de pois, Acide fulvique (0,5\u00a0%), acide hyaluronique (0,045\u00a0%), extrait de melon cantaloup (0,01\u00a0%), bact\u00e9ries inactiv\u00e9es et leurs parties (Lactobacillus helveticus HA \u2013 122, 15&#215;109 cellules\/kg).<\/p>\n<p><strong>Constituants analytiques :<\/strong><br \/>\nprot\u00e9ines brutes 30,0 %, mati\u00e8res grasses brutes 8,5 %, fibres brutes 1,5 %, cendres brutes 7,0 %, humidit\u00e9 17,0 %, calcium 1,2 %, phosphore 0,9 %, sodium 0,7 %, acides gras om\u00e9ga-3 1,5 %, acides gras om\u00e9ga-6 1,3 %, DHA (22:6 n-3) 0,5 %.<\/p>\n<p><strong>Additifs nutritionnels par kg :<\/strong><br \/>\nvitamine C (3a312) 35 mg.<\/p>\n<p><strong>Contient des conservateurs approuv\u00e9s par l\u2019UE :<\/strong><br \/>\nacide citrique (1a330), acide DL-malique (1a296).<\/p>\n<p><strong>\u00c9nergie m\u00e9tabolisable :<\/strong><br \/>\n3275 kcal\/kg.<\/p>\n<p><strong>Instructions d\u2019alimentation :<\/strong><br \/>\nServir quotidiennement comme g\u00e2terie ou r\u00e9compense. Assurez-vous que votre chien a toujours beaucoup d\u2019eau potable fra\u00eeche. Il ne s\u2019agit pas d\u2019un aliment complet ; Suivez la dose quotidienne recommand\u00e9e et ne suralimentez pas. Conserver dans un endroit frais et sec, \u00e0 l\u2019abri de la lumi\u00e8re directe du soleil. Une fois ouvert, refermez herm\u00e9tiquement pour pr\u00e9server la fra\u00eecheur. Date de p\u00e9remption &#8211; voir emballage.<\/p>\n","protected":false},"excerpt":{"rendered":"<p><strong>G\u00e2terie fonctionnelle semi-douce pour une peau saine et un pelage brillant.<\/strong><br \/>\nPetits morceaux, grands avantages. Que votre petit ami soit en bonne sant\u00e9 pendant longtemps\u00a0!<\/p>\n","protected":false},"featured_media":26533,"template":"","meta":{"jetpack_publicize_message":"","jetpack_publicize_feature_enabled":true,"jetpack_social_post_already_shared":true,"jetpack_social_options":{"image_generator_settings":{"template":"highway","default_image_id":0,"font":"","enabled":false},"version":2}},"product_brand":[],"product_cat":[26,39],"product_tag":[],"class_list":{"0":"post-26532","1":"product","2":"type-product","3":"status-publish","4":"has-post-thumbnail","6":"product_cat-croquettes","7":"product_cat-friandises-et-pates-pour-chien","9":"first","10":"instock","11":"taxable","12":"shipping-taxable","13":"purchasable","14":"product-type-simple"},"supplier_id":5590,"supplier_sku":"578566","barcode":null,"atum_controlled":true,"out_stock_date":null,"out_stock_threshold":null,"inheritable":false,"inbound_stock":0,"stock_on_hold":0,"sold_today":0,"sales_last_days":1,"reserved_stock":0,"customer_returns":0,"warehouse_damage":0,"lost_in_post":0,"other_logs":0,"out_stock_days":0,"lost_sales":0,"has_location":false,"update_date":"2026-04-28T00:16:34","atum_locations":[],"atum_stock_status":"instock","restock_status":false,"low_stock_amount":10,"sales_update_date":"2026-04-28T00:16:33","calc_backorders":null,"jetpack_publicize_connections":[],"jetpack_sharing_enabled":true,"batches":[{"id":"5065","date_created":"2025-08-31 18:22:13","date_expiry":"2026-10-26 00:00:00","user_id":"1","batch_number":"BritCareShine261026","location":"","quantity":"30.0000","quantity_available":"13.0000","units":"1","status":"active","order_ids":"[26791,27105,27685,28180,32035,32623,34007,35663,35749,37697,38296,40558]","supplier":"Brit","po":{"id":"5028","date_created":"2025-08-31 18:22:14","batch_id":"5065","po_number":"","supplier":"Brit","cost":null,"regular_price":null,"sale_price":null,"price_margin":null,"price_discount":null}}],"_links":{"self":[{"href":"https:\/\/petworld.ma\/index.php\/wp-json\/wp\/v2\/product\/26532","targetHints":{"allow":["GET"]}}],"collection":[{"href":"https:\/\/petworld.ma\/index.php\/wp-json\/wp\/v2\/product"}],"about":[{"href":"https:\/\/petworld.ma\/index.php\/wp-json\/wp\/v2\/types\/product"}],"wp:featuredmedia":[{"embeddable":true,"href":"https:\/\/petworld.ma\/index.php\/wp-json\/wp\/v2\/media\/26533"}],"wp:attachment":[{"href":"https:\/\/petworld.ma\/index.php\/wp-json\/wp\/v2\/media?parent=26532"}],"wp:term":[{"taxonomy":"product_brand","embeddable":true,"href":"https:\/\/petworld.ma\/index.php\/wp-json\/wp\/v2\/product_brand?post=26532"},{"taxonomy":"product_cat","embeddable":true,"href":"https:\/\/petworld.ma\/index.php\/wp-json\/wp\/v2\/product_cat?post=26532"},{"taxonomy":"product_tag","embeddable":true,"href":"https:\/\/petworld.ma\/index.php\/wp-json\/wp\/v2\/product_tag?post=26532"}],"curies":[{"name":"wp","href":"https:\/\/api.w.org\/{rel}","templated":true}]}}