{"id":26534,"date":"2025-08-31T18:24:58","date_gmt":"2025-08-31T18:24:58","guid":{"rendered":"https:\/\/petworld.ma\/?post_type=product&#038;p=26534"},"modified":"2026-04-30T10:29:13","modified_gmt":"2026-04-30T10:29:13","slug":"brit-care-dog-treats-mini-liver-detox-detoxification-naturelle-50g","status":"publish","type":"product","link":"https:\/\/petworld.ma\/index.php\/produit\/brit-care-dog-treats-mini-liver-detox-detoxification-naturelle-50g\/","title":{"rendered":"Brit Care Dog Treats Mini Liver Detox D\u00e9toxification Naturelle 50g"},"content":{"rendered":"<p><strong>Collation fonctionnelle semi-molle pour soutenir la fonction h\u00e9patique et la d\u00e9toxification naturelle.<\/strong><br \/>\nPetits morceaux, grands avantages. Que votre petit ami soit en bonne sant\u00e9 pendant longtemps\u00a0!<\/p>\n<ul>\n<li>SOUTIEN DU FOIE ET D\u00c9TOXIFICATION<\/li>\n<li>CONTIENT DU CHARDON-Marie et du curcuma<\/li>\n<li>FAIBLE EN CALORIES<\/li>\n<li>ADAPT\u00c9 AUX BESOINS DES PETITES RACES<\/li>\n<\/ul>\n<p>Ces friandises ont \u00e9t\u00e9\u00a0<strong>con\u00e7ues sp\u00e9cifiquement pour les mini-races<\/strong>, qui repr\u00e9sentent 60 % de tous les chiens domestiques. Bien qu\u2019ils soient de petite taille, ils ont des besoins nutritionnels sp\u00e9cifiques.<\/p>\n<p>Les mini friandises Brit Care r\u00e9pondent \u00e0 ces besoins\u00a0<strong>avec une faible valeur calorique, une teneur \u00e9lev\u00e9e en ingr\u00e9dients fonctionnels\u00a0<\/strong>et une composition \u00e9quilibr\u00e9e soutenant la sant\u00e9 et l\u2019\u00e9tat des petits chiens.<\/p>\n<p><strong>Principaux avantages :<\/strong><br \/>\n\u2022 Texture semi-molle adapt\u00e9e aux chiens<br \/>\njeunes et \u00e2g\u00e9s \u2022 Viande de haute qualit\u00e9 et ingr\u00e9dients<br \/>\nfonctionnels \u2022 Sans colorants ni conservateurs artificiels<\/p>\n<p><strong>Ingr\u00e9dients :<\/strong><br \/>\nprot\u00e9ines de dinde (26\u00a0%), pois jaunes (24\u00a0%), glyc\u00e9rol v\u00e9g\u00e9tal (14\u00a0%), lentilles rouges (10\u00a0%), citrouille (10\u00a0%), levure hydrolys\u00e9e (5\u00a0%), collag\u00e8ne (4\u00a0%), m\u00e9lasse (3\u00a0%), fibres de pois (1,5\u00a0%), curcuma s\u00e9ch\u00e9 (1\u00a0%), farine de pois, acide acide fulvique (0,5\u00a0%), yucca schidigera (0,2\u00a0%), graines de chardon-Marie (0,1\u00a0%), myrtilles s\u00e9ch\u00e9es (0,1\u00a0%), extrait de melon cantaloup (0,01\u00a0%), bact\u00e9ries inactiv\u00e9es et leurs parties (Lactobacillus helveticus HA \u2013 122, 15&#215;109 cellules\/kg).<\/p>\n<p><strong>Constituants analytiques :<\/strong><br \/>\nprot\u00e9ines brutes 23,0 %, mati\u00e8res grasses brutes 3,5 %, fibres brutes 2,5 %, cendres brutes 4,0 %, humidit\u00e9 17,0 %, calcium 0,7 %, phosphore 0,5 %, sodium 0,2 %, acides gras om\u00e9ga-3 0,1 %, acides gras om\u00e9ga-6 0,7 %.<\/p>\n<p><strong>Additifs nutritionnels par kg :<\/strong><br \/>\nvitamine C (3a312) 35 mg.<\/p>\n<p><strong>Contient des conservateurs approuv\u00e9s par l\u2019UE :<\/strong><br \/>\nacide citrique (1a330), acide DL-malique (1a296).<\/p>\n<p><strong>\u00c9nergie m\u00e9tabolisable :<\/strong><br \/>\n3055 kcal\/kg.<\/p>\n<p><strong>Instructions d\u2019alimentation :<\/strong><br \/>\nServir quotidiennement comme g\u00e2terie ou r\u00e9compense. Assurez-vous que votre chien a toujours beaucoup d\u2019eau potable fra\u00eeche. Il ne s\u2019agit pas d\u2019un aliment complet ; Suivez la dose quotidienne recommand\u00e9e et ne suralimentez pas. Conserver dans un endroit frais et sec, \u00e0 l\u2019abri de la lumi\u00e8re directe du soleil. Une fois ouvert, refermez herm\u00e9tiquement pour pr\u00e9server la fra\u00eecheur. Date de p\u00e9remption &#8211; voir emballage.<\/p>\n","protected":false},"excerpt":{"rendered":"<p><strong>Collation fonctionnelle semi-molle pour soutenir la fonction h\u00e9patique et la d\u00e9toxification naturelle.<\/strong><br \/>\nPetits morceaux, grands avantages. Que votre petit ami soit en bonne sant\u00e9 pendant longtemps\u00a0!<\/p>\n","protected":false},"featured_media":26535,"template":"","meta":{"jetpack_publicize_message":"","jetpack_publicize_feature_enabled":true,"jetpack_social_post_already_shared":true,"jetpack_social_options":{"image_generator_settings":{"template":"highway","default_image_id":0,"font":"","enabled":false},"version":2}},"product_brand":[],"product_cat":[26,39],"product_tag":[],"class_list":{"0":"post-26534","1":"product","2":"type-product","3":"status-publish","4":"has-post-thumbnail","6":"product_cat-croquettes","7":"product_cat-friandises-et-pates-pour-chien","9":"first","10":"instock","11":"taxable","12":"shipping-taxable","13":"purchasable","14":"product-type-simple"},"supplier_id":5590,"supplier_sku":"578573","barcode":null,"atum_controlled":true,"out_stock_date":null,"out_stock_threshold":null,"inheritable":false,"inbound_stock":0,"stock_on_hold":1,"sold_today":0,"sales_last_days":1,"reserved_stock":0,"customer_returns":0,"warehouse_damage":0,"lost_in_post":0,"other_logs":0,"out_stock_days":0,"lost_sales":0,"has_location":false,"update_date":"2026-05-03T00:17:27","atum_locations":[],"atum_stock_status":"instock","restock_status":false,"low_stock_amount":10,"sales_update_date":"2026-05-03T00:17:26","calc_backorders":null,"jetpack_publicize_connections":[],"jetpack_sharing_enabled":true,"batches":[{"id":"5066","date_created":"2025-08-31 18:37:12","date_expiry":"2026-10-26 00:00:00","user_id":"1","batch_number":"BritCareDetoxe261026","location":"","quantity":"30.0000","quantity_available":"18.0000","units":"1","status":"active","order_ids":"[26584,26763,27685,28059,29057,32080,32278,35392,37972,38678,41017,41068]","supplier":"Brit","po":{"id":"5029","date_created":"2025-08-31 18:37:13","batch_id":"5066","po_number":"","supplier":"Brit","cost":null,"regular_price":null,"sale_price":null,"price_margin":null,"price_discount":null}}],"_links":{"self":[{"href":"https:\/\/petworld.ma\/index.php\/wp-json\/wp\/v2\/product\/26534","targetHints":{"allow":["GET"]}}],"collection":[{"href":"https:\/\/petworld.ma\/index.php\/wp-json\/wp\/v2\/product"}],"about":[{"href":"https:\/\/petworld.ma\/index.php\/wp-json\/wp\/v2\/types\/product"}],"wp:featuredmedia":[{"embeddable":true,"href":"https:\/\/petworld.ma\/index.php\/wp-json\/wp\/v2\/media\/26535"}],"wp:attachment":[{"href":"https:\/\/petworld.ma\/index.php\/wp-json\/wp\/v2\/media?parent=26534"}],"wp:term":[{"taxonomy":"product_brand","embeddable":true,"href":"https:\/\/petworld.ma\/index.php\/wp-json\/wp\/v2\/product_brand?post=26534"},{"taxonomy":"product_cat","embeddable":true,"href":"https:\/\/petworld.ma\/index.php\/wp-json\/wp\/v2\/product_cat?post=26534"},{"taxonomy":"product_tag","embeddable":true,"href":"https:\/\/petworld.ma\/index.php\/wp-json\/wp\/v2\/product_tag?post=26534"}],"curies":[{"name":"wp","href":"https:\/\/api.w.org\/{rel}","templated":true}]}}