{"id":26536,"date":"2025-08-31T18:38:29","date_gmt":"2025-08-31T18:38:29","guid":{"rendered":"https:\/\/petworld.ma\/?post_type=product&#038;p=26536"},"modified":"2026-04-14T22:13:21","modified_gmt":"2026-04-14T22:13:21","slug":"brit-dental-stick-fresh-breath-haleine-fraiche-petit-chien-7-pcs-150g","status":"publish","type":"product","link":"https:\/\/petworld.ma\/index.php\/produit\/brit-dental-stick-fresh-breath-haleine-fraiche-petit-chien-7-pcs-150g\/","title":{"rendered":"Brit Dental Stick Fresh Breath (Haleine Fra\u00eeche) Petit Chien 7 pcs 150g"},"content":{"rendered":"<p><strong>Des friandises fonctionnelles semi-molles pour une cavit\u00e9 buccale saine et une haleine fra\u00eeche.<\/strong><br \/>\nPetits morceaux, grands avantages. Que votre petit ami soit en bonne sant\u00e9 pendant longtemps\u00a0!<\/p>\n<ul>\n<li>HAINE FRA\u00ceCHE = HALEINE FRA\u00ceCHE ET SANT\u00c9 DENTAIRE<\/li>\n<li>CONTIENT DE LA MENTHE ET DU CURCUMA<\/li>\n<li>FAIBLE EN CALORIES<\/li>\n<li>ADAPT\u00c9 AUX BESOINS DES PETITES RACES<\/li>\n<\/ul>\n<p>Ces friandises ont \u00e9t\u00e9\u00a0<strong>con\u00e7ues sp\u00e9cifiquement pour les mini-races<\/strong>, qui repr\u00e9sentent 60 % de tous les chiens domestiques. Bien qu\u2019ils soient de petite taille, ils ont des besoins nutritionnels sp\u00e9cifiques.<\/p>\n<p>Les mini friandises Brit Care r\u00e9pondent \u00e0 ces besoins\u00a0<strong>avec une faible valeur calorique, une teneur \u00e9lev\u00e9e en ingr\u00e9dients fonctionnels\u00a0<\/strong>et une composition \u00e9quilibr\u00e9e soutenant la sant\u00e9 et l\u2019\u00e9tat des petits chiens.<\/p>\n<p><strong>Principaux avantages :<\/strong><br \/>\n\u2022 Texture semi-molle adapt\u00e9e aux jeunes et aux chiens<br \/>\nplus \u00e2g\u00e9s \u2022 Viande de haute qualit\u00e9 et ingr\u00e9dients<br \/>\nfonctionnels \u2022 Sans colorants ni conservateurs artificiels<\/p>\n<p><strong>Ingr\u00e9dients :<\/strong><br \/>\namidon de tapioca (46\u00a0%), pois jaunes (25\u00a0%), glyc\u00e9rol v\u00e9g\u00e9tal (12\u00a0%), levure hydrolys\u00e9e (5\u00a0%), lignocellulose (4\u00a0%), m\u00e9lasse (3\u00a0%), menthe s\u00e9ch\u00e9e (1\u00a0%), sauge s\u00e9ch\u00e9e (1\u00a0%), noix de coco s\u00e9ch\u00e9e (1\u00a0%), farine de pois, acide fulvique (0,5\u00a0%), Curcuma s\u00e9ch\u00e9 (0,3\u00a0%), hexam\u00e9taphosphate de sodium (0,3\u00a0%), extrait de melon cantaloup (0,01\u00a0%), bact\u00e9ries inactiv\u00e9es et leurs parties (Lactobacillus helveticus HA \u2013 122, 15&#215;109 cellules\/kg).<\/p>\n<p><strong>Constituants analytiques :<\/strong><br \/>\nprot\u00e9ines brutes 12,0 %, mati\u00e8res grasses brutes 1,5 %, fibres brutes 3,5 %, cendres brutes 3,0 %, humidit\u00e9 17,0 %, calcium 0,1 %, phosphore 0,2 %, sodium 0,05 %.<\/p>\n<p><strong>Additifs nutritionnels par kg :<\/strong><br \/>\nvitamine C (3a312) 35 mg.<\/p>\n<p><strong>Contient des conservateurs approuv\u00e9s par l\u2019UE :<\/strong><br \/>\nacide citrique (1a330), acide DL-malique (1a296).<\/p>\n<p><strong>\u00c9nergie m\u00e9tabolisable :<\/strong><br \/>\n2900 kcal\/kg.<\/p>\n<p><strong>Instructions d\u2019alimentation :<\/strong><br \/>\n<strong>Donnez 1 barre par jour en guise de g\u00e2terie ou de r\u00e9compense.<\/strong>\u00a0Assurez-vous que votre chien a toujours beaucoup d\u2019eau potable fra\u00eeche. Il ne s\u2019agit pas d\u2019un aliment complet ; Suivez la dose quotidienne recommand\u00e9e et ne suralimentez pas. Conserver dans un endroit frais et sec, \u00e0 l\u2019abri de la lumi\u00e8re directe du soleil. Une fois ouvert, refermez herm\u00e9tiquement pour pr\u00e9server la fra\u00eecheur. Date de p\u00e9remption &#8211; voir emballage.<\/p>\n","protected":false},"excerpt":{"rendered":"<p class=\"p1\"><strong>Des friandises fonctionnelles semi-molles pour une cavit\u00e9 buccale saine et une haleine fra\u00eeche.<\/strong><br \/>\nPetits morceaux, grands avantages. Que votre petit ami soit en bonne sant\u00e9 pendant longtemps\u00a0!<\/p>\n","protected":false},"featured_media":26538,"template":"","meta":{"jetpack_publicize_message":"","jetpack_publicize_feature_enabled":true,"jetpack_social_post_already_shared":true,"jetpack_social_options":{"image_generator_settings":{"template":"highway","default_image_id":0,"font":"","enabled":false},"version":2}},"product_brand":[],"product_cat":[217,39],"product_tag":[],"class_list":{"0":"post-26536","1":"product","2":"type-product","3":"status-publish","4":"has-post-thumbnail","6":"product_cat-dentifrice-soin-buccal-hygiene-et-soins","7":"product_cat-friandises-et-pates-pour-chien","9":"first","10":"instock","11":"taxable","12":"shipping-taxable","13":"purchasable","14":"product-type-simple"},"supplier_id":5590,"supplier_sku":"578580","barcode":null,"atum_controlled":true,"out_stock_date":null,"out_stock_threshold":null,"inheritable":false,"inbound_stock":0,"stock_on_hold":0,"sold_today":0,"sales_last_days":0,"reserved_stock":0,"customer_returns":0,"warehouse_damage":0,"lost_in_post":0,"other_logs":0,"out_stock_days":0,"lost_sales":0,"has_location":false,"update_date":"2026-05-07T00:18:57","atum_locations":[],"atum_stock_status":"instock","restock_status":false,"low_stock_amount":10,"sales_update_date":"2026-05-07T00:18:56","calc_backorders":null,"jetpack_publicize_connections":[],"jetpack_sharing_enabled":true,"batches":[{"id":"5067","date_created":"2025-08-31 18:45:28","date_expiry":"2026-10-25 00:00:00","user_id":"2760","batch_number":"BritCareMiniFreshB251026","location":"","quantity":"30.0000","quantity_available":"0.0000","units":"1","status":"archived","order_ids":"[27131,27215,29057,29221,29333,29953,30141,31167,32233,35663,36133,36190,37233,37708,38029,38035,38045,38940,39011,39173]","supplier":"Brit","po":{"id":"5030","date_created":"2025-08-31 18:45:29","batch_id":"5067","po_number":"","supplier":"Brit","cost":null,"regular_price":null,"sale_price":null,"price_margin":null,"price_discount":null}},{"id":"8748","date_created":"2026-04-06 15:20:45","date_expiry":"2027-02-28 00:00:00","user_id":"2760","batch_number":"BritCareMiniFreshB300227","location":"","quantity":"15.0000","quantity_available":"12.0000","units":"1","status":"active","order_ids":"[39173,39763]","supplier":"Brit","po":{"id":"8675","date_created":"2026-04-06 15:20:45","batch_id":"8748","po_number":"","supplier":"Brit","cost":null,"regular_price":null,"sale_price":null,"price_margin":null,"price_discount":null}}],"_links":{"self":[{"href":"https:\/\/petworld.ma\/index.php\/wp-json\/wp\/v2\/product\/26536","targetHints":{"allow":["GET"]}}],"collection":[{"href":"https:\/\/petworld.ma\/index.php\/wp-json\/wp\/v2\/product"}],"about":[{"href":"https:\/\/petworld.ma\/index.php\/wp-json\/wp\/v2\/types\/product"}],"wp:featuredmedia":[{"embeddable":true,"href":"https:\/\/petworld.ma\/index.php\/wp-json\/wp\/v2\/media\/26538"}],"wp:attachment":[{"href":"https:\/\/petworld.ma\/index.php\/wp-json\/wp\/v2\/media?parent=26536"}],"wp:term":[{"taxonomy":"product_brand","embeddable":true,"href":"https:\/\/petworld.ma\/index.php\/wp-json\/wp\/v2\/product_brand?post=26536"},{"taxonomy":"product_cat","embeddable":true,"href":"https:\/\/petworld.ma\/index.php\/wp-json\/wp\/v2\/product_cat?post=26536"},{"taxonomy":"product_tag","embeddable":true,"href":"https:\/\/petworld.ma\/index.php\/wp-json\/wp\/v2\/product_tag?post=26536"}],"curies":[{"name":"wp","href":"https:\/\/api.w.org\/{rel}","templated":true}]}}