{"id":26539,"date":"2025-08-31T19:07:23","date_gmt":"2025-08-31T19:07:23","guid":{"rendered":"https:\/\/petworld.ma\/?post_type=product&#038;p=26539"},"modified":"2026-05-04T19:22:31","modified_gmt":"2026-05-04T19:22:31","slug":"brit-pate-premium-by-nature-chicken-with-hearts-coeurs-poulet-400g","status":"publish","type":"product","link":"https:\/\/petworld.ma\/index.php\/produit\/brit-pate-premium-by-nature-chicken-with-hearts-coeurs-poulet-400g\/","title":{"rendered":"Brit Pat\u00e9 Premium by Nature Chicken with Hearts ( C\u0153urs Poulet) Pour Chien de Toutes Races 400g"},"content":{"rendered":"<div class=\"hidden-xs\">\n<p>P\u00e2t\u00e9 de viande aux c\u0153urs de poulet pour chiens.<\/p>\n<p>Compl\u00e9ment id\u00e9al de croquettes. Aliment complet, collation ou compl\u00e9ment de granul\u00e9s pour chiens adultes de toutes races.\u00a0Il permet d\u2019am\u00e9liorer l\u2019app\u00e9tit et apporte un suppl\u00e9ment d\u2019eau. Enrichi aux myrtilles pour renforcer l\u2019immunit\u00e9, en huile de saumon, en fruits et herbes.<\/p>\n<\/div>\n<ul>\n<li>Facile \u00e0 dig\u00e9rer et d\u00e9licieux<\/li>\n<li>Teneur \u00e9quilibr\u00e9e en nutriments, vitaminees et min\u00e9raux<\/li>\n<li>Sans C\u00c9R\u00c9ALES &#8211; sans SEL &#8211; sans OGM<\/li>\n<\/ul>\n<p class=\"composition\"><strong>Composition:<\/strong>\u00a0poulet 58\u00a0%, consomm\u00e9 de poulet 35,5\u00a0%, c\u0153urs de poulet 4\u00a0%, myrtilles 1\u00a0%, min\u00e9raux 1\u00a0%, huile de saumon 0,5\u00a0%.<\/p>\n<p><strong>Composants analytiques:<\/strong>\u00a0prot\u00e9ine brute 8,0\u00a0%, teneur en mati\u00e8res grasses 6,0\u00a0%, cellulose brute 0,4\u00a0%, cendres brutes 2,9\u00a0%, humidit\u00e9 78,0\u00a0%, calcium 0,3\u00a0%, phosphore 0,3\u00a0%, sodium 0,5\u00a0%.<\/p>\n<p><strong>Ingr\u00e9dients:<\/strong>\u00a0vitamine D3 (E671) 200 IU, vitamine E (3a700) 100\u00a0mg, zinc (3b606) 10\u00a0mg, fer (3b103) 8\u00a0mg, mangan\u00e8se (3b502) 2\u00a0mg, iode (3b201) 0,5\u00a0mg, cuivre (3b405) 0,5\u00a0mg.<\/p>\n<p><strong>Metabolizable energy:<\/strong>\u00a01 030 kcal\/kg<\/p>\n","protected":false},"excerpt":{"rendered":"<div class=\"hidden-xs\">\n<p>P\u00e2t\u00e9 de viande aux c\u0153urs de poulet pour chiens.<\/p>\n<p>Compl\u00e9ment id\u00e9al de croquettes. Aliment complet, collation ou compl\u00e9ment de granul\u00e9s pour chiens adultes de toutes races.\u00a0Il permet d\u2019am\u00e9liorer l\u2019app\u00e9tit et apporte un suppl\u00e9ment d\u2019eau. Enrichi aux myrtilles pour renforcer l\u2019immunit\u00e9, en huile de saumon, en fruits et herbes.<\/p>\n<\/div>\n<ul>\n<li>Facile \u00e0 dig\u00e9rer et d\u00e9licieux<\/li>\n<li>Teneur \u00e9quilibr\u00e9e en nutriments, vitaminees et min\u00e9raux<\/li>\n<li>Sans C\u00c9R\u00c9ALES &#8211; sans SEL &#8211; sans OGM<\/li>\n<\/ul>\n","protected":false},"featured_media":26541,"template":"","meta":{"jetpack_publicize_message":"","jetpack_publicize_feature_enabled":true,"jetpack_social_post_already_shared":true,"jetpack_social_options":{"image_generator_settings":{"template":"highway","default_image_id":0,"font":"","enabled":false},"version":2}},"product_brand":[],"product_cat":[26,39],"product_tag":[],"class_list":{"0":"post-26539","1":"product","2":"type-product","3":"status-publish","4":"has-post-thumbnail","6":"product_cat-croquettes","7":"product_cat-friandises-et-pates-pour-chien","9":"first","10":"instock","11":"taxable","12":"shipping-taxable","13":"purchasable","14":"product-type-simple"},"supplier_id":5590,"supplier_sku":"561780","barcode":null,"atum_controlled":true,"out_stock_date":null,"out_stock_threshold":null,"inheritable":false,"inbound_stock":0,"stock_on_hold":5,"sold_today":0,"sales_last_days":14,"reserved_stock":0,"customer_returns":0,"warehouse_damage":0,"lost_in_post":0,"other_logs":0,"out_stock_days":0,"lost_sales":0,"has_location":false,"update_date":"2026-05-05T13:23:39","atum_locations":[],"atum_stock_status":"instock","restock_status":false,"low_stock_amount":24,"sales_update_date":"2026-05-05T13:23:39","calc_backorders":0,"jetpack_publicize_connections":[],"jetpack_sharing_enabled":true,"batches":[{"id":"5068","date_created":"2025-08-31 19:12:34","date_expiry":"2028-04-09 00:00:00","user_id":"2760","batch_number":"BritPatePremium090428","location":"","quantity":"6.0000","quantity_available":"0.0000","units":"1","status":"archived","order_ids":"[26767,26930,27000]","supplier":"Brit","po":{"id":"5031","date_created":"2025-08-31 19:12:34","batch_id":"5068","po_number":"","supplier":"Brit","cost":null,"regular_price":null,"sale_price":null,"price_margin":null,"price_discount":null}},{"id":"5444","date_created":"2025-09-20 19:55:54","date_expiry":"2028-04-29 00:00:00","user_id":"2760","batch_number":"BritPatePremium290428","location":"","quantity":"24.0000","quantity_available":"0.0000","units":"1","status":"archived","order_ids":"[27884,28696,29156,30891]","supplier":"Brit","po":{"id":"5401","date_created":"2025-09-20 19:55:57","batch_id":"5444","po_number":"","supplier":"Brit","cost":null,"regular_price":null,"sale_price":null,"price_margin":null,"price_discount":null}},{"id":"5826","date_created":"2025-10-21 08:44:02","date_expiry":"2028-04-09 00:00:00","user_id":"2760","batch_number":"BritPatePremium090428","location":"","quantity":"6.0000","quantity_available":"0.0000","units":"1","status":"archived","order_ids":"[29519,29744,30891]","supplier":"Brit","po":{"id":"5775","date_created":"2025-10-21 08:44:02","batch_id":"5826","po_number":"","supplier":"Brit","cost":null,"regular_price":null,"sale_price":null,"price_margin":null,"price_discount":null}},{"id":"7502","date_created":"2026-02-03 23:25:08","date_expiry":"2028-12-30 00:00:00","user_id":"2760","batch_number":"BritPatePremium301228","location":"","quantity":"24.0000","quantity_available":"12.0000","units":"1","status":"active","order_ids":"[36364,38285,38937,38992,39230,39701,39756,40106,40184,41377]","supplier":"Brit","po":{"id":"7437","date_created":"2026-02-03 23:25:08","batch_id":"7502","po_number":"","supplier":"Brit","cost":null,"regular_price":null,"sale_price":null,"price_margin":null,"price_discount":null}},{"id":"8749","date_created":"2026-04-06 15:23:45","date_expiry":"2028-12-30 00:00:00","user_id":"2760","batch_number":"BritPatePremium301228","location":"","quantity":"6.0000","quantity_available":"0.0000","units":"1","status":"archived","order_ids":"[39230]","supplier":"Brit","po":{"id":"8676","date_created":"2026-04-06 15:23:45","batch_id":"8749","po_number":"","supplier":"Brit","cost":null,"regular_price":null,"sale_price":null,"price_margin":null,"price_discount":null}},{"id":"8995","date_created":"2026-04-22 09:41:29","date_expiry":"2028-12-30 00:00:00","user_id":"2760","batch_number":"BritPatePremium301228","location":"","quantity":"12.0000","quantity_available":"0.0000","units":"1","status":"archived","order_ids":"[40789,40925,41377]","supplier":"Brit","po":{"id":"8919","date_created":"2026-04-22 09:41:30","batch_id":"8995","po_number":"","supplier":"Brit","cost":null,"regular_price":null,"sale_price":null,"price_margin":null,"price_discount":null}}],"_links":{"self":[{"href":"https:\/\/petworld.ma\/index.php\/wp-json\/wp\/v2\/product\/26539","targetHints":{"allow":["GET"]}}],"collection":[{"href":"https:\/\/petworld.ma\/index.php\/wp-json\/wp\/v2\/product"}],"about":[{"href":"https:\/\/petworld.ma\/index.php\/wp-json\/wp\/v2\/types\/product"}],"wp:featuredmedia":[{"embeddable":true,"href":"https:\/\/petworld.ma\/index.php\/wp-json\/wp\/v2\/media\/26541"}],"wp:attachment":[{"href":"https:\/\/petworld.ma\/index.php\/wp-json\/wp\/v2\/media?parent=26539"}],"wp:term":[{"taxonomy":"product_brand","embeddable":true,"href":"https:\/\/petworld.ma\/index.php\/wp-json\/wp\/v2\/product_brand?post=26539"},{"taxonomy":"product_cat","embeddable":true,"href":"https:\/\/petworld.ma\/index.php\/wp-json\/wp\/v2\/product_cat?post=26539"},{"taxonomy":"product_tag","embeddable":true,"href":"https:\/\/petworld.ma\/index.php\/wp-json\/wp\/v2\/product_tag?post=26539"}],"curies":[{"name":"wp","href":"https:\/\/api.w.org\/{rel}","templated":true}]}}