{"id":26573,"date":"2025-09-01T12:43:17","date_gmt":"2025-09-01T12:43:17","guid":{"rendered":"https:\/\/petworld.ma\/?post_type=product&#038;p=26573"},"modified":"2026-04-28T18:17:29","modified_gmt":"2026-04-28T18:17:29","slug":"wanpy-50-friandises-cremeuses-assortiment-plusieurs-saveurs","status":"publish","type":"product","link":"https:\/\/petworld.ma\/index.php\/produit\/wanpy-50-friandises-cremeuses-assortiment-plusieurs-saveurs\/","title":{"rendered":"Wanpy 50 friandises Cr\u00e9meuses Assortiment plusieurs saveurs (50x14g)"},"content":{"rendered":"<div id=\"-product-tabs-44-66\" class=\"oxy-product-tabs oxy-woo-element\">\n<div class=\"woocommerce-tabs wc-tabs-wrapper\">\n<h3><span style=\"text-decoration: underline\"><strong>Description :<\/strong><\/span><\/h3>\n<div id=\"tab-description\" class=\"woocommerce-Tabs-panel woocommerce-Tabs-panel--description panel entry-content wc-tab\" role=\"tabpanel\" aria-labelledby=\"tab-title-description\">\n<p class=\"\" data-start=\"205\" data-end=\"545\"><strong data-start=\"205\" data-end=\"265\"><span dir=\"auto\">R\u00e9compensez votre chat avec les d\u00e9licieuses friandises cr\u00e9meuses Wanpy !<\/span><\/strong><br data-start=\"265\" data-end=\"268\" \/><span dir=\"auto\">Le coffret Wanpy Creamy Treat Assortiment contient 50 b\u00e2tonnets aux quatre saveurs d\u00e9licieuses : poulet, thon au saumon, thon au cabillaud et thon aux crevettes. Gr\u00e2ce \u00e0 leur composition 100 % naturelle et \u00e0 l&rsquo;absence d&rsquo;additifs artificiels, ils conviennent m\u00eame aux chatons de plus de 3 mois.<\/span><\/p>\n<h4 class=\"\" data-start=\"547\" data-end=\"588\"><span dir=\"auto\">Pourquoi choisir Wanpy Creamy Treat :<\/span><\/h4>\n<ul data-start=\"589\" data-end=\"965\">\n<li class=\"\" data-start=\"589\" data-end=\"628\">\n<p class=\"\" data-start=\"591\" data-end=\"628\"><strong data-start=\"591\" data-end=\"628\"><span dir=\"auto\">4 saveurs irr\u00e9sistibles dans un seul emballage<\/span><\/strong><\/p>\n<\/li>\n<li class=\"\" data-start=\"629\" data-end=\"730\">\n<p class=\"\" data-start=\"631\" data-end=\"730\"><strong data-start=\"631\" data-end=\"652\"><span dir=\"auto\">Seulement 0,1 % de mati\u00e8res grasses<\/span><\/strong><span dir=\"auto\">\u00a0\u2013 convient aux chats st\u00e9rilis\u00e9s, moins actifs ou en surpoids<\/span><\/p>\n<\/li>\n<li class=\"\" data-start=\"731\" data-end=\"781\">\n<p class=\"\" data-start=\"733\" data-end=\"781\"><strong data-start=\"733\" data-end=\"779\"><span dir=\"auto\">Enrichi en vitamines A, D3, E et complexe B<\/span><\/strong><\/p>\n<\/li>\n<li class=\"\" data-start=\"782\" data-end=\"853\">\n<p class=\"\" data-start=\"784\" data-end=\"853\"><strong data-start=\"784\" data-end=\"803\"><span dir=\"auto\">Ils contiennent de la taurine<\/span><\/strong><span dir=\"auto\">\u00a0\u2013 importante pour le c\u0153ur, la vision et le syst\u00e8me nerveux<\/span><\/p>\n<\/li>\n<li class=\"\" data-start=\"854\" data-end=\"921\">\n<p class=\"\" data-start=\"856\" data-end=\"921\"><strong data-start=\"856\" data-end=\"919\"><span dir=\"auto\">Sans c\u00e9r\u00e9ales, sans OGM, sans colorants et sans conservateurs<\/span><\/strong><\/p>\n<\/li>\n<li class=\"\" data-start=\"922\" data-end=\"965\">\n<p class=\"\" data-start=\"924\" data-end=\"965\"><strong data-start=\"924\" data-end=\"965\"><span dir=\"auto\">Qualit\u00e9 premium et excellente digestibilit\u00e9<\/span><\/strong><\/p>\n<\/li>\n<\/ul>\n<\/div>\n<\/div>\n<h3 data-start=\"967\" data-end=\"991\"><span style=\"text-decoration: underline\"><strong><span dir=\"auto\">Modes d&rsquo;utilisation :<\/span><\/strong><\/span><\/h3>\n<ul data-start=\"992\" data-end=\"1209\">\n<li class=\"\" data-start=\"992\" data-end=\"1061\">\n<p class=\"\" data-start=\"994\" data-end=\"1061\"><span dir=\"auto\">En guise de friandise autonome \u2013 directement du b\u00e2tonnet ou dans un bol<\/span><\/p>\n<\/li>\n<li class=\"\" data-start=\"1062\" data-end=\"1122\">\n<p class=\"\" data-start=\"1064\" data-end=\"1122\"><span dir=\"auto\">En garniture pour aliments secs ou humides \u2013 pour augmenter l&rsquo;app\u00e9tit<\/span><\/p>\n<\/li>\n<li class=\"\" data-start=\"1123\" data-end=\"1153\">\n<p class=\"\" data-start=\"1125\" data-end=\"1153\"><span dir=\"auto\">Pour cacher de la drogue<\/span><\/p>\n<\/li>\n<li class=\"\" data-start=\"1154\" data-end=\"1209\">\n<p class=\"\" data-start=\"1156\" data-end=\"1209\"><span dir=\"auto\">Pour les chats en convalescence \u2013 facile \u00e0 dig\u00e9rer et savoureux<\/span><\/p>\n<\/li>\n<\/ul>\n<h3 data-start=\"1211\" data-end=\"1239\"><span style=\"text-decoration: underline\"><strong><span dir=\"auto\">Recommandations nutritionnelles :<\/span><\/strong><\/span><\/h3>\n<p class=\"\" data-start=\"1240\" data-end=\"1356\"><span dir=\"auto\">Pour les chats jusqu&rsquo;\u00e0 5 kg\u00a0: 3 \u00e0 6 b\u00e2tonnets par jour. Convient aux chats de plus de 3 mois. Laisser de l&rsquo;eau fra\u00eeche \u00e0 disposition en permanence.<\/span><\/p>\n<h3 data-start=\"1358\" data-end=\"1376\"><span style=\"text-decoration: underline\"><strong><span dir=\"auto\">Stockage:<\/span><\/strong><\/span><\/h3>\n<p class=\"\" data-start=\"1377\" data-end=\"1513\"><span dir=\"auto\">\u00c0 conserver dans un endroit frais et sec, \u00e0 une temp\u00e9rature maximale de 30 \u00b0C, \u00e0 l&rsquo;abri de la lumi\u00e8re directe du soleil. Apr\u00e8s ouverture, conserver au r\u00e9frig\u00e9rateur et consommer rapidement.<\/span><\/p>\n<\/div>\n","protected":false},"excerpt":{"rendered":"<p><strong>Pour chat \u00e0 partir de l&rsquo;\u00e2ge de 3 mois.<\/strong><\/p>\n<p><strong>Pack \u00e9conomique contient 50 tubes:<\/strong><\/p>\n<ul>\n<li>Poulet<\/li>\n<li>Thon\/Saumon<\/li>\n<li>Thon\/Cabillaud<\/li>\n<li>Thon\/Crevette<\/li>\n<\/ul>\n","protected":false},"featured_media":26574,"template":"","meta":{"jetpack_publicize_message":"","jetpack_publicize_feature_enabled":true,"jetpack_social_post_already_shared":true,"jetpack_social_options":{"image_generator_settings":{"template":"highway","default_image_id":0,"font":"","enabled":false},"version":2}},"product_brand":[],"product_cat":[41],"product_tag":[],"class_list":{"0":"post-26573","1":"product","2":"type-product","3":"status-publish","4":"has-post-thumbnail","6":"product_cat-friandises-et-pate-pour-chat","8":"first","9":"instock","10":"taxable","11":"shipping-taxable","12":"purchasable","13":"product-type-simple"},"supplier_id":30685,"supplier_sku":"PIWP-111","barcode":null,"atum_controlled":true,"out_stock_date":null,"out_stock_threshold":null,"inheritable":false,"inbound_stock":0,"stock_on_hold":0,"sold_today":0,"sales_last_days":1,"reserved_stock":0,"customer_returns":0,"warehouse_damage":0,"lost_in_post":0,"other_logs":0,"out_stock_days":0,"lost_sales":0,"has_location":false,"update_date":"2026-05-10T00:21:09","atum_locations":[],"atum_stock_status":"instock","restock_status":false,"low_stock_amount":5,"sales_update_date":"2026-05-10T00:21:09","calc_backorders":0,"jetpack_publicize_connections":[],"jetpack_sharing_enabled":true,"batches":[{"id":"5172","date_created":"2025-09-07 15:09:31","date_expiry":"2027-02-06 00:00:00","user_id":"2760","batch_number":"lot060227","location":"","quantity":"4.0000","quantity_available":"0.0000","units":"1","status":"archived","order_ids":"[29023,29655,29767,31260]","supplier":"OWNAT ","po":{"id":"5983","date_created":"2025-11-06 12:44:08","batch_id":"5172","po_number":"","supplier":"OWNAT ","cost":null,"regular_price":null,"sale_price":null,"price_margin":null,"price_discount":null}},{"id":"6038","date_created":"2025-11-06 12:44:08","date_expiry":"2027-02-28 00:00:00","user_id":"2760","batch_number":"lot280227","location":"","quantity":"215.0000","quantity_available":"0.0000","units":"1","status":"archived","order_ids":"[32660,33098,33639,33689,33866,36686,36887,36954,37056,37527,37678,38119,38201,39950,40932]","supplier":"OWNAT ","po":{"id":"5984","date_created":"2025-11-06 12:44:09","batch_id":"6038","po_number":"","supplier":"OWNAT ","cost":null,"regular_price":null,"sale_price":null,"price_margin":null,"price_discount":null}},{"id":"6830","date_created":"2025-12-22 12:13:23","date_expiry":"2027-02-28 00:00:00","user_id":"2760","batch_number":"lot280227","location":"","quantity":"1.0000","quantity_available":"0.0000","units":"1","status":"archived","order_ids":"[32660]","supplier":"OWNAT ","po":{"id":"6776","date_created":"2025-12-22 12:13:23","batch_id":"6830","po_number":"","supplier":"OWNAT ","cost":null,"regular_price":null,"sale_price":null,"price_margin":null,"price_discount":null}},{"id":"7276","date_created":"2026-01-22 11:34:03","date_expiry":"2027-02-28 00:00:00","user_id":"2760","batch_number":"lot280227","location":"","quantity":"2.0000","quantity_available":"0.0000","units":"1","status":"archived","order_ids":"[34005,34008]","supplier":"OWNAT ","po":{"id":"7212","date_created":"2026-01-22 11:34:04","batch_id":"7276","po_number":"","supplier":"OWNAT ","cost":null,"regular_price":null,"sale_price":null,"price_margin":null,"price_discount":null}},{"id":"8263","date_created":"2026-03-14 11:46:31","date_expiry":"2027-04-28 00:00:00","user_id":"2760","batch_number":"lot280427","location":"","quantity":"2.0000","quantity_available":"2.0000","units":"1","status":"active","order_ids":null,"supplier":"OWNAT ","po":{"id":"8189","date_created":"2026-03-14 11:46:31","batch_id":"8263","po_number":"","supplier":"OWNAT ","cost":null,"regular_price":null,"sale_price":null,"price_margin":null,"price_discount":null}}],"_links":{"self":[{"href":"https:\/\/petworld.ma\/index.php\/wp-json\/wp\/v2\/product\/26573","targetHints":{"allow":["GET"]}}],"collection":[{"href":"https:\/\/petworld.ma\/index.php\/wp-json\/wp\/v2\/product"}],"about":[{"href":"https:\/\/petworld.ma\/index.php\/wp-json\/wp\/v2\/types\/product"}],"wp:featuredmedia":[{"embeddable":true,"href":"https:\/\/petworld.ma\/index.php\/wp-json\/wp\/v2\/media\/26574"}],"wp:attachment":[{"href":"https:\/\/petworld.ma\/index.php\/wp-json\/wp\/v2\/media?parent=26573"}],"wp:term":[{"taxonomy":"product_brand","embeddable":true,"href":"https:\/\/petworld.ma\/index.php\/wp-json\/wp\/v2\/product_brand?post=26573"},{"taxonomy":"product_cat","embeddable":true,"href":"https:\/\/petworld.ma\/index.php\/wp-json\/wp\/v2\/product_cat?post=26573"},{"taxonomy":"product_tag","embeddable":true,"href":"https:\/\/petworld.ma\/index.php\/wp-json\/wp\/v2\/product_tag?post=26573"}],"curies":[{"name":"wp","href":"https:\/\/api.w.org\/{rel}","templated":true}]}}