{"id":26619,"date":"2025-09-01T21:26:28","date_gmt":"2025-09-01T21:26:28","guid":{"rendered":"https:\/\/petworld.ma\/?post_type=product&#038;p=26619"},"modified":"2026-05-01T18:09:58","modified_gmt":"2026-05-01T18:09:58","slug":"wanpy-5-friandises-cremeuses-thon","status":"publish","type":"product","link":"https:\/\/petworld.ma\/index.php\/produit\/wanpy-5-friandises-cremeuses-thon\/","title":{"rendered":"Wanpy 5 friandises Cr\u00e9meuses Thon (5x14g)"},"content":{"rendered":"<div id=\"-product-tabs-44-66\" class=\"oxy-product-tabs oxy-woo-element\">\n<div class=\"woocommerce-tabs wc-tabs-wrapper\">\n<h3><span style=\"text-decoration: underline\"><strong>Description :<\/strong><\/span><\/h3>\n<div id=\"tab-description\" class=\"woocommerce-Tabs-panel woocommerce-Tabs-panel--description panel entry-content wc-tab\" role=\"tabpanel\" aria-labelledby=\"tab-title-description\">\n<p><span dir=\"auto\">Wanpy Creamy 5 x 14 g &#8211; friandise cr\u00e9meuse de qualit\u00e9 sup\u00e9rieure pour chat au thon et au saumon, 5 portions<\/span><\/p>\n<p><span dir=\"auto\">Friandise cr\u00e9meuse pour chats, 5 portions.<\/span><\/p>\n<p><span dir=\"auto\">Convient aux chats de plus de 3 mois. Dose recommand\u00e9e\u00a0: 3 portions pour 5\u00a0kg de poids corporel.<\/span><\/p>\n<p><span dir=\"auto\">Sans colorants ni conservateurs, facilement digestibles, renforcent l&rsquo;immunit\u00e9, contiennent des vitamines A, B2, B3, B5, D3, E pour une belle fourrure et une peau saine.<\/span><\/p>\n<p><strong style=\"font-size: 20.16px;color: #333333\"><span dir=\"auto\">Modes d&rsquo;utilisation :<\/span><\/strong><\/p>\n<\/div>\n<\/div>\n<ul data-start=\"992\" data-end=\"1209\">\n<li class=\"\" data-start=\"992\" data-end=\"1061\">\n<p class=\"\" data-start=\"994\" data-end=\"1061\"><span dir=\"auto\">En guise de friandise autonome \u2013 directement du b\u00e2tonnet ou dans un bol<\/span><\/p>\n<\/li>\n<li class=\"\" data-start=\"1062\" data-end=\"1122\">\n<p class=\"\" data-start=\"1064\" data-end=\"1122\"><span dir=\"auto\">En garniture pour aliments secs ou humides \u2013 pour augmenter l&rsquo;app\u00e9tit<\/span><\/p>\n<\/li>\n<li class=\"\" data-start=\"1123\" data-end=\"1153\">\n<p class=\"\" data-start=\"1125\" data-end=\"1153\"><span dir=\"auto\">Pour cacher de la drogue<\/span><\/p>\n<\/li>\n<li class=\"\" data-start=\"1154\" data-end=\"1209\">\n<p class=\"\" data-start=\"1156\" data-end=\"1209\"><span dir=\"auto\">Pour les chats en convalescence \u2013 facile \u00e0 dig\u00e9rer et savoureux<\/span><\/p>\n<\/li>\n<\/ul>\n<h3 data-start=\"1211\" data-end=\"1239\"><span style=\"text-decoration: underline\"><strong><span dir=\"auto\">Recommandations nutritionnelles :<\/span><\/strong><\/span><\/h3>\n<p class=\"\" data-start=\"1240\" data-end=\"1356\"><span dir=\"auto\">Pour les chats jusqu&rsquo;\u00e0 5 kg\u00a0: 3 \u00e0 6 b\u00e2tonnets par jour. Convient aux chats de plus de 3 mois. Laisser de l&rsquo;eau fra\u00eeche \u00e0 disposition en permanence.<\/span><\/p>\n<h3 data-start=\"1358\" data-end=\"1376\"><span style=\"text-decoration: underline\"><strong><span dir=\"auto\">Stockage:<\/span><\/strong><\/span><\/h3>\n<p class=\"\" data-start=\"1377\" data-end=\"1513\"><span dir=\"auto\">\u00c0 conserver dans un endroit frais et sec, \u00e0 une temp\u00e9rature maximale de 30 \u00b0C, \u00e0 l&rsquo;abri de la lumi\u00e8re directe du soleil. Apr\u00e8s ouverture, conserver au r\u00e9frig\u00e9rateur et consommer rapidement.<\/span><\/p>\n<\/div>\n","protected":false},"excerpt":{"rendered":"<p>Description : Wanpy Creamy 5 x 14 g &#8211; friandise cr\u00e9meuse de qualit\u00e9 sup\u00e9rieure pour chat au thon et au saumon, 5 portions Friandise cr\u00e9meuse pour chats, 5 portions. Convient aux chats de plus de 3 mois. Dose recommand\u00e9e\u00a0: 3 portions pour 5\u00a0kg de poids corporel. Sans colorants ni conservateurs, facilement digestibles, renforcent l&rsquo;immunit\u00e9, contiennent [&#8230;]\n","protected":false},"featured_media":26620,"template":"","meta":{"jetpack_publicize_message":"","jetpack_publicize_feature_enabled":true,"jetpack_social_post_already_shared":true,"jetpack_social_options":{"image_generator_settings":{"template":"highway","default_image_id":0,"font":"","enabled":false},"version":2}},"product_brand":[],"product_cat":[41],"product_tag":[],"class_list":{"0":"post-26619","1":"product","2":"type-product","3":"status-publish","4":"has-post-thumbnail","6":"product_cat-friandises-et-pate-pour-chat","8":"first","9":"instock","10":"taxable","11":"shipping-taxable","12":"purchasable","13":"product-type-simple"},"supplier_id":30685,"supplier_sku":"PIWP-021","barcode":null,"atum_controlled":true,"out_stock_date":null,"out_stock_threshold":null,"inheritable":false,"inbound_stock":0,"stock_on_hold":0,"sold_today":0,"sales_last_days":3,"reserved_stock":0,"customer_returns":0,"warehouse_damage":0,"lost_in_post":0,"other_logs":0,"out_stock_days":0,"lost_sales":0,"has_location":false,"update_date":"2026-05-07T00:16:38","atum_locations":[],"atum_stock_status":"instock","restock_status":false,"low_stock_amount":12,"sales_update_date":"2026-05-07T00:16:38","calc_backorders":0,"jetpack_publicize_connections":[],"jetpack_sharing_enabled":true,"batches":[{"id":"5256","date_created":"2025-09-10 15:45:32","date_expiry":"2026-12-23 00:00:00","user_id":"2760","batch_number":"LOT231226","location":"","quantity":"44.0000","quantity_available":"0.0000","units":"1","status":"archived","order_ids":"[26949,26987,27125,27126,27818,27982,28186,28272,28482,28544,28714,26960,28763,26882,28908,29055,29192,29276,29781,30040,30291]","supplier":"WANPY","po":{"id":"5213","date_created":"2025-09-10 15:45:33","batch_id":"5256","po_number":"","supplier":"WANPY","cost":null,"regular_price":null,"sale_price":null,"price_margin":null,"price_discount":null}},{"id":"6036","date_created":"2025-11-06 12:33:01","date_expiry":"2026-12-30 00:00:00","user_id":"2760","batch_number":"LOT301226","location":"","quantity":"72.0000","quantity_available":"0.0000","units":"1","status":"archived","order_ids":"[30291,30632,30792,30934,30987,30997,31079,31238,31432,31635,31666,32009,32032,32146,32195,32261,32326,32588,32821,32846,32941,33119,33263,33292,33385,33452,33457,33586,33655,33657,33786,33964,34452,34799,34916,35540,35648,35659,35729,35756,36194,36210,36227,36237]","supplier":"WANPY","po":{"id":"5980","date_created":"2025-11-06 12:33:02","batch_id":"6036","po_number":"","supplier":"WANPY","cost":null,"regular_price":null,"sale_price":null,"price_margin":null,"price_discount":null}},{"id":"6829","date_created":"2025-12-22 11:57:49","date_expiry":"2026-12-30 00:00:00","user_id":"2760","batch_number":"LOT301226","location":"","quantity":"48.0000","quantity_available":"48.0000","units":"1","status":"active","order_ids":null,"supplier":"WANPY","po":{"id":"6775","date_created":"2025-12-22 11:57:50","batch_id":"6829","po_number":"","supplier":"WANPY","cost":null,"regular_price":null,"sale_price":null,"price_margin":null,"price_discount":null}},{"id":"7274","date_created":"2026-01-22 11:32:40","date_expiry":"2026-12-30 00:00:00","user_id":"2760","batch_number":"LOT301226","location":"","quantity":"24.0000","quantity_available":"0.0000","units":"1","status":"archived","order_ids":"[36237,36246,38312,38369,38466,38576,38596,38599,38683,38921,38966,39195,36826,39948,40051]","supplier":"WANPY","po":{"id":"7210","date_created":"2026-01-22 11:32:41","batch_id":"7274","po_number":"","supplier":"WANPY","cost":null,"regular_price":null,"sale_price":null,"price_margin":null,"price_discount":null}},{"id":"7909","date_created":"2026-02-24 20:21:50","date_expiry":"2026-12-30 00:00:00","user_id":"2760","batch_number":"LOT301226","location":"","quantity":"12.0000","quantity_available":"0.0000","units":"1","status":"archived","order_ids":"[36503,36661,36710,36716,36830,36841,36988,37847,37932,38312]","supplier":"WANPY","po":{"id":"7845","date_created":"2026-02-24 20:21:50","batch_id":"7909","po_number":"","supplier":"WANPY","cost":null,"regular_price":null,"sale_price":null,"price_margin":null,"price_discount":null}},{"id":"8261","date_created":"2026-03-14 11:43:37","date_expiry":"2026-12-30 00:00:00","user_id":"2760","batch_number":"LOT301226","location":"","quantity":"24.0000","quantity_available":"16.0000","units":"1","status":"active","order_ids":"[40559,40748,40957,41199]","supplier":"WANPY","po":{"id":"8187","date_created":"2026-03-14 11:43:37","batch_id":"8261","po_number":"","supplier":"WANPY","cost":null,"regular_price":null,"sale_price":null,"price_margin":null,"price_discount":null}}],"_links":{"self":[{"href":"https:\/\/petworld.ma\/index.php\/wp-json\/wp\/v2\/product\/26619","targetHints":{"allow":["GET"]}}],"collection":[{"href":"https:\/\/petworld.ma\/index.php\/wp-json\/wp\/v2\/product"}],"about":[{"href":"https:\/\/petworld.ma\/index.php\/wp-json\/wp\/v2\/types\/product"}],"wp:featuredmedia":[{"embeddable":true,"href":"https:\/\/petworld.ma\/index.php\/wp-json\/wp\/v2\/media\/26620"}],"wp:attachment":[{"href":"https:\/\/petworld.ma\/index.php\/wp-json\/wp\/v2\/media?parent=26619"}],"wp:term":[{"taxonomy":"product_brand","embeddable":true,"href":"https:\/\/petworld.ma\/index.php\/wp-json\/wp\/v2\/product_brand?post=26619"},{"taxonomy":"product_cat","embeddable":true,"href":"https:\/\/petworld.ma\/index.php\/wp-json\/wp\/v2\/product_cat?post=26619"},{"taxonomy":"product_tag","embeddable":true,"href":"https:\/\/petworld.ma\/index.php\/wp-json\/wp\/v2\/product_tag?post=26619"}],"curies":[{"name":"wp","href":"https:\/\/api.w.org\/{rel}","templated":true}]}}