{"id":26621,"date":"2025-09-01T21:31:08","date_gmt":"2025-09-01T21:31:08","guid":{"rendered":"https:\/\/petworld.ma\/?post_type=product&#038;p=26621"},"modified":"2026-05-04T08:51:41","modified_gmt":"2026-05-04T08:51:41","slug":"wanpy-25-friandises-cremeuses-assortiment-plusieurs-saveurs-25x14g","status":"publish","type":"product","link":"https:\/\/petworld.ma\/index.php\/produit\/wanpy-25-friandises-cremeuses-assortiment-plusieurs-saveurs-25x14g\/","title":{"rendered":"Wanpy 25 friandises Cr\u00e9meuses Assortiment plusieurs saveurs (25x14g)"},"content":{"rendered":"<div id=\"-product-tabs-44-66\" class=\"oxy-product-tabs oxy-woo-element\">\n<div class=\"woocommerce-tabs wc-tabs-wrapper\">\n<h3><span style=\"text-decoration: underline\"><strong>Description :<\/strong><\/span><\/h3>\n<div id=\"tab-description\" class=\"woocommerce-Tabs-panel woocommerce-Tabs-panel--description panel entry-content wc-tab\" role=\"tabpanel\" aria-labelledby=\"tab-title-description\">\n<p class=\"\" data-start=\"205\" data-end=\"545\"><strong data-start=\"205\" data-end=\"265\"><span dir=\"auto\">R\u00e9compensez votre chat avec les d\u00e9licieuses friandises cr\u00e9meuses Wanpy !<\/span><\/strong><br data-start=\"265\" data-end=\"268\" \/><span dir=\"auto\">Le coffret Wanpy Creamy Treat Assortiment contient 25 b\u00e2tonnets avec plusieurs saveurs d\u00e9licieuses : <\/span><span dir=\"auto\">Thon, <\/span><span style=\"color: #333333\">Thon et hu\u00eetres, <\/span><span style=\"color: #333333\">Thon et saumon, <\/span><span style=\"color: #333333\">Thon et morue,<\/span><span style=\"color: #333333\"> Thon et crevettes, <\/span><span style=\"color: #333333\">Poissons et crustac\u00e9s, <\/span><span style=\"color: #333333\">Poulet,<\/span><span style=\"color: #333333\"> Poulet et crabe.<\/span><\/p>\n<p class=\"\" data-start=\"205\" data-end=\"545\"><span dir=\"auto\">Gr\u00e2ce \u00e0 leur composition 100 % naturelle et \u00e0 l&rsquo;absence d&rsquo;additifs artificiels, ils conviennent m\u00eame aux chatons de plus de 3 mois.<\/span><\/p>\n<h4 class=\"\" data-start=\"547\" data-end=\"588\"><span dir=\"auto\">Pourquoi choisir Wanpy Creamy Treat :<\/span><\/h4>\n<ul data-start=\"589\" data-end=\"965\">\n<li class=\"\" data-start=\"589\" data-end=\"628\">\n<p class=\"\" data-start=\"591\" data-end=\"628\"><strong data-start=\"591\" data-end=\"628\"><span dir=\"auto\">4 saveurs irr\u00e9sistibles dans un seul emballage<\/span><\/strong><\/p>\n<\/li>\n<li class=\"\" data-start=\"629\" data-end=\"730\">\n<p class=\"\" data-start=\"631\" data-end=\"730\"><strong data-start=\"631\" data-end=\"652\"><span dir=\"auto\">Seulement 0,1 % de mati\u00e8res grasses<\/span><\/strong><span dir=\"auto\">\u00a0\u2013 convient aux chats st\u00e9rilis\u00e9s, moins actifs ou en surpoids<\/span><\/p>\n<\/li>\n<li class=\"\" data-start=\"731\" data-end=\"781\">\n<p class=\"\" data-start=\"733\" data-end=\"781\"><strong data-start=\"733\" data-end=\"779\"><span dir=\"auto\">Enrichi en vitamines A, D3, E et complexe B<\/span><\/strong><\/p>\n<\/li>\n<li class=\"\" data-start=\"782\" data-end=\"853\">\n<p class=\"\" data-start=\"784\" data-end=\"853\"><strong data-start=\"784\" data-end=\"803\"><span dir=\"auto\">Ils contiennent de la taurine<\/span><\/strong><span dir=\"auto\">\u00a0\u2013 importante pour le c\u0153ur, la vision et le syst\u00e8me nerveux<\/span><\/p>\n<\/li>\n<li class=\"\" data-start=\"854\" data-end=\"921\">\n<p class=\"\" data-start=\"856\" data-end=\"921\"><strong data-start=\"856\" data-end=\"919\"><span dir=\"auto\">Sans c\u00e9r\u00e9ales, sans OGM, sans colorants et sans conservateurs<\/span><\/strong><\/p>\n<\/li>\n<li class=\"\" data-start=\"922\" data-end=\"965\">\n<p class=\"\" data-start=\"924\" data-end=\"965\"><strong data-start=\"924\" data-end=\"965\"><span dir=\"auto\">Qualit\u00e9 premium et excellente digestibilit\u00e9<\/span><\/strong><\/p>\n<\/li>\n<\/ul>\n<\/div>\n<\/div>\n<h3 data-start=\"967\" data-end=\"991\"><span style=\"text-decoration: underline\"><strong><span dir=\"auto\">Modes d&rsquo;utilisation :<\/span><\/strong><\/span><\/h3>\n<ul data-start=\"992\" data-end=\"1209\">\n<li class=\"\" data-start=\"992\" data-end=\"1061\">\n<p class=\"\" data-start=\"994\" data-end=\"1061\"><span dir=\"auto\">En guise de friandise autonome \u2013 directement du b\u00e2tonnet ou dans un bol<\/span><\/p>\n<\/li>\n<li class=\"\" data-start=\"1062\" data-end=\"1122\">\n<p class=\"\" data-start=\"1064\" data-end=\"1122\"><span dir=\"auto\">En garniture pour aliments secs ou humides \u2013 pour augmenter l&rsquo;app\u00e9tit<\/span><\/p>\n<\/li>\n<li class=\"\" data-start=\"1123\" data-end=\"1153\">\n<p class=\"\" data-start=\"1125\" data-end=\"1153\"><span dir=\"auto\">Pour cacher de la drogue<\/span><\/p>\n<\/li>\n<li class=\"\" data-start=\"1154\" data-end=\"1209\">\n<p class=\"\" data-start=\"1156\" data-end=\"1209\"><span dir=\"auto\">Pour les chats en convalescence \u2013 facile \u00e0 dig\u00e9rer et savoureux<\/span><\/p>\n<\/li>\n<\/ul>\n<h3 data-start=\"1211\" data-end=\"1239\"><span style=\"text-decoration: underline\"><strong><span dir=\"auto\">Recommandations nutritionnelles :<\/span><\/strong><\/span><\/h3>\n<p class=\"\" data-start=\"1240\" data-end=\"1356\"><span dir=\"auto\">Pour les chats jusqu&rsquo;\u00e0 5 kg\u00a0: 3 \u00e0 6 b\u00e2tonnets par jour. Convient aux chats de plus de 3 mois. Laisser de l&rsquo;eau fra\u00eeche \u00e0 disposition en permanence.<\/span><\/p>\n<h3 data-start=\"1358\" data-end=\"1376\"><span style=\"text-decoration: underline\"><strong><span dir=\"auto\">Stockage:<\/span><\/strong><\/span><\/h3>\n<p class=\"\" data-start=\"1377\" data-end=\"1513\"><span dir=\"auto\">\u00c0 conserver dans un endroit frais et sec, \u00e0 une temp\u00e9rature maximale de 30 \u00b0C, \u00e0 l&rsquo;abri de la lumi\u00e8re directe du soleil. Apr\u00e8s ouverture, conserver au r\u00e9frig\u00e9rateur et consommer rapidement.<\/span><\/p>\n<\/div>\n","protected":false},"excerpt":{"rendered":"<p><b>Saveurs:<\/b><\/p>\n<ul class=\"ty-product-feature__multiple abt__ut2_checkboxes\">\n<li class=\"ty-product-feature__multiple-item\"><span dir=\"auto\">Thon<\/span><\/li>\n<li class=\"ty-product-feature__multiple-item\"><span dir=\"auto\">\u00a0Thon et hu\u00eetres<\/span><\/li>\n<li class=\"ty-product-feature__multiple-item\"><span dir=\"auto\">\u00a0Thon et saumon<\/span><\/li>\n<li class=\"ty-product-feature__multiple-item\"><span dir=\"auto\">\u00a0Thon et morue<\/span><\/li>\n<li class=\"ty-product-feature__multiple-item\"><span dir=\"auto\">\u00a0Thon et crevettes<\/span><\/li>\n<li class=\"ty-product-feature__multiple-item\"><span dir=\"auto\">\u00a0Poissons et crustac\u00e9s<\/span><\/li>\n<li class=\"ty-product-feature__multiple-item\"><span dir=\"auto\">\u00a0Poulet<\/span><\/li>\n<li class=\"ty-product-feature__multiple-item\"><span dir=\"auto\">\u00a0Poulet et crabe<\/span><\/li>\n<\/ul>\n","protected":false},"featured_media":26623,"template":"","meta":{"jetpack_publicize_message":"","jetpack_publicize_feature_enabled":true,"jetpack_social_post_already_shared":true,"jetpack_social_options":{"image_generator_settings":{"template":"highway","default_image_id":0,"font":"","enabled":false},"version":2}},"product_brand":[],"product_cat":[41],"product_tag":[],"class_list":{"0":"post-26621","1":"product","2":"type-product","3":"status-publish","4":"has-post-thumbnail","6":"product_cat-friandises-et-pate-pour-chat","8":"first","9":"instock","10":"taxable","11":"shipping-taxable","12":"purchasable","13":"product-type-simple"},"supplier_id":30685,"supplier_sku":"PIWP-025","barcode":"6927749871439","atum_controlled":true,"out_stock_date":null,"out_stock_threshold":null,"inheritable":false,"inbound_stock":0,"stock_on_hold":1,"sold_today":0,"sales_last_days":5,"reserved_stock":0,"customer_returns":0,"warehouse_damage":0,"lost_in_post":0,"other_logs":0,"out_stock_days":0,"lost_sales":0,"has_location":false,"update_date":"2026-05-11T10:07:05","atum_locations":[],"atum_stock_status":"instock","restock_status":false,"low_stock_amount":10,"sales_update_date":"2026-05-11T10:07:05","calc_backorders":0,"jetpack_publicize_connections":[],"jetpack_sharing_enabled":true,"batches":[{"id":"5174","date_created":"2025-09-07 15:10:59","date_expiry":"2026-10-16 00:00:00","user_id":"2760","batch_number":"lot161026","location":"","quantity":"10.0000","quantity_available":"0.0000","units":"1","status":"archived","order_ids":"[26921,27050,27128,27712,27767,28424,29098,29326,29648]","supplier":"WANPY","po":{"id":"5981","date_created":"2025-11-06 12:41:47","batch_id":"5174","po_number":"","supplier":"WANPY","cost":null,"regular_price":null,"sale_price":null,"price_margin":null,"price_discount":null}},{"id":"6037","date_created":"2025-11-06 12:41:47","date_expiry":"2027-01-30 00:00:00","user_id":"2760","batch_number":"lot300127","location":"","quantity":"7.0000","quantity_available":"0.0000","units":"1","status":"archived","order_ids":"[29914,30222,31423,31442,32166,33093]","supplier":"WANPY","po":{"id":"5982","date_created":"2025-11-06 12:41:48","batch_id":"6037","po_number":"","supplier":"WANPY","cost":null,"regular_price":null,"sale_price":null,"price_margin":null,"price_discount":null}},{"id":"6831","date_created":"2025-12-22 12:18:16","date_expiry":"2027-01-30 00:00:00","user_id":"2760","batch_number":"lot300127","location":"","quantity":"4.0000","quantity_available":"0.0000","units":"1","status":"archived","order_ids":"[33209,34431,34693,34718]","supplier":"WANPY","po":{"id":"6777","date_created":"2025-12-22 12:18:16","batch_id":"6831","po_number":"","supplier":"WANPY","cost":null,"regular_price":null,"sale_price":null,"price_margin":null,"price_discount":null}},{"id":"7275","date_created":"2026-01-22 11:33:11","date_expiry":"2027-01-30 00:00:00","user_id":"2760","batch_number":"lot300127","location":"","quantity":"7.0000","quantity_available":"0.0000","units":"1","status":"archived","order_ids":"[35125,35273,35378,35625,35882]","supplier":"WANPY","po":{"id":"7211","date_created":"2026-01-22 11:33:12","batch_id":"7275","po_number":"","supplier":"WANPY","cost":null,"regular_price":null,"sale_price":null,"price_margin":null,"price_discount":null}},{"id":"7910","date_created":"2026-02-24 20:26:29","date_expiry":"2027-01-30 00:00:00","user_id":"2760","batch_number":"lot300127","location":"","quantity":"22.0000","quantity_available":"6.0000","units":"1","status":"active","order_ids":"[35686,36661,37356,38502,38548,38919,38966,39357,40409,40517,40550,40941,41077,41291]","supplier":"WANPY","po":{"id":"7846","date_created":"2026-02-24 20:26:30","batch_id":"7910","po_number":"","supplier":"WANPY","cost":null,"regular_price":null,"sale_price":null,"price_margin":null,"price_discount":null}},{"id":"8262","date_created":"2026-03-14 11:44:16","date_expiry":"2027-01-30 00:00:00","user_id":"2760","batch_number":"lot300127","location":"","quantity":"2.0000","quantity_available":"0.0000","units":"1","status":"archived","order_ids":"[37704,38045]","supplier":"WANPY","po":{"id":"8188","date_created":"2026-03-14 11:44:16","batch_id":"8262","po_number":"","supplier":"WANPY","cost":null,"regular_price":null,"sale_price":null,"price_margin":null,"price_discount":null}},{"id":"9266","date_created":"2026-04-30 15:48:35","date_expiry":"2027-01-30 00:00:00","user_id":"2760","batch_number":"lot300127","location":"","quantity":"2.0000","quantity_available":"0.0000","units":"1","status":"archived","order_ids":"[41258,41272]","supplier":"WANPY","po":{"id":"9189","date_created":"2026-04-30 15:48:36","batch_id":"9266","po_number":"","supplier":"WANPY","cost":null,"regular_price":null,"sale_price":null,"price_margin":null,"price_discount":null}}],"_links":{"self":[{"href":"https:\/\/petworld.ma\/index.php\/wp-json\/wp\/v2\/product\/26621","targetHints":{"allow":["GET"]}}],"collection":[{"href":"https:\/\/petworld.ma\/index.php\/wp-json\/wp\/v2\/product"}],"about":[{"href":"https:\/\/petworld.ma\/index.php\/wp-json\/wp\/v2\/types\/product"}],"wp:featuredmedia":[{"embeddable":true,"href":"https:\/\/petworld.ma\/index.php\/wp-json\/wp\/v2\/media\/26623"}],"wp:attachment":[{"href":"https:\/\/petworld.ma\/index.php\/wp-json\/wp\/v2\/media?parent=26621"}],"wp:term":[{"taxonomy":"product_brand","embeddable":true,"href":"https:\/\/petworld.ma\/index.php\/wp-json\/wp\/v2\/product_brand?post=26621"},{"taxonomy":"product_cat","embeddable":true,"href":"https:\/\/petworld.ma\/index.php\/wp-json\/wp\/v2\/product_cat?post=26621"},{"taxonomy":"product_tag","embeddable":true,"href":"https:\/\/petworld.ma\/index.php\/wp-json\/wp\/v2\/product_tag?post=26621"}],"curies":[{"name":"wp","href":"https:\/\/api.w.org\/{rel}","templated":true}]}}