{"id":26813,"date":"2025-09-07T13:01:45","date_gmt":"2025-09-07T13:01:45","guid":{"rendered":"https:\/\/petworld.ma\/?post_type=product&#038;p=26813"},"modified":"2026-05-01T12:37:03","modified_gmt":"2026-05-01T12:37:03","slug":"canvit-complement-pour-chien-chondro-maxi-sante-des-articulations-230-comprimes","status":"publish","type":"product","link":"https:\/\/petworld.ma\/index.php\/produit\/canvit-complement-pour-chien-chondro-maxi-sante-des-articulations-230-comprimes\/","title":{"rendered":"Canva Compl\u00e9ment pour Chien Chondro Maxi (Sant\u00e9 des articulations) 230g"},"content":{"rendered":"<h2>Canvit Chondro Maxi pour chiens de plus de 25 kg Sant\u00e9 des articulations<\/h2>\n<p>Offrez \u00e0 votre chien de grande race la sant\u00e9 des articulations et la mobilit\u00e9 avec Canvit Chondro Maxi. Ce suppl\u00e9ment sp\u00e9cialement formul\u00e9 est con\u00e7u pour les chiens de plus de 25 kg et fournit des nutriments essentiels pour renforcer le cartilage et favoriser la sant\u00e9 des articulations.<\/p>\n<p><strong>Avantages cl\u00e9s:<\/strong><\/p>\n<p><strong>Ingr\u00e9dients efficaces :<\/strong>\u00a0Canvit Chondro Maxi est riche en compos\u00e9s b\u00e9n\u00e9fiques tels que le sulfate de chondro\u00eftine, le sulfate de glucosamine, le collag\u00e8ne, la vitamine C et les acides amin\u00e9s organiques. Ces ingr\u00e9dients agissent ensemble pour renforcer le cartilage, soutenir la formation de collag\u00e8ne et am\u00e9liorer la r\u00e9silience m\u00e9canique des articulations.<\/p>\n<p><strong>R\u00e9g\u00e9n\u00e9ration des articulations :<\/strong>\u00a0Ce compl\u00e9ment alimentaire compl\u00e9mentaire offre un ar\u00f4me de viande et des antioxydants naturels, ce qui le rend attrayant pour votre ami \u00e0 quatre pattes. Il soutient la r\u00e9g\u00e9n\u00e9ration du cartilage et des ligaments articulaires, contribuant ainsi \u00e0 r\u00e9duire les douleurs articulaires et \u00e0 am\u00e9liorer la mobilit\u00e9.<\/p>\n<p><strong>Composants naturels :<\/strong>\u00a0La chondro\u00eftine et la glucosamine sont des composants naturels du cartilage articulaire. Ils sont facilement absorb\u00e9s et jouent un r\u00f4le crucial dans la r\u00e9paration du cartilage endommag\u00e9. Ces ingr\u00e9dients aident \u00e0 maintenir le cartilage hydrat\u00e9, \u00e0 am\u00e9liorer son \u00e9lasticit\u00e9 et \u00e0 renforcer sa r\u00e9sistance m\u00e9canique.<\/p>\n<p><strong>Anti-inflammatoire\u00a0:<\/strong>\u00a0le sulfate de glucosamine contenu dans Canvit Chondro Maxi a des propri\u00e9t\u00e9s anti-inflammatoires et facilite la cicatrisation des plaies, b\u00e9n\u00e9ficiant ainsi \u00e0 la sant\u00e9 des articulations.<\/p>\n<p><strong>Utilisation polyvalente :<\/strong>\u00a0Canvit Chondro Maxi convient \u00e0 tous les chiens rencontrant des probl\u00e8mes de mobilit\u00e9 ou de ligaments. Que votre chien souffre de dysplasie de la hanche, d&rsquo;arthrose ou qu&rsquo;il se remette de blessures aux articulations et aux tendons, ce suppl\u00e9ment peut \u00eatre un ajout pr\u00e9cieux \u00e0 son alimentation.<\/p>\n<p><strong>Soins pr\u00e9ventifs :<\/strong>\u00a0Les chiots de grande race et les chiens de travail soumis \u00e0 de lourdes charges peuvent b\u00e9n\u00e9ficier de l&rsquo;utilisation pr\u00e9ventive de ce suppl\u00e9ment. Il aide \u00e0 maintenir leur mobilit\u00e9 et les prot\u00e8ge contre les dommages au cartilage et aux ligaments articulaires.<\/p>\n<p><strong>Soutien aux chiens \u00e2g\u00e9s :<\/strong>\u00a0Pour les chiens plus \u00e2g\u00e9s, Canvit Chondro Maxi est un alli\u00e9 fiable pour maintenir leur mobilit\u00e9 \u00e0 mesure qu&rsquo;ils vieillissent. Il aide \u00e0 pr\u00e9venir les probl\u00e8mes articulaires et ligamentaires, garantissant ainsi \u00e0 votre compagnon canin des mouvements articulaires indolores tout au long de son \u00e2ge d&rsquo;or.<\/p>\n<p><strong>Collagen Boost\u00a0:<\/strong>\u00a0L&rsquo;hydrolysat de collag\u00e8ne contenu dans ce suppl\u00e9ment fournit des acides amin\u00e9s essentiels qui sont vitaux pour le tissu conjonctif articulaire. Ces acides amin\u00e9s soutiennent la sant\u00e9 globale des articulations.<\/p>\n<p><strong>Propri\u00e9t\u00e9s antioxydantes\u00a0:<\/strong>\u00a0Le s\u00e9l\u00e9nium et le mangan\u00e8se, sous forme organique ch\u00e9lat\u00e9e, ainsi que la vitamine C et la vitamine E, agissent comme de puissants antioxydants. Ils aident \u00e0 prot\u00e9ger les articulations et la sant\u00e9 globale de votre chien. La vitamine C joue \u00e9galement un r\u00f4le dans la formation de collag\u00e8ne et la sant\u00e9 du tissu conjonctif.<\/p>\n<p><strong>Facile \u00e0 administrer :<\/strong>\u00a0Canvit Chondro Maxi est disponible sous forme de comprim\u00e9s et doit \u00eatre utilis\u00e9 pendant au moins 8 \u00e0 10 semaines. Il est conseill\u00e9 de r\u00e9p\u00e9ter le traitement apr\u00e8s 3 mois. Ce suppl\u00e9ment peut \u00eatre utilis\u00e9 en continu sur une p\u00e9riode plus longue.<\/p>\n<p><strong>Guide de posologie :<\/strong>\u00a0En fonction des besoins sp\u00e9cifiques de votre chien, la posologie quotidienne recommand\u00e9e varie. La dose pr\u00e9ventive pour les animaux en croissance est de 1\/2 comprim\u00e9 pour 10 kg. Les chiens expos\u00e9s \u00e0 de lourdes charges et ceux n\u00e9cessitant une r\u00e9g\u00e9n\u00e9ration intensive du cartilage peuvent prendre 1 comprim\u00e9 par 10 kg. Pour les chiens de travail et les chiens \u00e2g\u00e9s, la posologie est de 1 1\/2 comprim\u00e9 pour 10 kg.<\/p>\n<p>Assurez-vous que votre chien de grande race profite d&rsquo;une vie de vitalit\u00e9 et de confort avec Canvit Chondro Maxi pour chiens. Ce suppl\u00e9ment de sant\u00e9 articulaire est soigneusement con\u00e7u pour r\u00e9pondre aux besoins uniques de votre chien et favoriser son bien-\u00eatre g\u00e9n\u00e9ral.<\/p>\n","protected":false},"excerpt":{"rendered":"<p>Ce Comp\u00e9ment est con\u00e7u pour les chiens de plus de 25 kg et fournit des nutriments essentiels pour renforcer le cartilage et favoriser la sant\u00e9 des articulations.<\/p>\n","protected":false},"featured_media":26814,"template":"","meta":{"jetpack_publicize_message":"","jetpack_publicize_feature_enabled":true,"jetpack_social_post_already_shared":true,"jetpack_social_options":{"image_generator_settings":{"template":"highway","default_image_id":0,"font":"","enabled":false},"version":2}},"product_brand":[],"product_cat":[218],"product_tag":[],"class_list":{"0":"post-26813","1":"product","2":"type-product","3":"status-publish","4":"has-post-thumbnail","6":"product_cat-complement-alimentaire","8":"first","9":"instock","10":"taxable","11":"shipping-taxable","12":"purchasable","13":"product-type-simple"},"supplier_id":5590,"supplier_sku":"507764","barcode":"8595602507764","atum_controlled":true,"out_stock_date":null,"out_stock_threshold":null,"inheritable":false,"inbound_stock":0,"stock_on_hold":0,"sold_today":0,"sales_last_days":1,"reserved_stock":0,"customer_returns":0,"warehouse_damage":0,"lost_in_post":0,"other_logs":0,"out_stock_days":0,"lost_sales":0,"has_location":false,"update_date":"2026-05-06T00:17:57","atum_locations":[],"atum_stock_status":"instock","restock_status":false,"low_stock_amount":4,"sales_update_date":"2026-05-06T00:17:57","calc_backorders":null,"jetpack_publicize_connections":[],"jetpack_sharing_enabled":true,"batches":[{"id":"5164","date_created":"2025-09-07 13:06:06","date_expiry":"2026-12-25 00:00:00","user_id":"2760","batch_number":"lot251226","location":"","quantity":"10.0000","quantity_available":"4.0000","units":"1","status":"active","order_ids":"[28849,33787,39207,39499,39526,41169]","supplier":"Brit","po":{"id":"5126","date_created":"2025-09-07 13:06:07","batch_id":"5164","po_number":"","supplier":"Brit","cost":null,"regular_price":null,"sale_price":null,"price_margin":null,"price_discount":null}}],"_links":{"self":[{"href":"https:\/\/petworld.ma\/index.php\/wp-json\/wp\/v2\/product\/26813","targetHints":{"allow":["GET"]}}],"collection":[{"href":"https:\/\/petworld.ma\/index.php\/wp-json\/wp\/v2\/product"}],"about":[{"href":"https:\/\/petworld.ma\/index.php\/wp-json\/wp\/v2\/types\/product"}],"wp:featuredmedia":[{"embeddable":true,"href":"https:\/\/petworld.ma\/index.php\/wp-json\/wp\/v2\/media\/26814"}],"wp:attachment":[{"href":"https:\/\/petworld.ma\/index.php\/wp-json\/wp\/v2\/media?parent=26813"}],"wp:term":[{"taxonomy":"product_brand","embeddable":true,"href":"https:\/\/petworld.ma\/index.php\/wp-json\/wp\/v2\/product_brand?post=26813"},{"taxonomy":"product_cat","embeddable":true,"href":"https:\/\/petworld.ma\/index.php\/wp-json\/wp\/v2\/product_cat?post=26813"},{"taxonomy":"product_tag","embeddable":true,"href":"https:\/\/petworld.ma\/index.php\/wp-json\/wp\/v2\/product_tag?post=26813"}],"curies":[{"name":"wp","href":"https:\/\/api.w.org\/{rel}","templated":true}]}}