{"id":26815,"date":"2025-09-07T13:06:44","date_gmt":"2025-09-07T13:06:44","guid":{"rendered":"https:\/\/petworld.ma\/?post_type=product&#038;p=26815"},"modified":"2026-04-20T20:13:54","modified_gmt":"2026-04-20T20:13:54","slug":"canvit-complement-pour-chien-chondro-super-sante-des-articulations-230g","status":"publish","type":"product","link":"https:\/\/petworld.ma\/index.php\/produit\/canvit-complement-pour-chien-chondro-super-sante-des-articulations-230g\/","title":{"rendered":"Compl\u00e9ment pour Chien Chondro Super (Sant\u00e9 des articulations) 230g"},"content":{"rendered":"<h2>Canvit Chondro Super \u2013 Support articulaire avanc\u00e9 pour chiens de grande race<\/h2>\n<p>Votre chien de grande race souffre de probl\u00e8mes articulaires ? Canvit Chondro Super offre une solution puissante avec un m\u00e9lange unique d&rsquo;ingr\u00e9dients stimulant les articulations. Avec du sulfate de chondro\u00eftine, du sulfate de glucosamine, de l&rsquo;acide hyaluronique, du MSM (soufre organique) et de l&rsquo;acide ascorbique, ce suppl\u00e9ment renforce le cartilage, soutient la formation de collag\u00e8ne et am\u00e9liore la r\u00e9sistance m\u00e9canique des articulations. Le r\u00e9sultat? Am\u00e9lioration de la sant\u00e9 des articulations et d&rsquo;une meilleure mobilit\u00e9 pour votre ami \u00e0 quatre pattes.<\/p>\n<p><strong>Principales caract\u00e9ristiques:<\/strong><\/p>\n<ol>\n<li>Restauration des articulations : Sp\u00e9cialement con\u00e7u pour les chiens de grande race de plus de 25 kg, Canvit Chondro Super permet une restauration articulaire compl\u00e8te, aidant votre chien \u00e0 retrouver sa mobilit\u00e9 et \u00e0 soulager la douleur, notamment en cas de probl\u00e8mes de mobilit\u00e9 s\u00e9v\u00e8res ou de risque \u00e9lev\u00e9 de les d\u00e9velopper.<\/li>\n<li>Id\u00e9al pour les probl\u00e8mes de sant\u00e9\u00a0: recommand\u00e9 pour les chiens diagnostiqu\u00e9s avec une dysplasie de la hanche, de l&rsquo;arthrite ou des chiens de grande race en phase de croissance rapide jusqu&rsquo;\u00e0 la maturit\u00e9. Il convient \u00e9galement aux chiens qui exercent une pression suppl\u00e9mentaire sur leur syst\u00e8me musculo-squelettique et aux chiens \u00e2g\u00e9s.<\/li>\n<li>Viscosit\u00e9 cartilagineuse am\u00e9lior\u00e9e\u00a0: L&rsquo;acide hyaluronique joue un r\u00f4le crucial dans l&rsquo;am\u00e9lioration de la viscosit\u00e9 du cartilage, aidant ainsi \u00e0 maintenir la sant\u00e9 et la flexibilit\u00e9 des articulations.<\/li>\n<li>Tendons et ligaments renforc\u00e9s : le MSM, soufre li\u00e9 organiquement, renforce les tendons et les ligaments tout en favorisant la r\u00e9g\u00e9n\u00e9ration pour un meilleur soutien des articulations.<\/li>\n<li>Nutrition du cartilage articulaire\u00a0: La glucosamine et la chondro\u00eftine fournissent une nutrition essentielle au cartilage articulaire, garantissant ainsi la sant\u00e9 des articulations \u00e0 long terme.<\/li>\n<li>Anti-inflammatoire et antioxydant : La vitamine C poss\u00e8de des propri\u00e9t\u00e9s anti-inflammatoires et antioxydantes, am\u00e9liorant l&rsquo;absorption des substances actives pour des r\u00e9sultats optimaux.<\/li>\n<\/ol>\n<p><strong>Posologie et cours\u00a0:<\/strong><\/p>\n<ul>\n<li>Cours recommand\u00e9 : 10-12 semaines<\/li>\n<li>Peut \u00eatre r\u00e9p\u00e9t\u00e9 1 \u00e0 3 fois par an<\/li>\n<li>Posologie : 1 comprim\u00e9 pour 20 kg de poids corporel<\/li>\n<\/ul>\n<p>Offrez \u00e0 votre chien bien-aim\u00e9 de grande race le cadeau d&rsquo;une sant\u00e9 articulaire et d&rsquo;une mobilit\u00e9 am\u00e9lior\u00e9es avec Canvit Chondro Super. Aidez-les \u00e0 vivre leur meilleure vie, sans douleur.<\/p>\n","protected":false},"excerpt":{"rendered":"<div class=\"short-description\">\n<div class=\"elementor-element elementor-element-1a60c1e elementor-widget elementor-widget-product-description-short elementor-widget-text-editor\" data-id=\"1a60c1e\" data-element_type=\"widget\" data-widget_type=\"product-description-short.default\">\n<div class=\"elementor-widget-container\">\n<div class=\"ce-product-description-short\">Canvit Chondro Super offre une solution puissante avec un m\u00e9lange unique d&rsquo;ingr\u00e9dients stimulant les articulations<\/div>\n<\/div>\n<\/div>\n<\/div>\n","protected":false},"featured_media":26816,"template":"","meta":{"jetpack_publicize_message":"","jetpack_publicize_feature_enabled":true,"jetpack_social_post_already_shared":true,"jetpack_social_options":{"image_generator_settings":{"template":"highway","default_image_id":0,"font":"","enabled":false},"version":2}},"product_brand":[],"product_cat":[218],"product_tag":[],"class_list":{"0":"post-26815","1":"product","2":"type-product","3":"status-publish","4":"has-post-thumbnail","6":"product_cat-complement-alimentaire","8":"first","9":"instock","10":"taxable","11":"shipping-taxable","12":"purchasable","13":"product-type-simple"},"supplier_id":5590,"supplier_sku":"508167","barcode":"85955602508167","atum_controlled":true,"out_stock_date":null,"out_stock_threshold":null,"inheritable":false,"inbound_stock":0,"stock_on_hold":0,"sold_today":0,"sales_last_days":0,"reserved_stock":0,"customer_returns":0,"warehouse_damage":0,"lost_in_post":0,"other_logs":0,"out_stock_days":0,"lost_sales":0,"has_location":false,"update_date":"2026-05-12T15:37:32","atum_locations":[],"atum_stock_status":"instock","restock_status":false,"low_stock_amount":4,"sales_update_date":"2026-05-12T15:37:32","calc_backorders":null,"jetpack_publicize_connections":[],"jetpack_sharing_enabled":true,"batches":[{"id":"5166","date_created":"2025-09-07 13:14:46","date_expiry":"2026-12-26 00:00:00","user_id":"2760","batch_number":"lot261226","location":"","quantity":"10.0000","quantity_available":"0.0000","units":"1","status":"archived","order_ids":"[28849,29625,29857,32805,32865,34278,38148,38426,38456]","supplier":"Brit","po":{"id":"5128","date_created":"2025-09-07 13:14:47","batch_id":"5166","po_number":"","supplier":"Brit","cost":null,"regular_price":null,"sale_price":null,"price_margin":null,"price_discount":null}},{"id":"8752","date_created":"2026-04-06 15:29:00","date_expiry":"2027-08-01 00:00:00","user_id":"2760","batch_number":"lot010827","location":"","quantity":"10.0000","quantity_available":"8.0000","units":"1","status":"active","order_ids":"[39526,40372]","supplier":"Brit","po":{"id":"8679","date_created":"2026-04-06 15:29:00","batch_id":"8752","po_number":"","supplier":"Brit","cost":null,"regular_price":null,"sale_price":null,"price_margin":null,"price_discount":null}}],"_links":{"self":[{"href":"https:\/\/petworld.ma\/index.php\/wp-json\/wp\/v2\/product\/26815","targetHints":{"allow":["GET"]}}],"collection":[{"href":"https:\/\/petworld.ma\/index.php\/wp-json\/wp\/v2\/product"}],"about":[{"href":"https:\/\/petworld.ma\/index.php\/wp-json\/wp\/v2\/types\/product"}],"wp:featuredmedia":[{"embeddable":true,"href":"https:\/\/petworld.ma\/index.php\/wp-json\/wp\/v2\/media\/26816"}],"wp:attachment":[{"href":"https:\/\/petworld.ma\/index.php\/wp-json\/wp\/v2\/media?parent=26815"}],"wp:term":[{"taxonomy":"product_brand","embeddable":true,"href":"https:\/\/petworld.ma\/index.php\/wp-json\/wp\/v2\/product_brand?post=26815"},{"taxonomy":"product_cat","embeddable":true,"href":"https:\/\/petworld.ma\/index.php\/wp-json\/wp\/v2\/product_cat?post=26815"},{"taxonomy":"product_tag","embeddable":true,"href":"https:\/\/petworld.ma\/index.php\/wp-json\/wp\/v2\/product_tag?post=26815"}],"curies":[{"name":"wp","href":"https:\/\/api.w.org\/{rel}","templated":true}]}}