{"id":26836,"date":"2025-09-07T20:01:10","date_gmt":"2025-09-07T20:01:10","guid":{"rendered":"https:\/\/petworld.ma\/?post_type=product&#038;p=26836"},"modified":"2026-03-12T17:08:04","modified_gmt":"2026-03-12T17:08:04","slug":"canvit-complement-biocal-plus-maxi-pour-chien-230g-2","status":"publish","type":"product","link":"https:\/\/petworld.ma\/index.php\/produit\/canvit-complement-biocal-plus-maxi-pour-chien-230g-2\/","title":{"rendered":"Canvit Compl\u00e9ment Biocal Plus Maxi Pour Chien 230g"},"content":{"rendered":"<p><span dir=\"auto\">Canvit Biocal Plus Maxi Compl\u00e9ment min\u00e9ral pour chiens de grande race 230 g 76 comprim\u00e9s<\/span><\/p>\n<p><span dir=\"auto\">Canvit Biocal Plus Maxi (Kanvit Biocal Plus Maxi), compl\u00e9ment alimentaire min\u00e9ral pour chiens de grandes races, 75 comprim\u00e9s.<\/span><br \/>\n<span dir=\"auto\">MIN\u00c9RAUX et COLLAG\u00c8NE pour am\u00e9liorer la mobilit\u00e9. Ce compl\u00e9ment est indiqu\u00e9 chez les chiens de grandes races pr\u00e9sentant une carence en min\u00e9raux (croissance, changement de dents, vieillissement), et apr\u00e8s des fractures pour la formation du tissu osseux.<\/span><br \/>\n<span dir=\"auto\">Calcium-collag\u00e8ne ch\u00e9lat\u00e9 biologique<\/span><br \/>\n<span dir=\"auto\">pour la sant\u00e9 des articulations et des tendons.<\/span><br \/>\n<span dir=\"auto\">Kanvit Biocal Plus contient du calcium, du sodium, du phosphore et du collag\u00e8ne. Ces substances sont essentielles au bon d\u00e9veloppement des os, des tendons et des articulations pendant la croissance et am\u00e9liorent la mobilit\u00e9 des chiens \u00e2g\u00e9s.<\/span><br \/>\n<span dir=\"auto\">Le calcium est essentiel au bon fonctionnement des muscles et a \u00e9galement un effet positif sur l&rsquo;\u00e9tat des dents.<\/span><br \/>\n<span dir=\"auto\">ANALYSE GARANTIE : Prot\u00e9ines 14,9 %, mati\u00e8res grasses 2 %, fibres 7,1 %, cendres 28,9 %.1 KG CONTIENT : Calcium 87 g, phosphore 30 g, sodium 14 g, hydrolysat de collag\u00e8ne 100 g, citrate de calcium 50 g, antioxydants, lactose sec, carbonate de calcium, levure s\u00e8che, phosphate monocalcique, cellulose, amidon de bl\u00e9, phosphate monosodique.Apport journalier recommand\u00e9 : POUR 15 KG Dose prophylactique 1 \u00e0 2 comprim\u00e9s<\/span><br \/>\n<span dir=\"auto\">En cas de carence en min\u00e9raux 4 \u00e0 6 comprim\u00e9s<\/span><br \/>\n<span dir=\"auto\">ATTENTION : discutez du traitement avec votre v\u00e9t\u00e9rinaire. Application : les comprim\u00e9s sont administr\u00e9s \u00e0 la main ou \u00e9cras\u00e9s avec la nourriture. Date limite de r\u00e9alisation : indiqu\u00e9e sur l&#8217;emballage. Conserver dans un endroit sec et sombre, dans son emballage d&rsquo;origine scell\u00e9. Conditionnements disponibles : 230 g (environ \u00b1 76 comprim\u00e9s)<\/span><\/p>\n","protected":false},"excerpt":{"rendered":"<div class=\"short-description\">\n<div class=\"elementor-element elementor-element-1a60c1e elementor-widget elementor-widget-product-description-short elementor-widget-text-editor\" data-id=\"1a60c1e\" data-element_type=\"widget\" data-widget_type=\"product-description-short.default\">\n<div class=\"elementor-widget-container\">\n<div class=\"ce-product-description-short\">\n<p><span class=\"text\">Canvit Biocal Plus Maxi Compl\u00e9ment min\u00e9ral pour chiens de grande race 230 g 76 comprim\u00e9s: calcium<\/span>\u00a0et phosphore pour soutenir la croissance et la r\u00e9g\u00e9n\u00e9ration osseuses.<\/p>\n<\/div>\n<\/div>\n<\/div>\n<div class=\"elementor-element elementor-element-3acc4f75 elementor-hidden-tablet elementor-hidden-phone elementor-widget elementor-widget-divider\" data-id=\"3acc4f75\" data-element_type=\"widget\" data-widget_type=\"divider.default\">\n<div class=\"elementor-widget-container\">\n<div class=\"elementor-divider\"><\/div>\n<\/div>\n<\/div>\n<\/div>\n<div class=\"pro-details-quality mt-0px\">\n<div class=\"attr-detail attr-size \">\n<div id=\"callBackVariant_ppr\" class=\"product-option-container select-view \"><\/div>\n<div class=\"mb-20px\">\n<div class=\"tabby-product-widget\" data-currency=\"MAD\" data-lang=\"ar\">\n<div>\n<div class=\"styles__tabbySnippet--e3274\">\n<div class=\"styles__tabbyPromoSnippet--ed9ac styles__tabbyPromoSnippetRtl--a17c9 styles__tabbyPromoSnippetFontInherit--bb9df styles__snippetWrapper--d68e9 styles__singleLine--d1c5f\">\n<div class=\"styles__tabbyPromoSnippetContent--ef3e6 styles__tabbyPromoSnippetContentRtl--bcbcb\"><\/div>\n<\/div>\n<\/div>\n<\/div>\n<\/div>\n<\/div>\n<\/div>\n<\/div>\n","protected":false},"featured_media":26838,"template":"","meta":{"jetpack_publicize_message":"","jetpack_publicize_feature_enabled":true,"jetpack_social_post_already_shared":true,"jetpack_social_options":{"image_generator_settings":{"template":"highway","default_image_id":0,"font":"","enabled":false},"version":2}},"product_brand":[],"product_cat":[218],"product_tag":[],"class_list":{"0":"post-26836","1":"product","2":"type-product","3":"status-publish","4":"has-post-thumbnail","6":"product_cat-complement-alimentaire","8":"first","9":"instock","10":"taxable","11":"shipping-taxable","12":"purchasable","13":"product-type-simple"},"supplier_id":5590,"supplier_sku":"","barcode":null,"atum_controlled":true,"out_stock_date":null,"out_stock_threshold":null,"inheritable":false,"inbound_stock":0,"stock_on_hold":0,"sold_today":0,"sales_last_days":0,"reserved_stock":0,"customer_returns":0,"warehouse_damage":0,"lost_in_post":0,"other_logs":0,"out_stock_days":0,"lost_sales":0,"has_location":false,"update_date":"2026-05-10T00:20:07","atum_locations":[],"atum_stock_status":"instock","restock_status":false,"low_stock_amount":4,"sales_update_date":"2026-05-10T00:20:07","calc_backorders":null,"jetpack_publicize_connections":[],"jetpack_sharing_enabled":true,"batches":[{"id":"5178","date_created":"2025-09-07 20:05:21","date_expiry":"2026-12-23 00:00:00","user_id":"2760","batch_number":"lot231226","location":"","quantity":"10.0000","quantity_available":"8.0000","units":"1","status":"active","order_ids":"[28741,32083]","supplier":"Brit","po":{"id":"5136","date_created":"2025-09-07 20:05:24","batch_id":"5178","po_number":"","supplier":"Brit","cost":null,"regular_price":null,"sale_price":null,"price_margin":null,"price_discount":null}}],"_links":{"self":[{"href":"https:\/\/petworld.ma\/index.php\/wp-json\/wp\/v2\/product\/26836","targetHints":{"allow":["GET"]}}],"collection":[{"href":"https:\/\/petworld.ma\/index.php\/wp-json\/wp\/v2\/product"}],"about":[{"href":"https:\/\/petworld.ma\/index.php\/wp-json\/wp\/v2\/types\/product"}],"wp:featuredmedia":[{"embeddable":true,"href":"https:\/\/petworld.ma\/index.php\/wp-json\/wp\/v2\/media\/26838"}],"wp:attachment":[{"href":"https:\/\/petworld.ma\/index.php\/wp-json\/wp\/v2\/media?parent=26836"}],"wp:term":[{"taxonomy":"product_brand","embeddable":true,"href":"https:\/\/petworld.ma\/index.php\/wp-json\/wp\/v2\/product_brand?post=26836"},{"taxonomy":"product_cat","embeddable":true,"href":"https:\/\/petworld.ma\/index.php\/wp-json\/wp\/v2\/product_cat?post=26836"},{"taxonomy":"product_tag","embeddable":true,"href":"https:\/\/petworld.ma\/index.php\/wp-json\/wp\/v2\/product_tag?post=26836"}],"curies":[{"name":"wp","href":"https:\/\/api.w.org\/{rel}","templated":true}]}}