{"id":26839,"date":"2025-09-07T20:06:41","date_gmt":"2025-09-07T20:06:41","guid":{"rendered":"https:\/\/petworld.ma\/?post_type=product&#038;p=26839"},"modified":"2026-05-10T13:04:58","modified_gmt":"2026-05-10T13:04:58","slug":"canvit-complement-chondro-pour-chats-mobilite-100g","status":"publish","type":"product","link":"https:\/\/petworld.ma\/index.php\/produit\/canvit-complement-chondro-pour-chats-mobilite-100g\/","title":{"rendered":"Canvit Compl\u00e9ment Chondro Pour Chat (mobilit\u00e9) 100g"},"content":{"rendered":"<p>Nutrition articulaire compl\u00e8te pour chats.<\/p>\n<p>Canvit Chondro est une source complexe de nutrition articulaire pour la r\u00e9g\u00e9n\u00e9ration et la protection du cartilage et des ligaments et l\u2019am\u00e9lioration de la mobilit\u00e9 articulaire chez les chats.<\/p>\n<p>Le cartilage articulaire a un potentiel limit\u00e9 d\u2019auto-renouvellement et de r\u00e9g\u00e9n\u00e9ration.<\/p>\n<p>Avec l\u2019\u00e2ge, il commence \u00e0 se d\u00e9composer et \u00e0 s\u2019ab\u00eemer.<\/p>\n<p>Le ralentissement de la d\u00e9gradation du cartilage articulaire et l\u2019am\u00e9lioration de sa capacit\u00e9 \u00e0 se r\u00e9g\u00e9n\u00e9rer sont obtenus en fournissant aux articulations les \u00e9l\u00e9ments constitutifs du cartilage sous forme de nutrition articulaire.<\/p>\n<p>Les composants \u00e9l\u00e9mentaires du cartilage et des structures articulaires sont la glucosamine, la chondro\u00eftine et le collag\u00e8ne.<\/p>\n<p>Le sulfate de chondro\u00eftine lie l\u2019eau, maintient l\u2019\u00e9lasticit\u00e9 du cartilage et bloque les enzymes qui endommagent le cartilage.<\/p>\n<p>Le sulfate de glucosamine stimule le m\u00e9tabolisme des chondrocytes et ralentit la d\u00e9g\u00e9n\u00e9rescence du cartilage.<\/p>\n<p>Le collag\u00e8ne de type II prot\u00e8ge la force et l\u2019\u00e9lasticit\u00e9 du cartilage et des structures articulaires.<\/p>\n<p>Le MSM est une source de soufre organiquement li\u00e9 et poss\u00e8de de puissantes propri\u00e9t\u00e9s anti-inflammatoires et analg\u00e9siques.<\/p>\n<p>La vitamine C est essentielle au m\u00e9tabolisme du collag\u00e8ne et prot\u00e8ge les cellules contre les dommages oxydatifs.<\/p>\n<p>La vitamine C joue un r\u00f4le dans la synth\u00e8se du collag\u00e8ne et prot\u00e8ge les cellules des dommages oxydatifs.<br \/>\nLe sulfate de chondro\u00eftine lie l\u2019eau, maintient l\u2019\u00e9lasticit\u00e9 du cartilage et bloque les enzymes qui endommagent le cartilage.<\/p>\n<p>Le sulfate de glucosamine stimule le m\u00e9tabolisme des chondrocytes et ralentit la d\u00e9g\u00e9n\u00e9rescence du cartilage.<br \/>\nLe collag\u00e8ne de type II prot\u00e8ge la force et la flexibilit\u00e9 des structures cartilagineuses et articulaires.<\/p>\n","protected":false},"excerpt":{"rendered":"<div class=\"short-description\">\n<p>Canvit Chondro est une source complexe de nutrition articulaire pour la r\u00e9g\u00e9n\u00e9ration et la protection du cartilage et des ligaments et l\u2019am\u00e9lioration de la mobilit\u00e9 articulaire chez les chats.<\/p>\n<\/div>\n","protected":false},"featured_media":26840,"template":"","meta":{"jetpack_publicize_message":"","jetpack_publicize_feature_enabled":true,"jetpack_social_post_already_shared":true,"jetpack_social_options":{"image_generator_settings":{"template":"highway","default_image_id":0,"font":"","enabled":false},"version":2}},"product_brand":[],"product_cat":[219],"product_tag":[],"class_list":{"0":"post-26839","1":"product","2":"type-product","3":"status-publish","4":"has-post-thumbnail","6":"product_cat-complement-alimentaire-hygiene-et-soins-pour-chat","8":"first","9":"instock","10":"taxable","11":"shipping-taxable","12":"purchasable","13":"product-type-simple"},"supplier_id":5590,"supplier_sku":"507726","barcode":"8595602507726","atum_controlled":true,"out_stock_date":null,"out_stock_threshold":null,"inheritable":false,"inbound_stock":0,"stock_on_hold":0,"sold_today":0,"sales_last_days":1,"reserved_stock":0,"customer_returns":0,"warehouse_damage":0,"lost_in_post":0,"other_logs":0,"out_stock_days":0,"lost_sales":0,"has_location":false,"update_date":"2026-05-12T09:00:32","atum_locations":[],"atum_stock_status":"instock","restock_status":false,"low_stock_amount":4,"sales_update_date":"2026-05-12T09:00:32","calc_backorders":null,"jetpack_publicize_connections":[],"jetpack_sharing_enabled":true,"batches":[{"id":"5180","date_created":"2025-09-07 20:14:05","date_expiry":"2026-10-30 00:00:00","user_id":"2760","batch_number":"lot301026","location":"","quantity":"10.0000","quantity_available":"8.0000","units":"1","status":"active","order_ids":"[33440,41706]","supplier":"Brit","po":{"id":"5138","date_created":"2025-09-07 20:14:06","batch_id":"5180","po_number":"","supplier":"Brit","cost":null,"regular_price":null,"sale_price":null,"price_margin":null,"price_discount":null}}],"_links":{"self":[{"href":"https:\/\/petworld.ma\/index.php\/wp-json\/wp\/v2\/product\/26839","targetHints":{"allow":["GET"]}}],"collection":[{"href":"https:\/\/petworld.ma\/index.php\/wp-json\/wp\/v2\/product"}],"about":[{"href":"https:\/\/petworld.ma\/index.php\/wp-json\/wp\/v2\/types\/product"}],"wp:featuredmedia":[{"embeddable":true,"href":"https:\/\/petworld.ma\/index.php\/wp-json\/wp\/v2\/media\/26840"}],"wp:attachment":[{"href":"https:\/\/petworld.ma\/index.php\/wp-json\/wp\/v2\/media?parent=26839"}],"wp:term":[{"taxonomy":"product_brand","embeddable":true,"href":"https:\/\/petworld.ma\/index.php\/wp-json\/wp\/v2\/product_brand?post=26839"},{"taxonomy":"product_cat","embeddable":true,"href":"https:\/\/petworld.ma\/index.php\/wp-json\/wp\/v2\/product_cat?post=26839"},{"taxonomy":"product_tag","embeddable":true,"href":"https:\/\/petworld.ma\/index.php\/wp-json\/wp\/v2\/product_tag?post=26839"}],"curies":[{"name":"wp","href":"https:\/\/api.w.org\/{rel}","templated":true}]}}