{"id":26841,"date":"2025-09-07T20:19:11","date_gmt":"2025-09-07T20:19:11","guid":{"rendered":"https:\/\/petworld.ma\/?post_type=product&#038;p=26841"},"modified":"2026-04-03T16:55:09","modified_gmt":"2026-04-03T16:55:09","slug":"canvit-complement-multi-vitamine-pour-chats-100g","status":"publish","type":"product","link":"https:\/\/petworld.ma\/index.php\/produit\/canvit-complement-multi-vitamine-pour-chats-100g\/","title":{"rendered":"Canvit Compl\u00e9ment Multi Vitamin\u00e9 Pour Chien 100g"},"content":{"rendered":"<h2>Canvit Multi Vitamines pour chiens &#8211; Am\u00e9liorez la sant\u00e9 de votre chien<\/h2>\n<p>Id\u00e9al pour : Les chiens adultes et pendant l&rsquo;allaitement et la grossesse.<\/p>\n<p>Canvit Multi est le compl\u00e9ment de sant\u00e9 quotidien ultime pour votre chien, contenant 13 vitamines essentielles qui favorisent le bien-\u00eatre g\u00e9n\u00e9ral. De plus, il contient de la l\u00e9cithine, connue pour ses capacit\u00e9s \u00e0 stimuler le cerveau.<\/p>\n<p><strong>Principales caract\u00e9ristiques:<\/strong><\/p>\n<ul>\n<li><strong>13 vitamines essentielles :<\/strong>\u00a0Canvit Multi offre un m\u00e9lange \u00e9quilibr\u00e9 de 13 vitamines vitales qui soutiennent la fonction immunitaire, am\u00e9liorent la m\u00e9moire et maintiennent la sant\u00e9 cardiovasculaire.<\/li>\n<li><strong>Fonction c\u00e9r\u00e9brale am\u00e9lior\u00e9e :<\/strong>\u00a0Infus\u00e9 de l\u00e9cithine, ce suppl\u00e9ment aide \u00e0 optimiser la fonction c\u00e9r\u00e9brale, garantissant que votre chien reste vif et alerte.<\/li>\n<\/ul>\n<p><strong>Ingr\u00e9dients :<\/strong>\u00a0Une s\u00e9lection rigoureuse d&rsquo;ingr\u00e9dients, notamment du lactose sec, du glucose, du carbonate de calcium, de l&rsquo;amidon de bl\u00e9, de la levure de bi\u00e8re s\u00e8che et du lait \u00e9cr\u00e9m\u00e9 en poudre.<\/p>\n<p><strong>Portion quotidienne recommand\u00e9e :<\/strong>\u00a01 comprim\u00e9 seulement pour 5 kg de poids corporel de votre chien. Vous pouvez administrer les comprim\u00e9s directement ou les \u00e9craser et les m\u00e9langer avec de la nourriture ordinaire. Veuillez respecter la posologie recommand\u00e9e. Canvit Multi est con\u00e7u comme un aliment compl\u00e9mentaire pour chiens.<\/p>\n<p><strong>Composants analytiques\u00a0:<\/strong>\u00a0prot\u00e9ines (5,5 %), teneur en mati\u00e8res grasses (4,8 %), fibres totales (1 %), mati\u00e8res grasses totales (16,2 %).<\/p>\n<p><strong>Additifs pour 1kg :<\/strong><\/p>\n<ul>\n<li>Physiologique : Vitamine A (3a672) 500 000 UI<\/li>\n<li>Vitamine D3 (3a671) 10 000 UI<\/li>\n<li>Vitamine E (ac\u00e9tate d&rsquo;\u03b1-tocoph\u00e9rol) (3a700) 3 500 mg<\/li>\n<li>Vitamine K3 50 mg<\/li>\n<li>Vitamine B1 (3a821) 300 mg<\/li>\n<li>Vitamine B2 300 mg<\/li>\n<li>Vitamine B6 (3a831) 200 mg<\/li>\n<li>Vitamine B12 5 mg<\/li>\n<li>Vitamine C (3a300) 3 000 mg<\/li>\n<li>Biotine (3a880) 250 mg<\/li>\n<li>Niacinamide (3a315) 1 500 mg<\/li>\n<li>Acide folique (3a316) 25 mg<\/li>\n<li>Inositol (3a900) 8 g<\/li>\n<\/ul>\n<p><strong>Zootechnique :<\/strong>\u00a0L\u00e9cithines (1c322) 50 g<\/p>\n<p>Rassurez-vous, Canvit Multi est \u00e9quip\u00e9 d&rsquo;antioxydants pour garder votre chien en meilleure sant\u00e9.<\/p>\n<p>Am\u00e9liorez la sant\u00e9 de votre chien avec Canvit Multi Vitamins \u2013 le booster de sant\u00e9 quotidien qu&rsquo;il m\u00e9rite.<\/p>\n","protected":false},"excerpt":{"rendered":"<div class=\"short-description\">\n<p>Canvit Multi est le compl\u00e9ment de sant\u00e9 quotidien ultime pour votre chien, contenant 13 vitamines essentielles qui favorisent le bien-\u00eatre g\u00e9n\u00e9ral. De plus, il contient de la l\u00e9cithine, connue pour ses capacit\u00e9s \u00e0 stimuler le cerveau.<\/p>\n<\/div>\n","protected":false},"featured_media":26842,"template":"","meta":{"jetpack_publicize_message":"","jetpack_publicize_feature_enabled":true,"jetpack_social_post_already_shared":true,"jetpack_social_options":{"image_generator_settings":{"template":"highway","default_image_id":0,"font":"","enabled":false},"version":2}},"product_brand":[],"product_cat":[218],"product_tag":[],"class_list":{"0":"post-26841","1":"product","2":"type-product","3":"status-publish","4":"has-post-thumbnail","6":"product_cat-complement-alimentaire","8":"first","9":"instock","10":"taxable","11":"shipping-taxable","12":"purchasable","13":"product-type-simple"},"supplier_id":5590,"supplier_sku":"507788","barcode":"8595602507788","atum_controlled":true,"out_stock_date":null,"out_stock_threshold":null,"inheritable":false,"inbound_stock":0,"stock_on_hold":0,"sold_today":0,"sales_last_days":0,"reserved_stock":0,"customer_returns":0,"warehouse_damage":0,"lost_in_post":0,"other_logs":0,"out_stock_days":0,"lost_sales":0,"has_location":false,"update_date":"2026-05-14T00:03:13","atum_locations":[],"atum_stock_status":"instock","restock_status":false,"low_stock_amount":4,"sales_update_date":"2026-05-14T00:03:13","calc_backorders":null,"jetpack_publicize_connections":[],"jetpack_sharing_enabled":true,"batches":[{"id":"5182","date_created":"2025-09-07 20:21:08","date_expiry":"2026-11-22 00:00:00","user_id":"2760","batch_number":"lot221126","location":"","quantity":"10.0000","quantity_available":"7.0000","units":"1","status":"active","order_ids":"[32083,33299,38879]","supplier":"Brit","po":{"id":"5140","date_created":"2025-09-07 20:21:09","batch_id":"5182","po_number":"","supplier":"Brit","cost":null,"regular_price":null,"sale_price":null,"price_margin":null,"price_discount":null}}],"_links":{"self":[{"href":"https:\/\/petworld.ma\/index.php\/wp-json\/wp\/v2\/product\/26841","targetHints":{"allow":["GET"]}}],"collection":[{"href":"https:\/\/petworld.ma\/index.php\/wp-json\/wp\/v2\/product"}],"about":[{"href":"https:\/\/petworld.ma\/index.php\/wp-json\/wp\/v2\/types\/product"}],"wp:featuredmedia":[{"embeddable":true,"href":"https:\/\/petworld.ma\/index.php\/wp-json\/wp\/v2\/media\/26842"}],"wp:attachment":[{"href":"https:\/\/petworld.ma\/index.php\/wp-json\/wp\/v2\/media?parent=26841"}],"wp:term":[{"taxonomy":"product_brand","embeddable":true,"href":"https:\/\/petworld.ma\/index.php\/wp-json\/wp\/v2\/product_brand?post=26841"},{"taxonomy":"product_cat","embeddable":true,"href":"https:\/\/petworld.ma\/index.php\/wp-json\/wp\/v2\/product_cat?post=26841"},{"taxonomy":"product_tag","embeddable":true,"href":"https:\/\/petworld.ma\/index.php\/wp-json\/wp\/v2\/product_tag?post=26841"}],"curies":[{"name":"wp","href":"https:\/\/api.w.org\/{rel}","templated":true}]}}