{"id":26883,"date":"2025-09-08T16:10:34","date_gmt":"2025-09-08T16:10:34","guid":{"rendered":"https:\/\/petworld.ma\/?post_type=product&#038;p=26883"},"modified":"2026-04-17T15:41:28","modified_gmt":"2026-04-17T15:41:28","slug":"brit-care-filets-en-gelee-pour-chat-canard-et-dinde-85g","status":"publish","type":"product","link":"https:\/\/petworld.ma\/index.php\/produit\/brit-care-filets-en-gelee-pour-chat-canard-et-dinde-85g\/","title":{"rendered":"Brit Care Filets en Gel\u00e9e Pour Chat Canard et Dinde 85g"},"content":{"rendered":"<div class=\"hidden-xs\">\n<div class=\"hidden-xs\">\n<div class=\"hidden-xs\">\n<div class=\"hidden-xs\">\n<div class=\"hidden-xs\">\n<div class=\"hidden-xs\">\n<p>Nourriture humide de qualit\u00e9 sup\u00e9rieure compl\u00e8te pour chats adultes st\u00e9rilis\u00e9s.<\/p>\n<\/div>\n<div class=\"benefits\">\n<p>Ces pochettes d\u00e9licates pour augmenter la diversit\u00e9 de l\u2019alimentation du chat sont parfaites pour les chats tr\u00e8s difficiles et les chats avec une prise alimentaire probl\u00e9matique. Pour une meilleure sensation dans le ventre du chat, ils contiennent \u00e9galement du romarin et des carottes pour favoriser une bonne digestion.<\/p>\n<\/div>\n<ul>\n<li>SANS c\u00e9r\u00e9ales<\/li>\n<li>85 % de viande en filets<\/li>\n<li>Haute app\u00e9tence &#8211; convient \u00e9galement aux chats difficiles<\/li>\n<li>Carottes et romarin pour une bonne digestion<\/li>\n<li>SANS OGM \u2013 SANS soja \u2013 SANS sucre ajout\u00e9<\/li>\n<\/ul>\n<p class=\"composition\"><strong><span dir=\"auto\">Composition:<\/span><\/strong><\/p>\n<p>85\u00a0% viande en filets (62\u00a0% poulet, 15\u00a0% foie, 4\u00a0% canard, 4\u00a0% dinde), bouillon, 3\u00a0% carottes, 0,5\u00a0% romarin, min\u00e9raux, amidon de pois.<\/p>\n<p><strong>Composants analytiques:<\/strong><\/p>\n<p>prot\u00e9ine brute 9,0\u00a0%, teneur en mati\u00e8res grasses 3,5\u00a0%, cellulose brute 0,5\u00a0%, cendres brutes 2,0\u00a0%, humidit\u00e9 82,0\u00a0%, calcium 0;25\u00a0%, phosphore 0;2\u00a0%, sodium 0,3\u00a0%.<\/p>\n<p><strong>Ingr\u00e9dients:<\/strong><\/p>\n<p>vitamine D<sub>3<\/sub>\u00a0(E671) 250 I.U., vitamine E (3a700) 150\u00a0mg, biotine (3a880) 0,5\u00a0mg, zinc (3b606) 12\u00a0mg, mangan\u00e8se (3b502) 3\u00a0mg, fer (3b103) 10\u00a0mg, cuivre (3b405) 4\u00a0mg, iode (3b201) 0,7\u00a0mg, taurine (3a370) 500\u00a0mg, L-m\u00e9thionine (3c305) 2 000\u00a0mg. Contient des antioxydants naturels\u00a0: tocoph\u00e9rols d\u2019extrait d\u2019huile v\u00e9g\u00e9tale (1b306), palmitate d\u2019ascorbyle (1b304) et extrait de romarin.<\/p>\n<p><strong><span dir=\"auto\">\u00c9nergie m\u00e9tabolisable :<\/span><\/strong><span dir=\"auto\">\u00a0800 kcal\/kg.<\/span><\/p>\n<div id=\"vue-app\" class=\"feeding-table-block\">\n<div class=\"pt-3\"><\/div>\n<\/div>\n<\/div>\n<\/div>\n<\/div>\n<\/div>\n<\/div>\n","protected":false},"excerpt":{"rendered":"<div class=\"hidden-xs\">\n<div class=\"hidden-xs\">\n<p>Sachets pour chats st\u00e9rilis\u00e9s. Filets en gel\u00e9e avec canard copieux et dinde tendre. Avec carotte et romarin.<\/p>\n<\/div>\n<\/div>\n","protected":false},"featured_media":26884,"template":"","meta":{"jetpack_publicize_message":"","jetpack_publicize_feature_enabled":true,"jetpack_social_post_already_shared":true,"jetpack_social_options":{"image_generator_settings":{"template":"highway","default_image_id":0,"font":"","enabled":false},"version":2}},"product_brand":[],"product_cat":[41],"product_tag":[],"class_list":{"0":"post-26883","1":"product","2":"type-product","3":"status-publish","4":"has-post-thumbnail","6":"product_cat-friandises-et-pate-pour-chat","8":"first","9":"outofstock","10":"taxable","11":"shipping-taxable","12":"purchasable","13":"product-type-simple"},"supplier_id":5590,"supplier_sku":"549948","barcode":"8595602549948","atum_controlled":true,"out_stock_date":"2026-04-10 17:39:23","out_stock_threshold":null,"inheritable":false,"inbound_stock":0,"stock_on_hold":0,"sold_today":0,"sales_last_days":0,"reserved_stock":0,"customer_returns":0,"warehouse_damage":0,"lost_in_post":0,"other_logs":0,"out_stock_days":26,"lost_sales":627,"has_location":false,"update_date":"2026-05-07T00:18:05","atum_locations":[],"atum_stock_status":"outofstock","restock_status":false,"low_stock_amount":72,"sales_update_date":"2026-05-07T00:18:05","calc_backorders":null,"jetpack_publicize_connections":[],"jetpack_sharing_enabled":true,"batches":[{"id":"5240","date_created":"2025-09-08 16:20:37","date_expiry":"2027-04-17 00:00:00","user_id":"50","batch_number":"lot170427","location":"","quantity":"120.0000","quantity_available":"0.0000","units":"1","status":"archived","order_ids":"[26946,26965,27084,28263,28482,28545,28562,28635,28693,28916,29201,29269,29275,29327,29548,29825,29987,30585,30698,30723,30819,30907,31122,31218,31238,31355,31835,31904,32033,32056,32213,32368,32540,33595,34015,34477,34512,34626,34657,34684,34821,35001,35310,35476,35627,35738,35995,36335,36336,36536,36936,36966,37356,37746,37762,37899]","supplier":" BRIT","po":{"id":"5198","date_created":"2025-09-08 16:20:44","batch_id":"5240","po_number":"","supplier":" BRIT","cost":null,"regular_price":null,"sale_price":null,"price_margin":null,"price_discount":null}},{"id":"7450","date_created":"2026-02-02 15:36:43","date_expiry":"2027-11-30 00:00:00","user_id":"50","batch_number":"lot301127","location":"","quantity":"48.0000","quantity_available":"0.0000","units":"1","status":"archived","order_ids":"[37899,37975,38046,38051,38418,38419,38633,38936,39357]","supplier":"Brit","po":{"id":"7385","date_created":"2026-02-02 15:36:43","batch_id":"7450","po_number":"","supplier":"Brit","cost":null,"regular_price":null,"sale_price":null,"price_margin":null,"price_discount":null}}],"_links":{"self":[{"href":"https:\/\/petworld.ma\/index.php\/wp-json\/wp\/v2\/product\/26883","targetHints":{"allow":["GET"]}}],"collection":[{"href":"https:\/\/petworld.ma\/index.php\/wp-json\/wp\/v2\/product"}],"about":[{"href":"https:\/\/petworld.ma\/index.php\/wp-json\/wp\/v2\/types\/product"}],"wp:featuredmedia":[{"embeddable":true,"href":"https:\/\/petworld.ma\/index.php\/wp-json\/wp\/v2\/media\/26884"}],"wp:attachment":[{"href":"https:\/\/petworld.ma\/index.php\/wp-json\/wp\/v2\/media?parent=26883"}],"wp:term":[{"taxonomy":"product_brand","embeddable":true,"href":"https:\/\/petworld.ma\/index.php\/wp-json\/wp\/v2\/product_brand?post=26883"},{"taxonomy":"product_cat","embeddable":true,"href":"https:\/\/petworld.ma\/index.php\/wp-json\/wp\/v2\/product_cat?post=26883"},{"taxonomy":"product_tag","embeddable":true,"href":"https:\/\/petworld.ma\/index.php\/wp-json\/wp\/v2\/product_tag?post=26883"}],"curies":[{"name":"wp","href":"https:\/\/api.w.org\/{rel}","templated":true}]}}