{"id":26888,"date":"2025-09-08T16:23:03","date_gmt":"2025-09-08T16:23:03","guid":{"rendered":"https:\/\/petworld.ma\/?post_type=product&#038;p=26888"},"modified":"2026-04-29T17:07:43","modified_gmt":"2026-04-29T17:07:43","slug":"brit-care-pate-multivitamine-pour-chat-100-g","status":"publish","type":"product","link":"https:\/\/petworld.ma\/index.php\/produit\/brit-care-pate-multivitamine-pour-chat-100-g\/","title":{"rendered":"Brit Care P\u00e2te Multivitamine pour Chat 100 g"},"content":{"rendered":"<p><strong>Composition :<\/strong><br \/>\nsous-produits d\u2019origine v\u00e9g\u00e9tale (malt 60\u00a0%), huiles et graisses, viandes et sous-produits animaux, levures<\/p>\n<p><strong>Constituants analytiques :<\/strong><br \/>\nprot\u00e9ines brutes 3,5 %, fibres brutes 0,2 %, cendres brutes 1,3 %, mati\u00e8res grasses brutes 33 %, calcium 0,14 %, phosphore 0,1 %, sodium 0,1 %<\/p>\n<p><strong>Composition nutritionnelle :<\/strong><br \/>\nvitamine A (3a672a) 40000 UI, vitamine D3 (3a671) 1600 UI, vitamine E (3a700) 200 mg, vitamine C (3a300) 96 mg, vitamine B1 (3a821) 48 mg, vitamine B2 (riboflavine) 32 mg, vitamine B6 (3a831) 24 mg, vitamine B12 (cyanocobalamine) 64 mcg ; Niacine (3A314) 96 mg, Acide folique 4,8 mg, Acide pantoth\u00e9nique (3A841) 60 mg, Biotine (3A880) 50 000 mcg, Fer (sous forme de sulfate ferreux monohydrat\u00e9) 32 mg, Iode (sous forme d\u2019iodate de calcium, anhydre) 0,27 mg, Mangan\u00e8se (sous forme de sulfate de mangan\u00e8se (II), monohydrat\u00e9) 12,8 mg, Zinc (sous forme de sulfate de zinc, monohydrat\u00e9) 5,4 mg<\/p>\n<p><strong>\u00c9nergie m\u00e9tabolisable :<\/strong><br \/>\n4 516 kcal\/kg<\/p>\n<p><strong>Guide d&rsquo;alimentation:<\/strong><\/p>\n<p>Voir sch\u00e9ma. Ajouter \u00e0 la nourriture ou servir seul. Assurez-vous toujours d\u2019avoir de l\u2019eau fra\u00eeche. Fermez soigneusement le tube apr\u00e8s utilisation. Conserver dans un endroit sec et frais.<\/p>\n","protected":false},"excerpt":{"rendered":"<p>P\u00e2te fonctionnelle avec un complexe vitamin\u00e9, un parfum all\u00e9chant et un go\u00fbt irr\u00e9sistible, m\u00eame pour les chats les plus difficiles. Un complexe de vitamines et de min\u00e9raux pour renforcer le syst\u00e8me immunitaire et favoriser une digestion saine, tout en apportant l\u2019\u00e9nergie n\u00e9cessaire \u00e0 un mode de vie actif pour les chats.<\/p>\n","protected":false},"featured_media":26889,"template":"","meta":{"jetpack_publicize_message":"","jetpack_publicize_feature_enabled":true,"jetpack_social_post_already_shared":true,"jetpack_social_options":{"image_generator_settings":{"template":"highway","default_image_id":0,"font":"","enabled":false},"version":2}},"product_brand":[],"product_cat":[219],"product_tag":[],"class_list":{"0":"post-26888","1":"product","2":"type-product","3":"status-publish","4":"has-post-thumbnail","6":"product_cat-complement-alimentaire-hygiene-et-soins-pour-chat","8":"first","9":"instock","10":"sale","11":"taxable","12":"shipping-taxable","13":"purchasable","14":"product-type-simple"},"supplier_id":5590,"supplier_sku":"545827","barcode":"8595602545827","atum_controlled":true,"out_stock_date":null,"out_stock_threshold":null,"inheritable":false,"inbound_stock":0,"stock_on_hold":0,"sold_today":0,"sales_last_days":1,"reserved_stock":0,"customer_returns":0,"warehouse_damage":0,"lost_in_post":0,"other_logs":0,"out_stock_days":0,"lost_sales":0,"has_location":false,"update_date":"2026-05-12T00:21:31","atum_locations":[],"atum_stock_status":"instock","restock_status":false,"low_stock_amount":5,"sales_update_date":"2026-05-12T00:21:30","calc_backorders":null,"jetpack_publicize_connections":[],"jetpack_sharing_enabled":true,"batches":[{"id":"5242","date_created":"2025-09-08 16:34:28","date_expiry":"2027-01-31 00:00:00","user_id":"2760","batch_number":"lot310127","location":"","quantity":"8.0000","quantity_available":"3.0000","units":"1","status":"active","order_ids":"[27057,28561,29491,40594,41014]","supplier":" BRIT","po":{"id":"5200","date_created":"2025-09-08 16:34:32","batch_id":"5242","po_number":"","supplier":" BRIT","cost":null,"regular_price":null,"sale_price":null,"price_margin":null,"price_discount":null}},{"id":"6545","date_created":"2025-12-08 13:28:01","date_expiry":"2027-01-31 00:00:00","user_id":"2760","batch_number":"lot310127","location":"","quantity":"8.0000","quantity_available":"8.0000","units":"1","status":"active","order_ids":null,"supplier":" BRIT","po":{"id":"6491","date_created":"2025-12-08 13:28:01","batch_id":"6545","po_number":"","supplier":" BRIT","cost":null,"regular_price":null,"sale_price":null,"price_margin":null,"price_discount":null}},{"id":"7033","date_created":"2026-01-02 10:34:10","date_expiry":"2027-01-30 00:00:00","user_id":"2760","batch_number":"lot310127","location":"","quantity":"8.0000","quantity_available":"0.0000","units":"1","status":"archived","order_ids":"[33717,33786,33901,33955,35027,35639,36344,38158]","supplier":"Brit","po":{"id":"6972","date_created":"2026-01-02 10:34:10","batch_id":"7033","po_number":"","supplier":"Brit","cost":null,"regular_price":null,"sale_price":null,"price_margin":null,"price_discount":null}}],"_links":{"self":[{"href":"https:\/\/petworld.ma\/index.php\/wp-json\/wp\/v2\/product\/26888","targetHints":{"allow":["GET"]}}],"collection":[{"href":"https:\/\/petworld.ma\/index.php\/wp-json\/wp\/v2\/product"}],"about":[{"href":"https:\/\/petworld.ma\/index.php\/wp-json\/wp\/v2\/types\/product"}],"wp:featuredmedia":[{"embeddable":true,"href":"https:\/\/petworld.ma\/index.php\/wp-json\/wp\/v2\/media\/26889"}],"wp:attachment":[{"href":"https:\/\/petworld.ma\/index.php\/wp-json\/wp\/v2\/media?parent=26888"}],"wp:term":[{"taxonomy":"product_brand","embeddable":true,"href":"https:\/\/petworld.ma\/index.php\/wp-json\/wp\/v2\/product_brand?post=26888"},{"taxonomy":"product_cat","embeddable":true,"href":"https:\/\/petworld.ma\/index.php\/wp-json\/wp\/v2\/product_cat?post=26888"},{"taxonomy":"product_tag","embeddable":true,"href":"https:\/\/petworld.ma\/index.php\/wp-json\/wp\/v2\/product_tag?post=26888"}],"curies":[{"name":"wp","href":"https:\/\/api.w.org\/{rel}","templated":true}]}}