{"id":26891,"date":"2025-09-08T16:37:59","date_gmt":"2025-09-08T16:37:59","guid":{"rendered":"https:\/\/petworld.ma\/?post_type=product&#038;p=26891"},"modified":"2026-04-29T17:57:14","modified_gmt":"2026-04-29T17:57:14","slug":"brit-care-cat-snack-urinary-40g","status":"publish","type":"product","link":"https:\/\/petworld.ma\/index.php\/produit\/brit-care-cat-snack-urinary-40g\/","title":{"rendered":"Brit Raw Snack Chat Urinary 40g"},"content":{"rendered":"<div class=\"box-detail product-wrap\" data-eec-key=\"event\" data-eec-value=\"eec.detail\" data-eec-active=\"\">\n<div data-eec-key=\"ecommerce.detail.actionField.list\" data-eec-value=\"Product detail\" data-eec-active=\"\">\n<div class=\"row\" data-eec-key=\"ecommerce.detail.products[&quot;1086888&quot;]\" data-eec-value=\"{&quot;id&quot;:&quot;1086888&quot;,&quot;name&quot;:&quot;Brit RAW Treat Cat Urinary&quot;,&quot;category&quot;:&quot;Cats\\\/Snacks&quot;,&quot;brand&quot;:&quot;Brit Care Cat Snack&quot;}\" data-eec-type=\"json\" data-eec-active=\"\">\n<div class=\"col-sm-8\">\n<p class=\"composition\"><strong><span dir=\"auto\">Composition:<\/span><\/strong><\/p>\n<p><span dir=\"auto\">parures de poulet fra\u00eeches (70%), parures de dinde fra\u00eeches (26%), lignocellulose (2%), canneberges (1%), levure hydrolys\u00e9e (0,5%, source d&rsquo;inositol et d&rsquo;acides amin\u00e9s), bact\u00e9ries inactiv\u00e9es et leurs parties (Lactobacillus helveticus HA \u2013 122, 15&#215;109 cellules\/kg).<\/span><\/p>\n<p><strong><span dir=\"auto\">Ingr\u00e9dients analytiques :<\/span><\/strong><\/p>\n<p><span dir=\"auto\">Prot\u00e9ines brutes 42,0 %, mati\u00e8res grasses brutes 35,0 %, fibres brutes 2,5 %, cendres brutes 10,0 %, humidit\u00e9 4,0 %, calcium 3,0 %, phosphore 2,0 %, sodium 1,0 %. Contient des antioxydants naturels : extraits de tocoph\u00e9rols d&rsquo;huile v\u00e9g\u00e9tale (1b306(i)), palmitate d&rsquo;ascorbyle (1b304). Contient des conservateurs approuv\u00e9s par l&rsquo;UE : acide citrique (1a330).<\/span><\/p>\n<p><strong><span dir=\"auto\">\u00c9nergie m\u00e9tabolisable :<\/span><\/strong><\/p>\n<p><span dir=\"auto\">4 870 kcal\/kg.<\/span><\/p>\n<p><strong><span dir=\"auto\">Table d&rsquo;alimentation :<\/span><\/strong><\/p>\n<div class=\"overflow-auto\">\n<p><span dir=\"auto\">Les friandises crues lyophilis\u00e9es sont formul\u00e9es pour compl\u00e9ter, et non remplacer, une alimentation compl\u00e8te et \u00e9quilibr\u00e9e. Servez environ 2 friandises par 1 kg de poids corporel, sans d\u00e9passer 10 % de la ration journali\u00e8re. Si les friandises sont trop grosses pour votre chat, \u00e9miettez-les avant de servir. \u00c9miettez 5 \u00e0 10 friandises sur sa nourriture habituelle en guise d&rsquo;ap\u00e9ritif. Assurez-vous que votre chat ait toujours de l&rsquo;eau fra\u00eeche \u00e0 disposition. Conservez dans un endroit sec et frais, \u00e0 l&rsquo;abri de la lumi\u00e8re directe du soleil. Refermez bien apr\u00e8s ouverture. Voir au dos du sachet la date limite de consommation, le code de lot et le num\u00e9ro d&rsquo;enregistrement du fabricant.<\/span><\/p>\n<\/div>\n<\/div>\n<\/div>\n<\/div>\n<\/div>\n","protected":false},"excerpt":{"rendered":"<div class=\"hidden-xs\">\n<div class=\"hidden-xs\">\n<p><span dir=\"auto\">Aliment compl\u00e9mentaire pour chats adultes.<\/span><\/p>\n<\/div>\n<div class=\"benefits\"><\/div>\n<div class=\"catalog-wrap\"><\/div>\n<\/div>\n","protected":false},"featured_media":27251,"template":"","meta":{"jetpack_publicize_message":"","jetpack_publicize_feature_enabled":true,"jetpack_social_post_already_shared":true,"jetpack_social_options":{"image_generator_settings":{"template":"highway","default_image_id":0,"font":"","enabled":false},"version":2}},"product_brand":[],"product_cat":[41,238],"product_tag":[],"class_list":{"0":"post-26891","1":"product","2":"type-product","3":"status-publish","4":"has-post-thumbnail","6":"product_cat-friandises-et-pate-pour-chat","7":"product_cat-friandises-secs-chat","9":"first","10":"instock","11":"taxable","12":"shipping-taxable","13":"purchasable","14":"product-type-simple"},"supplier_id":5590,"supplier_sku":"","barcode":"8595602569540","atum_controlled":true,"out_stock_date":null,"out_stock_threshold":null,"inheritable":false,"inbound_stock":0,"stock_on_hold":0,"sold_today":0,"sales_last_days":1,"reserved_stock":0,"customer_returns":0,"warehouse_damage":0,"lost_in_post":0,"other_logs":0,"out_stock_days":0,"lost_sales":0,"has_location":false,"update_date":"2026-05-07T00:18:05","atum_locations":[],"atum_stock_status":"instock","restock_status":false,"low_stock_amount":5,"sales_update_date":"2026-05-07T00:18:05","calc_backorders":0,"jetpack_publicize_connections":[],"jetpack_sharing_enabled":true,"batches":[{"id":"5244","date_created":"2025-09-08 21:32:01","date_expiry":"2026-09-19 00:00:00","user_id":"2760","batch_number":"britrawurinary210926","location":"","quantity":"9.0000","quantity_available":"0.0000","units":"1","status":"archived","order_ids":"[27433,28249,28698,29491,29655,29914,31431,31640,31970]","supplier":" BRIT","po":{"id":"5202","date_created":"2025-09-08 21:32:08","batch_id":"5244","po_number":"","supplier":" BRIT","cost":null,"regular_price":null,"sale_price":null,"price_margin":null,"price_discount":null}},{"id":"6775","date_created":"2025-12-20 10:07:34","date_expiry":"2026-12-27 00:00:00","user_id":"2760","batch_number":"britrawurinary271226","location":"","quantity":"10.0000","quantity_available":"10.0000","units":"1","status":"archived","order_ids":null,"supplier":" BRIT","po":{"id":"6721","date_created":"2025-12-20 10:07:34","batch_id":"6775","po_number":"","supplier":" BRIT","cost":null,"regular_price":null,"sale_price":null,"price_margin":null,"price_discount":null}},{"id":"7034","date_created":"2026-01-02 10:35:36","date_expiry":"2026-12-27 00:00:00","user_id":"2760","batch_number":"britrawurinary271226","location":"","quantity":"10.0000","quantity_available":"0.0000","units":"1","status":"archived","order_ids":"[35395,36181,36772,36881,37307,37886,38291,39067,39195]","supplier":"Brit","po":{"id":"6973","date_created":"2026-01-02 10:35:37","batch_id":"7034","po_number":"","supplier":"Brit","cost":null,"regular_price":null,"sale_price":null,"price_margin":null,"price_discount":null}},{"id":"7445","date_created":"2026-02-02 14:25:52","date_expiry":"2026-12-27 00:00:00","user_id":"2760","batch_number":"britrawurinary271226","location":"","quantity":"10.0000","quantity_available":"7.0000","units":"1","status":"active","order_ids":"[40051,40506,41018]","supplier":"Brit","po":{"id":"7380","date_created":"2026-02-02 14:25:53","batch_id":"7445","po_number":"","supplier":"Brit","cost":null,"regular_price":null,"sale_price":null,"price_margin":null,"price_discount":null}}],"_links":{"self":[{"href":"https:\/\/petworld.ma\/index.php\/wp-json\/wp\/v2\/product\/26891","targetHints":{"allow":["GET"]}}],"collection":[{"href":"https:\/\/petworld.ma\/index.php\/wp-json\/wp\/v2\/product"}],"about":[{"href":"https:\/\/petworld.ma\/index.php\/wp-json\/wp\/v2\/types\/product"}],"wp:featuredmedia":[{"embeddable":true,"href":"https:\/\/petworld.ma\/index.php\/wp-json\/wp\/v2\/media\/27251"}],"wp:attachment":[{"href":"https:\/\/petworld.ma\/index.php\/wp-json\/wp\/v2\/media?parent=26891"}],"wp:term":[{"taxonomy":"product_brand","embeddable":true,"href":"https:\/\/petworld.ma\/index.php\/wp-json\/wp\/v2\/product_brand?post=26891"},{"taxonomy":"product_cat","embeddable":true,"href":"https:\/\/petworld.ma\/index.php\/wp-json\/wp\/v2\/product_cat?post=26891"},{"taxonomy":"product_tag","embeddable":true,"href":"https:\/\/petworld.ma\/index.php\/wp-json\/wp\/v2\/product_tag?post=26891"}],"curies":[{"name":"wp","href":"https:\/\/api.w.org\/{rel}","templated":true}]}}