{"id":26905,"date":"2025-09-08T22:00:48","date_gmt":"2025-09-08T22:00:48","guid":{"rendered":"https:\/\/petworld.ma\/?post_type=product&#038;p=26905"},"modified":"2026-02-11T16:15:28","modified_gmt":"2026-02-11T16:15:28","slug":"lingettes-au-parfum-de-rose-camon","status":"publish","type":"product","link":"https:\/\/petworld.ma\/index.php\/produit\/lingettes-au-parfum-de-rose-camon\/","title":{"rendered":"Lingettes au Parfum de Rose (40 pcs) &#8211; Camon"},"content":{"rendered":"<p><strong>Lingettes nettoyantes pour chiens et chats au Parfum de Rose<\/strong><\/p>\n<p>+ Pratiques pour \u00e9liminer les mauvaises odeurs<br \/>\n+ Pour le pelage, pattes, museau et oreilles<br \/>\n+ Formule d\u00e9licate rafra\u00eechie, nourrit et prot\u00e8ge le poil.<br \/>\n+ Disponibles en plusieurs fragrances<br \/>\n+ Sans paraben , ni alcool \u00e9thylique<\/p>\n<p>Paquet de 40 lingettes 20x30cm<\/p>\n","protected":false},"excerpt":{"rendered":"<p><span dir=\"auto\">Fabriqu\u00e9es en Italie<\/span><\/p>\n","protected":false},"featured_media":27040,"template":"","meta":{"jetpack_publicize_message":"","jetpack_publicize_feature_enabled":true,"jetpack_social_post_already_shared":true,"jetpack_social_options":{"image_generator_settings":{"template":"highway","default_image_id":0,"font":"","enabled":false},"version":2}},"product_brand":[],"product_cat":[225,224],"product_tag":[],"class_list":{"0":"post-26905","1":"product","2":"type-product","3":"status-publish","4":"has-post-thumbnail","6":"product_cat-lingettes-serviettes-hygiene-et-soins-pour-chat","7":"product_cat-lingettes-serviettes","9":"first","10":"instock","11":"sale","12":"taxable","13":"shipping-taxable","14":"purchasable","15":"product-type-simple"},"supplier_id":null,"supplier_sku":"","barcode":null,"atum_controlled":true,"out_stock_date":null,"out_stock_threshold":null,"inheritable":false,"inbound_stock":0,"stock_on_hold":0,"sold_today":0,"sales_last_days":0,"reserved_stock":0,"customer_returns":0,"warehouse_damage":0,"lost_in_post":0,"other_logs":0,"out_stock_days":0,"lost_sales":0,"has_location":false,"update_date":"2026-05-07T00:19:51","atum_locations":[],"atum_stock_status":"instock","restock_status":false,"low_stock_amount":6,"sales_update_date":"2026-05-07T00:19:51","calc_backorders":null,"jetpack_publicize_connections":[],"jetpack_sharing_enabled":true,"batches":[],"_links":{"self":[{"href":"https:\/\/petworld.ma\/index.php\/wp-json\/wp\/v2\/product\/26905","targetHints":{"allow":["GET"]}}],"collection":[{"href":"https:\/\/petworld.ma\/index.php\/wp-json\/wp\/v2\/product"}],"about":[{"href":"https:\/\/petworld.ma\/index.php\/wp-json\/wp\/v2\/types\/product"}],"wp:featuredmedia":[{"embeddable":true,"href":"https:\/\/petworld.ma\/index.php\/wp-json\/wp\/v2\/media\/27040"}],"wp:attachment":[{"href":"https:\/\/petworld.ma\/index.php\/wp-json\/wp\/v2\/media?parent=26905"}],"wp:term":[{"taxonomy":"product_brand","embeddable":true,"href":"https:\/\/petworld.ma\/index.php\/wp-json\/wp\/v2\/product_brand?post=26905"},{"taxonomy":"product_cat","embeddable":true,"href":"https:\/\/petworld.ma\/index.php\/wp-json\/wp\/v2\/product_cat?post=26905"},{"taxonomy":"product_tag","embeddable":true,"href":"https:\/\/petworld.ma\/index.php\/wp-json\/wp\/v2\/product_tag?post=26905"}],"curies":[{"name":"wp","href":"https:\/\/api.w.org\/{rel}","templated":true}]}}