{"id":26968,"date":"2025-09-10T15:07:07","date_gmt":"2025-09-10T15:07:07","guid":{"rendered":"https:\/\/petworld.ma\/?post_type=product&#038;p=26968"},"modified":"2026-04-16T18:09:56","modified_gmt":"2026-04-16T18:09:56","slug":"friandises-beaphar-super-delicieux-1kg","status":"publish","type":"product","link":"https:\/\/petworld.ma\/index.php\/produit\/friandises-beaphar-super-delicieux-1kg\/","title":{"rendered":"Friandises Beaphar Super Delicieux 1kg"},"content":{"rendered":"<div class=\"TabbedAccordion-module_container__ipT5h\" data-qa=\"tabbed-accordion\">\n<div class=\"TabbedAccordion-module_contentContainer__EHRNr\" data-qa=\"tabbed-accordion-content\">\n<div id=\"tabbed-accordion-:Rhiiah6:-section-0\" class=\"TabbedAccordion-module_content__YHr0u TabbedAccordion-module_activeContent__Oh8Ol \" role=\"tabpanel\" aria-labelledby=\"tabbed-accordion-:Rhiiah6:-tab-0\" data-qa=\"tabbed-accordion-section-content\">\n<div class=\"sc-tagGq bpzkSn\" data-qa=\"product-details\">\n<div class=\"sc-esYiGF bzHMvG\">\n<div class=\"ShowMoreLess-module_wrapper__o7OmT ShowMoreLess-module_clamped__MOcCz\">\n<div class=\"product-bottom__paragraph\" data-v-24efc48f=\"\">\n<div class=\"product-bottom__paragraph\" data-v-1367eb58=\"\">\n<h3 class=\"product-bottom__paragraph-title\" data-v-1367eb58=\"\"><strong><span style=\"text-decoration: underline;\"><span dir=\"auto\">Description:<\/span><\/span><\/strong><\/h3>\n<p class=\"whitespace-pre-line\" data-v-1367eb58=\"\"><span dir=\"auto\">Que ce soit comme repas principal, comme r\u00e9compense ou simplement comme en-cas, Super Lekker est toujours un compl\u00e9ment particuli\u00e8rement appr\u00e9ci\u00e9. Il contient tous les nutriments, min\u00e9raux et vitamines essentiels dont votre chien a besoin quotidiennement.<\/span><\/p>\n<\/div>\n<div class=\"product-bottom__paragraph\" data-v-1367eb58=\"\">\n<h3 class=\"product-bottom__paragraph-title\" data-v-1367eb58=\"\"><strong><span dir=\"auto\">Instructions:<\/span><\/strong><\/h3>\n<p class=\"whitespace-pre-line\" data-v-1367eb58=\"\"><span dir=\"auto\">Une grande tasse (200 ml) correspond \u00e0 environ 130 g de Super Lekker. Les quantit\u00e9s indiqu\u00e9es sont donn\u00e9es \u00e0 titre indicatif et doivent \u00eatre adapt\u00e9es aux besoins individuels, \u00e0 l&rsquo;\u00e2ge et au niveau d&rsquo;activit\u00e9 de votre chien. Toujours laisser \u00e0 disposition suffisamment d&rsquo;eau fra\u00eeche.<\/span><\/p>\n<\/div>\n<div class=\"product-bottom__paragraph\" data-v-1367eb58=\"\">\n<h3 class=\"product-bottom__paragraph-title\" data-v-1367eb58=\"\"><strong><span dir=\"auto\">Composition:<\/span><\/strong><\/h3>\n<ul class=\"mb-6 list-reset\" data-v-1367eb58=\"\">\n<li data-v-1367eb58=\"\"><strong data-v-1367eb58=\"\"><span dir=\"auto\">Additifs<\/span><\/strong><span dir=\"auto\">\u00a0:\u00a0<\/span><span data-v-1367eb58=\"\"><span dir=\"auto\">Additifs \/ Additifs nutritionnels\/kg : Vit. A 8\u00a0000 UI, Vit. D3 (E671) 800 UI, Vit. E 80 UI, Cu (E4) 10 mg, Fe (E1) 100 mg, I (E2) 2 mg, Mn (E5) 6,5 mg, Se (E8) 0,15 mg, Zn (E6) 110 mg, conservateurs, colorants, antioxydants<\/span><\/span><\/li>\n<li data-v-1367eb58=\"\"><strong data-v-1367eb58=\"\"><span dir=\"auto\">Analyse<\/span><\/strong><span dir=\"auto\">\u00a0:\u00a0<\/span><span data-v-1367eb58=\"\"><span dir=\"auto\">Composants analytiques : Prot\u00e9ines brutes 21 %, Fibres brutes 2,5 %, Mati\u00e8res grasses brutes 11 %, Cendres brutes 7,5 % Humidit\u00e9 20 %<\/span><\/span><\/li>\n<\/ul>\n<\/div>\n<div class=\"product-bottom__paragraph\" data-v-1367eb58=\"\">\n<h3 class=\"product-bottom__paragraph-title\" data-v-1367eb58=\"\"><span dir=\"auto\">Caract\u00e9ristiques<\/span><\/h3>\n<table class=\"mt-2 mb-6 w-full product-bottom__specifications overflow-auto\" data-v-1367eb58=\"\">\n<tbody data-v-1367eb58=\"\">\n<tr data-v-1367eb58=\"\">\n<th class=\"text-left py-3 px-5 w-1\/4 align-top\" data-v-1367eb58=\"\"><span dir=\"auto\">Contenu<\/span><\/th>\n<td class=\"w-3\/4 py-3 pr-4\" data-v-1367eb58=\"\"><span class=\"product-bottom__spec\" data-id=\"contents\" data-v-1367eb58=\"\"><span dir=\"auto\">1 kg<\/span><\/span><\/td>\n<\/tr>\n<tr data-v-1367eb58=\"\">\n<th class=\"text-left py-3 px-5 w-1\/4 align-top\" data-v-1367eb58=\"\"><span dir=\"auto\">UGS<\/span><\/th>\n<td class=\"w-3\/4 py-3 pr-4\" data-v-1367eb58=\"\"><span class=\"product-bottom__spec\" data-id=\"sku\" data-v-1367eb58=\"\"><span dir=\"auto\">16982<\/span><\/span><\/td>\n<\/tr>\n<tr data-v-1367eb58=\"\">\n<th class=\"text-left py-3 px-5 w-1\/4 align-top\" data-v-1367eb58=\"\"><span dir=\"auto\">Code-barres<\/span><\/th>\n<td class=\"w-3\/4 py-3 pr-4\" data-v-1367eb58=\"\"><span class=\"product-bottom__spec\" data-id=\"barcode\" data-v-1367eb58=\"\"><span dir=\"auto\">8711231169825<\/span><\/span><\/td>\n<\/tr>\n<tr data-v-1367eb58=\"\">\n<th class=\"text-left py-3 px-5 w-1\/4 align-top\" data-v-1367eb58=\"\"><span dir=\"auto\">formulaire<\/span><\/th>\n<td class=\"w-3\/4 py-3 pr-4\" data-v-1367eb58=\"\"><span class=\"product-bottom__spec\" data-id=\"form\" data-v-1367eb58=\"\"><span dir=\"auto\">Morceaux<\/span><\/span><\/td>\n<\/tr>\n<tr data-v-1367eb58=\"\">\n<th class=\"text-left py-3 px-5 w-1\/4 align-top\" data-v-1367eb58=\"\"><span dir=\"auto\">\u00c2ge des animaux<\/span><\/th>\n<td class=\"w-3\/4 py-3 pr-4\" data-v-1367eb58=\"\"><span class=\"product-bottom__spec\" data-id=\"animal_age\" data-v-1367eb58=\"\"><span dir=\"auto\">Tous \u00e2ges<\/span><\/span><\/td>\n<\/tr>\n<tr data-v-1367eb58=\"\">\n<th class=\"text-left py-3 px-5 w-1\/4 align-top\" data-v-1367eb58=\"\"><span dir=\"auto\">Esp\u00e8ces animales<\/span><\/th>\n<td class=\"w-3\/4 py-3 pr-4\" data-v-1367eb58=\"\"><span class=\"product-bottom__spec\" data-id=\"animal_type\" data-v-1367eb58=\"\"><span dir=\"auto\">Chien<\/span><\/span><\/td>\n<\/tr>\n<tr data-v-1367eb58=\"\">\n<th class=\"text-left py-3 px-5 w-1\/4 align-top\" data-v-1367eb58=\"\"><span dir=\"auto\">Poids de l&rsquo;animal<\/span><\/th>\n<td class=\"w-3\/4 py-3 pr-4\" data-v-1367eb58=\"\"><span class=\"product-bottom__spec\" data-id=\"animal_weight\" data-v-1367eb58=\"\"><span dir=\"auto\">Tous les poids<\/span><\/span><\/td>\n<\/tr>\n<\/tbody>\n<\/table>\n<\/div>\n<\/div>\n<\/div>\n<\/div>\n<\/div>\n<\/div>\n<\/div>\n<\/div>\n","protected":false},"excerpt":{"rendered":"<div class=\"ShowMoreLess-module_wrapper__o7OmT \">\n<p class=\"product-info__description\" data-v-d0db36ea=\"\"><span dir=\"auto\">Super Lekker est toujours un compl\u00e9ment particuli\u00e8rement appr\u00e9ci\u00e9. Il contient tous les nutriments, min\u00e9raux et vitamines essentiels dont votre chien a besoin quotidiennement.<\/span><\/p>\n<\/div>\n","protected":false},"featured_media":26969,"template":"","meta":{"jetpack_publicize_message":"","jetpack_publicize_feature_enabled":true,"jetpack_social_post_already_shared":true,"jetpack_social_options":{"image_generator_settings":{"template":"highway","default_image_id":0,"font":"","enabled":false},"version":2}},"product_brand":[],"product_cat":[26,39,106],"product_tag":[],"class_list":{"0":"post-26968","1":"product","2":"type-product","3":"status-publish","4":"has-post-thumbnail","6":"product_cat-croquettes","7":"product_cat-friandises-et-pates-pour-chien","8":"product_cat-jouet-et-dressage","10":"first","11":"instock","12":"taxable","13":"shipping-taxable","14":"purchasable","15":"product-type-simple"},"supplier_id":5603,"supplier_sku":"","barcode":null,"atum_controlled":true,"out_stock_date":null,"out_stock_threshold":null,"inheritable":false,"inbound_stock":0,"stock_on_hold":0,"sold_today":0,"sales_last_days":0,"reserved_stock":0,"customer_returns":0,"warehouse_damage":0,"lost_in_post":0,"other_logs":0,"out_stock_days":0,"lost_sales":0,"has_location":false,"update_date":"2026-05-07T00:20:29","atum_locations":[],"atum_stock_status":"instock","restock_status":false,"low_stock_amount":2,"sales_update_date":"2026-05-07T00:20:28","calc_backorders":null,"jetpack_publicize_connections":[],"jetpack_sharing_enabled":true,"batches":[{"id":"6486","date_created":"2025-12-06 12:52:37","date_expiry":"2026-06-27 00:00:00","user_id":"2760","batch_number":"SUPERLEKKAR0626","location":"","quantity":"1.0000","quantity_available":"0.0000","units":"1","status":"archived","order_ids":"[32600]","supplier":"HILLS","po":{"id":"6432","date_created":"2025-12-06 12:52:37","batch_id":"6486","po_number":"","supplier":"HILLS","cost":null,"regular_price":null,"sale_price":null,"price_margin":null,"price_discount":null}},{"id":"7999","date_created":"2026-02-28 12:10:45","date_expiry":"2026-06-27 00:00:00","user_id":"2760","batch_number":"SUPERLEKKAR0626","location":"","quantity":"2.0000","quantity_available":"0.0000","units":"1","status":"archived","order_ids":"[38517,39429]","supplier":"HILLS","po":{"id":"7937","date_created":"2026-02-28 12:10:45","batch_id":"7999","po_number":"","supplier":"HILLS","cost":null,"regular_price":null,"sale_price":null,"price_margin":null,"price_discount":null}},{"id":"8853","date_created":"2026-04-16 18:09:55","date_expiry":"2026-06-27 00:00:00","user_id":"2760","batch_number":"SUPERLEKKAR0626","location":"","quantity":"2.0000","quantity_available":"2.0000","units":"1","status":"active","order_ids":null,"supplier":"HILLS","po":{"id":"8780","date_created":"2026-04-16 18:09:56","batch_id":"8853","po_number":"","supplier":"HILLS","cost":null,"regular_price":null,"sale_price":null,"price_margin":null,"price_discount":null}}],"_links":{"self":[{"href":"https:\/\/petworld.ma\/index.php\/wp-json\/wp\/v2\/product\/26968","targetHints":{"allow":["GET"]}}],"collection":[{"href":"https:\/\/petworld.ma\/index.php\/wp-json\/wp\/v2\/product"}],"about":[{"href":"https:\/\/petworld.ma\/index.php\/wp-json\/wp\/v2\/types\/product"}],"wp:featuredmedia":[{"embeddable":true,"href":"https:\/\/petworld.ma\/index.php\/wp-json\/wp\/v2\/media\/26969"}],"wp:attachment":[{"href":"https:\/\/petworld.ma\/index.php\/wp-json\/wp\/v2\/media?parent=26968"}],"wp:term":[{"taxonomy":"product_brand","embeddable":true,"href":"https:\/\/petworld.ma\/index.php\/wp-json\/wp\/v2\/product_brand?post=26968"},{"taxonomy":"product_cat","embeddable":true,"href":"https:\/\/petworld.ma\/index.php\/wp-json\/wp\/v2\/product_cat?post=26968"},{"taxonomy":"product_tag","embeddable":true,"href":"https:\/\/petworld.ma\/index.php\/wp-json\/wp\/v2\/product_tag?post=26968"}],"curies":[{"name":"wp","href":"https:\/\/api.w.org\/{rel}","templated":true}]}}