{"id":26977,"date":"2025-09-10T19:27:56","date_gmt":"2025-09-10T19:27:56","guid":{"rendered":"https:\/\/petworld.ma\/?post_type=product&#038;p=26977"},"modified":"2026-05-11T15:43:29","modified_gmt":"2026-05-11T15:43:29","slug":"jungle-biscuits-crunch-chat-hairball-poulet-60g","status":"publish","type":"product","link":"https:\/\/petworld.ma\/index.php\/produit\/jungle-biscuits-crunch-chat-hairball-poulet-60g\/","title":{"rendered":"Jungle Biscuits Crunch Chat Hairball Poulet (60g)"},"content":{"rendered":"<div id=\"-product-tabs-44-66\" class=\"oxy-product-tabs oxy-woo-element\">\n<div class=\"woocommerce-tabs wc-tabs-wrapper\">\n<h3><span style=\"color: #555555;font-size: 14.4px\">Jungle Crunch Hairball Control Poulet 60 g est une friandise sp\u00e9cialement formul\u00e9e pour aider \u00e0 r\u00e9duire la formation de boules de poils et favoriser la sant\u00e9 digestive de votre chat. Fabriqu\u00e9es \u00e0 partir de poulet de haute qualit\u00e9 et enrichies en nutriments essentiels, ces friandises croquantes aident \u00e0 contr\u00f4ler la formation de boules de poils et favorisent un pelage sain. Chaque paquet contient 60 g, garantissant ainsi des friandises fra\u00eeches \u00e0 chaque fois. C&rsquo;est l&rsquo;en-cas id\u00e9al pour r\u00e9compenser votre chat ou pour contribuer \u00e0 son bien-\u00eatre.<\/span><\/h3>\n<\/div>\n<\/div>\n","protected":false},"excerpt":{"rendered":"<p>Jungle Crunch Hairball Control Poulet 60 g est une friandise sp\u00e9cialement formul\u00e9e pour aider \u00e0 r\u00e9duire la formation de boules de poils et favoriser la sant\u00e9 digestive de votre chat. Fabriqu\u00e9es \u00e0 partir de poulet de haute qualit\u00e9 et enrichies en nutriments essentiels, ces friandises croquantes aident \u00e0 contr\u00f4ler la formation de boules de poils [&#8230;]\n","protected":false},"featured_media":26978,"template":"","meta":{"jetpack_publicize_message":"","jetpack_publicize_feature_enabled":true,"jetpack_social_post_already_shared":true,"jetpack_social_options":{"image_generator_settings":{"template":"highway","default_image_id":0,"font":"","enabled":false},"version":2}},"product_brand":[],"product_cat":[41,238],"product_tag":[],"class_list":{"0":"post-26977","1":"product","2":"type-product","3":"status-publish","4":"has-post-thumbnail","6":"product_cat-friandises-et-pate-pour-chat","7":"product_cat-friandises-secs-chat","9":"first","10":"instock","11":"taxable","12":"shipping-taxable","13":"purchasable","14":"product-type-simple"},"supplier_id":30685,"supplier_sku":"JNGR-002","barcode":"8682631202965","atum_controlled":true,"out_stock_date":null,"out_stock_threshold":null,"inheritable":false,"inbound_stock":0,"stock_on_hold":7,"sold_today":0,"sales_last_days":11,"reserved_stock":0,"customer_returns":0,"warehouse_damage":0,"lost_in_post":0,"other_logs":0,"out_stock_days":0,"lost_sales":0,"has_location":false,"update_date":"2026-05-12T19:02:19","atum_locations":[],"atum_stock_status":"instock","restock_status":false,"low_stock_amount":12,"sales_update_date":"2026-05-12T19:02:19","calc_backorders":0,"jetpack_publicize_connections":[],"jetpack_sharing_enabled":true,"batches":[{"id":"5257","date_created":"2025-09-10 19:41:51","date_expiry":"2026-07-31 00:00:00","user_id":"2760","batch_number":"lot310726","location":"","quantity":"20.0000","quantity_available":"0.0000","units":"1","status":"archived","order_ids":"[27286,27459,27695,27960,28057,28270,28589,28846,28901,29320,29421,29740,29825,29921,30260,30812]","supplier":"WANPY","po":{"id":"5215","date_created":"2025-09-10 19:41:52","batch_id":"5257","po_number":"","supplier":"WANPY","cost":null,"regular_price":null,"sale_price":null,"price_margin":null,"price_discount":null}},{"id":"6033","date_created":"2025-11-06 11:56:27","date_expiry":"2026-07-31 00:00:00","user_id":"2760","batch_number":"lot310726","location":"","quantity":"20.0000","quantity_available":"0.0000","units":"1","status":"archived","order_ids":"[30820,30897,31109,31253,31440,31471,31672,31918,32120,32238,32254,33199]","supplier":"WANPY","po":{"id":"5977","date_created":"2025-11-06 11:56:28","batch_id":"6033","po_number":"","supplier":"WANPY","cost":null,"regular_price":null,"sale_price":null,"price_margin":null,"price_discount":null}},{"id":"6834","date_created":"2025-12-22 12:21:52","date_expiry":"2026-07-31 00:00:00","user_id":"2760","batch_number":"lot310726","location":"","quantity":"30.0000","quantity_available":"23.0000","units":"1","status":"active","order_ids":"[33199,33202,34090,35529,36196,36223]","supplier":"WANPY","po":{"id":"7847","date_created":"2026-02-24 20:27:38","batch_id":"6834","po_number":"","supplier":"WANPY","cost":null,"regular_price":null,"sale_price":null,"price_margin":null,"price_discount":null}},{"id":"7911","date_created":"2026-02-24 20:27:38","date_expiry":"2026-07-31 00:00:00","user_id":"2760","batch_number":"lot310726","location":"","quantity":"10.0000","quantity_available":"0.0000","units":"1","status":"archived","order_ids":"[36661,36808,37103,37223,37379,37896,37992,38379]","supplier":"WANPY","po":{"id":"7848","date_created":"2026-02-24 20:27:39","batch_id":"7911","po_number":"","supplier":"WANPY","cost":null,"regular_price":null,"sale_price":null,"price_margin":null,"price_discount":null}},{"id":"8264","date_created":"2026-03-14 11:48:15","date_expiry":"2026-07-31 00:00:00","user_id":"2760","batch_number":"lot310726","location":"","quantity":"20.0000","quantity_available":"11.0000","units":"1","status":"active","order_ids":"[38659,38684,39454,39898,40392,40726,40991]","supplier":"WANPY","po":{"id":"8190","date_created":"2026-03-14 11:48:16","batch_id":"8264","po_number":"","supplier":"WANPY","cost":null,"regular_price":null,"sale_price":null,"price_margin":null,"price_discount":null}},{"id":"9267","date_created":"2026-04-30 15:49:57","date_expiry":"2026-07-31 00:00:00","user_id":"2760","batch_number":"lot310726","location":"","quantity":"10.0000","quantity_available":"0.0000","units":"1","status":"archived","order_ids":"[41110,41199,41628,41756]","supplier":"WANPY","po":{"id":"9190","date_created":"2026-04-30 15:49:57","batch_id":"9267","po_number":"","supplier":"WANPY","cost":null,"regular_price":null,"sale_price":null,"price_margin":null,"price_discount":null}}],"_links":{"self":[{"href":"https:\/\/petworld.ma\/index.php\/wp-json\/wp\/v2\/product\/26977","targetHints":{"allow":["GET"]}}],"collection":[{"href":"https:\/\/petworld.ma\/index.php\/wp-json\/wp\/v2\/product"}],"about":[{"href":"https:\/\/petworld.ma\/index.php\/wp-json\/wp\/v2\/types\/product"}],"wp:featuredmedia":[{"embeddable":true,"href":"https:\/\/petworld.ma\/index.php\/wp-json\/wp\/v2\/media\/26978"}],"wp:attachment":[{"href":"https:\/\/petworld.ma\/index.php\/wp-json\/wp\/v2\/media?parent=26977"}],"wp:term":[{"taxonomy":"product_brand","embeddable":true,"href":"https:\/\/petworld.ma\/index.php\/wp-json\/wp\/v2\/product_brand?post=26977"},{"taxonomy":"product_cat","embeddable":true,"href":"https:\/\/petworld.ma\/index.php\/wp-json\/wp\/v2\/product_cat?post=26977"},{"taxonomy":"product_tag","embeddable":true,"href":"https:\/\/petworld.ma\/index.php\/wp-json\/wp\/v2\/product_tag?post=26977"}],"curies":[{"name":"wp","href":"https:\/\/api.w.org\/{rel}","templated":true}]}}