{"id":27043,"date":"2025-09-12T10:23:00","date_gmt":"2025-09-12T10:23:00","guid":{"rendered":"https:\/\/petworld.ma\/?post_type=product&#038;p=27043"},"modified":"2026-04-12T12:41:44","modified_gmt":"2026-04-12T12:41:44","slug":"beaphar-intestopro-pate-chien-small-chat-20ml","status":"publish","type":"product","link":"https:\/\/petworld.ma\/index.php\/produit\/beaphar-intestopro-pate-chien-small-chat-20ml\/","title":{"rendered":"Beaphar Intestopro P\u00e2te Chien Small &amp; Chat 20ml"},"content":{"rendered":"<div class=\"product-bottom__paragraph\" data-v-1367eb58=\"\">\n<div class=\"product-bottom__paragraph\" data-v-1367eb58=\"\">\n<h3 class=\"product-bottom__paragraph-title\" data-v-1367eb58=\"\"><strong>Description:<\/strong><\/h3>\n<p class=\"whitespace-pre-line\" data-v-1367eb58=\"\">IntestoPro de Beaphar aide \u00e0 soulager les troubles gastro-intestinaux des chats et des chiens d\u00e8s l&rsquo;\u00e2ge de 4 semaines et \u00e0 partir de 1 kg. Le principal ingr\u00e9dient &#8211; la z\u00e9olite &#8211; est naturel et aide \u00e0 rendre les selles plus \u00e9paisses en absorbant l&rsquo;exc\u00e8s d&rsquo;humidit\u00e9. Le produit contient \u00e9galement de l&rsquo;hydroxyde d&rsquo;aluminium, des FOS et MOS, qui sont connus pour leurs vertus. Ils aident au fonctionnement normal du syst\u00e8me intestinal et renforcent la flore intestinale. IntestoPro est particuli\u00e8rement recommand\u00e9 pour les chats et pour les chiens qui ont des selles variables ou liquides.Avec seringue doseuse pratique.<\/p>\n<\/div>\n<div class=\"product-bottom__paragraph\" data-v-1367eb58=\"\">\n<h3 class=\"product-bottom__paragraph-title\" data-v-1367eb58=\"\"><strong>Instructions:<\/strong><\/h3>\n<p class=\"whitespace-pre-line\" data-v-1367eb58=\"\">Administrer 2 fois par jour par voie orale, pendant 3 jours. Voir les quantit\u00e9s journali\u00e8res recommand\u00e9es dans le tableau. Consultez un v\u00e9t\u00e9rinaire en cas de pr\u00e9sence de sang dans les selles ou si les troubles durent plus de 3 jours.<\/p>\n<\/div>\n<div class=\"product-bottom__paragraph\" data-v-1367eb58=\"\">\n<h3 class=\"product-bottom__paragraph-title\" data-v-1367eb58=\"\"><strong>Composition:<\/strong><\/h3>\n<ul class=\"mb-6 list-reset\" data-v-1367eb58=\"\">\n<li data-v-1367eb58=\"\"><strong data-v-1367eb58=\"\">Ingr\u00e9dients<\/strong>:\u00a0<span data-v-1367eb58=\"\">Levure (MOS 1%), Sous-produits v\u00e9g\u00e9taux (FOS 1%), Min\u00e9raux (hydroxyde d&rsquo;aluminium 1,5%), Viande et sous-produits animaux, Huiles et graisses.<\/span><\/li>\n<li data-v-1367eb58=\"\"><strong data-v-1367eb58=\"\">Additifs<\/strong>:\u00a0<span data-v-1367eb58=\"\">Additifs nutritionnels\/kg : I (E2) (3b201) : 0.382 mg Additifs technologiques\/kg : Conservateurs, \u00c9paississants : Clinoptilolite d\u2019origine s\u00e9dimentaire (Z\u00e9olite) (1g568) 190.000 mg.<\/span><\/li>\n<li data-v-1367eb58=\"\"><strong data-v-1367eb58=\"\">Analyse<\/strong>:\u00a0<span data-v-1367eb58=\"\">Prot\u00e9ine brute 11%, Mati\u00e8res grasses 1,1%, Cellulose brute 0,05%, Cendres brutes 25%, Calcium 0,89%, Phosphore 0,04%, Sodium 0,61%<\/span><\/li>\n<\/ul>\n<\/div>\n<div class=\"product-bottom__paragraph\" data-v-1367eb58=\"\">\n<h3 class=\"product-bottom__paragraph-title\" data-v-1367eb58=\"\"><strong>Sp\u00e9cifications:<\/strong><\/h3>\n<table class=\"mt-2 mb-6 w-full product-bottom__specifications overflow-auto\" data-v-1367eb58=\"\">\n<tbody data-v-1367eb58=\"\">\n<tr data-v-1367eb58=\"\">\n<th class=\"text-left py-3 px-5 w-1\/4 align-top\" data-v-1367eb58=\"\">Saveur<\/th>\n<td class=\"w-3\/4 py-3 pr-4\" data-v-1367eb58=\"\"><span class=\"product-bottom__spec\" data-id=\"flavor\" data-v-1367eb58=\"\">Chicken<\/span><\/td>\n<\/tr>\n<tr data-v-1367eb58=\"\">\n<th class=\"text-left py-3 px-5 w-1\/4 align-top\" data-v-1367eb58=\"\">Contenu<\/th>\n<td class=\"w-3\/4 py-3 pr-4\" data-v-1367eb58=\"\"><span class=\"product-bottom__spec\" data-id=\"contents\" data-v-1367eb58=\"\">20ml<\/span><\/td>\n<\/tr>\n<tr data-v-1367eb58=\"\">\n<th class=\"text-left py-3 px-5 w-1\/4 align-top\" data-v-1367eb58=\"\">Sku<\/th>\n<td class=\"w-3\/4 py-3 pr-4\" data-v-1367eb58=\"\"><span class=\"product-bottom__spec\" data-id=\"sku\" data-v-1367eb58=\"\">18649<\/span><\/td>\n<\/tr>\n<tr data-v-1367eb58=\"\">\n<th class=\"text-left py-3 px-5 w-1\/4 align-top\" data-v-1367eb58=\"\">Code-barres<\/th>\n<td class=\"w-3\/4 py-3 pr-4\" data-v-1367eb58=\"\"><span class=\"product-bottom__spec\" data-id=\"barcode\" data-v-1367eb58=\"\">8711231186495<\/span><\/td>\n<\/tr>\n<tr data-v-1367eb58=\"\">\n<th class=\"text-left py-3 px-5 w-1\/4 align-top\" data-v-1367eb58=\"\">Forme<\/th>\n<td class=\"w-3\/4 py-3 pr-4\" data-v-1367eb58=\"\"><span class=\"product-bottom__spec\" data-id=\"form\" data-v-1367eb58=\"\">P\u00e2te<\/span><\/td>\n<\/tr>\n<tr data-v-1367eb58=\"\">\n<th class=\"text-left py-3 px-5 w-1\/4 align-top\" data-v-1367eb58=\"\">\u00c2ge de l&rsquo;animal<\/th>\n<td class=\"w-3\/4 py-3 pr-4\" data-v-1367eb58=\"\"><span class=\"product-bottom__spec\" data-id=\"animal_age\" data-v-1367eb58=\"\">\u00c0 partir de 4 semaines<\/span><\/td>\n<\/tr>\n<tr data-v-1367eb58=\"\">\n<th class=\"text-left py-3 px-5 w-1\/4 align-top\" data-v-1367eb58=\"\">Type d&rsquo;animal<\/th>\n<td class=\"w-3\/4 py-3 pr-4\" data-v-1367eb58=\"\"><span class=\"product-bottom__spec\" data-id=\"animal_type\" data-v-1367eb58=\"\">Chat, Chien<\/span><\/td>\n<\/tr>\n<tr data-v-1367eb58=\"\">\n<th class=\"text-left py-3 px-5 w-1\/4 align-top\" data-v-1367eb58=\"\">Poids de l&rsquo;animal<\/th>\n<td class=\"w-3\/4 py-3 pr-4\" data-v-1367eb58=\"\"><span class=\"product-bottom__spec\" data-id=\"animal_weight\" data-v-1367eb58=\"\">Chien 1-15 kg, Chat &gt;1 kg<\/span><\/td>\n<\/tr>\n<tr data-v-1367eb58=\"\">\n<th class=\"text-left py-3 px-5 w-1\/4 align-top\" data-v-1367eb58=\"\">Stockage et s\u00e9curit\u00e9<\/th>\n<td class=\"w-3\/4 py-3 pr-4\" data-v-1367eb58=\"\"><span class=\"product-bottom__spec\" data-id=\"storage_and_safety\" data-v-1367eb58=\"\">Conservation : \u00c0 conserver dans un endroit frais (&lt; 25\u00b0C) et sec. Ne pas r\u00e9frig\u00e9rer. Tenir hors de port\u00e9e des enfants. A utiliser dans les 3 mois suivants l\u2019ouverture.<\/span><\/td>\n<\/tr>\n<tr data-v-1367eb58=\"\">\n<th class=\"text-left py-3 px-5 w-1\/4 align-top\" data-v-1367eb58=\"\">Pr\u00e9cautions d&rsquo;utilisation du produit<\/th>\n<td class=\"w-3\/4 py-3 pr-4\" data-v-1367eb58=\"\"><span class=\"product-bottom__spec\" data-id=\"product_precautions\" data-v-1367eb58=\"\">\u00c0 conserver dans un endroit frais (&lt; 25\u00b0C) et sec. Ne pas r\u00e9frig\u00e9rer. Tenir hors de port\u00e9e des enfants.<\/span><\/td>\n<\/tr>\n<\/tbody>\n<\/table>\n<\/div>\n<\/div>\n","protected":false},"excerpt":{"rendered":"<div class=\"short-description\">\n<div class=\"elementor-element elementor-element-1a60c1e elementor-widget elementor-widget-product-description-short elementor-widget-text-editor\" data-id=\"1a60c1e\" data-element_type=\"widget\" data-widget_type=\"product-description-short.default\">\n<div class=\"elementor-widget-container\">\n<div class=\"ce-product-description-short\">\n<p class=\"product-info__description\" data-v-546fda9a=\"\">IntestoPro de Beaphar aide \u00e0 soulager les troubles gastro-intestinaux des chats et des chiens. Avec la z\u00e9olite &#8211; aide \u00e0 rendre les selles plus \u00e9paisses. IntestoPro est particuli\u00e8rement recommand\u00e9 pour les chats et pour les chiens qui ont des selles variables ou liquides.<\/p>\n<\/div>\n<\/div>\n<\/div>\n<\/div>\n","protected":false},"featured_media":27044,"template":"","meta":{"jetpack_publicize_message":"","jetpack_publicize_feature_enabled":true,"jetpack_social_post_already_shared":true,"jetpack_social_options":{"image_generator_settings":{"template":"highway","default_image_id":0,"font":"","enabled":false},"version":2}},"product_brand":[],"product_cat":[218,219],"product_tag":[],"class_list":{"0":"post-27043","1":"product","2":"type-product","3":"status-publish","4":"has-post-thumbnail","6":"product_cat-complement-alimentaire","7":"product_cat-complement-alimentaire-hygiene-et-soins-pour-chat","9":"first","10":"instock","11":"sale","12":"taxable","13":"shipping-taxable","14":"purchasable","15":"product-type-simple"},"supplier_id":5603,"supplier_sku":"","barcode":null,"atum_controlled":true,"out_stock_date":null,"out_stock_threshold":null,"inheritable":false,"inbound_stock":0,"stock_on_hold":0,"sold_today":0,"sales_last_days":0,"reserved_stock":0,"customer_returns":0,"warehouse_damage":0,"lost_in_post":0,"other_logs":0,"out_stock_days":0,"lost_sales":0,"has_location":false,"update_date":"2026-04-28T00:16:07","atum_locations":[],"atum_stock_status":"instock","restock_status":false,"low_stock_amount":2,"sales_update_date":"2026-04-28T00:16:07","calc_backorders":null,"jetpack_publicize_connections":[],"jetpack_sharing_enabled":true,"batches":[],"_links":{"self":[{"href":"https:\/\/petworld.ma\/index.php\/wp-json\/wp\/v2\/product\/27043","targetHints":{"allow":["GET"]}}],"collection":[{"href":"https:\/\/petworld.ma\/index.php\/wp-json\/wp\/v2\/product"}],"about":[{"href":"https:\/\/petworld.ma\/index.php\/wp-json\/wp\/v2\/types\/product"}],"wp:featuredmedia":[{"embeddable":true,"href":"https:\/\/petworld.ma\/index.php\/wp-json\/wp\/v2\/media\/27044"}],"wp:attachment":[{"href":"https:\/\/petworld.ma\/index.php\/wp-json\/wp\/v2\/media?parent=27043"}],"wp:term":[{"taxonomy":"product_brand","embeddable":true,"href":"https:\/\/petworld.ma\/index.php\/wp-json\/wp\/v2\/product_brand?post=27043"},{"taxonomy":"product_cat","embeddable":true,"href":"https:\/\/petworld.ma\/index.php\/wp-json\/wp\/v2\/product_cat?post=27043"},{"taxonomy":"product_tag","embeddable":true,"href":"https:\/\/petworld.ma\/index.php\/wp-json\/wp\/v2\/product_tag?post=27043"}],"curies":[{"name":"wp","href":"https:\/\/api.w.org\/{rel}","templated":true}]}}