{"id":27059,"date":"2025-09-12T18:31:49","date_gmt":"2025-09-12T18:31:49","guid":{"rendered":"https:\/\/petworld.ma\/?post_type=product&#038;p=27059"},"modified":"2026-05-05T13:09:58","modified_gmt":"2026-05-05T13:09:58","slug":"beaphar-saumon-bits-friandises-pour-chat-35g","status":"publish","type":"product","link":"https:\/\/petworld.ma\/index.php\/produit\/beaphar-saumon-bits-friandises-pour-chat-35g\/","title":{"rendered":"Beaphar Saumon Bits Friandises pour Chat (35g)"},"content":{"rendered":"<div id=\"-product-tabs-44-66\" class=\"oxy-product-tabs oxy-woo-element\">\n<div class=\"woocommerce-tabs wc-tabs-wrapper\">\n<div class=\"accordion-title active\">\n<div class=\"product-bottom__paragraph\" data-v-1367eb58=\"\">\n<h3 class=\"product-bottom__paragraph-title\" data-v-1367eb58=\"\"><strong>Description:<\/strong><\/h3>\n<p class=\"whitespace-pre-line\" data-v-1367eb58=\"\">\u2022 Emp\u00eache la formation de boules de poils<\/p>\n<p class=\"whitespace-pre-line\" data-v-1367eb58=\"\">\u2022 Favorise le bien-\u00eatre intestinal Exo\u2019Poils Saumon est une friandise saine et croustillante pour chats. Ce n\u2019est pas une friandise comme une autre car elle est fourr\u00e9e d\u2019une d\u00e9licieuse p\u00e2te au malt go\u00fbt saumon. Cette p\u00e2te de haute qualit\u00e9 assure l\u2019\u00e9vacuation naturelle des boules de poils dans l\u2019appareil digestif. Ce produit contient des colorants naturels et peut avoir une diff\u00e9rence de couleur. Ingr\u00e9dients : C\u00e9r\u00e9ales, Lait et produits de laiterie, Huiles et graisses, Sous-produits d\u2019origine v\u00e9g\u00e9tale (extrait de malt 1,7%), Viandes et sous-produits animaux, Levures, Poissons et sous-produit de poissons (saumon s\u00e9ch\u00e9 0,1%), Substances min\u00e9rales.<\/p>\n<\/div>\n<div class=\"product-bottom__paragraph\" data-v-1367eb58=\"\">\n<h3 class=\"product-bottom__paragraph-title\" data-v-1367eb58=\"\"><strong>Conseils d&rsquo;utilisation:<\/strong><\/h3>\n<p class=\"whitespace-pre-line\" data-v-1367eb58=\"\">Donner entre 5 et 10 friandises par jour.<\/p>\n<\/div>\n<div class=\"product-bottom__paragraph\" data-v-1367eb58=\"\">\n<h3 class=\"product-bottom__paragraph-title\" data-v-1367eb58=\"\"><strong>Composition:<\/strong><\/h3>\n<ul class=\"mb-6 list-reset\" data-v-1367eb58=\"\">\n<li data-v-1367eb58=\"\"><strong data-v-1367eb58=\"\">Ingr\u00e9dients<\/strong>:\u00a0<span data-v-1367eb58=\"\">C\u00e9r\u00e9ales, Lait et produits de laiterie, Huiles et graisses, Sous-produits d\u2019origine v\u00e9g\u00e9tale (extrait de Malt 1,7%), Substances min\u00e9rales, Levures, Poissons et sous-produits de poissons (huile de saumon 0,1%) , Viandes et sous-produits animaux.<\/span><\/li>\n<li data-v-1367eb58=\"\"><strong data-v-1367eb58=\"\">Additifs<\/strong>:\u00a0<span data-v-1367eb58=\"\">Vit. A 4600 UI, Vit. B1 4,1 mg. Antioxyg\u00e8nes.<\/span><\/li>\n<li data-v-1367eb58=\"\"><strong data-v-1367eb58=\"\">Analyse<\/strong>:\u00a0<span data-v-1367eb58=\"\">Prot\u00e9ine brute 30%, Cellulose brute 1,6%, Mati\u00e8res grasses brutes 8,8%, Cendres brutes 2,7%, Humidit\u00e9 8,8%, Calcium 0,15%, Phosphore 0,5%, Sodium 0,15%, Potassium 0,12%, Magn\u00e9sium 0,021%.<\/span><\/li>\n<\/ul>\n<\/div>\n<div class=\"product-bottom__paragraph\" data-v-1367eb58=\"\">\n<h3 class=\"product-bottom__paragraph-title\" data-v-1367eb58=\"\"><strong>Caract\u00e9ristiques:<\/strong><\/h3>\n<table class=\"mt-2 mb-6 w-full product-bottom__specifications overflow-auto\" data-v-1367eb58=\"\">\n<tbody data-v-1367eb58=\"\">\n<tr data-v-1367eb58=\"\">\n<th class=\"text-left py-3 px-5 w-1\/4 align-top\" data-v-1367eb58=\"\">Saveur<\/th>\n<td class=\"w-3\/4 py-3 pr-4\" data-v-1367eb58=\"\"><span class=\"product-bottom__spec\" data-v-1367eb58=\"\" data-id=\"flavor\">Saumon<\/span><\/td>\n<\/tr>\n<tr data-v-1367eb58=\"\">\n<th class=\"text-left py-3 px-5 w-1\/4 align-top\" data-v-1367eb58=\"\">Contient<\/th>\n<td class=\"w-3\/4 py-3 pr-4\" data-v-1367eb58=\"\"><span class=\"product-bottom__spec\" data-v-1367eb58=\"\" data-id=\"contents\">35 g<\/span><\/td>\n<\/tr>\n<tr data-v-1367eb58=\"\">\n<th class=\"text-left py-3 px-5 w-1\/4 align-top\" data-v-1367eb58=\"\">Code produit \/ SKU<\/th>\n<td class=\"w-3\/4 py-3 pr-4\" data-v-1367eb58=\"\"><span class=\"product-bottom__spec\" data-v-1367eb58=\"\" data-id=\"sku\">11626<\/span><\/td>\n<\/tr>\n<tr data-v-1367eb58=\"\">\n<th class=\"text-left py-3 px-5 w-1\/4 align-top\" data-v-1367eb58=\"\">Code-barres \/ EAN<\/th>\n<td class=\"w-3\/4 py-3 pr-4\" data-v-1367eb58=\"\"><span class=\"product-bottom__spec\" data-v-1367eb58=\"\" data-id=\"barcode\">8711231116263<\/span><\/td>\n<\/tr>\n<tr data-v-1367eb58=\"\">\n<th class=\"text-left py-3 px-5 w-1\/4 align-top\" data-v-1367eb58=\"\">Formulaire<\/th>\n<td class=\"w-3\/4 py-3 pr-4\" data-v-1367eb58=\"\"><span class=\"product-bottom__spec\" data-v-1367eb58=\"\" data-id=\"form\">Snack<\/span><\/td>\n<\/tr>\n<tr data-v-1367eb58=\"\">\n<th class=\"text-left py-3 px-5 w-1\/4 align-top\" data-v-1367eb58=\"\">Type d&rsquo;animal<\/th>\n<td class=\"w-3\/4 py-3 pr-4\" data-v-1367eb58=\"\"><span class=\"product-bottom__spec\" data-v-1367eb58=\"\" data-id=\"animal_type\">Chat<\/span><\/td>\n<\/tr>\n<tr data-v-1367eb58=\"\">\n<th class=\"text-left py-3 px-5 w-1\/4 align-top\" data-v-1367eb58=\"\">Pr\u00e9cautions d&#8217;emploi<\/th>\n<td class=\"w-3\/4 py-3 pr-4\" data-v-1367eb58=\"\"><span class=\"product-bottom__spec\" data-v-1367eb58=\"\" data-id=\"product_precautions\">Toujours mettre de l\u2019eau fra\u00eeche et potable \u00e0 la disposition de l\u2019animal.<\/span><\/td>\n<\/tr>\n<tr data-v-1367eb58=\"\">\n<th class=\"text-left py-3 px-5 w-1\/4 align-top\" data-v-1367eb58=\"\">Ingr\u00e9dients actifs<\/th>\n<td class=\"w-3\/4 py-3 pr-4\" data-v-1367eb58=\"\"><span class=\"product-bottom__spec\" data-v-1367eb58=\"\" data-id=\"item_active_ingredients\">Extrait de malt, Saumon<\/span><\/td>\n<\/tr>\n<\/tbody>\n<\/table>\n<\/div>\n<\/div>\n<\/div>\n<\/div>\n","protected":false},"excerpt":{"rendered":"<p class=\"product-info__description\" data-v-546fda9a=\"\"><span dir=\"auto\">Salmon Bits est une friandise saine et croquante pour chat, id\u00e9ale pour les petites faims. Plus qu&rsquo;une simple friandise, elle est garnie de d\u00e9licieuses p\u00e2tes anti-boules de poils, au malt et au saumon. Cette p\u00e2te favorise le drainage naturel des poils ing\u00e9r\u00e9s.<\/span><\/p>\n","protected":false},"featured_media":27060,"template":"","meta":{"jetpack_publicize_message":"","jetpack_publicize_feature_enabled":true,"jetpack_social_post_already_shared":true,"jetpack_social_options":{"image_generator_settings":{"template":"highway","default_image_id":0,"font":"","enabled":false},"version":2}},"product_brand":[],"product_cat":[187,41,238],"product_tag":[],"class_list":{"0":"post-27059","1":"product","2":"type-product","3":"status-publish","4":"has-post-thumbnail","6":"product_cat-destockage","7":"product_cat-friandises-et-pate-pour-chat","8":"product_cat-friandises-secs-chat","10":"first","11":"onbackorder","12":"sale","13":"taxable","14":"shipping-taxable","15":"purchasable","16":"product-type-simple"},"supplier_id":5603,"supplier_sku":"","barcode":"8711231114405","atum_controlled":true,"out_stock_date":null,"out_stock_threshold":null,"inheritable":false,"inbound_stock":0,"stock_on_hold":1,"sold_today":0,"sales_last_days":1,"reserved_stock":0,"customer_returns":0,"warehouse_damage":0,"lost_in_post":0,"other_logs":0,"out_stock_days":0,"lost_sales":0,"has_location":false,"update_date":"2026-05-08T00:19:03","atum_locations":[],"atum_stock_status":"onbackorder","restock_status":false,"low_stock_amount":5,"sales_update_date":"2026-05-08T00:19:03","calc_backorders":-2,"jetpack_publicize_connections":[],"jetpack_sharing_enabled":true,"batches":[{"id":"5276","date_created":"2025-09-12 18:40:32","date_expiry":"2026-05-27 00:00:00","user_id":"1","batch_number":"lot270526","location":"","quantity":"29.0000","quantity_available":"0.0000","units":"1","status":"archived","order_ids":"[27100,28366,30820,31635,32340,33202,34182,34446,34954,34993,35496,36224,36336,37147,37157,37973,37992,38311,39176]","supplier":"HILLS","po":{"id":"5234","date_created":"2025-09-12 18:40:40","batch_id":"5276","po_number":"","supplier":"HILLS","cost":null,"regular_price":null,"sale_price":null,"price_margin":null,"price_discount":null}}],"_links":{"self":[{"href":"https:\/\/petworld.ma\/index.php\/wp-json\/wp\/v2\/product\/27059","targetHints":{"allow":["GET"]}}],"collection":[{"href":"https:\/\/petworld.ma\/index.php\/wp-json\/wp\/v2\/product"}],"about":[{"href":"https:\/\/petworld.ma\/index.php\/wp-json\/wp\/v2\/types\/product"}],"wp:featuredmedia":[{"embeddable":true,"href":"https:\/\/petworld.ma\/index.php\/wp-json\/wp\/v2\/media\/27060"}],"wp:attachment":[{"href":"https:\/\/petworld.ma\/index.php\/wp-json\/wp\/v2\/media?parent=27059"}],"wp:term":[{"taxonomy":"product_brand","embeddable":true,"href":"https:\/\/petworld.ma\/index.php\/wp-json\/wp\/v2\/product_brand?post=27059"},{"taxonomy":"product_cat","embeddable":true,"href":"https:\/\/petworld.ma\/index.php\/wp-json\/wp\/v2\/product_cat?post=27059"},{"taxonomy":"product_tag","embeddable":true,"href":"https:\/\/petworld.ma\/index.php\/wp-json\/wp\/v2\/product_tag?post=27059"}],"curies":[{"name":"wp","href":"https:\/\/api.w.org\/{rel}","templated":true}]}}