{"id":27062,"date":"2025-09-12T18:41:52","date_gmt":"2025-09-12T18:41:52","guid":{"rendered":"https:\/\/petworld.ma\/?post_type=product&#038;p=27062"},"modified":"2026-04-25T14:46:34","modified_gmt":"2026-04-25T14:46:34","slug":"beaphar-malt-bits-friandises-pour-chat-35g","status":"publish","type":"product","link":"https:\/\/petworld.ma\/index.php\/produit\/beaphar-malt-bits-friandises-pour-chat-35g\/","title":{"rendered":"Beaphar Malt Bits Friandises pour Chat (35g)"},"content":{"rendered":"<div id=\"-product-tabs-44-66\" class=\"oxy-product-tabs oxy-woo-element\">\n<div class=\"woocommerce-tabs wc-tabs-wrapper\">\n<div class=\"accordion-title active\">\n<div class=\"product-bottom__paragraph\" data-v-1367eb58=\"\">\n<div class=\"product-bottom__paragraph\" data-v-1367eb58=\"\">\n<h3 class=\"product-bottom__paragraph-title\" data-v-1367eb58=\"\"><strong><span dir=\"auto\">Description:<\/span><\/strong><\/h3>\n<p class=\"whitespace-pre-line\" data-v-1367eb58=\"\"><span dir=\"auto\">Les Morceaux de Malt pour Chat sont une friandise saine et croquante pour votre chat. Ils sont garnis d&rsquo;une p\u00e2te anti-boules de poils pour favoriser l&rsquo;\u00e9limination naturelle des poils ing\u00e9r\u00e9s. Une friandise saine pour chat, \u00e0 donner en guise de friandise quotidienne ou en compl\u00e9ment de son alimentation quotidienne, pour l&rsquo;aider \u00e0 se d\u00e9barrasser naturellement et en douceur des poils dans ses intestins.<\/span><\/p>\n<\/div>\n<div class=\"product-bottom__paragraph\" data-v-1367eb58=\"\">\n<h3 class=\"product-bottom__paragraph-title\" data-v-1367eb58=\"\"><strong><span dir=\"auto\">Instructions:<\/span><\/strong><\/h3>\n<p class=\"whitespace-pre-line\" data-v-1367eb58=\"\"><span dir=\"auto\">LISEZ TOUJOURS L&rsquo;EMBALLAGE DU PRODUIT AVANT UTILISATION. Donnez 5 \u00e0 10 morceaux de malt Beaphar par jour, en guise de friandise ou de r\u00e9compense. Laissez toujours de l&rsquo;eau fra\u00eeche \u00e0 disposition.<\/span><\/p>\n<\/div>\n<div class=\"product-bottom__paragraph\" data-v-1367eb58=\"\">\n<h3 class=\"product-bottom__paragraph-title\" data-v-1367eb58=\"\"><strong><span dir=\"auto\">Composition:<\/span><\/strong><\/h3>\n<ul class=\"mb-6 list-reset\" data-v-1367eb58=\"\">\n<li data-v-1367eb58=\"\"><strong data-v-1367eb58=\"\"><span dir=\"auto\">Ingr\u00e9dients<\/span><\/strong><span dir=\"auto\">\u00a0:\u00a0<\/span><span data-v-1367eb58=\"\"><span dir=\"auto\">C\u00e9r\u00e9ales, Lait et d\u00e9riv\u00e9s du lait, Huiles et mati\u00e8res grasses, Sous-produits d&rsquo;origine v\u00e9g\u00e9tale, Substances min\u00e9rales, Levures, Poisson et d\u00e9riv\u00e9s du poisson, Viandes et sous-produits animaux<\/span><\/span><\/li>\n<li data-v-1367eb58=\"\"><strong data-v-1367eb58=\"\"><span dir=\"auto\">Additifs<\/span><\/strong><span dir=\"auto\">\u00a0:\u00a0<\/span><span data-v-1367eb58=\"\"><span dir=\"auto\">Vit. A 4600 UI, Vit. B1 4,1 mg<\/span><\/span><\/li>\n<li data-v-1367eb58=\"\"><strong data-v-1367eb58=\"\"><span dir=\"auto\">Analyse<\/span><\/strong><span dir=\"auto\">\u00a0:\u00a0<\/span><span data-v-1367eb58=\"\"><span dir=\"auto\">Prot\u00e9ines brutes 30 %, Mati\u00e8res grasses brutes 8,8 %, Fibres brutes 1,6 %, Cendres brutes 2,5 %, Humidit\u00e9 8,7 %, Ca 0,15 %, P 0,5 %, Na 0,15 %, Mg 0,021 %, K 0,12 %, Acide a-linol\u00e9nique 0,075 %<\/span><\/span><\/li>\n<\/ul>\n<\/div>\n<div class=\"product-bottom__paragraph\" data-v-1367eb58=\"\">\n<h3 class=\"product-bottom__paragraph-title\" data-v-1367eb58=\"\"><strong><span dir=\"auto\">Caract\u00e9ristiques:<\/span><\/strong><\/h3>\n<table class=\"mt-2 mb-6 w-full product-bottom__specifications overflow-auto\" data-v-1367eb58=\"\">\n<tbody data-v-1367eb58=\"\">\n<tr data-v-1367eb58=\"\">\n<th class=\"text-left py-3 px-5 w-1\/4 align-top\" data-v-1367eb58=\"\"><span dir=\"auto\">Saveur<\/span><\/th>\n<td class=\"w-3\/4 py-3 pr-4\" data-v-1367eb58=\"\"><span class=\"product-bottom__spec\" data-v-1367eb58=\"\" data-id=\"flavor\"><span dir=\"auto\">Poulet<\/span><\/span><\/td>\n<\/tr>\n<tr data-v-1367eb58=\"\">\n<th class=\"text-left py-3 px-5 w-1\/4 align-top\" data-v-1367eb58=\"\"><span dir=\"auto\">Contenu<\/span><\/th>\n<td class=\"w-3\/4 py-3 pr-4\" data-v-1367eb58=\"\"><span class=\"product-bottom__spec\" data-v-1367eb58=\"\" data-id=\"contents\"><span dir=\"auto\">35 gr<\/span><\/span><\/td>\n<\/tr>\n<tr data-v-1367eb58=\"\">\n<th class=\"text-left py-3 px-5 w-1\/4 align-top\" data-v-1367eb58=\"\"><span dir=\"auto\">UGS<\/span><\/th>\n<td class=\"w-3\/4 py-3 pr-4\" data-v-1367eb58=\"\"><span class=\"product-bottom__spec\" data-v-1367eb58=\"\" data-id=\"sku\"><span dir=\"auto\">11413<\/span><\/span><\/td>\n<\/tr>\n<tr data-v-1367eb58=\"\">\n<th class=\"text-left py-3 px-5 w-1\/4 align-top\" data-v-1367eb58=\"\"><span dir=\"auto\">Code-barres<\/span><\/th>\n<td class=\"w-3\/4 py-3 pr-4\" data-v-1367eb58=\"\"><span class=\"product-bottom__spec\" data-v-1367eb58=\"\" data-id=\"barcode\"><span dir=\"auto\">8711231114139<\/span><\/span><\/td>\n<\/tr>\n<tr data-v-1367eb58=\"\">\n<th class=\"text-left py-3 px-5 w-1\/4 align-top\" data-v-1367eb58=\"\"><span dir=\"auto\">Formulaire<\/span><\/th>\n<td class=\"w-3\/4 py-3 pr-4\" data-v-1367eb58=\"\"><span class=\"product-bottom__spec\" data-v-1367eb58=\"\" data-id=\"form\"><span dir=\"auto\">Collation<\/span><\/span><\/td>\n<\/tr>\n<tr data-v-1367eb58=\"\">\n<th class=\"text-left py-3 px-5 w-1\/4 align-top\" data-v-1367eb58=\"\"><span dir=\"auto\">\u00c2ge des animaux<\/span><\/th>\n<td class=\"w-3\/4 py-3 pr-4\" data-v-1367eb58=\"\"><span class=\"product-bottom__spec\" data-v-1367eb58=\"\" data-id=\"animal_age\"><span dir=\"auto\">Tous \u00e2ges<\/span><\/span><\/td>\n<\/tr>\n<tr data-v-1367eb58=\"\">\n<th class=\"text-left py-3 px-5 w-1\/4 align-top\" data-v-1367eb58=\"\"><span dir=\"auto\">Type d&rsquo;animal<\/span><\/th>\n<td class=\"w-3\/4 py-3 pr-4\" data-v-1367eb58=\"\"><span class=\"product-bottom__spec\" data-v-1367eb58=\"\" data-id=\"animal_type\"><span dir=\"auto\">Chat<\/span><\/span><\/td>\n<\/tr>\n<tr data-v-1367eb58=\"\">\n<th class=\"text-left py-3 px-5 w-1\/4 align-top\" data-v-1367eb58=\"\"><span dir=\"auto\">Ne pas appliquer lorsque<\/span><\/th>\n<td class=\"w-3\/4 py-3 pr-4\" data-v-1367eb58=\"\"><span class=\"product-bottom__spec\" data-v-1367eb58=\"\" data-id=\"do_not_apply_when\"><span dir=\"auto\">Lire attentivement l&#8217;emballage du produit avant utilisation. R\u00e9serv\u00e9 \u00e0 l&rsquo;usage des animaux.<\/span><\/span><\/td>\n<\/tr>\n<tr data-v-1367eb58=\"\">\n<th class=\"text-left py-3 px-5 w-1\/4 align-top\" data-v-1367eb58=\"\"><span dir=\"auto\">Stockage et s\u00e9curit\u00e9<\/span><\/th>\n<td class=\"w-3\/4 py-3 pr-4\" data-v-1367eb58=\"\"><span class=\"product-bottom__spec\" data-v-1367eb58=\"\" data-id=\"storage_and_safety\"><span dir=\"auto\">Lire attentivement l&#8217;emballage avant utilisation. \u00c0 conserver \u00e0 une temp\u00e9rature inf\u00e9rieure \u00e0 25 \u00b0C dans un endroit sec. Ne pas mettre au r\u00e9frig\u00e9rateur ni congeler. Une fois vide, jeter le sachet avec les ordures m\u00e9nag\u00e8res.<\/span><\/span><\/td>\n<\/tr>\n<tr data-v-1367eb58=\"\">\n<th class=\"text-left py-3 px-5 w-1\/4 align-top\" data-v-1367eb58=\"\"><span dir=\"auto\">Pr\u00e9cautions d&#8217;emploi du produit<\/span><\/th>\n<td class=\"w-3\/4 py-3 pr-4\" data-v-1367eb58=\"\"><span class=\"product-bottom__spec\" data-v-1367eb58=\"\" data-id=\"product_precautions\"><span dir=\"auto\">Lire attentivement l&#8217;emballage du produit avant utilisation. R\u00e9serv\u00e9 \u00e0 l&rsquo;usage des animaux.<\/span><\/span><\/td>\n<\/tr>\n<\/tbody>\n<\/table>\n<\/div>\n<\/div>\n<\/div>\n<\/div>\n<\/div>\n","protected":false},"excerpt":{"rendered":"<p class=\"product-info__description\" data-v-546fda9a=\"\"><span dir=\"auto\">Malt Bits Cat est une friandise saine et croquante pour votre chat. Garnie de p\u00e2te anti-boules de poils, elle favorise le drainage naturel des poils ing\u00e9r\u00e9s. Une friandise saine contre les boules de poils.<\/span><\/p>\n<ul class=\"product-info__usps list-reset\" data-v-546fda9a=\"\">\n<li data-v-546fda9a=\"\"><span class=\"product-info__usps-span\" data-v-546fda9a=\"\"><span dir=\"auto\">Une collation saine pour chat contre les boules de poils<\/span><\/span><\/li>\n<li data-v-546fda9a=\"\"><span class=\"product-info__usps-span\" data-v-546fda9a=\"\"><span dir=\"auto\">Peut \u00eatre donn\u00e9 comme friandise ou en compl\u00e9ment de l&rsquo;alimentation quotidienne<\/span><\/span><\/li>\n<li data-v-546fda9a=\"\"><span class=\"product-info__usps-span\" data-v-546fda9a=\"\"><span dir=\"auto\">Convient aux chats \u00e2g\u00e9s de plus de 6 semaines<\/span><\/span><\/li>\n<li data-v-546fda9a=\"\"><span class=\"product-info__usps-span\" data-v-546fda9a=\"\"><span dir=\"auto\">Convient \u00e0 toutes les races de chats<\/span><\/span><\/li>\n<\/ul>\n","protected":false},"featured_media":27063,"template":"","meta":{"jetpack_publicize_message":"","jetpack_publicize_feature_enabled":true,"jetpack_social_post_already_shared":true,"jetpack_social_options":{"image_generator_settings":{"template":"highway","default_image_id":0,"font":"","enabled":false},"version":2}},"product_brand":[],"product_cat":[41,238],"product_tag":[],"class_list":{"0":"post-27062","1":"product","2":"type-product","3":"status-publish","4":"has-post-thumbnail","6":"product_cat-friandises-et-pate-pour-chat","7":"product_cat-friandises-secs-chat","9":"first","10":"instock","11":"taxable","12":"shipping-taxable","13":"purchasable","14":"product-type-simple"},"supplier_id":5603,"supplier_sku":"","barcode":"8711231114139","atum_controlled":true,"out_stock_date":null,"out_stock_threshold":null,"inheritable":false,"inbound_stock":0,"stock_on_hold":0,"sold_today":0,"sales_last_days":2,"reserved_stock":0,"customer_returns":0,"warehouse_damage":0,"lost_in_post":0,"other_logs":0,"out_stock_days":0,"lost_sales":0,"has_location":false,"update_date":"2026-05-07T00:18:13","atum_locations":[],"atum_stock_status":"instock","restock_status":false,"low_stock_amount":5,"sales_update_date":"2026-05-07T00:18:13","calc_backorders":0,"jetpack_publicize_connections":[],"jetpack_sharing_enabled":true,"batches":[{"id":"5278","date_created":"2025-09-12 18:52:20","date_expiry":"2026-06-06 00:00:00","user_id":"1","batch_number":"BeapharMalBats060626","location":"","quantity":"29.0000","quantity_available":"12.0000","units":"1","status":"active","order_ids":"[27100,27171,29606,30038,32340,32972,33202,34935,34993,38980,40099,40726]","supplier":"HILLS","po":{"id":"5236","date_created":"2025-09-12 18:52:26","batch_id":"5278","po_number":"","supplier":"HILLS","cost":null,"regular_price":null,"sale_price":null,"price_margin":null,"price_discount":null}}],"_links":{"self":[{"href":"https:\/\/petworld.ma\/index.php\/wp-json\/wp\/v2\/product\/27062","targetHints":{"allow":["GET"]}}],"collection":[{"href":"https:\/\/petworld.ma\/index.php\/wp-json\/wp\/v2\/product"}],"about":[{"href":"https:\/\/petworld.ma\/index.php\/wp-json\/wp\/v2\/types\/product"}],"wp:featuredmedia":[{"embeddable":true,"href":"https:\/\/petworld.ma\/index.php\/wp-json\/wp\/v2\/media\/27063"}],"wp:attachment":[{"href":"https:\/\/petworld.ma\/index.php\/wp-json\/wp\/v2\/media?parent=27062"}],"wp:term":[{"taxonomy":"product_brand","embeddable":true,"href":"https:\/\/petworld.ma\/index.php\/wp-json\/wp\/v2\/product_brand?post=27062"},{"taxonomy":"product_cat","embeddable":true,"href":"https:\/\/petworld.ma\/index.php\/wp-json\/wp\/v2\/product_cat?post=27062"},{"taxonomy":"product_tag","embeddable":true,"href":"https:\/\/petworld.ma\/index.php\/wp-json\/wp\/v2\/product_tag?post=27062"}],"curies":[{"name":"wp","href":"https:\/\/api.w.org\/{rel}","templated":true}]}}