{"id":27064,"date":"2025-09-12T18:54:23","date_gmt":"2025-09-12T18:54:23","guid":{"rendered":"https:\/\/petworld.ma\/?post_type=product&#038;p=27064"},"modified":"2026-04-17T16:12:36","modified_gmt":"2026-04-17T16:12:36","slug":"beaphar-malthearts-friandises-pour-chat-35g","status":"publish","type":"product","link":"https:\/\/petworld.ma\/index.php\/produit\/beaphar-malthearts-friandises-pour-chat-35g\/","title":{"rendered":"Beaphar Malthearts Friandises pour Chat (52g)"},"content":{"rendered":"<div id=\"-product-tabs-44-66\" class=\"oxy-product-tabs oxy-woo-element\">\n<div class=\"woocommerce-tabs wc-tabs-wrapper\">\n<div class=\"accordion-title active\">\n<div class=\"product-bottom__paragraph\" data-v-1367eb58=\"\">\n<div class=\"product-bottom__paragraph\" data-v-1367eb58=\"\">\n<div class=\"product-bottom__paragraph\" data-v-1367eb58=\"\">\n<h3 class=\"product-bottom__paragraph-title\" data-v-1367eb58=\"\"><strong><span dir=\"auto\">Description:<\/span><\/strong><\/h3>\n<p class=\"whitespace-pre-line\" data-v-1367eb58=\"\"><span dir=\"auto\">Les Malthearts sont de d\u00e9licieuses friandises pour chats contenant 20 % de malt. Ador\u00e9es des chats, ces friandises sont conditionn\u00e9es dans des sachets refermables sp\u00e9ciaux pour pr\u00e9server leur fra\u00eecheur et leur saveur\u00a0! Une friandise press\u00e9e \u00e0 base d&rsquo;extraits de lait en forme de c\u0153ur. L&rsquo;enrobage sp\u00e9cial \u00e0 l&rsquo;extrait de malt renforce leur app\u00e9tence.<\/span><\/p>\n<\/div>\n<div class=\"product-bottom__paragraph\" data-v-1367eb58=\"\">\n<h3 class=\"product-bottom__paragraph-title\" data-v-1367eb58=\"\"><strong><span dir=\"auto\">Composition:<\/span><\/strong><\/h3>\n<ul class=\"mb-6 list-reset\" data-v-1367eb58=\"\">\n<li data-v-1367eb58=\"\"><strong data-v-1367eb58=\"\"><span dir=\"auto\">Ingr\u00e9dients<\/span><\/strong><span dir=\"auto\">\u00a0:\u00a0<\/span><span data-v-1367eb58=\"\"><span dir=\"auto\">Lait et d\u00e9riv\u00e9s du lait, Sous-produits d&rsquo;origine v\u00e9g\u00e9tale, Sucres divers, Substances min\u00e9rales, Mollusques et crustac\u00e9s, Huiles et graisses, Levures, Poisson et d\u00e9riv\u00e9s de poisson, Viandes et sous-produits animaux<\/span><\/span><\/li>\n<li data-v-1367eb58=\"\"><strong data-v-1367eb58=\"\"><span dir=\"auto\">Additifs<\/span><\/strong><span dir=\"auto\">\u00a0:\u00a0<\/span><span data-v-1367eb58=\"\"><span dir=\"auto\">Antioxydants<\/span><\/span><\/li>\n<li data-v-1367eb58=\"\"><strong data-v-1367eb58=\"\"><span dir=\"auto\">Analyse<\/span><\/strong><span dir=\"auto\">\u00a0:\u00a0<\/span><span data-v-1367eb58=\"\"><span dir=\"auto\">Prot\u00e9ines brutes 8,4%, Mati\u00e8res grasses brutes 1,9%, Fibres brutes 5,7%, Cendres brutes 12%, Humidit\u00e9 2,7%, Ca 2,6%, P 1,4%, Na 0,61%, Mg 0,071%, K 1%<\/span><\/span><\/li>\n<\/ul>\n<\/div>\n<div class=\"product-bottom__paragraph\" data-v-1367eb58=\"\">\n<h3 class=\"product-bottom__paragraph-title\" data-v-1367eb58=\"\"><strong><span dir=\"auto\">Caract\u00e9ristiques:<\/span><\/strong><\/h3>\n<table class=\"mt-2 mb-6 w-full product-bottom__specifications overflow-auto\" data-v-1367eb58=\"\">\n<tbody data-v-1367eb58=\"\">\n<tr data-v-1367eb58=\"\">\n<th class=\"text-left py-3 px-5 w-1\/4 align-top\" data-v-1367eb58=\"\"><span dir=\"auto\">Contenu<\/span><\/th>\n<td class=\"w-3\/4 py-3 pr-4\" data-v-1367eb58=\"\"><span class=\"product-bottom__spec\" data-id=\"contents\" data-v-1367eb58=\"\"><span dir=\"auto\">150 comprim\u00e9s<\/span><\/span><\/td>\n<\/tr>\n<tr data-v-1367eb58=\"\">\n<th class=\"text-left py-3 px-5 w-1\/4 align-top\" data-v-1367eb58=\"\"><span dir=\"auto\">UGS<\/span><\/th>\n<td class=\"w-3\/4 py-3 pr-4\" data-v-1367eb58=\"\"><span class=\"product-bottom__spec\" data-id=\"sku\" data-v-1367eb58=\"\"><span dir=\"auto\">12930<\/span><\/span><\/td>\n<\/tr>\n<tr data-v-1367eb58=\"\">\n<th class=\"text-left py-3 px-5 w-1\/4 align-top\" data-v-1367eb58=\"\"><span dir=\"auto\">Code-barres<\/span><\/th>\n<td class=\"w-3\/4 py-3 pr-4\" data-v-1367eb58=\"\"><span class=\"product-bottom__spec\" data-id=\"barcode\" data-v-1367eb58=\"\"><span dir=\"auto\">8711231129300<\/span><\/span><\/td>\n<\/tr>\n<tr data-v-1367eb58=\"\">\n<th class=\"text-left py-3 px-5 w-1\/4 align-top\" data-v-1367eb58=\"\"><span dir=\"auto\">Formulaire<\/span><\/th>\n<td class=\"w-3\/4 py-3 pr-4\" data-v-1367eb58=\"\"><span class=\"product-bottom__spec\" data-id=\"form\" data-v-1367eb58=\"\"><span dir=\"auto\">Collation<\/span><\/span><\/td>\n<\/tr>\n<tr data-v-1367eb58=\"\">\n<th class=\"text-left py-3 px-5 w-1\/4 align-top\" data-v-1367eb58=\"\"><span dir=\"auto\">\u00c2ge des animaux<\/span><\/th>\n<td class=\"w-3\/4 py-3 pr-4\" data-v-1367eb58=\"\"><span class=\"product-bottom__spec\" data-id=\"animal_age\" data-v-1367eb58=\"\"><span dir=\"auto\">\u00c0 partir de 8 semaines<\/span><\/span><\/td>\n<\/tr>\n<tr data-v-1367eb58=\"\">\n<th class=\"text-left py-3 px-5 w-1\/4 align-top\" data-v-1367eb58=\"\"><span dir=\"auto\">Type d&rsquo;animal<\/span><\/th>\n<td class=\"w-3\/4 py-3 pr-4\" data-v-1367eb58=\"\"><span class=\"product-bottom__spec\" data-id=\"animal_type\" data-v-1367eb58=\"\"><span dir=\"auto\">Chat<\/span><\/span><\/td>\n<\/tr>\n<\/tbody>\n<\/table>\n<\/div>\n<\/div>\n<\/div>\n<\/div>\n<\/div>\n<\/div>\n","protected":false},"excerpt":{"rendered":"<p class=\"product-info__description\" data-v-546fda9a=\"\"><span dir=\"auto\">Les Malthearts sont de d\u00e9licieuses friandises pour chats, tr\u00e8s app\u00e9tissantes et contenant 20 % de malt. Le malt stimule l&rsquo;\u00e9limination naturelle des poils ing\u00e9r\u00e9s et pr\u00e9vient ainsi la formation de boules de poils.<\/span><\/p>\n<ul class=\"product-info__usps list-reset\" data-v-546fda9a=\"\">\n<li data-v-546fda9a=\"\"><span class=\"product-info__usps-span\" data-v-546fda9a=\"\"><span dir=\"auto\">Le malt stimule le passage naturel des poils ing\u00e9r\u00e9s<\/span><\/span><\/li>\n<li data-v-546fda9a=\"\"><span class=\"product-info__usps-span\" data-v-546fda9a=\"\"><span dir=\"auto\">Aide \u00e0 pr\u00e9venir les boules de poils<\/span><\/span><\/li>\n<\/ul>\n","protected":false},"featured_media":27065,"template":"","meta":{"jetpack_publicize_message":"","jetpack_publicize_feature_enabled":true,"jetpack_social_post_already_shared":true,"jetpack_social_options":{"image_generator_settings":{"template":"highway","default_image_id":0,"font":"","enabled":false},"version":2}},"product_brand":[],"product_cat":[41,238],"product_tag":[],"class_list":{"0":"post-27064","1":"product","2":"type-product","3":"status-publish","4":"has-post-thumbnail","6":"product_cat-friandises-et-pate-pour-chat","7":"product_cat-friandises-secs-chat","9":"first","10":"instock","11":"taxable","12":"shipping-taxable","13":"purchasable","14":"product-type-simple"},"supplier_id":5603,"supplier_sku":"","barcode":"8711231129300","atum_controlled":true,"out_stock_date":null,"out_stock_threshold":null,"inheritable":false,"inbound_stock":0,"stock_on_hold":0,"sold_today":0,"sales_last_days":0,"reserved_stock":0,"customer_returns":0,"warehouse_damage":0,"lost_in_post":0,"other_logs":0,"out_stock_days":0,"lost_sales":0,"has_location":false,"update_date":"2026-05-12T11:13:08","atum_locations":[],"atum_stock_status":"instock","restock_status":false,"low_stock_amount":5,"sales_update_date":"2026-05-12T11:13:08","calc_backorders":0,"jetpack_publicize_connections":[],"jetpack_sharing_enabled":true,"batches":[{"id":"5280","date_created":"2025-09-12 18:59:19","date_expiry":"2027-04-30 00:00:00","user_id":"9","batch_number":"lot300427","location":"","quantity":"29.0000","quantity_available":"27.0000","units":"1","status":"active","order_ids":"[27100,40040]","supplier":"Hill&#039;s","po":{"id":"5238","date_created":"2025-09-12 18:59:20","batch_id":"5280","po_number":"","supplier":"Hill&#039;s","cost":null,"regular_price":null,"sale_price":null,"price_margin":null,"price_discount":null}}],"_links":{"self":[{"href":"https:\/\/petworld.ma\/index.php\/wp-json\/wp\/v2\/product\/27064","targetHints":{"allow":["GET"]}}],"collection":[{"href":"https:\/\/petworld.ma\/index.php\/wp-json\/wp\/v2\/product"}],"about":[{"href":"https:\/\/petworld.ma\/index.php\/wp-json\/wp\/v2\/types\/product"}],"wp:featuredmedia":[{"embeddable":true,"href":"https:\/\/petworld.ma\/index.php\/wp-json\/wp\/v2\/media\/27065"}],"wp:attachment":[{"href":"https:\/\/petworld.ma\/index.php\/wp-json\/wp\/v2\/media?parent=27064"}],"wp:term":[{"taxonomy":"product_brand","embeddable":true,"href":"https:\/\/petworld.ma\/index.php\/wp-json\/wp\/v2\/product_brand?post=27064"},{"taxonomy":"product_cat","embeddable":true,"href":"https:\/\/petworld.ma\/index.php\/wp-json\/wp\/v2\/product_cat?post=27064"},{"taxonomy":"product_tag","embeddable":true,"href":"https:\/\/petworld.ma\/index.php\/wp-json\/wp\/v2\/product_tag?post=27064"}],"curies":[{"name":"wp","href":"https:\/\/api.w.org\/{rel}","templated":true}]}}