{"id":27066,"date":"2025-09-12T19:06:18","date_gmt":"2025-09-12T19:06:18","guid":{"rendered":"https:\/\/petworld.ma\/?post_type=product&#038;p=27066"},"modified":"2026-05-08T04:48:07","modified_gmt":"2026-05-08T04:48:07","slug":"beaphar-catnip-friandises-pour-chat-35g","status":"publish","type":"product","link":"https:\/\/petworld.ma\/index.php\/produit\/beaphar-catnip-friandises-pour-chat-35g\/","title":{"rendered":"Beaphar Catnip Friandises pour Chat (35g)"},"content":{"rendered":"<div id=\"-product-tabs-44-66\" class=\"oxy-product-tabs oxy-woo-element\">\n<div class=\"woocommerce-tabs wc-tabs-wrapper\">\n<div class=\"accordion-title active\">\n<div class=\"product-bottom__paragraph\" data-v-1367eb58=\"\">\n<div class=\"product-bottom__paragraph\" data-v-1367eb58=\"\">\n<div class=\"product-bottom__paragraph\" data-v-1367eb58=\"\">\n<div class=\"product-bottom__paragraph\" data-v-1367eb58=\"\">\n<h3 class=\"product-bottom__paragraph-title\" data-v-1367eb58=\"\"><strong><span dir=\"auto\">Description:<\/span><\/strong><\/h3>\n<p class=\"whitespace-pre-line\" data-v-1367eb58=\"\"><span dir=\"auto\">Une friandise d\u00e9licieuse et saine pour chats. Chaque bouch\u00e9e est garnie d&rsquo;une savoureuse p\u00e2te d&rsquo;herbe \u00e0 chat pour offrir \u00e0 votre chat une friandise irr\u00e9sistible et stimulante. Convient \u00e0 toutes les races de chats.<\/span><\/p>\n<\/div>\n<div class=\"product-bottom__paragraph\" data-v-1367eb58=\"\">\n<h3 class=\"product-bottom__paragraph-title\" data-v-1367eb58=\"\"><strong><span dir=\"auto\">Instructions:<\/span><\/strong><\/h3>\n<p class=\"whitespace-pre-line\" data-v-1367eb58=\"\"><span dir=\"auto\">LISEZ TOUJOURS L&rsquo;EMBALLAGE DU PRODUIT AVANT UTILISATION. Donnez 5 \u00e0 10 morceaux d&rsquo;herbe \u00e0 chat Beaphar par jour, en guise de friandise ou de r\u00e9compense. Laissez toujours de l&rsquo;eau fra\u00eeche \u00e0 disposition.<\/span><\/p>\n<\/div>\n<div class=\"product-bottom__paragraph\" data-v-1367eb58=\"\">\n<h3 class=\"product-bottom__paragraph-title\" data-v-1367eb58=\"\"><strong><span dir=\"auto\">Composition:<\/span><\/strong><\/h3>\n<ul class=\"mb-6 list-reset\" data-v-1367eb58=\"\">\n<li data-v-1367eb58=\"\"><strong data-v-1367eb58=\"\"><span dir=\"auto\">Ingr\u00e9dients<\/span><\/strong><span dir=\"auto\">\u00a0:\u00a0<\/span><span data-v-1367eb58=\"\"><span dir=\"auto\">C\u00e9r\u00e9ales, Lait et d\u00e9riv\u00e9s du lait, Huiles et mati\u00e8res grasses, Substances min\u00e9rales, Levures, Sous-produits d&rsquo;origine v\u00e9g\u00e9tale, Poisson et d\u00e9riv\u00e9s du poisson, Viandes et sous-produits animaux<\/span><\/span><\/li>\n<li data-v-1367eb58=\"\"><strong data-v-1367eb58=\"\"><span dir=\"auto\">Additifs<\/span><\/strong><span dir=\"auto\">\u00a0:\u00a0<\/span><span data-v-1367eb58=\"\"><span dir=\"auto\">Vit. A 4600 UI, Vit. B1 4,1 mg<\/span><\/span><\/li>\n<li data-v-1367eb58=\"\"><strong data-v-1367eb58=\"\"><span dir=\"auto\">Analyse<\/span><\/strong><span dir=\"auto\">\u00a0:\u00a0<\/span><span data-v-1367eb58=\"\"><span dir=\"auto\">Prot\u00e9ines brutes 30%, Mati\u00e8res grasses brutes 8,9%, Fibres brutes 1,6%, Cendres brutes 2,7%, Humidit\u00e9 8,7%, Ca 0,2%, P 0,5%, Na 0,18%, Mg 0,024%, K 0,17%<\/span><\/span><\/li>\n<\/ul>\n<\/div>\n<div class=\"product-bottom__paragraph\" data-v-1367eb58=\"\">\n<h3 class=\"product-bottom__paragraph-title\" data-v-1367eb58=\"\"><strong><span dir=\"auto\">Caract\u00e9ristiques:<\/span><\/strong><\/h3>\n<table class=\"mt-2 mb-6 w-full product-bottom__specifications overflow-auto\" data-v-1367eb58=\"\">\n<tbody data-v-1367eb58=\"\">\n<tr data-v-1367eb58=\"\">\n<th class=\"text-left py-3 px-5 w-1\/4 align-top\" data-v-1367eb58=\"\"><span dir=\"auto\">Saveur<\/span><\/th>\n<td class=\"w-3\/4 py-3 pr-4\" data-v-1367eb58=\"\"><span class=\"product-bottom__spec\" data-id=\"flavor\" data-v-1367eb58=\"\"><span dir=\"auto\">Poulet<\/span><\/span><\/td>\n<\/tr>\n<tr data-v-1367eb58=\"\">\n<th class=\"text-left py-3 px-5 w-1\/4 align-top\" data-v-1367eb58=\"\"><span dir=\"auto\">Contenu<\/span><\/th>\n<td class=\"w-3\/4 py-3 pr-4\" data-v-1367eb58=\"\"><span class=\"product-bottom__spec\" data-id=\"contents\" data-v-1367eb58=\"\"><span dir=\"auto\">35 gr<\/span><\/span><\/td>\n<\/tr>\n<tr data-v-1367eb58=\"\">\n<th class=\"text-left py-3 px-5 w-1\/4 align-top\" data-v-1367eb58=\"\"><span dir=\"auto\">UGS<\/span><\/th>\n<td class=\"w-3\/4 py-3 pr-4\" data-v-1367eb58=\"\"><span class=\"product-bottom__spec\" data-id=\"sku\" data-v-1367eb58=\"\"><span dir=\"auto\">11637<\/span><\/span><\/td>\n<\/tr>\n<tr data-v-1367eb58=\"\">\n<th class=\"text-left py-3 px-5 w-1\/4 align-top\" data-v-1367eb58=\"\"><span dir=\"auto\">Code-barres<\/span><\/th>\n<td class=\"w-3\/4 py-3 pr-4\" data-v-1367eb58=\"\"><span class=\"product-bottom__spec\" data-id=\"barcode\" data-v-1367eb58=\"\"><span dir=\"auto\">8711231116379<\/span><\/span><\/td>\n<\/tr>\n<tr data-v-1367eb58=\"\">\n<th class=\"text-left py-3 px-5 w-1\/4 align-top\" data-v-1367eb58=\"\"><span dir=\"auto\">Formulaire<\/span><\/th>\n<td class=\"w-3\/4 py-3 pr-4\" data-v-1367eb58=\"\"><span class=\"product-bottom__spec\" data-id=\"form\" data-v-1367eb58=\"\"><span dir=\"auto\">Collation<\/span><\/span><\/td>\n<\/tr>\n<tr data-v-1367eb58=\"\">\n<th class=\"text-left py-3 px-5 w-1\/4 align-top\" data-v-1367eb58=\"\"><span dir=\"auto\">\u00c2ge des animaux<\/span><\/th>\n<td class=\"w-3\/4 py-3 pr-4\" data-v-1367eb58=\"\"><span class=\"product-bottom__spec\" data-id=\"animal_age\" data-v-1367eb58=\"\"><span dir=\"auto\">Tous \u00e2ges<\/span><\/span><\/td>\n<\/tr>\n<tr data-v-1367eb58=\"\">\n<th class=\"text-left py-3 px-5 w-1\/4 align-top\" data-v-1367eb58=\"\"><span dir=\"auto\">Type d&rsquo;animal<\/span><\/th>\n<td class=\"w-3\/4 py-3 pr-4\" data-v-1367eb58=\"\"><span class=\"product-bottom__spec\" data-id=\"animal_type\" data-v-1367eb58=\"\"><span dir=\"auto\">Chat<\/span><\/span><\/td>\n<\/tr>\n<tr data-v-1367eb58=\"\">\n<th class=\"text-left py-3 px-5 w-1\/4 align-top\" data-v-1367eb58=\"\"><span dir=\"auto\">Ne pas appliquer lorsque<\/span><\/th>\n<td class=\"w-3\/4 py-3 pr-4\" data-v-1367eb58=\"\"><span class=\"product-bottom__spec\" data-id=\"do_not_apply_when\" data-v-1367eb58=\"\"><span dir=\"auto\">Lire attentivement l&#8217;emballage du produit avant utilisation. R\u00e9serv\u00e9 \u00e0 l&rsquo;usage des animaux.<\/span><\/span><\/td>\n<\/tr>\n<tr data-v-1367eb58=\"\">\n<th class=\"text-left py-3 px-5 w-1\/4 align-top\" data-v-1367eb58=\"\"><span dir=\"auto\">Stockage et s\u00e9curit\u00e9<\/span><\/th>\n<td class=\"w-3\/4 py-3 pr-4\" data-v-1367eb58=\"\"><span class=\"product-bottom__spec\" data-id=\"storage_and_safety\" data-v-1367eb58=\"\"><span dir=\"auto\">Lire attentivement l&#8217;emballage avant utilisation. \u00c0 conserver \u00e0 une temp\u00e9rature inf\u00e9rieure \u00e0 25 \u00b0C dans un endroit sec. Ne pas mettre au r\u00e9frig\u00e9rateur ni congeler. Une fois vide, jeter le sachet avec les ordures m\u00e9nag\u00e8res.<\/span><\/span><\/td>\n<\/tr>\n<tr data-v-1367eb58=\"\">\n<th class=\"text-left py-3 px-5 w-1\/4 align-top\" data-v-1367eb58=\"\"><span dir=\"auto\">Pr\u00e9cautions d&#8217;emploi du produit<\/span><\/th>\n<td class=\"w-3\/4 py-3 pr-4\" data-v-1367eb58=\"\"><span class=\"product-bottom__spec\" data-id=\"product_precautions\" data-v-1367eb58=\"\"><span dir=\"auto\">Lire attentivement l&#8217;emballage du produit avant utilisation. R\u00e9serv\u00e9 \u00e0 l&rsquo;usage des animaux.<\/span><\/span><\/td>\n<\/tr>\n<\/tbody>\n<\/table>\n<\/div>\n<div class=\"product-bottom__related\" data-v-1367eb58=\"\"><\/div>\n<\/div>\n<\/div>\n<\/div>\n<\/div>\n<\/div>\n<\/div>\n","protected":false},"excerpt":{"rendered":"<p class=\"product-info__description\" data-v-546fda9a=\"\"><span dir=\"auto\">Une friandise d\u00e9licieuse et saine pour chats. Chaque bouch\u00e9e est garnie d&rsquo;une savoureuse p\u00e2te d&rsquo;herbe \u00e0 chat pour offrir \u00e0 votre chat une friandise irr\u00e9sistible et stimulante. Convient \u00e0 toutes les races de chats.<\/span><\/p>\n<ul class=\"product-info__usps list-reset\" data-v-546fda9a=\"\">\n<li style=\"list-style-type: none\">\n<ul class=\"product-info__usps list-reset\" data-v-546fda9a=\"\">\n<li data-v-546fda9a=\"\"><span class=\"product-info__usps-span\" data-v-546fda9a=\"\"><span dir=\"auto\">Friandise d\u00e9licieuse et saine pour les chats<\/span><\/span><\/li>\n<li data-v-546fda9a=\"\"><span class=\"product-info__usps-span\" data-v-546fda9a=\"\"><span dir=\"auto\">Chaque friandise contient de la p\u00e2te d&rsquo;herbe \u00e0 chat<\/span><\/span><\/li>\n<li data-v-546fda9a=\"\"><span class=\"product-info__usps-span\" data-v-546fda9a=\"\"><span dir=\"auto\">Irr\u00e9sistible pour les chats<\/span><\/span><\/li>\n<li data-v-546fda9a=\"\"><span class=\"product-info__usps-span\" data-v-546fda9a=\"\"><span dir=\"auto\">Convient \u00e0 toutes les races de chats<\/span><\/span><\/li>\n<\/ul>\n<\/li>\n<\/ul>\n","protected":false},"featured_media":27067,"template":"","meta":{"jetpack_publicize_message":"","jetpack_publicize_feature_enabled":true,"jetpack_social_post_already_shared":true,"jetpack_social_options":{"image_generator_settings":{"template":"highway","default_image_id":0,"font":"","enabled":false},"version":2}},"product_brand":[],"product_cat":[41,238],"product_tag":[],"class_list":{"0":"post-27066","1":"product","2":"type-product","3":"status-publish","4":"has-post-thumbnail","6":"product_cat-friandises-et-pate-pour-chat","7":"product_cat-friandises-secs-chat","9":"first","10":"instock","11":"taxable","12":"shipping-taxable","13":"purchasable","14":"product-type-simple"},"supplier_id":5603,"supplier_sku":"","barcode":"8711231116379","atum_controlled":true,"out_stock_date":null,"out_stock_threshold":null,"inheritable":false,"inbound_stock":0,"stock_on_hold":1,"sold_today":0,"sales_last_days":2,"reserved_stock":0,"customer_returns":0,"warehouse_damage":0,"lost_in_post":0,"other_logs":0,"out_stock_days":0,"lost_sales":0,"has_location":false,"update_date":"2026-05-08T14:14:41","atum_locations":[],"atum_stock_status":"instock","restock_status":false,"low_stock_amount":5,"sales_update_date":"2026-05-08T14:14:41","calc_backorders":0,"jetpack_publicize_connections":[],"jetpack_sharing_enabled":true,"batches":[{"id":"5282","date_created":"2025-09-12 19:08:23","date_expiry":"2027-01-14 00:00:00","user_id":"1","batch_number":"lot140127","location":"","quantity":"29.0000","quantity_available":"5.0000","units":"1","status":"active","order_ids":"[27077,27100,27171,27286,28096,28366,29148,31292,32430,33683,33911,35021,35085,35375,36841,37479,37522,38315,38322,38530,40332,40726,41561]","supplier":"HILLS","po":{"id":"5240","date_created":"2025-09-12 19:08:27","batch_id":"5282","po_number":"","supplier":"HILLS","cost":null,"regular_price":null,"sale_price":null,"price_margin":null,"price_discount":null}}],"_links":{"self":[{"href":"https:\/\/petworld.ma\/index.php\/wp-json\/wp\/v2\/product\/27066","targetHints":{"allow":["GET"]}}],"collection":[{"href":"https:\/\/petworld.ma\/index.php\/wp-json\/wp\/v2\/product"}],"about":[{"href":"https:\/\/petworld.ma\/index.php\/wp-json\/wp\/v2\/types\/product"}],"wp:featuredmedia":[{"embeddable":true,"href":"https:\/\/petworld.ma\/index.php\/wp-json\/wp\/v2\/media\/27067"}],"wp:attachment":[{"href":"https:\/\/petworld.ma\/index.php\/wp-json\/wp\/v2\/media?parent=27066"}],"wp:term":[{"taxonomy":"product_brand","embeddable":true,"href":"https:\/\/petworld.ma\/index.php\/wp-json\/wp\/v2\/product_brand?post=27066"},{"taxonomy":"product_cat","embeddable":true,"href":"https:\/\/petworld.ma\/index.php\/wp-json\/wp\/v2\/product_cat?post=27066"},{"taxonomy":"product_tag","embeddable":true,"href":"https:\/\/petworld.ma\/index.php\/wp-json\/wp\/v2\/product_tag?post=27066"}],"curies":[{"name":"wp","href":"https:\/\/api.w.org\/{rel}","templated":true}]}}