{"id":27068,"date":"2025-09-12T19:13:57","date_gmt":"2025-09-12T19:13:57","guid":{"rendered":"https:\/\/petworld.ma\/?post_type=product&#038;p=27068"},"modified":"2026-05-08T04:48:08","modified_gmt":"2026-05-08T04:48:08","slug":"beaphar-friandises-vitaminees-pour-chat-35g","status":"publish","type":"product","link":"https:\/\/petworld.ma\/index.php\/produit\/beaphar-friandises-vitaminees-pour-chat-35g\/","title":{"rendered":"Beaphar Friandises Vitamin\u00e9es pour Chat (35g)"},"content":{"rendered":"<div id=\"-product-tabs-44-66\" class=\"oxy-product-tabs oxy-woo-element\">\n<div class=\"woocommerce-tabs wc-tabs-wrapper\">\n<div class=\"accordion-title active\">\n<div class=\"product-bottom__paragraph\" data-v-1367eb58=\"\">\n<div class=\"product-bottom__paragraph\" data-v-1367eb58=\"\">\n<div class=\"product-bottom__paragraph\" data-v-1367eb58=\"\">\n<div class=\"product-bottom__paragraph\" data-v-1367eb58=\"\">\n<div class=\"product-bottom__paragraph\" data-v-1367eb58=\"\">\n<h3 class=\"product-bottom__paragraph-title\" data-v-1367eb58=\"\"><strong><span dir=\"auto\">Description:<\/span><\/strong><\/h3>\n<p class=\"whitespace-pre-line\" data-v-1367eb58=\"\"><span dir=\"auto\">Vit Bits est une friandise savoureuse, croquante et saine pour chat, garnie d&rsquo;une p\u00e2te vitamin\u00e9e savoureuse. Elle contient de la taurine, un ingr\u00e9dient important pour les chats, b\u00e9n\u00e9fique pour le c\u0153ur et les yeux. Ce produit est fabriqu\u00e9 \u00e0 partir d&rsquo;ingr\u00e9dients naturels, ce qui peut entra\u00eener des variations de couleur.<\/span><\/p>\n<\/div>\n<div class=\"product-bottom__paragraph\" data-v-1367eb58=\"\">\n<h3 class=\"product-bottom__paragraph-title\" data-v-1367eb58=\"\"><strong><span dir=\"auto\">Composition:<\/span><\/strong><\/h3>\n<ul class=\"mb-6 list-reset\" data-v-1367eb58=\"\">\n<li data-v-1367eb58=\"\"><strong data-v-1367eb58=\"\"><span dir=\"auto\">Ingr\u00e9dients<\/span><\/strong><span dir=\"auto\">\u00a0:\u00a0<\/span><span data-v-1367eb58=\"\"><span dir=\"auto\">C\u00e9r\u00e9ales, Lait et d\u00e9riv\u00e9s du lait, Huiles et mati\u00e8res grasses, Min\u00e9raux, Levures, Poisson et d\u00e9riv\u00e9s du poisson, Viandes et d\u00e9riv\u00e9s animaux<\/span><\/span><\/li>\n<li data-v-1367eb58=\"\"><strong data-v-1367eb58=\"\"><span dir=\"auto\">Additifs<\/span><\/strong><span dir=\"auto\">\u00a0:\u00a0<\/span><span data-v-1367eb58=\"\"><span dir=\"auto\">Vit. A 4580 UI, Vit. B1 58 mg, Vit. B2 17 mg, Biotine 62 \u03bcg, Taurine 660 mg, Calcium-D-pantoth\u00e9nate 3 mg, Niacimide 160 mg<\/span><\/span><\/li>\n<li data-v-1367eb58=\"\"><strong data-v-1367eb58=\"\"><span dir=\"auto\">Analyse<\/span><\/strong><span dir=\"auto\">\u00a0:\u00a0<\/span><span data-v-1367eb58=\"\"><span dir=\"auto\">Prot\u00e9ines brutes 30%, Mati\u00e8res grasses brutes 8,8%, Fibres brutes 1,6%, Cendres brutes 2,7%, Humidit\u00e9 8,8%, Ca 0,22%, P 0,5%, Na 0,17%, Mg 0,025%, K 0,18%<\/span><\/span><\/li>\n<\/ul>\n<\/div>\n<div class=\"product-bottom__paragraph\" data-v-1367eb58=\"\">\n<h3 class=\"product-bottom__paragraph-title\" data-v-1367eb58=\"\"><strong><span dir=\"auto\">Caract\u00e9ristiques:<\/span><\/strong><\/h3>\n<table class=\"mt-2 mb-6 w-full product-bottom__specifications overflow-auto\" data-v-1367eb58=\"\">\n<tbody data-v-1367eb58=\"\">\n<tr data-v-1367eb58=\"\">\n<th class=\"text-left py-3 px-5 w-1\/4 align-top\" data-v-1367eb58=\"\"><span dir=\"auto\">Saveur<\/span><\/th>\n<td class=\"w-3\/4 py-3 pr-4\" data-v-1367eb58=\"\"><span class=\"product-bottom__spec\" data-v-1367eb58=\"\" data-id=\"flavor\"><span dir=\"auto\">Taurine<\/span><\/span><\/td>\n<\/tr>\n<tr data-v-1367eb58=\"\">\n<th class=\"text-left py-3 px-5 w-1\/4 align-top\" data-v-1367eb58=\"\"><span dir=\"auto\">Contenu<\/span><\/th>\n<td class=\"w-3\/4 py-3 pr-4\" data-v-1367eb58=\"\"><span class=\"product-bottom__spec\" data-v-1367eb58=\"\" data-id=\"contents\"><span dir=\"auto\">35 gr<\/span><\/span><\/td>\n<\/tr>\n<tr data-v-1367eb58=\"\">\n<th class=\"text-left py-3 px-5 w-1\/4 align-top\" data-v-1367eb58=\"\"><span dir=\"auto\">UGS<\/span><\/th>\n<td class=\"w-3\/4 py-3 pr-4\" data-v-1367eb58=\"\"><span class=\"product-bottom__spec\" data-v-1367eb58=\"\" data-id=\"sku\"><span dir=\"auto\">11416<\/span><\/span><\/td>\n<\/tr>\n<tr data-v-1367eb58=\"\">\n<th class=\"text-left py-3 px-5 w-1\/4 align-top\" data-v-1367eb58=\"\"><span dir=\"auto\">Code-barres<\/span><\/th>\n<td class=\"w-3\/4 py-3 pr-4\" data-v-1367eb58=\"\"><span class=\"product-bottom__spec\" data-v-1367eb58=\"\" data-id=\"barcode\"><span dir=\"auto\">8711231114160<\/span><\/span><\/td>\n<\/tr>\n<tr data-v-1367eb58=\"\">\n<th class=\"text-left py-3 px-5 w-1\/4 align-top\" data-v-1367eb58=\"\"><span dir=\"auto\">Formulaire<\/span><\/th>\n<td class=\"w-3\/4 py-3 pr-4\" data-v-1367eb58=\"\"><span class=\"product-bottom__spec\" data-v-1367eb58=\"\" data-id=\"form\"><span dir=\"auto\">Collation<\/span><\/span><\/td>\n<\/tr>\n<tr data-v-1367eb58=\"\">\n<th class=\"text-left py-3 px-5 w-1\/4 align-top\" data-v-1367eb58=\"\"><span dir=\"auto\">\u00c2ge des animaux<\/span><\/th>\n<td class=\"w-3\/4 py-3 pr-4\" data-v-1367eb58=\"\"><span class=\"product-bottom__spec\" data-v-1367eb58=\"\" data-id=\"animal_age\"><span dir=\"auto\">Tous \u00e2ges<\/span><\/span><\/td>\n<\/tr>\n<tr data-v-1367eb58=\"\">\n<th class=\"text-left py-3 px-5 w-1\/4 align-top\" data-v-1367eb58=\"\"><span dir=\"auto\">Type d&rsquo;animal<\/span><\/th>\n<td class=\"w-3\/4 py-3 pr-4\" data-v-1367eb58=\"\"><span class=\"product-bottom__spec\" data-v-1367eb58=\"\" data-id=\"animal_type\"><span dir=\"auto\">Chat<\/span><\/span><\/td>\n<\/tr>\n<\/tbody>\n<\/table>\n<\/div>\n<\/div>\n<\/div>\n<\/div>\n<\/div>\n<\/div>\n<\/div>\n<\/div>\n","protected":false},"excerpt":{"rendered":"<p class=\"product-info__description\" data-v-546fda9a=\"\"><span dir=\"auto\">Vit Bits est une friandise savoureuse, croquante et saine pour chat, garnie d&rsquo;une p\u00e2te vitamin\u00e9e savoureuse. Elle contient de la taurine, un ingr\u00e9dient important pour les chats, b\u00e9n\u00e9fique pour le c\u0153ur et les yeux. Ce produit est fabriqu\u00e9 \u00e0 partir d&rsquo;ingr\u00e9dients naturels, ce qui peut entra\u00eener des variations de couleur.<\/span><\/p>\n<ul class=\"product-info__usps list-reset\" data-v-546fda9a=\"\">\n<li data-v-546fda9a=\"\"><span class=\"product-info__usps-span\" data-v-546fda9a=\"\"><span dir=\"auto\">Collation saine remplie de p\u00e2te vitamin\u00e9e savoureuse<\/span><\/span><\/li>\n<li data-v-546fda9a=\"\"><span class=\"product-info__usps-span\" data-v-546fda9a=\"\"><span dir=\"auto\">Soutient la fonction cardiaque et oculaire<\/span><\/span><\/li>\n<li data-v-546fda9a=\"\"><span class=\"product-info__usps-span\" data-v-546fda9a=\"\"><span dir=\"auto\">Peut \u00eatre donn\u00e9 comme collation ou en compl\u00e9ment de l&rsquo;alimentation quotidienne<\/span><\/span><\/li>\n<\/ul>\n","protected":false},"featured_media":27069,"template":"","meta":{"jetpack_publicize_message":"","jetpack_publicize_feature_enabled":true,"jetpack_social_post_already_shared":true,"jetpack_social_options":{"image_generator_settings":{"template":"highway","default_image_id":0,"font":"","enabled":false},"version":2}},"product_brand":[],"product_cat":[41,238],"product_tag":[],"class_list":{"0":"post-27068","1":"product","2":"type-product","3":"status-publish","4":"has-post-thumbnail","6":"product_cat-friandises-et-pate-pour-chat","7":"product_cat-friandises-secs-chat","9":"first","10":"instock","11":"taxable","12":"shipping-taxable","13":"purchasable","14":"product-type-simple"},"supplier_id":5603,"supplier_sku":"","barcode":"8711231114160","atum_controlled":true,"out_stock_date":null,"out_stock_threshold":null,"inheritable":false,"inbound_stock":0,"stock_on_hold":0,"sold_today":0,"sales_last_days":1,"reserved_stock":0,"customer_returns":0,"warehouse_damage":0,"lost_in_post":0,"other_logs":0,"out_stock_days":0,"lost_sales":0,"has_location":false,"update_date":"2026-05-12T11:13:08","atum_locations":[],"atum_stock_status":"instock","restock_status":false,"low_stock_amount":12,"sales_update_date":"2026-05-12T11:13:08","calc_backorders":0,"jetpack_publicize_connections":[],"jetpack_sharing_enabled":true,"batches":[{"id":"5284","date_created":"2025-09-12 19:18:59","date_expiry":"2026-04-03 00:00:00","user_id":"2760","batch_number":"lot030426","location":"","quantity":"29.0000","quantity_available":"0.0000","units":"1","status":"archived","order_ids":"[27171,27286,28060,28270,28272,29003,29629,29662,29673,30492,30586,30745,30968,30987,31086,31283,31656,32340,33730,34463]","supplier":"HILLS","po":{"id":"5242","date_created":"2025-09-12 19:19:01","batch_id":"5284","po_number":"","supplier":"HILLS","cost":null,"regular_price":null,"sale_price":null,"price_margin":null,"price_discount":null}},{"id":"8376","date_created":"2026-03-19 11:11:01","date_expiry":"2027-08-14 00:00:00","user_id":"2760","batch_number":"lot140827","location":"","quantity":"12.0000","quantity_available":"0.0000","units":"1","status":"archived","order_ids":"[37992,38175,38211,40030,41561]","supplier":"HILLS","po":{"id":"8304","date_created":"2026-03-19 11:11:01","batch_id":"8376","po_number":"","supplier":"HILLS","cost":null,"regular_price":null,"sale_price":null,"price_margin":null,"price_discount":null}},{"id":"8578","date_created":"2026-03-28 13:12:24","date_expiry":"2027-08-14 00:00:00","user_id":"2760","batch_number":"lot140827","location":"","quantity":"8.0000","quantity_available":"8.0000","units":"1","status":"active","order_ids":null,"supplier":"HILLS","po":{"id":"8506","date_created":"2026-03-28 13:12:27","batch_id":"8578","po_number":"","supplier":"HILLS","cost":null,"regular_price":null,"sale_price":null,"price_margin":null,"price_discount":null}}],"_links":{"self":[{"href":"https:\/\/petworld.ma\/index.php\/wp-json\/wp\/v2\/product\/27068","targetHints":{"allow":["GET"]}}],"collection":[{"href":"https:\/\/petworld.ma\/index.php\/wp-json\/wp\/v2\/product"}],"about":[{"href":"https:\/\/petworld.ma\/index.php\/wp-json\/wp\/v2\/types\/product"}],"wp:featuredmedia":[{"embeddable":true,"href":"https:\/\/petworld.ma\/index.php\/wp-json\/wp\/v2\/media\/27069"}],"wp:attachment":[{"href":"https:\/\/petworld.ma\/index.php\/wp-json\/wp\/v2\/media?parent=27068"}],"wp:term":[{"taxonomy":"product_brand","embeddable":true,"href":"https:\/\/petworld.ma\/index.php\/wp-json\/wp\/v2\/product_brand?post=27068"},{"taxonomy":"product_cat","embeddable":true,"href":"https:\/\/petworld.ma\/index.php\/wp-json\/wp\/v2\/product_cat?post=27068"},{"taxonomy":"product_tag","embeddable":true,"href":"https:\/\/petworld.ma\/index.php\/wp-json\/wp\/v2\/product_tag?post=27068"}],"curies":[{"name":"wp","href":"https:\/\/api.w.org\/{rel}","templated":true}]}}