{"id":27117,"date":"2025-09-14T10:16:46","date_gmt":"2025-09-14T10:16:46","guid":{"rendered":"https:\/\/petworld.ma\/?post_type=product&#038;p=27117"},"modified":"2026-04-24T19:53:10","modified_gmt":"2026-04-24T19:53:10","slug":"croquettes-adultes-sterilises-trendline-15kg","status":"publish","type":"product","link":"https:\/\/petworld.ma\/index.php\/produit\/croquettes-adultes-sterilises-trendline-15kg\/","title":{"rendered":"Croquettes Adultes St\u00e9rilis\u00e9s Trendline 15kg"},"content":{"rendered":"<p><span dir=\"auto\">Trendline Sterilised Adult Cat Food Chicken est un\u00a0<\/span><span dir=\"auto\">aliment complet pour chats st\u00e9rilis\u00e9s.<\/span>\u00a0<span dir=\"auto\">de toutes races, contenant des vitamines et des min\u00e9raux n\u00e9cessaires au d\u00e9veloppement et \u00e0 la condition optimale de votre chat.<\/span><\/p>\n<p><span dir=\"auto\">Gr\u00e2ce \u00e0 ses ingr\u00e9dients naturels \u00e9quilibr\u00e9s, l&rsquo;aliment offre un soin id\u00e9al et un renforcement global du corps.<\/span><\/p>\n<p><span dir=\"auto\">La viande contient des prot\u00e9ines faciles \u00e0 dig\u00e9rer et des acides amin\u00e9s b\u00e9n\u00e9fiques. Ils renforcent les d\u00e9fenses immunitaires de l&rsquo;organisme et ont un effet b\u00e9n\u00e9fique sur le syst\u00e8me nerveux central.<\/span><\/p>\n<p><span dir=\"auto\">Le complexe de vitamines, de min\u00e9raux et de prot\u00e9ines de lactos\u00e9rum fait de cet aliment un puissant immunostimulant.<\/span><\/p>\n<p><span dir=\"auto\">La taurine est un acide amin\u00e9 extr\u00eamement important pour le corps de votre animal :<\/span><\/p>\n<ul>\n<li><span dir=\"auto\">Renforce le syst\u00e8me immunitaire et les fonctions protectrices de l&rsquo;organisme.<\/span><\/li>\n<li><span dir=\"auto\">Am\u00e9liore le fonctionnement du syst\u00e8me digestif, des reins et du foie.<\/span><\/li>\n<li><span dir=\"auto\">Soutient le bon fonctionnement du cerveau, du syst\u00e8me nerveux et du syst\u00e8me cardiovasculaire.<\/span><\/li>\n<li><span dir=\"auto\">Normalise le taux de sucre dans le sang d&rsquo;un chat.<\/span><\/li>\n<\/ul>\n<p><span dir=\"auto\">Cet aliment est sp\u00e9cialement formul\u00e9 pour les chats adultes castr\u00e9s ou st\u00e9rilis\u00e9s. Il r\u00e9pond aux besoins nutritionnels sp\u00e9cifiques des chats castr\u00e9s et st\u00e9rilis\u00e9s, contribuant ainsi \u00e0 maintenir un poids et une sant\u00e9 optimaux.<\/span><\/p>\n<p><span dir=\"auto\">L&rsquo;ingr\u00e9dient principal de cette nourriture est le poulet, source de prot\u00e9ines animales de haute qualit\u00e9, essentielles \u00e0 la sant\u00e9 et au maintien de muscles forts chez votre chat. Les prot\u00e9ines contribuent \u00e9galement \u00e0 sati\u00e9t\u00e9 et \u00e0 son poids de forme.<\/span><\/p>\n<p><span dir=\"auto\">La nourriture pour chats adultes st\u00e9rilis\u00e9s Trendline\u00a0<\/span><span dir=\"auto\">\u00a0au poulet contient \u00e9galement un ratio \u00e9quilibr\u00e9 de mati\u00e8res grasses, ce qui contribue \u00e0 maintenir un poids optimal et \u00e0 pr\u00e9venir la prise de poids ind\u00e9sirable. Cette nourriture est sp\u00e9cialement con\u00e7ue pour contr\u00f4ler le poids des chats st\u00e9rilis\u00e9s qui ont tendance \u00e0 prendre du poids.<\/span><\/p>\n<h3><strong><span dir=\"auto\">Composition:<\/span><\/strong><\/h3>\n<p><span dir=\"auto\">Prot\u00e9ines animales transform\u00e9es, bl\u00e9, ma\u00efs, graisse animale, gluten de ma\u00efs, pulpe de betterave d\u00e9shydrat\u00e9e, riz, ar\u00f4me de foie, sel, graines de lin, levure de bi\u00e8re s\u00e9ch\u00e9e, taurine.<\/span><\/p>\n<h3><strong><span dir=\"auto\">Min\u00e9raux :<\/span><\/strong><\/h3>\n<p><span dir=\"auto\">Calcium, phosphore, sodium, iode, zinc, cuivre, chlorure de potassium, fer, s\u00e9l\u00e9nium.<\/span><\/p>\n<h3><strong><span dir=\"auto\">Vitamines :<\/span><\/strong><\/h3>\n<p><span dir=\"auto\">Vit.A, Vit.D, Vit.E, Vit.C, Vit.B1 &#8211; B2 &#8211; B3 (Niacine) &#8211; B6 &#8211; B12 &#8211; B7 (Biotine) &#8211; B9 (Acide folique), Vit.K, Choline, Pantoth\u00e9nate de calcium.<\/span><\/p>\n<h3><strong><span dir=\"auto\">Composition analytique :<\/span><\/strong><\/h3>\n<ul>\n<li><span dir=\"auto\">Prot\u00e9ines : 27 %<\/span><\/li>\n<li><span dir=\"auto\">Mati\u00e8res grasses : 10 %<\/span><\/li>\n<li><span dir=\"auto\">Cendres : 8 %<\/span><\/li>\n<li><span dir=\"auto\">Fibres : 2,5 %<\/span><\/li>\n<\/ul>\n<h3><strong><span dir=\"auto\">Compl\u00e9ments alimentaires :<\/span><\/strong><\/h3>\n<ul>\n<li><span dir=\"auto\">Vitamine A (E672) : 15\u00a0000 UI\/kg<\/span><\/li>\n<li><span dir=\"auto\">Vitamine D3 (E671) : 1000 UI\/kg<\/span><\/li>\n<li><span dir=\"auto\">Vitamine E (3A700) : 150 mg\/kg<\/span><\/li>\n<li><span dir=\"auto\">Vitamine C (Stay C) : 120 mg\/kg<\/span><\/li>\n<li><span dir=\"auto\">Taurine : 1000 mg\/kg<\/span><\/li>\n<\/ul>\n<div class=\"col-md-6\">\n<div class=\"table-responsive\">\n<table class=\"tg\">\n<thead>\n<tr>\n<th class=\"tg-9wq8a\" colspan=\"7\"><span dir=\"auto\">Instructions d&rsquo;alimentation<\/span><\/th>\n<\/tr>\n<tr>\n<th class=\"tg-9wq8\" rowspan=\"2\"><b><span dir=\"auto\">Poids du chat (kg)<\/span><\/b><\/th>\n<th class=\"tg-9wq8\" colspan=\"6\"><b><span dir=\"auto\">Dose quotidienne recommand\u00e9e (g\/jour)<\/span><\/b><\/th>\n<\/tr>\n<\/thead>\n<tbody>\n<tr>\n<td class=\"tg-c3ow\"><span dir=\"auto\">1 \u00e0 2 kg<\/span><\/td>\n<td class=\"tg-c3ow\"><span dir=\"auto\">35-45<\/span><\/td>\n<\/tr>\n<tr>\n<td class=\"tg-c3ow\"><span dir=\"auto\">3 \u00e0 4 kg<\/span><\/td>\n<td class=\"tg-c3ow\"><span dir=\"auto\">60-80<\/span><\/td>\n<\/tr>\n<tr>\n<td class=\"tg-c3ow\"><span dir=\"auto\">5 \u00e0 6 kg<\/span><\/td>\n<td class=\"tg-c3ow\"><span dir=\"auto\">100-120<\/span><\/td>\n<\/tr>\n<tr>\n<td class=\"tg-c3ow\"><span dir=\"auto\">7 &#8211; 8 kg<\/span><\/td>\n<td class=\"tg-c3ow\"><span dir=\"auto\">140-160<\/span><\/td>\n<\/tr>\n<\/tbody>\n<\/table>\n<\/div>\n<\/div>\n<div class=\"col-md-6\">\n<p><span dir=\"auto\">Ces quantit\u00e9s sont recommand\u00e9es. La taille des portions peut varier selon l&rsquo;\u00e2ge, le niveau d&rsquo;activit\u00e9 et le temp\u00e9rament de votre chat. Assurez-vous de toujours lui donner acc\u00e8s \u00e0 de l&rsquo;eau fra\u00eeche et propre.&amp;<\/span><\/p>\n<\/div>\n","protected":false},"excerpt":{"rendered":"<p>Trendline Sterilised Adult Cat Food Chicken est un\u00a0aliment complet pour chats st\u00e9rilis\u00e9s.\u00a0de toutes races, contenant des vitamines et des min\u00e9raux n\u00e9cessaires au d\u00e9veloppement et \u00e0 la condition optimale de votre chat. Gr\u00e2ce \u00e0 ses ingr\u00e9dients naturels \u00e9quilibr\u00e9s, l&rsquo;aliment offre un soin id\u00e9al et un renforcement global du corps. La viande contient des prot\u00e9ines faciles \u00e0 [&#8230;]\n","protected":false},"featured_media":27118,"template":"","meta":{"jetpack_publicize_message":"","jetpack_publicize_feature_enabled":true,"jetpack_social_post_already_shared":true,"jetpack_social_options":{"image_generator_settings":{"template":"highway","default_image_id":0,"font":"","enabled":false},"version":2}},"product_brand":[],"product_cat":[40],"product_tag":[],"class_list":{"0":"post-27117","1":"product","2":"type-product","3":"status-publish","4":"has-post-thumbnail","6":"product_cat-coquettes-pour-chat","8":"first","9":"instock","10":"taxable","11":"shipping-taxable","12":"purchasable","13":"product-type-simple"},"supplier_id":5589,"supplier_sku":"TRE-157","barcode":"8698995028295","atum_controlled":true,"out_stock_date":null,"out_stock_threshold":null,"inheritable":false,"inbound_stock":0,"stock_on_hold":0,"sold_today":0,"sales_last_days":0,"reserved_stock":0,"customer_returns":0,"warehouse_damage":0,"lost_in_post":0,"other_logs":0,"out_stock_days":0,"lost_sales":0,"has_location":false,"update_date":"2026-05-14T00:02:11","atum_locations":[],"atum_stock_status":"instock","restock_status":false,"low_stock_amount":2,"sales_update_date":"2026-05-14T00:02:11","calc_backorders":null,"jetpack_publicize_connections":[],"jetpack_sharing_enabled":true,"batches":[{"id":"5299","date_created":"2025-09-14 15:45:43","date_expiry":"2026-05-14 00:00:00","user_id":"1","batch_number":"lot140526","location":"","quantity":"5.0000","quantity_available":"0.0000","units":"1","status":"archived","order_ids":"[28215,28361,29905,34717]","supplier":"Rabat","po":{"id":"5257","date_created":"2025-09-14 15:45:49","batch_id":"5299","po_number":"","supplier":"Rabat","cost":null,"regular_price":null,"sale_price":null,"price_margin":null,"price_discount":null}},{"id":"7518","date_created":"2026-02-05 08:38:14","date_expiry":"2026-11-15 00:00:00","user_id":"1","batch_number":"TrendlineAdult151126","location":"","quantity":"10.0000","quantity_available":"1.0000","units":"1","status":"active","order_ids":"[35586,36344,36673,37361,38038,38901,38951,39768,40691]","supplier":"Zooluxe","po":{"id":"7454","date_created":"2026-02-05 08:38:16","batch_id":"7518","po_number":"","supplier":"Zooluxe","cost":null,"regular_price":null,"sale_price":null,"price_margin":null,"price_discount":null}}],"_links":{"self":[{"href":"https:\/\/petworld.ma\/index.php\/wp-json\/wp\/v2\/product\/27117","targetHints":{"allow":["GET"]}}],"collection":[{"href":"https:\/\/petworld.ma\/index.php\/wp-json\/wp\/v2\/product"}],"about":[{"href":"https:\/\/petworld.ma\/index.php\/wp-json\/wp\/v2\/types\/product"}],"wp:featuredmedia":[{"embeddable":true,"href":"https:\/\/petworld.ma\/index.php\/wp-json\/wp\/v2\/media\/27118"}],"wp:attachment":[{"href":"https:\/\/petworld.ma\/index.php\/wp-json\/wp\/v2\/media?parent=27117"}],"wp:term":[{"taxonomy":"product_brand","embeddable":true,"href":"https:\/\/petworld.ma\/index.php\/wp-json\/wp\/v2\/product_brand?post=27117"},{"taxonomy":"product_cat","embeddable":true,"href":"https:\/\/petworld.ma\/index.php\/wp-json\/wp\/v2\/product_cat?post=27117"},{"taxonomy":"product_tag","embeddable":true,"href":"https:\/\/petworld.ma\/index.php\/wp-json\/wp\/v2\/product_tag?post=27117"}],"curies":[{"name":"wp","href":"https:\/\/api.w.org\/{rel}","templated":true}]}}