{"id":27119,"date":"2025-09-14T10:21:35","date_gmt":"2025-09-14T10:21:35","guid":{"rendered":"https:\/\/petworld.ma\/?post_type=product&#038;p=27119"},"modified":"2026-04-21T13:36:07","modified_gmt":"2026-04-21T13:36:07","slug":"croquettes-adultes-poulet-trendline-15kg","status":"publish","type":"product","link":"https:\/\/petworld.ma\/index.php\/produit\/croquettes-adultes-poulet-trendline-15kg\/","title":{"rendered":"Croquettes Adultes Poulet Trendline 15kg"},"content":{"rendered":"<p>Aliments pour chats enti\u00e8rement \u00e9quilibr\u00e9s et naturels avec des prot\u00e9ines de poulet, de la levure de bi\u00e8re pour le soutien immunitaire, des om\u00e9ga-3 et -6 issus de graines de lin et de la taurine. Soigneusement formul\u00e9es par des nutritionnistes pour chats et chiens afin de r\u00e9pondre aux besoins nutritionnels de tous les chats adultes.<\/p>\n<p><strong>FACILE \u00c0 DIG\u00c9RER\u00a0<\/strong><\/p>\n<p>Les aliments pour chats, qui offrent une exp\u00e9rience sensible en apportant des contributions positives \u00e0 la flore intestinale, \u00e9liminent les probl\u00e8mes de d\u00e9f\u00e9cation des adultes. Une journ\u00e9e paisible est toujours v\u00e9cue avec son m\u00e9lange de plantes qui pr\u00e9vient la mauvaise odeur des selles.<\/p>\n<p><strong>AM\u00c9LIORE L\u2019ORGANISME<\/strong><\/p>\n<p>Gr\u00e2ce aux aliments pour chats, qui apportent des contributions positives au syst\u00e8me musculo-squelettique, le chat profite comme il le souhaite du produit nutritif qu\u2019il recherche. Il peut acqu\u00e9rir une r\u00e9sistance aux maladies en nourrissant et en prot\u00e9geant \u00e0 la fois son corps.<\/p>\n<p><strong>DONNE DE L\u2019\u00c9NERGIE<\/strong><\/p>\n<p>Le chat adulte, qui m\u00e8ne une vie plus dynamique et active toute la journ\u00e9e, permet de contr\u00f4ler son poids gr\u00e2ce aux nutriments \u00e9nergisants contenus dans l\u2019aliment. De cette mani\u00e8re, les chats adultes n\u2019auront jamais de probl\u00e8mes d\u2019ob\u00e9sit\u00e9 et peuvent avoir un corps en forme.<\/p>\n<p><strong>CONTENU D\u00c9LICIEUX<\/strong><\/p>\n<p>Gr\u00e2ce \u00e0 sa teneur \u00e9lev\u00e9e en prot\u00e9ines et en calcium, la nourriture pour chats qui \u00e9limine les probl\u00e8mes tels que l\u2019ost\u00e9oporose des chats adultes est cr\u00e9\u00e9e \u00e0 partir des saveurs pr\u00e9f\u00e9r\u00e9es des chats avec son contenu en poulet. Les chats peuvent toujours rester actifs en appr\u00e9ciant le plaisir de consommer leur nourriture.<\/p>\n<p><strong>Contenu<\/strong>\u00a0:<\/p>\n<p>-Prot\u00e9ines animales transform\u00e9es.<br \/>\n-Bl\u00e9<br \/>\n-Ma\u00efs<br \/>\n-Graisse animale<br \/>\n-Boncalite -Ma\u00efs<br \/>\nGluten<br \/>\n-Betterave sucri\u00e8re s\u00e9ch\u00e9e<br \/>\n-Ar\u00f4me de foie -Sel<br \/>\n-Graines de lin<br \/>\n-S\u00e9ch\u00e9<br \/>\nLevure de bi\u00e8re<br \/>\n-Taurine<\/p>\n<p><strong>Rapport d\u2019analyse :<\/strong><\/p>\n<p>-Prot\u00e9ines brutes : 27%.<br \/>\n-Mati\u00e8res grasses brutes : 10<br \/>\n-Cellulose brute : 2,5%.<br \/>\n-Cendres brutes : 8%.<\/p>\n<p><strong>Additifs nutritionnels :<\/strong><\/p>\n<p>-Vitamine A 15000 UI \/ kg<br \/>\n-Vitamine D3 1000 UI \/ kg<br \/>\n-Vitamine E 150 mg \/ kg<br \/>\n-Vitamine C 120 mg \/ kg<br \/>\n-Vitamines B1 \u2013 B2 \u2013 B3 (Niasin) \u2013 B6 \u2013 B12 \u2013 B7 (Biotin) \u2013 B9 (Folik Asit)<br \/>\n-Vitamine K<br \/>\n-Taurine 1000 mg \/ kg<br \/>\n-Kolin<br \/>\n-Kalsiyum<br \/>\n-Pantotean<\/p>\n","protected":false},"excerpt":{"rendered":"<p>Aliment complet pour chats adultes de toutes races avec poulet 15 kg<\/p>\n","protected":false},"featured_media":27121,"template":"","meta":{"jetpack_publicize_message":"","jetpack_publicize_feature_enabled":true,"jetpack_social_post_already_shared":true,"jetpack_social_options":{"image_generator_settings":{"template":"highway","default_image_id":0,"font":"","enabled":false},"version":2}},"product_brand":[],"product_cat":[40],"product_tag":[],"class_list":{"0":"post-27119","1":"product","2":"type-product","3":"status-publish","4":"has-post-thumbnail","6":"product_cat-coquettes-pour-chat","8":"first","9":"instock","10":"taxable","11":"shipping-taxable","12":"purchasable","13":"product-type-simple"},"supplier_id":5593,"supplier_sku":"","barcode":"8698995011266","atum_controlled":true,"out_stock_date":null,"out_stock_threshold":null,"inheritable":false,"inbound_stock":0,"stock_on_hold":0,"sold_today":0,"sales_last_days":0,"reserved_stock":0,"customer_returns":0,"warehouse_damage":0,"lost_in_post":0,"other_logs":0,"out_stock_days":0,"lost_sales":0,"has_location":false,"update_date":"2026-05-09T00:18:26","atum_locations":[],"atum_stock_status":"instock","restock_status":false,"low_stock_amount":0,"sales_update_date":"2026-05-09T00:18:26","calc_backorders":null,"jetpack_publicize_connections":[],"jetpack_sharing_enabled":true,"batches":[{"id":"7005","date_created":"2025-12-28 17:00:17","date_expiry":"2026-11-17 00:00:00","user_id":"2760","batch_number":"lot171126","location":"","quantity":"3.0000","quantity_available":"2.0000","units":"1","status":"active","order_ids":"[40409]","supplier":"Zooluxe","po":{"id":"6944","date_created":"2025-12-28 17:00:18","batch_id":"7005","po_number":"","supplier":"Zooluxe","cost":null,"regular_price":null,"sale_price":null,"price_margin":null,"price_discount":null}},{"id":"7006","date_created":"2025-12-28 17:00:18","date_expiry":"2027-01-01 00:00:00","user_id":"2760","batch_number":"lot010127","location":"","quantity":"2.0000","quantity_available":"2.0000","units":"1","status":"active","order_ids":null,"supplier":"Zooluxe","po":{"id":"6945","date_created":"2025-12-28 17:00:19","batch_id":"7006","po_number":"","supplier":"Zooluxe","cost":null,"regular_price":null,"sale_price":null,"price_margin":null,"price_discount":null}}],"_links":{"self":[{"href":"https:\/\/petworld.ma\/index.php\/wp-json\/wp\/v2\/product\/27119","targetHints":{"allow":["GET"]}}],"collection":[{"href":"https:\/\/petworld.ma\/index.php\/wp-json\/wp\/v2\/product"}],"about":[{"href":"https:\/\/petworld.ma\/index.php\/wp-json\/wp\/v2\/types\/product"}],"wp:featuredmedia":[{"embeddable":true,"href":"https:\/\/petworld.ma\/index.php\/wp-json\/wp\/v2\/media\/27121"}],"wp:attachment":[{"href":"https:\/\/petworld.ma\/index.php\/wp-json\/wp\/v2\/media?parent=27119"}],"wp:term":[{"taxonomy":"product_brand","embeddable":true,"href":"https:\/\/petworld.ma\/index.php\/wp-json\/wp\/v2\/product_brand?post=27119"},{"taxonomy":"product_cat","embeddable":true,"href":"https:\/\/petworld.ma\/index.php\/wp-json\/wp\/v2\/product_cat?post=27119"},{"taxonomy":"product_tag","embeddable":true,"href":"https:\/\/petworld.ma\/index.php\/wp-json\/wp\/v2\/product_tag?post=27119"}],"curies":[{"name":"wp","href":"https:\/\/api.w.org\/{rel}","templated":true}]}}