{"id":27132,"date":"2025-09-14T15:23:43","date_gmt":"2025-09-14T15:23:43","guid":{"rendered":"https:\/\/petworld.ma\/?post_type=product&#038;p=27132"},"modified":"2026-05-07T21:55:08","modified_gmt":"2026-05-07T21:55:08","slug":"sticks-pour-chats-reflex-saumon-3x5g","status":"publish","type":"product","link":"https:\/\/petworld.ma\/index.php\/produit\/sticks-pour-chats-reflex-saumon-3x5g\/","title":{"rendered":"Reflex Sticks pour chats Saumon 3x5g"},"content":{"rendered":"<p class=\"prod-title font-bold bordered-bottom-white pb-20\"><span dir=\"auto\">B\u00e2tonnets de viande au saumon pour chats adultes: <\/span><span style=\"font-size: 14.4px\">B\u00e2tonnets de r\u00e9compense d\u00e9licieux et nutritifs, sans c\u00e9r\u00e9ales et \u00e0 teneur \u00e9lev\u00e9e en viande de haute qualit\u00e9.<\/span><\/p>\n<div class=\"food-content-sec\">\n<p><strong><span dir=\"auto\">Composition :<\/span><\/strong><span dir=\"auto\">\u00a0Viandes et sous-produits animaux (80%), Poissons et sous-produits de poissons (15% de saumon), Levures, Min\u00e9raux.<\/span><\/p>\n<\/div>\n<div class=\"row\">\n<div class=\"col-md-6\">\n<div class=\"food-content-sec mb-5\">\n<div class=\"col-md-6\">\n<div class=\"food-content-sec mb-5\">\n<p class=\"food-content-title font-bold\"><span dir=\"auto\">Composants nutritifs<\/span><\/p>\n<table width=\"176\">\n<tbody>\n<tr>\n<td width=\"105\"><strong><span dir=\"auto\">Prot\u00e9ines brutes<\/span><\/strong><\/td>\n<td width=\"71\"><span dir=\"auto\">41%<\/span><\/td>\n<\/tr>\n<tr>\n<td><strong><span dir=\"auto\">Teneur en mati\u00e8res grasses<\/span><\/strong><\/td>\n<td><span dir=\"auto\">23%<\/span><\/td>\n<\/tr>\n<tr>\n<td><strong><span dir=\"auto\">Cendres brutes<\/span><\/strong><\/td>\n<td><span dir=\"auto\">8%<\/span><\/td>\n<\/tr>\n<tr>\n<td><strong><span dir=\"auto\">Fibres brutes<\/span><\/strong><\/td>\n<td><span dir=\"auto\">1%<\/span><\/td>\n<\/tr>\n<tr>\n<td><strong><span dir=\"auto\">Humidit\u00e9<\/span><\/strong><\/td>\n<td><span dir=\"auto\">27\u00a0<\/span><span dir=\"auto\">%<\/span><\/td>\n<\/tr>\n<\/tbody>\n<\/table>\n<\/div>\n<\/div>\n<div class=\"col-md-6\">\n<div class=\"food-content-sec\">\n<p class=\"food-content-title font-bold\"><span dir=\"auto\">Compl\u00e9ments alimentaires<\/span><\/p>\n<table width=\"224\">\n<tbody>\n<tr>\n<td colspan=\"2\"><strong><span dir=\"auto\">Additifs : Additifs nutritionnels :\u00a0<\/span><\/strong><\/td>\n<\/tr>\n<tr>\n<td colspan=\"2\"><span dir=\"auto\">Vitamine A 5000 UI\/Kg, Vitamine D3 500 UI\/kg, Vitamine E 5 mg\/kg, Taurine 1.000 mg\/kg.<\/span><\/td>\n<\/tr>\n<tr>\n<td colspan=\"2\"><strong><span dir=\"auto\">Additifs technologiques :\u00a0<\/span><\/strong><\/td>\n<\/tr>\n<tr>\n<td><span dir=\"auto\">Conservateurs.<\/span><\/td>\n<\/tr>\n<\/tbody>\n<\/table>\n<\/div>\n<\/div>\n<\/div>\n<\/div>\n<\/div>\n","protected":false},"excerpt":{"rendered":"<p class=\"prod-title font-bold bordered-bottom-white pb-20\"><span dir=\"auto\">B\u00e2tonnets de viande au saumon pour chats adultes: <\/span><span style=\"font-size: 14.4px\">B\u00e2tonnets de r\u00e9compense d\u00e9licieux et nutritifs, sans c\u00e9r\u00e9ales et \u00e0 teneur \u00e9lev\u00e9e en viande de haute qualit\u00e9<\/span><\/p>\n","protected":false},"featured_media":27136,"template":"","meta":{"jetpack_publicize_message":"","jetpack_publicize_feature_enabled":true,"jetpack_social_post_already_shared":true,"jetpack_social_options":{"image_generator_settings":{"template":"highway","default_image_id":0,"font":"","enabled":false},"version":2}},"product_brand":[],"product_cat":[41,238],"product_tag":[],"class_list":{"0":"post-27132","1":"product","2":"type-product","3":"status-publish","4":"has-post-thumbnail","6":"product_cat-friandises-et-pate-pour-chat","7":"product_cat-friandises-secs-chat","9":"first","10":"instock","11":"taxable","12":"shipping-taxable","13":"purchasable","14":"product-type-simple"},"supplier_id":5589,"supplier_sku":"RFT016","barcode":null,"atum_controlled":true,"out_stock_date":null,"out_stock_threshold":null,"inheritable":false,"inbound_stock":0,"stock_on_hold":10,"sold_today":0,"sales_last_days":5,"reserved_stock":0,"customer_returns":0,"warehouse_damage":0,"lost_in_post":0,"other_logs":0,"out_stock_days":0,"lost_sales":0,"has_location":false,"update_date":"2026-05-08T14:35:30","atum_locations":[],"atum_stock_status":"instock","restock_status":true,"low_stock_amount":20,"sales_update_date":"2026-05-08T14:35:30","calc_backorders":null,"jetpack_publicize_connections":[],"jetpack_sharing_enabled":true,"batches":[{"id":"5301","date_created":"2025-09-14 15:52:17","date_expiry":"2027-03-12 00:00:00","user_id":"1","batch_number":"SticksReflexSaum120327","location":"","quantity":"132.0000","quantity_available":"1.0000","units":"1","status":"active","order_ids":"[27416,27419,27992,28272,28482,28934,29100,29192,29320,29476,29503,30792,30820,30900,31087,31170,31234,31243,31596,31756,32033,32095,32238,32264,32429,32843,32915,32938,32939,33307,33401,33994,34028,34898,34914,35712,35874,35876,36227,36462,36468,36705,36707,36841,37249,38034,38315,38512,38659,38693,40051,40101,40104,40794,41042,41110,41470,41521,41557]","supplier":"Zoolux","po":{"id":"5258","date_created":"2025-09-14 15:52:18","batch_id":"5301","po_number":"","supplier":"Zoolux","cost":null,"regular_price":null,"sale_price":null,"price_margin":null,"price_discount":null}}],"_links":{"self":[{"href":"https:\/\/petworld.ma\/index.php\/wp-json\/wp\/v2\/product\/27132","targetHints":{"allow":["GET"]}}],"collection":[{"href":"https:\/\/petworld.ma\/index.php\/wp-json\/wp\/v2\/product"}],"about":[{"href":"https:\/\/petworld.ma\/index.php\/wp-json\/wp\/v2\/types\/product"}],"wp:featuredmedia":[{"embeddable":true,"href":"https:\/\/petworld.ma\/index.php\/wp-json\/wp\/v2\/media\/27136"}],"wp:attachment":[{"href":"https:\/\/petworld.ma\/index.php\/wp-json\/wp\/v2\/media?parent=27132"}],"wp:term":[{"taxonomy":"product_brand","embeddable":true,"href":"https:\/\/petworld.ma\/index.php\/wp-json\/wp\/v2\/product_brand?post=27132"},{"taxonomy":"product_cat","embeddable":true,"href":"https:\/\/petworld.ma\/index.php\/wp-json\/wp\/v2\/product_cat?post=27132"},{"taxonomy":"product_tag","embeddable":true,"href":"https:\/\/petworld.ma\/index.php\/wp-json\/wp\/v2\/product_tag?post=27132"}],"curies":[{"name":"wp","href":"https:\/\/api.w.org\/{rel}","templated":true}]}}