{"id":27144,"date":"2025-09-14T20:46:28","date_gmt":"2025-09-14T20:46:28","guid":{"rendered":"https:\/\/petworld.ma\/?post_type=product&#038;p=27144"},"modified":"2026-04-11T14:20:09","modified_gmt":"2026-04-11T14:20:09","slug":"jouet-afp-balles-duo-a-double-compression","status":"publish","type":"product","link":"https:\/\/petworld.ma\/index.php\/produit\/jouet-afp-balles-duo-a-double-compression\/","title":{"rendered":"Jouet AFP Balles Duo \u00e0 Double Compression"},"content":{"rendered":"<div class=\"mb-2\">\n<div id=\"shopify-section-template--16172118278356__product-content\" class=\"shopify-section shopify-section--product-content\">\n<section class=\"container\">\n<div id=\"product-8578059829460-content\" class=\"product-content anchor\">\n<div id=\"product-8578059829460-tabs\" class=\"product-content__tabs anchor\">\n<div class=\"product-tabs\">\n<div class=\"product-tabs__content\">\n<div id=\"block-template--16172118278356__product-content-description\" class=\"product-tabs__tab-item-wrapper\">\n<div class=\"product-tabs__tab-item-content rte\">\n<p><span dir=\"auto\">Votre chien est-il toujours pr\u00eat \u00e0 jouer \u00e0 rapporter ? Alors la\u00a0<\/span><strong><span dir=\"auto\">balle \u00e0 rapporter Squeeze<\/span><\/strong><span dir=\"auto\">\u00a0est faite pour vous ! Con\u00e7ue en bleu et orange vifs pour une visibilit\u00e9 optimale, ce jouet de qualit\u00e9 est difficile \u00e0 perdre.<\/span><\/p>\n<p><strong><span dir=\"auto\">Caract\u00e9ristiques principales :<\/span><\/strong><\/p>\n<ul>\n<li><strong><span dir=\"auto\">Conception interactive :<\/span><\/strong><span dir=\"auto\">\u00a0le couineur int\u00e9gr\u00e9 divertit votre chien pendant le jeu.<\/span><\/li>\n<li><strong><span dir=\"auto\">Avantages dentaires :<\/span><\/strong><span dir=\"auto\">\u00a0les cr\u00eates et les picots aident \u00e0 nettoyer les dents et \u00e0 r\u00e9duire l&rsquo;accumulation de plaque et de tartre lorsque votre chien m\u00e2che.<\/span><\/li>\n<li><strong><span dir=\"auto\">Mat\u00e9riau durable :<\/span><\/strong><span dir=\"auto\">\u00a0Fabriqu\u00e9e en TPR r\u00e9sistant, cette balle est con\u00e7ue pour les m\u00e2cheurs vigoureux tout en restant douce pour les gencives et les dents.<\/span><\/li>\n<li><strong><span dir=\"auto\">Taille :<\/span><\/strong><span dir=\"auto\">\u00a06,3 cm, id\u00e9al pour s&rsquo;amuser \u00e0 rapporter.<\/span><\/li>\n<\/ul>\n<p><span dir=\"auto\">Cette balle amusante et fonctionnelle offre un divertissement de qualit\u00e9 \u00e0 un prix abordable. Pr\u00e9parez-vous \u00e0 des heures de jeu avec votre compagnon \u00e0 quatre pattes\u00a0!<\/span><\/p>\n<\/div>\n<\/div>\n<\/div>\n<\/div>\n<\/div>\n<\/div>\n<\/section>\n<\/div>\n<div id=\"shopify-section-template--16172118278356__product-recommendations\" class=\"shopify-section shopify-section--product-recommendations\">\n<div class=\"section__color-wrapper\">\n<div class=\"container \">\n<header class=\"section__header\">\n<div class=\"text-container\"><\/div>\n<\/header>\n<\/div>\n<\/div>\n<\/div>\n<\/div>\n","protected":false},"excerpt":{"rendered":"<p><span dir=\"auto\">Balle fabriqu\u00e9e en caoutchouc thermoplastique (TPR), suffisamment solide pour r\u00e9sister aux morsures fortes, mais suffisamment doux pour les gencives et les dents. Diam\u00e8tre: 6,5 cm<\/span><\/p>\n","protected":false},"featured_media":27146,"template":"","meta":{"jetpack_publicize_message":"","jetpack_publicize_feature_enabled":true,"jetpack_social_post_already_shared":true,"jetpack_social_options":{"image_generator_settings":{"template":"highway","default_image_id":0,"font":"","enabled":false},"version":2}},"product_brand":[],"product_cat":[106],"product_tag":[],"class_list":{"0":"post-27144","1":"product","2":"type-product","3":"status-publish","4":"has-post-thumbnail","6":"product_cat-jouet-et-dressage","8":"first","9":"instock","10":"taxable","11":"shipping-taxable","12":"purchasable","13":"product-type-simple"},"supplier_id":5603,"supplier_sku":"","barcode":null,"atum_controlled":true,"out_stock_date":null,"out_stock_threshold":null,"inheritable":false,"inbound_stock":0,"stock_on_hold":0,"sold_today":0,"sales_last_days":0,"reserved_stock":0,"customer_returns":0,"warehouse_damage":0,"lost_in_post":0,"other_logs":0,"out_stock_days":0,"lost_sales":0,"has_location":false,"update_date":"2026-05-10T00:21:56","atum_locations":[],"atum_stock_status":"instock","restock_status":false,"low_stock_amount":2,"sales_update_date":"2026-05-10T00:21:56","calc_backorders":null,"jetpack_publicize_connections":[],"jetpack_sharing_enabled":true,"batches":[],"_links":{"self":[{"href":"https:\/\/petworld.ma\/index.php\/wp-json\/wp\/v2\/product\/27144","targetHints":{"allow":["GET"]}}],"collection":[{"href":"https:\/\/petworld.ma\/index.php\/wp-json\/wp\/v2\/product"}],"about":[{"href":"https:\/\/petworld.ma\/index.php\/wp-json\/wp\/v2\/types\/product"}],"wp:featuredmedia":[{"embeddable":true,"href":"https:\/\/petworld.ma\/index.php\/wp-json\/wp\/v2\/media\/27146"}],"wp:attachment":[{"href":"https:\/\/petworld.ma\/index.php\/wp-json\/wp\/v2\/media?parent=27144"}],"wp:term":[{"taxonomy":"product_brand","embeddable":true,"href":"https:\/\/petworld.ma\/index.php\/wp-json\/wp\/v2\/product_brand?post=27144"},{"taxonomy":"product_cat","embeddable":true,"href":"https:\/\/petworld.ma\/index.php\/wp-json\/wp\/v2\/product_cat?post=27144"},{"taxonomy":"product_tag","embeddable":true,"href":"https:\/\/petworld.ma\/index.php\/wp-json\/wp\/v2\/product_tag?post=27144"}],"curies":[{"name":"wp","href":"https:\/\/api.w.org\/{rel}","templated":true}]}}