{"id":27153,"date":"2025-09-15T08:39:52","date_gmt":"2025-09-15T08:39:52","guid":{"rendered":"https:\/\/petworld.ma\/?post_type=product&#038;p=27153"},"modified":"2025-09-16T12:23:38","modified_gmt":"2025-09-16T12:23:38","slug":"fontaine-deau-escargot-28-l-avec-filtre-afp","status":"publish","type":"product","link":"https:\/\/petworld.ma\/index.php\/produit\/fontaine-deau-escargot-28-l-avec-filtre-afp\/","title":{"rendered":"Fontaine d&rsquo;eau escargot 2,8 L avec filtre AFP"},"content":{"rendered":"<p><strong><u><span dir=\"auto\">D\u00e9tails du produit :<\/span><\/u><\/strong><\/p>\n<div class=\"product-block\">\n<div class=\"rte\">\n<div class=\"block active\">\n<p><strong><span dir=\"auto\">All for Paws (AFP) &#8211; Distributeur d&rsquo;eau en forme d&rsquo;escargot<\/span><\/strong><\/p>\n<p><span dir=\"auto\">Le distributeur d&rsquo;eau anti-escargots AFP Lifestyle 4 Pets offre \u00e0 votre animal un approvisionnement constant en eau gr\u00e2ce \u00e0 son design unique en forme d&rsquo;escargot. Id\u00e9al pour hydrater votre compagnon \u00e0 quatre pattes, ce distributeur peut contenir jusqu&rsquo;\u00e0 2,8 L d&rsquo;eau et est \u00e9quip\u00e9 d&rsquo;un filtre haute densit\u00e9 pour une eau propre et fra\u00eeche. Facile \u00e0 nettoyer, il constitue un compl\u00e9ment pratique \u00e0 l&rsquo;alimentation de votre animal.<\/span><\/p>\n<p><strong><span dir=\"auto\">Caract\u00e9ristiques principales :<\/span><\/strong><\/p>\n<ul>\n<li><span dir=\"auto\">Capacit\u00e9 d&rsquo;eau de 2,8 L pour une hydratation prolong\u00e9e<\/span><\/li>\n<li><span dir=\"auto\">Filtre haute densit\u00e9 pour une eau plus propre<\/span><\/li>\n<li><span dir=\"auto\">Facile \u00e0 nettoyer pour plus de commodit\u00e9<\/span><\/li>\n<li><span dir=\"auto\">Le design en forme d&rsquo;escargot ajoute une touche ludique<\/span><\/li>\n<\/ul>\n<p><strong><span dir=\"auto\">Caract\u00e9ristiques:<\/span><\/strong><\/p>\n<ul>\n<li><span dir=\"auto\">Taille : 30 x 15 x 23,4 cm (11,8 x 5,9 x 9,2 pouces)<\/span><\/li>\n<\/ul>\n<\/div>\n<\/div>\n<\/div>\n<div class=\"product-block product-block--tab\"><\/div>\n","protected":false},"excerpt":{"rendered":"<p>D\u00e9tails du produit : All for Paws (AFP) &#8211; Distributeur d&rsquo;eau en forme d&rsquo;escargot Le distributeur d&rsquo;eau anti-escargots AFP Lifestyle 4 Pets offre \u00e0 votre animal un approvisionnement constant en eau gr\u00e2ce \u00e0 son design unique en forme d&rsquo;escargot. Id\u00e9al pour hydrater votre compagnon \u00e0 quatre pattes, ce distributeur peut contenir jusqu&rsquo;\u00e0 2,8 L d&rsquo;eau [&#8230;]\n","protected":false},"featured_media":27246,"template":"","meta":{"jetpack_publicize_message":"","jetpack_publicize_feature_enabled":true,"jetpack_social_post_already_shared":true,"jetpack_social_options":{"image_generator_settings":{"template":"highway","default_image_id":0,"font":"","enabled":false},"version":2}},"product_brand":[],"product_cat":[133,134],"product_tag":[],"class_list":{"0":"post-27153","1":"product","2":"type-product","3":"status-publish","4":"has-post-thumbnail","6":"product_cat-gamelle","7":"product_cat-gamelles","9":"first","10":"instock","11":"sale","12":"taxable","13":"shipping-taxable","14":"purchasable","15":"product-type-simple"},"supplier_id":5603,"supplier_sku":"5745","barcode":"84792205745","atum_controlled":true,"out_stock_date":null,"out_stock_threshold":null,"inheritable":false,"inbound_stock":0,"stock_on_hold":0,"sold_today":0,"sales_last_days":0,"reserved_stock":0,"customer_returns":0,"warehouse_damage":0,"lost_in_post":0,"other_logs":0,"out_stock_days":0,"lost_sales":0,"has_location":false,"update_date":"2026-05-14T00:02:04","atum_locations":[],"atum_stock_status":"instock","restock_status":false,"low_stock_amount":0,"sales_update_date":"2026-05-14T00:02:03","calc_backorders":null,"jetpack_publicize_connections":[],"jetpack_sharing_enabled":true,"batches":[],"_links":{"self":[{"href":"https:\/\/petworld.ma\/index.php\/wp-json\/wp\/v2\/product\/27153","targetHints":{"allow":["GET"]}}],"collection":[{"href":"https:\/\/petworld.ma\/index.php\/wp-json\/wp\/v2\/product"}],"about":[{"href":"https:\/\/petworld.ma\/index.php\/wp-json\/wp\/v2\/types\/product"}],"wp:featuredmedia":[{"embeddable":true,"href":"https:\/\/petworld.ma\/index.php\/wp-json\/wp\/v2\/media\/27246"}],"wp:attachment":[{"href":"https:\/\/petworld.ma\/index.php\/wp-json\/wp\/v2\/media?parent=27153"}],"wp:term":[{"taxonomy":"product_brand","embeddable":true,"href":"https:\/\/petworld.ma\/index.php\/wp-json\/wp\/v2\/product_brand?post=27153"},{"taxonomy":"product_cat","embeddable":true,"href":"https:\/\/petworld.ma\/index.php\/wp-json\/wp\/v2\/product_cat?post=27153"},{"taxonomy":"product_tag","embeddable":true,"href":"https:\/\/petworld.ma\/index.php\/wp-json\/wp\/v2\/product_tag?post=27153"}],"curies":[{"name":"wp","href":"https:\/\/api.w.org\/{rel}","templated":true}]}}