{"id":27154,"date":"2025-09-15T08:40:45","date_gmt":"2025-09-15T08:40:45","guid":{"rendered":"https:\/\/petworld.ma\/?post_type=product&#038;p=27154"},"modified":"2026-05-02T11:16:05","modified_gmt":"2026-05-02T11:16:05","slug":"gamelle-surelevee-leopet-rose-pour-chat-150ml","status":"publish","type":"product","link":"https:\/\/petworld.ma\/index.php\/produit\/gamelle-surelevee-leopet-rose-pour-chat-150ml\/","title":{"rendered":"Gamelle sur\u00e9lev\u00e9e Leopet Rose pour chat 150ml"},"content":{"rendered":"<p>Gamelle pour chat Leopet :<\/p>\n<div id=\"tab-description\" class=\"panel-collapse collapse show\" role=\"tabpanel\" aria-labelledby=\"tab-title-description\">\n<ul>\n<li><span dir=\"auto\">con\u00e7u avec une bouche inclin\u00e9e et une base haute pour permettre \u00e0 votre animal de manger ou de boire confortablement\u00a0;<\/span><\/li>\n<li><span dir=\"auto\">\u00e7a ne vous fait pas beaucoup baisser la t\u00eate ;<\/span><\/li>\n<li><span dir=\"auto\">ralentit le rythme d\u2019alimentation, r\u00e9duisant ainsi le risque potentiel d\u2019\u00e9touffement\u00a0;<\/span><\/li>\n<li><span dir=\"auto\">un acc\u00e8s facile \u00e0 la nourriture garde votre visage et votre moustache toujours propres ;<\/span><\/li>\n<li><span dir=\"auto\">fabriqu\u00e9 en mati\u00e8re plastique PP;<\/span><\/li>\n<li><span dir=\"auto\">lavable au lave-vaisselle;<\/span><\/li>\n<li><span dir=\"auto\">robuste et durable;<\/span><\/li>\n<li><span dir=\"auto\">pratique, ergonomique et stable ;<\/span><\/li>\n<li><span dir=\"auto\">capacit\u00e9 150 ml<\/span><\/li>\n<li><span dir=\"auto\">Dimensions : largeur de la base : 11,5 cm, hauteur totale : 11,5 cm, diam\u00e8tre du bol : 13,5 cm<\/span><\/li>\n<\/ul>\n<\/div>\n","protected":false},"excerpt":{"rendered":"<p>Gamelle pour chat Leopet : con\u00e7u avec une bouche inclin\u00e9e et une base haute pour permettre \u00e0 votre animal de manger ou de boire confortablement\u00a0; \u00e7a ne vous fait pas beaucoup baisser la t\u00eate ; ralentit le rythme d\u2019alimentation, r\u00e9duisant ainsi le risque potentiel d\u2019\u00e9touffement\u00a0; un acc\u00e8s facile \u00e0 la nourriture garde votre visage et [&#8230;]\n","protected":false},"featured_media":27155,"template":"","meta":{"jetpack_publicize_message":"","jetpack_publicize_feature_enabled":true,"jetpack_social_post_already_shared":true,"jetpack_social_options":{"image_generator_settings":{"template":"highway","default_image_id":0,"font":"","enabled":false},"version":2}},"product_brand":[],"product_cat":[133],"product_tag":[],"class_list":{"0":"post-27154","1":"product","2":"type-product","3":"status-publish","4":"has-post-thumbnail","6":"product_cat-gamelle","8":"first","9":"instock","10":"taxable","11":"shipping-taxable","12":"purchasable","13":"product-type-simple"},"supplier_id":5588,"supplier_sku":"CD952112","barcode":"8057729952112","atum_controlled":true,"out_stock_date":null,"out_stock_threshold":null,"inheritable":false,"inbound_stock":0,"stock_on_hold":0,"sold_today":0,"sales_last_days":2,"reserved_stock":0,"customer_returns":0,"warehouse_damage":0,"lost_in_post":0,"other_logs":0,"out_stock_days":0,"lost_sales":0,"has_location":false,"update_date":"2026-05-10T00:22:00","atum_locations":[],"atum_stock_status":"instock","restock_status":false,"low_stock_amount":2,"sales_update_date":"2026-05-10T00:22:00","calc_backorders":null,"jetpack_publicize_connections":[],"jetpack_sharing_enabled":true,"batches":[],"_links":{"self":[{"href":"https:\/\/petworld.ma\/index.php\/wp-json\/wp\/v2\/product\/27154","targetHints":{"allow":["GET"]}}],"collection":[{"href":"https:\/\/petworld.ma\/index.php\/wp-json\/wp\/v2\/product"}],"about":[{"href":"https:\/\/petworld.ma\/index.php\/wp-json\/wp\/v2\/types\/product"}],"wp:featuredmedia":[{"embeddable":true,"href":"https:\/\/petworld.ma\/index.php\/wp-json\/wp\/v2\/media\/27155"}],"wp:attachment":[{"href":"https:\/\/petworld.ma\/index.php\/wp-json\/wp\/v2\/media?parent=27154"}],"wp:term":[{"taxonomy":"product_brand","embeddable":true,"href":"https:\/\/petworld.ma\/index.php\/wp-json\/wp\/v2\/product_brand?post=27154"},{"taxonomy":"product_cat","embeddable":true,"href":"https:\/\/petworld.ma\/index.php\/wp-json\/wp\/v2\/product_cat?post=27154"},{"taxonomy":"product_tag","embeddable":true,"href":"https:\/\/petworld.ma\/index.php\/wp-json\/wp\/v2\/product_tag?post=27154"}],"curies":[{"name":"wp","href":"https:\/\/api.w.org\/{rel}","templated":true}]}}