{"id":2719,"date":"2023-06-04T21:47:12","date_gmt":"2023-06-04T21:47:12","guid":{"rendered":"https:\/\/petworld.ma\/?post_type=product&#038;p=2719"},"modified":"2026-04-27T17:53:51","modified_gmt":"2026-04-27T17:53:51","slug":"brit-care-cat-grain-free-sterilized-and-weight-control-7kg-controle-de-poid","status":"publish","type":"product","link":"https:\/\/petworld.ma\/index.php\/produit\/brit-care-cat-grain-free-sterilized-and-weight-control-7kg-controle-de-poid\/","title":{"rendered":"Brit Care Cat Grain-Free STERILIZED AND WEIGHT CONTROL 2kg | 7kg (controle de poid)"},"content":{"rendered":"<div class=\"hidden-xs\">\n<div class=\"hidden-xs\"><strong>Aliment complet pour chats adultes st\u00e9rilis\u00e9s et en surpoids.<\/strong><\/div>\n<p>Une formule hypoallerg\u00e9nique riche en fibres et en prot\u00e9ines avec une teneur r\u00e9duite en mati\u00e8res grasses qui aide \u00e0 maintenir la sant\u00e9 du tube digestif et un poids corporel id\u00e9al.\u00a0Les fruits et les herbes riches en vitamines et en flavono\u00efdes garantissent \u00e0 votre chat une belle apparence et une vie longue et saine.<\/p>\n<ul>\n<li>CANARD FRAIS \u2013 une viande maigre et hautement digestible riche en AGPI (acides gras polyinsatur\u00e9s), qui r\u00e9duisent le taux de cholest\u00e9rol dans le corps.<\/li>\n<li>UNE FAIBLE TENEUR EN GRAS ainsi que des fibres solubles et insolubles aident \u00e0 maintenir un poids corporel optimal.<\/li>\n<li>L&rsquo;ARGOUSIER favorise la sant\u00e9 des reins et des voies urinaires.\u00a0La faible teneur en magn\u00e9sium et en L-m\u00e9thionine aide \u00e0 maintenir un pH urinaire optimal de 6,0 \u00e0 6,5.<\/li>\n<li>CAPUCINE est un antibiotique naturel.\u00a0Il aide \u00e0 pr\u00e9venir la formation de calculs r\u00e9naux chez les chats st\u00e9rilis\u00e9s et \u00e2g\u00e9s et poss\u00e8de de puissantes propri\u00e9t\u00e9s antibact\u00e9riennes et antiseptiques.<\/li>\n<li>Sans c\u00e9r\u00e9ales \u2013 SANS colorants \u2013 SANS conservateurs \u2013 SANS OGM \u2013 SANS soja.<\/li>\n<\/ul>\n<p class=\"composition\"><strong>Composition :<\/strong>\u00a0viande fra\u00eeche de canard (26%), dinde d\u00e9shydrat\u00e9e (26%), pois jaunes (16%), pois chiches (10%), pommes s\u00e9ch\u00e9es (7%), graisse de volaille (conserv\u00e9e aux tocoph\u00e9rols, 4%), huile de saumon (2%), foie de poulet hydrolys\u00e9 (2%), enveloppe et graines de psyllium (2%), levure de bi\u00e8re (2%), graines de lin (1%), capucine s\u00e9ch\u00e9e (0,5%), camomille s\u00e9ch\u00e9e (0,5%) , min\u00e9raux, argousier s\u00e9ch\u00e9 (0,3%), canneberges s\u00e9ch\u00e9es (0,2%), fructo-oligosaccharides (0,015%), mannane-oligosaccharides (0,015%), yucca Mojave (0,008%), Lactobacillus acidophilus HA \u2013 122 inactiv\u00e9 (15&#215;109 cellules \/kg).<\/p>\n<p><strong>Ingr\u00e9dients analytiques\u00a0:<\/strong>\u00a0prot\u00e9ines brutes 32,0\u00a0%, mati\u00e8res grasses brutes 12,0\u00a0%, fibres brutes 4,0\u00a0%, cendres brutes 9,0\u00a0%, humidit\u00e9 10,0\u00a0%, om\u00e9ga-3 0,3\u00a0%, om\u00e9ga-6 1,6\u00a0%, calcium 0,9\u00a0%, phosphore 0,7\u00a0%, sodium 1,0\u00a0% , magn\u00e9sium 0,04 %.<\/p>\n<p><strong>Composition nutritionnelle :<\/strong>\u00a0vitamine A (3a672a) 20 000 UI, vitamine D3 (E671) 800 UI, vitamine E (3a700) 600 mg, vitamine C (3a312) 300 mg, taurine (3a370) 2 500 mg, L-carnitine (3a910) 100 mg, chlorure de choline (3a890) 2 500 mg, biotine (3a880) 2 mg, vitamine B1 (3a821) 10 mg, vitamine B2 12 mg, niacinamide (3a315) 50 mg, D-pantoth\u00e9nate de calcium (3a841) 40 mg, vitamine B6 (3a831) 10 mg, acide folique (3a316) 2 mg, vitamine B12 0,04 mg, zinc (3b606) 120 mg, fer (3b106) 45 mg, mangan\u00e8se (3b504) 55 mg, iodure de potassium (3b201) 4 mg, cuivre (3b406) 10 mg, s\u00e9l\u00e9nium (3b8.10) 0,2 mg, L-m\u00e9thionine (3c305) 4 000 mg.\u00a0Contient des antioxydants naturels approuv\u00e9s par l&rsquo;UE : extraits de tocoph\u00e9rol d&rsquo;huile v\u00e9g\u00e9tale (1b306), palmitate d&rsquo;ascorbyle (1b304) et extrait de romarin.<\/p>\n<p><strong>Energie m\u00e9tabolisable :<\/strong>\u00a03 520 kcal\/kg<\/p>\n<\/div>\n","protected":false},"excerpt":{"rendered":"<p>Aliment complet pour chats adultes st\u00e9rilis\u00e9s et en surpoids. Une formule hypoallerg\u00e9nique riche en fibres et en prot\u00e9ines avec une teneur r\u00e9duite en mati\u00e8res grasses qui aide \u00e0 maintenir la sant\u00e9 du tube digestif et un poids corporel id\u00e9al.\u00a0Les fruits et les herbes riches en vitamines et en flavono\u00efdes garantissent \u00e0 votre chat une belle [&#8230;]\n","protected":false},"featured_media":2720,"template":"","meta":{"jetpack_publicize_message":"","jetpack_publicize_feature_enabled":true,"jetpack_social_post_already_shared":false,"jetpack_social_options":{"image_generator_settings":{"template":"highway","default_image_id":0,"font":"","enabled":false},"version":2}},"product_brand":[],"product_cat":[40],"product_tag":[],"class_list":{"0":"post-2719","1":"product","2":"type-product","3":"status-publish","4":"has-post-thumbnail","6":"product_cat-coquettes-pour-chat","8":"first","9":"instock","10":"taxable","11":"shipping-taxable","12":"purchasable","13":"product-type-variable"},"supplier_id":5590,"supplier_sku":"","barcode":null,"atum_controlled":true,"out_stock_date":"2024-02-03 00:13:15","out_stock_threshold":null,"inheritable":true,"inbound_stock":0,"stock_on_hold":0,"sold_today":0,"sales_last_days":7,"reserved_stock":0,"customer_returns":0,"warehouse_damage":0,"lost_in_post":0,"other_logs":0,"out_stock_days":814,"lost_sales":0,"has_location":false,"update_date":"2026-04-30T10:10:05","atum_locations":[],"atum_stock_status":"instock","restock_status":false,"low_stock_amount":"","sales_update_date":"2026-04-27T00:15:41","calc_backorders":null,"jetpack_publicize_connections":[],"jetpack_sharing_enabled":true,"batches":[],"_links":{"self":[{"href":"https:\/\/petworld.ma\/index.php\/wp-json\/wp\/v2\/product\/2719","targetHints":{"allow":["GET"]}}],"collection":[{"href":"https:\/\/petworld.ma\/index.php\/wp-json\/wp\/v2\/product"}],"about":[{"href":"https:\/\/petworld.ma\/index.php\/wp-json\/wp\/v2\/types\/product"}],"wp:featuredmedia":[{"embeddable":true,"href":"https:\/\/petworld.ma\/index.php\/wp-json\/wp\/v2\/media\/2720"}],"wp:attachment":[{"href":"https:\/\/petworld.ma\/index.php\/wp-json\/wp\/v2\/media?parent=2719"}],"wp:term":[{"taxonomy":"product_brand","embeddable":true,"href":"https:\/\/petworld.ma\/index.php\/wp-json\/wp\/v2\/product_brand?post=2719"},{"taxonomy":"product_cat","embeddable":true,"href":"https:\/\/petworld.ma\/index.php\/wp-json\/wp\/v2\/product_cat?post=2719"},{"taxonomy":"product_tag","embeddable":true,"href":"https:\/\/petworld.ma\/index.php\/wp-json\/wp\/v2\/product_tag?post=2719"}],"curies":[{"name":"wp","href":"https:\/\/api.w.org\/{rel}","templated":true}]}}